{"id":1642,"date":"2025-10-21T10:09:50","date_gmt":"2025-10-21T10:09:50","guid":{"rendered":"http:\/\/www.lerendezvous.mu\/?page_id=1642"},"modified":"2026-03-20T16:19:43","modified_gmt":"2026-03-20T12:19:43","slug":"faq","status":"publish","type":"page","link":"https:\/\/www.lerendezvous.mu\/en\/faq\/","title":{"rendered":"FAQ"},"content":{"rendered":"<div style=\"height:100px\" aria-hidden=\"true\" class=\"wp-block-spacer\"><\/div>\n\n\n<h1 class=\"wp-block-post-title has-extra-extra-large-font-size\">FAQ<\/h1>\n\n\n<div id=\"collapsible-block_41398c5da12fa38b385246702f303a89\" class=\"collapsible-block\">\n    <details class=\"collapsible-details\">\n        <summary class=\"collapsible-summary\">\n            <span class=\"collapsible-title\">How to order?<\/span>\n            <span class=\"collapsible-icon\" aria-hidden=\"true\">\n                <svg width=\"20\" height=\"20\" viewbox=\"0 0 20 20\" fill=\"none\" xmlns=\"http:\/\/www.w3.org\/2000\/svg\">\n                    <path d=\"M5 7.5L10 12.5L15 7.5\" stroke=\"currentColor\" stroke-width=\"2\" stroke-linecap=\"round\" stroke-linejoin=\"round\"\/>\n                <\/svg>\n            <\/span>\n        <\/summary>\n        <div class=\"collapsible-content\">\n            <div class=\"collapsible-content-inner\">\n                <p data-start=\"54\" data-end=\"225\">You can order online on <span class=\"hover:entity-accent entity-underline inline cursor-pointer align-baseline\"><span class=\"whitespace-normal\">Le Rendez Vous<\/span><\/span> at any time, 24\/7. Place your order in just six steps:<\/p>\n<ol data-start=\"227\" data-end=\"696\">\n<li data-start=\"227\" data-end=\"355\">\n<p data-start=\"230\" data-end=\"355\">Choose the desired items, specifying the color, size or any other option available on lerendezvous.mu.<\/p>\n<\/li>\n<li data-start=\"356\" data-end=\"394\">\n<p data-start=\"359\" data-end=\"394\">Specify the quantity of the items.<\/p>\n<\/li>\n<li data-start=\"395\" data-end=\"438\">\n<p data-start=\"398\" data-end=\"438\">Enter your delivery address. <strong>Deliveries are made only in Mauritius; no international deliveries are available.\u00a0<\/strong><\/p>\n<\/li>\n<li data-start=\"439\" data-end=\"488\">\n<p data-start=\"442\" data-end=\"488\">Select your preferred payment option.<\/p>\n<\/li>\n<li data-start=\"489\" data-end=\"543\">\n<p data-start=\"492\" data-end=\"543\">Make the payment via our secure server.<\/p>\n<\/li>\n<li data-start=\"544\" data-end=\"696\">\n<p data-start=\"547\" data-end=\"696\">As soon as the payment is confirmed, your order is definitively registered: a contract is then concluded between you and Le Rendez Vous.<\/p>\n<\/li>\n<\/ol>\n            <\/div>\n        <\/div>\n    <\/details>\n<\/div>\n\n\n<div id=\"collapsible-block_6fdb5d2bfbdd449a116933d5362ac717\" class=\"collapsible-block\">\n    <details class=\"collapsible-details\">\n        <summary class=\"collapsible-summary\">\n            <span class=\"collapsible-title\">How do I know if a product is available?<\/span>\n            <span class=\"collapsible-icon\" aria-hidden=\"true\">\n                <svg width=\"20\" height=\"20\" viewbox=\"0 0 20 20\" fill=\"none\" xmlns=\"http:\/\/www.w3.org\/2000\/svg\">\n                    <path d=\"M5 7.5L10 12.5L15 7.5\" stroke=\"currentColor\" stroke-width=\"2\" stroke-linecap=\"round\" stroke-linejoin=\"round\"\/>\n                <\/svg>\n            <\/span>\n        <\/summary>\n        <div class=\"collapsible-content\">\n            <div class=\"collapsible-content-inner\">\n                <p>Product availability depends on stock held by Le Rendez-Vous or supplied by our trusted suppliers. The current stock status is displayed on each specific product page and may change several times a day as sales are processed.<\/p>\n            <\/div>\n        <\/div>\n    <\/details>\n<\/div>\n\n\n<div id=\"collapsible-block_80932e57625029a0d6f1aae63e5815f2\" class=\"collapsible-block\">\n    <details class=\"collapsible-details\">\n        <summary class=\"collapsible-summary\">\n            <span class=\"collapsible-title\">How to know if my order has been confirmed?<\/span>\n            <span class=\"collapsible-icon\" aria-hidden=\"true\">\n                <svg width=\"20\" height=\"20\" viewbox=\"0 0 20 20\" fill=\"none\" xmlns=\"http:\/\/www.w3.org\/2000\/svg\">\n                    <path d=\"M5 7.5L10 12.5L15 7.5\" stroke=\"currentColor\" stroke-width=\"2\" stroke-linecap=\"round\" stroke-linejoin=\"round\"\/>\n                <\/svg>\n            <\/span>\n        <\/summary>\n        <div class=\"collapsible-content\">\n            <div class=\"collapsible-content-inner\">\n                <p>Once you confirm your order and make payment via our secure server, you will quickly receive an order confirmation email from us. This email serves as your official receipt and contains:<\/p>\n<ul>\n<li>The order number and date, so you can check your purchase.<\/li>\n<li>A comprehensive list of the items you have ordered, including quantities, product details, and prices.<\/li>\n<li>The payment method used and the total amount billed.<\/li>\n<\/ul>\n<p>Please note that the delivery of your purchases will be made <strong>within two (2) working days from the validation of the order.\u00a0\u00a0<\/strong><\/p>\n            <\/div>\n        <\/div>\n    <\/details>\n<\/div>\n\n\n<div id=\"collapsible-block_2317a28e118de9d7449e51d13d430a6f\" class=\"collapsible-block\">\n    <details class=\"collapsible-details\">\n        <summary class=\"collapsible-summary\">\n            <span class=\"collapsible-title\">How does delivery work?<\/span>\n            <span class=\"collapsible-icon\" aria-hidden=\"true\">\n                <svg width=\"20\" height=\"20\" viewbox=\"0 0 20 20\" fill=\"none\" xmlns=\"http:\/\/www.w3.org\/2000\/svg\">\n                    <path d=\"M5 7.5L10 12.5L15 7.5\" stroke=\"currentColor\" stroke-width=\"2\" stroke-linecap=\"round\" stroke-linejoin=\"round\"\/>\n                <\/svg>\n            <\/span>\n        <\/summary>\n        <div class=\"collapsible-content\">\n            <div class=\"collapsible-content-inner\">\n                <p>Please note that the delivery of your purchases will be made <strong>within 3 to 5  working days, between 8:30 and 18:30, as from the validation of the order.\u00a0\u00a0<\/strong><\/p>\n<p>In the case where you are unreachable or absent during the delivery, a second attempt will be made. If delivery is not successful after 3 days, your order will be returned to us and you will be requested to come pick it up in our shop, at your expense.<\/p>\n            <\/div>\n        <\/div>\n    <\/details>\n<\/div>\n\n\n<div id=\"collapsible-block_2839ee8b811921cdbb5af139a25c7c49\" class=\"collapsible-block\">\n    <details class=\"collapsible-details\">\n        <summary class=\"collapsible-summary\">\n            <span class=\"collapsible-title\">What payment methods are accepted?<\/span>\n            <span class=\"collapsible-icon\" aria-hidden=\"true\">\n                <svg width=\"20\" height=\"20\" viewbox=\"0 0 20 20\" fill=\"none\" xmlns=\"http:\/\/www.w3.org\/2000\/svg\">\n                    <path d=\"M5 7.5L10 12.5L15 7.5\" stroke=\"currentColor\" stroke-width=\"2\" stroke-linecap=\"round\" stroke-linejoin=\"round\"\/>\n                <\/svg>\n            <\/span>\n        <\/summary>\n        <div class=\"collapsible-content\">\n            <div class=\"collapsible-content-inner\">\n                <p>Le Rendez-Vous allows you to pay online by: Debit card, Visa, MasterCard or Juice.<\/p>\n            <\/div>\n        <\/div>\n    <\/details>\n<\/div>\n\n\n<div id=\"collapsible-block_a14c99a8909f8b0fce4de3a5185a862d\" class=\"collapsible-block\">\n    <details class=\"collapsible-details\">\n        <summary class=\"collapsible-summary\">\n            <span class=\"collapsible-title\">Can I exchange an item?<\/span>\n            <span class=\"collapsible-icon\" aria-hidden=\"true\">\n                <svg width=\"20\" height=\"20\" viewbox=\"0 0 20 20\" fill=\"none\" xmlns=\"http:\/\/www.w3.org\/2000\/svg\">\n                    <path d=\"M5 7.5L10 12.5L15 7.5\" stroke=\"currentColor\" stroke-width=\"2\" stroke-linecap=\"round\" stroke-linejoin=\"round\"\/>\n                <\/svg>\n            <\/span>\n        <\/summary>\n        <div class=\"collapsible-content\">\n            <div class=\"collapsible-content-inner\">\n                <p>For any exchanges, we kindly ask you to visit one of our stores in person.<\/p>\n<p>Returns are considered as exchanges. Products cannot be refunded or returned. However, customer satisfaction is one of our top priorities. If you are not satisfied with your purchase, you have 10 days from the date your order was confirmed to return your items.<br \/>\nPlease note that the items whose labels have been removed are not eligible for exchange and will be refused.<br \/>\nItems must be in good condition to be eligible for exchange.<\/p>\n            <\/div>\n        <\/div>\n    <\/details>\n<\/div>\n\n\n<div id=\"collapsible-block_8be95c531d26cd75bd0b16ce487cef88\" class=\"collapsible-block\">\n    <details class=\"collapsible-details\">\n        <summary class=\"collapsible-summary\">\n            <span class=\"collapsible-title\">I propose local creations and would like to join the Rendez-Vous. How do I proceed?<\/span>\n            <span class=\"collapsible-icon\" aria-hidden=\"true\">\n                <svg width=\"20\" height=\"20\" viewbox=\"0 0 20 20\" fill=\"none\" xmlns=\"http:\/\/www.w3.org\/2000\/svg\">\n                    <path d=\"M5 7.5L10 12.5L15 7.5\" stroke=\"currentColor\" stroke-width=\"2\" stroke-linecap=\"round\" stroke-linejoin=\"round\"\/>\n                <\/svg>\n            <\/span>\n        <\/summary>\n        <div class=\"collapsible-content\">\n            <div class=\"collapsible-content-inner\">\n                <p>If you would like to become part of this wonderful local community, please fill out the form on our Contact page. Fill in the required information and click submit. Our team will get back to you as soon as possible to discuss a potential collaboration.<\/p>\n            <\/div>\n        <\/div>\n    <\/details>\n<\/div>\n\n\n<div id=\"collapsible-block_3e9aa59d9fa8210e7641ca28b08a197c\" class=\"collapsible-block\">\n    <details class=\"collapsible-details\">\n        <summary class=\"collapsible-summary\">\n            <span class=\"collapsible-title\">How do I find my clothing size?<\/span>\n            <span class=\"collapsible-icon\" aria-hidden=\"true\">\n                <svg width=\"20\" height=\"20\" viewbox=\"0 0 20 20\" fill=\"none\" xmlns=\"http:\/\/www.w3.org\/2000\/svg\">\n                    <path d=\"M5 7.5L10 12.5L15 7.5\" stroke=\"currentColor\" stroke-width=\"2\" stroke-linecap=\"round\" stroke-linejoin=\"round\"\/>\n                <\/svg>\n            <\/span>\n        <\/summary>\n        <div class=\"collapsible-content\">\n            <div class=\"collapsible-content-inner\">\n                <p>Veuillez noter que la taille des produits peut \u00eatre sp\u00e9cifique \u00e0 la marque. Pour trouver la taille la mieux adapt\u00e9e, veuillez vous r\u00e9f\u00e9rer \u00e0 celle mentionn\u00e9e sur chaque page de produit.<\/p>\n            <\/div>\n        <\/div>\n    <\/details>\n<\/div>\n\n\n<div id=\"collapsible-block_75a9eda770b6ea1aede228bdf0730413\" class=\"collapsible-block\">\n    <details class=\"collapsible-details\">\n        <summary class=\"collapsible-summary\">\n            <span class=\"collapsible-title\">Where can I find my shopping cart?<\/span>\n            <span class=\"collapsible-icon\" aria-hidden=\"true\">\n                <svg width=\"20\" height=\"20\" viewbox=\"0 0 20 20\" fill=\"none\" xmlns=\"http:\/\/www.w3.org\/2000\/svg\">\n                    <path d=\"M5 7.5L10 12.5L15 7.5\" stroke=\"currentColor\" stroke-width=\"2\" stroke-linecap=\"round\" stroke-linejoin=\"round\"\/>\n                <\/svg>\n            <\/span>\n        <\/summary>\n        <div class=\"collapsible-content\">\n            <div class=\"collapsible-content-inner\">\n                <p>Your shopping cart appears in the upper right corner of our home page. Simply click on the shopping cart icon and you will be directed to a detailed summary including all the items you have selected as well as options to review or modify your selections before ordering.<\/p>\n            <\/div>\n        <\/div>\n    <\/details>\n<\/div>\n\n\n<div id=\"collapsible-block_e35704ae20e7ea68be8cdc4bd64da5a5\" class=\"collapsible-block\">\n    <details class=\"collapsible-details\">\n        <summary class=\"collapsible-summary\">\n            <span class=\"collapsible-title\">How do I add products to my shopping cart?<\/span>\n            <span class=\"collapsible-icon\" aria-hidden=\"true\">\n                <svg width=\"20\" height=\"20\" viewbox=\"0 0 20 20\" fill=\"none\" xmlns=\"http:\/\/www.w3.org\/2000\/svg\">\n                    <path d=\"M5 7.5L10 12.5L15 7.5\" stroke=\"currentColor\" stroke-width=\"2\" stroke-linecap=\"round\" stroke-linejoin=\"round\"\/>\n                <\/svg>\n            <\/span>\n        <\/summary>\n        <div class=\"collapsible-content\">\n            <div class=\"collapsible-content-inner\">\n                <p>Click on any item you would like to order \u2013 you will be directed to its dedicated product page, where you can choose your size, color and quantity or click on the shop icon in the lower right corner of a product preview. \n\nAfter making your selections, press \"Add to cart\". You can then either proceed with the order by following the steps on the screen or simply continue browsing the website. Your shopping cart is always accessible via the top banner, so you can view or modify it at any time.<\/p>\n            <\/div>\n        <\/div>\n    <\/details>\n<\/div>\n\n\n<p><\/p>\n\n\n\n<p><\/p>","protected":false},"excerpt":{"rendered":"","protected":false},"author":1,"featured_media":0,"parent":0,"menu_order":0,"comment_status":"closed","ping_status":"closed","template":"","meta":{"_acf_changed":false,"footnotes":""},"class_list":["post-1642","page","type-page","status-publish","hentry"],"acf":[],"yoast_head":"<!-- This site is optimized with the Yoast SEO plugin v27.5 - https:\/\/yoast.com\/product\/yoast-seo-wordpress\/ -->\n<title>FAQ - Le Rendez-Vous<\/title>\n<meta name=\"robots\" content=\"index, follow, max-snippet:-1, max-image-preview:large, max-video-preview:-1\" \/>\n<link rel=\"canonical\" href=\"https:\/\/www.lerendezvous.mu\/en\/faq\/\" \/>\n<meta property=\"og:locale\" content=\"en_US\" \/>\n<meta property=\"og:type\" content=\"article\" \/>\n<meta property=\"og:title\" content=\"FAQ - Le Rendez-Vous\" \/>\n<meta property=\"og:url\" content=\"https:\/\/www.lerendezvous.mu\/en\/faq\/\" \/>\n<meta property=\"og:site_name\" content=\"Le Rendez-Vous\" \/>\n<meta property=\"article:publisher\" content=\"https:\/\/www.facebook.com\/lerendezvousmauritius\" \/>\n<meta property=\"article:modified_time\" content=\"2026-03-20T12:19:43+00:00\" \/>\n<meta name=\"twitter:card\" content=\"summary_large_image\" \/>\n<script type=\"application\/ld+json\" class=\"yoast-schema-graph\">{\"@context\":\"https:\\\/\\\/schema.org\",\"@graph\":[{\"@type\":\"WebPage\",\"@id\":\"https:\\\/\\\/www.lerendezvous.mu\\\/faq\\\/\",\"url\":\"https:\\\/\\\/www.lerendezvous.mu\\\/faq\\\/\",\"name\":\"FAQ - Le Rendez-Vous\",\"isPartOf\":{\"@id\":\"https:\\\/\\\/www.lerendezvous.mu\\\/#website\"},\"datePublished\":\"2025-10-21T10:09:50+00:00\",\"dateModified\":\"2026-03-20T12:19:43+00:00\",\"breadcrumb\":{\"@id\":\"https:\\\/\\\/www.lerendezvous.mu\\\/faq\\\/#breadcrumb\"},\"inLanguage\":\"en-US\",\"potentialAction\":[{\"@type\":\"ReadAction\",\"target\":[\"https:\\\/\\\/www.lerendezvous.mu\\\/faq\\\/\"]}]},{\"@type\":\"BreadcrumbList\",\"@id\":\"https:\\\/\\\/www.lerendezvous.mu\\\/faq\\\/#breadcrumb\",\"itemListElement\":[{\"@type\":\"ListItem\",\"position\":1,\"name\":\"Home\",\"item\":\"https:\\\/\\\/www.lerendezvous.mu\\\/\"},{\"@type\":\"ListItem\",\"position\":2,\"name\":\"FAQ\"}]},{\"@type\":\"WebSite\",\"@id\":\"https:\\\/\\\/www.lerendezvous.mu\\\/#website\",\"url\":\"https:\\\/\\\/www.lerendezvous.mu\\\/\",\"name\":\"Le Rendez-Vous\",\"description\":\"100% moricien\",\"publisher\":{\"@id\":\"https:\\\/\\\/www.lerendezvous.mu\\\/#organization\"},\"potentialAction\":[{\"@type\":\"SearchAction\",\"target\":{\"@type\":\"EntryPoint\",\"urlTemplate\":\"https:\\\/\\\/www.lerendezvous.mu\\\/?s={search_term_string}\"},\"query-input\":{\"@type\":\"PropertyValueSpecification\",\"valueRequired\":true,\"valueName\":\"search_term_string\"}}],\"inLanguage\":\"en-US\"},{\"@type\":\"Organization\",\"@id\":\"https:\\\/\\\/www.lerendezvous.mu\\\/#organization\",\"name\":\"Le Rendez-Vous\",\"url\":\"https:\\\/\\\/www.lerendezvous.mu\\\/\",\"logo\":{\"@type\":\"ImageObject\",\"inLanguage\":\"en-US\",\"@id\":\"https:\\\/\\\/www.lerendezvous.mu\\\/#\\\/schema\\\/logo\\\/image\\\/\",\"url\":\"https:\\\/\\\/www.lerendezvous.mu\\\/wp-content\\\/uploads\\\/2025\\\/10\\\/lrdv-logo.png\",\"contentUrl\":\"https:\\\/\\\/www.lerendezvous.mu\\\/wp-content\\\/uploads\\\/2025\\\/10\\\/lrdv-logo.png\",\"width\":568,\"height\":232,\"caption\":\"Le Rendez-Vous\"},\"image\":{\"@id\":\"https:\\\/\\\/www.lerendezvous.mu\\\/#\\\/schema\\\/logo\\\/image\\\/\"},\"sameAs\":[\"https:\\\/\\\/www.facebook.com\\\/lerendezvousmauritius\",\"https:\\\/\\\/www.instagram.com\\\/lerendezvous_mauritius\"]}]}<\/script>\n<!-- \/ Yoast SEO plugin. -->","yoast_head_json":{"title":"FAQ - Le Rendez-Vous","robots":{"index":"index","follow":"follow","max-snippet":"max-snippet:-1","max-image-preview":"max-image-preview:large","max-video-preview":"max-video-preview:-1"},"canonical":"https:\/\/www.lerendezvous.mu\/en\/faq\/","og_locale":"en_US","og_type":"article","og_title":"FAQ - Le Rendez-Vous","og_url":"https:\/\/www.lerendezvous.mu\/en\/faq\/","og_site_name":"Le Rendez-Vous","article_publisher":"https:\/\/www.facebook.com\/lerendezvousmauritius","article_modified_time":"2026-03-20T12:19:43+00:00","twitter_card":"summary_large_image","schema":{"@context":"https:\/\/schema.org","@graph":[{"@type":"WebPage","@id":"https:\/\/www.lerendezvous.mu\/faq\/","url":"https:\/\/www.lerendezvous.mu\/faq\/","name":"FAQ - Le Rendez-Vous","isPartOf":{"@id":"https:\/\/www.lerendezvous.mu\/#website"},"datePublished":"2025-10-21T10:09:50+00:00","dateModified":"2026-03-20T12:19:43+00:00","breadcrumb":{"@id":"https:\/\/www.lerendezvous.mu\/faq\/#breadcrumb"},"inLanguage":"en-US","potentialAction":[{"@type":"ReadAction","target":["https:\/\/www.lerendezvous.mu\/faq\/"]}]},{"@type":"BreadcrumbList","@id":"https:\/\/www.lerendezvous.mu\/faq\/#breadcrumb","itemListElement":[{"@type":"ListItem","position":1,"name":"Home","item":"https:\/\/www.lerendezvous.mu\/"},{"@type":"ListItem","position":2,"name":"FAQ"}]},{"@type":"WebSite","@id":"https:\/\/www.lerendezvous.mu\/#website","url":"https:\/\/www.lerendezvous.mu\/","name":"Le Rendez-Vous","description":"100% moricien","publisher":{"@id":"https:\/\/www.lerendezvous.mu\/#organization"},"potentialAction":[{"@type":"SearchAction","target":{"@type":"EntryPoint","urlTemplate":"https:\/\/www.lerendezvous.mu\/?s={search_term_string}"},"query-input":{"@type":"PropertyValueSpecification","valueRequired":true,"valueName":"search_term_string"}}],"inLanguage":"en-US"},{"@type":"Organization","@id":"https:\/\/www.lerendezvous.mu\/#organization","name":"Le Rendez-Vous","url":"https:\/\/www.lerendezvous.mu\/","logo":{"@type":"ImageObject","inLanguage":"en-US","@id":"https:\/\/www.lerendezvous.mu\/#\/schema\/logo\/image\/","url":"https:\/\/www.lerendezvous.mu\/wp-content\/uploads\/2025\/10\/lrdv-logo.png","contentUrl":"https:\/\/www.lerendezvous.mu\/wp-content\/uploads\/2025\/10\/lrdv-logo.png","width":568,"height":232,"caption":"Le Rendez-Vous"},"image":{"@id":"https:\/\/www.lerendezvous.mu\/#\/schema\/logo\/image\/"},"sameAs":["https:\/\/www.facebook.com\/lerendezvousmauritius","https:\/\/www.instagram.com\/lerendezvous_mauritius"]}]}},"_links":{"self":[{"href":"https:\/\/www.lerendezvous.mu\/en\/wp-json\/wp\/v2\/pages\/1642","targetHints":{"allow":["GET"]}}],"collection":[{"href":"https:\/\/www.lerendezvous.mu\/en\/wp-json\/wp\/v2\/pages"}],"about":[{"href":"https:\/\/www.lerendezvous.mu\/en\/wp-json\/wp\/v2\/types\/page"}],"author":[{"embeddable":true,"href":"https:\/\/www.lerendezvous.mu\/en\/wp-json\/wp\/v2\/users\/1"}],"replies":[{"embeddable":true,"href":"https:\/\/www.lerendezvous.mu\/en\/wp-json\/wp\/v2\/comments?post=1642"}],"version-history":[{"count":4,"href":"https:\/\/www.lerendezvous.mu\/en\/wp-json\/wp\/v2\/pages\/1642\/revisions"}],"predecessor-version":[{"id":5346,"href":"https:\/\/www.lerendezvous.mu\/en\/wp-json\/wp\/v2\/pages\/1642\/revisions\/5346"}],"wp:attachment":[{"href":"https:\/\/www.lerendezvous.mu\/en\/wp-json\/wp\/v2\/media?parent=1642"}],"curies":[{"name":"wp","href":"https:\/\/api.w.org\/{rel}","templated":true}]}}