{"id":1209,"date":"2025-10-15T14:53:15","date_gmt":"2025-10-15T10:53:15","guid":{"rendered":"http:\/\/www.lerendezvous.mu\/product\/bloom-earrings\/"},"modified":"2026-05-02T12:28:52","modified_gmt":"2026-05-02T08:28:52","slug":"bloom-earrings","status":"publish","type":"product","link":"https:\/\/www.lerendezvous.mu\/en\/product\/bloom-earrings\/","title":{"rendered":"Bloom Earrings"},"content":{"rendered":"<p class=\"p1\"><b>\u272a\u00a0 Ce produit est une pi\u00e8ce unique.<\/b><\/p>\n<p class=\"p1\">Les pi\u00e8ces uniques se distinguent par l&rsquo;ic\u00f4ne en forme d&rsquo;\u00e9toile pr\u00e9sente au coin sup\u00e9rieur droit de la photo.<\/p>\n<p class=\"p1\">Chaque d\u00e9tail, chaque finition et chaque particularit\u00e9 le rendent diff\u00e9rent de tout autre article. Il poss\u00e8de sa propre identit\u00e9 et chaque exemplaire est unique.<\/p>\n<p class=\"p1\">En raison de sa singularit\u00e9, nous vous invitons \u00e0 l&rsquo;inviter \u00e0 votre liste de requ\u00eate. Notre \u00e9quipe se charge de v\u00e9rifier sa disponibilit\u00e9 et reviendra vers vous dans les plus brefs d\u00e9lais pour finaliser votre commande.<b> <\/b><\/p>\n<p>Les boucles d\u2019oreilles \u00ab Bloom \u00bb incarnent l\u2019\u00e9l\u00e9gance florale avec une silhouette d\u00e9licate et organique : chaque pi\u00e8ce \u00e9voque une p\u00e9tale en pleine ouverture, port\u00e9e sur une monture fine et discr\u00e8te. Leur finition subtilement brillante illumine le visage sans exc\u00e8s, tandis que leur design l\u00e9ger assure un confort optimal au quotidien.<\/p>","protected":false},"excerpt":{"rendered":"<p>\u272a\u00a0 Ce produit est une pi\u00e8ce unique. Les pi\u00e8ces uniques se distinguent par l&rsquo;ic\u00f4ne en forme d&rsquo;\u00e9toile pr\u00e9sente au coin sup\u00e9rieur droit de la photo. Chaque d\u00e9tail, chaque finition et chaque particularit\u00e9 le rendent diff\u00e9rent de tout autre article. Il poss\u00e8de sa propre identit\u00e9 et chaque exemplaire est unique. En raison de sa singularit\u00e9, nous [&hellip;]<\/p>\n","protected":false},"featured_media":1210,"comment_status":"open","ping_status":"closed","template":"","meta":{"_acf_changed":false},"badge":[],"subtag":[74,75,177,142],"product_brand":[],"product_cat":[124],"product_tag":[23],"class_list":{"0":"post-1209","1":"product","2":"type-product","3":"status-publish","4":"has-post-thumbnail","6":"subtag-accessoires","7":"subtag-bijoux","8":"subtag-flash-sales-20-off","9":"subtag-pieces-uniques","10":"product_cat-lilakoo","11":"product_tag-bijoux","13":"first","14":"instock","15":"taxable","16":"shipping-taxable","17":"purchasable","18":"product-type-simple"},"acf":[],"yoast_head":"<!-- This site is optimized with the Yoast SEO plugin v27.5 - https:\/\/yoast.com\/product\/yoast-seo-wordpress\/ -->\n<title>Bloom Earrings - Le Rendez-Vous<\/title>\n<meta name=\"description\" content=\"Les boucles d\u2019oreilles \u00ab Bloom \u00bb incarnent l\u2019\u00e9l\u00e9gance avec une silhouette d\u00e9licate et organique : chaque pi\u00e8ce \u00e9voque un p\u00e9tale en pleine ouverture.\" \/>\n<meta name=\"robots\" content=\"index, follow, max-snippet:-1, max-image-preview:large, max-video-preview:-1\" \/>\n<link rel=\"canonical\" href=\"https:\/\/www.lerendezvous.mu\/en\/product\/bloom-earrings\/\" \/>\n<meta property=\"og:locale\" content=\"en_US\" \/>\n<meta property=\"og:type\" content=\"article\" \/>\n<meta property=\"og:title\" content=\"Bloom Earrings - Le Rendez-Vous\" \/>\n<meta property=\"og:description\" content=\"Les boucles d\u2019oreilles \u00ab Bloom \u00bb incarnent l\u2019\u00e9l\u00e9gance avec une silhouette d\u00e9licate et organique : chaque pi\u00e8ce \u00e9voque un p\u00e9tale en pleine ouverture.\" \/>\n<meta property=\"og:url\" content=\"https:\/\/www.lerendezvous.mu\/en\/product\/bloom-earrings\/\" \/>\n<meta property=\"og:site_name\" content=\"Le Rendez-Vous\" \/>\n<meta property=\"article:publisher\" content=\"https:\/\/www.facebook.com\/lerendezvousmauritius\" \/>\n<meta property=\"article:modified_time\" content=\"2026-05-02T08:28:52+00:00\" \/>\n<meta property=\"og:image\" content=\"https:\/\/www.lerendezvous.mu\/wp-content\/uploads\/2025\/10\/lilakoo-bloom-earring-white.jpg\" \/>\n\t<meta property=\"og:image:width\" content=\"1300\" \/>\n\t<meta property=\"og:image:height\" content=\"1950\" \/>\n\t<meta property=\"og:image:type\" content=\"image\/jpeg\" \/>\n<meta name=\"twitter:card\" content=\"summary_large_image\" \/>\n<meta name=\"twitter:label1\" content=\"Est. reading time\" \/>\n\t<meta name=\"twitter:data1\" content=\"1 minute\" \/>\n<script type=\"application\/ld+json\" class=\"yoast-schema-graph\">{\"@context\":\"https:\\\/\\\/schema.org\",\"@graph\":[{\"@type\":\"WebPage\",\"@id\":\"https:\\\/\\\/www.lerendezvous.mu\\\/product\\\/bloom-earrings\\\/\",\"url\":\"https:\\\/\\\/www.lerendezvous.mu\\\/product\\\/bloom-earrings\\\/\",\"name\":\"Bloom Earrings - Le Rendez-Vous\",\"isPartOf\":{\"@id\":\"https:\\\/\\\/www.lerendezvous.mu\\\/#website\"},\"primaryImageOfPage\":{\"@id\":\"https:\\\/\\\/www.lerendezvous.mu\\\/product\\\/bloom-earrings\\\/#primaryimage\"},\"image\":{\"@id\":\"https:\\\/\\\/www.lerendezvous.mu\\\/product\\\/bloom-earrings\\\/#primaryimage\"},\"thumbnailUrl\":\"https:\\\/\\\/www.lerendezvous.mu\\\/wp-content\\\/uploads\\\/2025\\\/10\\\/lilakoo-bloom-earring-white.jpg\",\"datePublished\":\"2025-10-15T10:53:15+00:00\",\"dateModified\":\"2026-05-02T08:28:52+00:00\",\"description\":\"Les boucles d\u2019oreilles \u00ab Bloom \u00bb incarnent l\u2019\u00e9l\u00e9gance avec une silhouette d\u00e9licate et organique : chaque pi\u00e8ce \u00e9voque un p\u00e9tale en pleine ouverture.\",\"breadcrumb\":{\"@id\":\"https:\\\/\\\/www.lerendezvous.mu\\\/product\\\/bloom-earrings\\\/#breadcrumb\"},\"inLanguage\":\"en-US\",\"potentialAction\":[{\"@type\":\"ReadAction\",\"target\":[\"https:\\\/\\\/www.lerendezvous.mu\\\/product\\\/bloom-earrings\\\/\"]}]},{\"@type\":\"ImageObject\",\"inLanguage\":\"en-US\",\"@id\":\"https:\\\/\\\/www.lerendezvous.mu\\\/product\\\/bloom-earrings\\\/#primaryimage\",\"url\":\"https:\\\/\\\/www.lerendezvous.mu\\\/wp-content\\\/uploads\\\/2025\\\/10\\\/lilakoo-bloom-earring-white.jpg\",\"contentUrl\":\"https:\\\/\\\/www.lerendezvous.mu\\\/wp-content\\\/uploads\\\/2025\\\/10\\\/lilakoo-bloom-earring-white.jpg\",\"width\":1300,\"height\":1950},{\"@type\":\"BreadcrumbList\",\"@id\":\"https:\\\/\\\/www.lerendezvous.mu\\\/product\\\/bloom-earrings\\\/#breadcrumb\",\"itemListElement\":[{\"@type\":\"ListItem\",\"position\":1,\"name\":\"Home\",\"item\":\"https:\\\/\\\/www.lerendezvous.mu\\\/\"},{\"@type\":\"ListItem\",\"position\":2,\"name\":\"Shop\",\"item\":\"https:\\\/\\\/www.lerendezvous.mu\\\/shop\\\/\"},{\"@type\":\"ListItem\",\"position\":3,\"name\":\"Bloom Earrings\"}]},{\"@type\":\"WebSite\",\"@id\":\"https:\\\/\\\/www.lerendezvous.mu\\\/#website\",\"url\":\"https:\\\/\\\/www.lerendezvous.mu\\\/\",\"name\":\"Le Rendez-Vous\",\"description\":\"100% moricien\",\"publisher\":{\"@id\":\"https:\\\/\\\/www.lerendezvous.mu\\\/#organization\"},\"potentialAction\":[{\"@type\":\"SearchAction\",\"target\":{\"@type\":\"EntryPoint\",\"urlTemplate\":\"https:\\\/\\\/www.lerendezvous.mu\\\/?s={search_term_string}\"},\"query-input\":{\"@type\":\"PropertyValueSpecification\",\"valueRequired\":true,\"valueName\":\"search_term_string\"}}],\"inLanguage\":\"en-US\"},{\"@type\":\"Organization\",\"@id\":\"https:\\\/\\\/www.lerendezvous.mu\\\/#organization\",\"name\":\"Le Rendez-Vous\",\"url\":\"https:\\\/\\\/www.lerendezvous.mu\\\/\",\"logo\":{\"@type\":\"ImageObject\",\"inLanguage\":\"en-US\",\"@id\":\"https:\\\/\\\/www.lerendezvous.mu\\\/#\\\/schema\\\/logo\\\/image\\\/\",\"url\":\"https:\\\/\\\/www.lerendezvous.mu\\\/wp-content\\\/uploads\\\/2025\\\/10\\\/lrdv-logo.png\",\"contentUrl\":\"https:\\\/\\\/www.lerendezvous.mu\\\/wp-content\\\/uploads\\\/2025\\\/10\\\/lrdv-logo.png\",\"width\":568,\"height\":232,\"caption\":\"Le Rendez-Vous\"},\"image\":{\"@id\":\"https:\\\/\\\/www.lerendezvous.mu\\\/#\\\/schema\\\/logo\\\/image\\\/\"},\"sameAs\":[\"https:\\\/\\\/www.facebook.com\\\/lerendezvousmauritius\",\"https:\\\/\\\/www.instagram.com\\\/lerendezvous_mauritius\"]}]}<\/script>\n<!-- \/ Yoast SEO plugin. -->","yoast_head_json":{"title":"Bloom Earrings - Le Rendez-Vous","description":"Les boucles d\u2019oreilles \u00ab Bloom \u00bb incarnent l\u2019\u00e9l\u00e9gance avec une silhouette d\u00e9licate et organique : chaque pi\u00e8ce \u00e9voque un p\u00e9tale en pleine ouverture.","robots":{"index":"index","follow":"follow","max-snippet":"max-snippet:-1","max-image-preview":"max-image-preview:large","max-video-preview":"max-video-preview:-1"},"canonical":"https:\/\/www.lerendezvous.mu\/en\/product\/bloom-earrings\/","og_locale":"en_US","og_type":"article","og_title":"Bloom Earrings - Le Rendez-Vous","og_description":"Les boucles d\u2019oreilles \u00ab Bloom \u00bb incarnent l\u2019\u00e9l\u00e9gance avec une silhouette d\u00e9licate et organique : chaque pi\u00e8ce \u00e9voque un p\u00e9tale en pleine ouverture.","og_url":"https:\/\/www.lerendezvous.mu\/en\/product\/bloom-earrings\/","og_site_name":"Le Rendez-Vous","article_publisher":"https:\/\/www.facebook.com\/lerendezvousmauritius","article_modified_time":"2026-05-02T08:28:52+00:00","og_image":[{"width":1300,"height":1950,"url":"https:\/\/www.lerendezvous.mu\/wp-content\/uploads\/2025\/10\/lilakoo-bloom-earring-white.jpg","type":"image\/jpeg"}],"twitter_card":"summary_large_image","twitter_misc":{"Est. reading time":"1 minute"},"schema":{"@context":"https:\/\/schema.org","@graph":[{"@type":"WebPage","@id":"https:\/\/www.lerendezvous.mu\/product\/bloom-earrings\/","url":"https:\/\/www.lerendezvous.mu\/product\/bloom-earrings\/","name":"Bloom Earrings - Le Rendez-Vous","isPartOf":{"@id":"https:\/\/www.lerendezvous.mu\/#website"},"primaryImageOfPage":{"@id":"https:\/\/www.lerendezvous.mu\/product\/bloom-earrings\/#primaryimage"},"image":{"@id":"https:\/\/www.lerendezvous.mu\/product\/bloom-earrings\/#primaryimage"},"thumbnailUrl":"https:\/\/www.lerendezvous.mu\/wp-content\/uploads\/2025\/10\/lilakoo-bloom-earring-white.jpg","datePublished":"2025-10-15T10:53:15+00:00","dateModified":"2026-05-02T08:28:52+00:00","description":"Les boucles d\u2019oreilles \u00ab Bloom \u00bb incarnent l\u2019\u00e9l\u00e9gance avec une silhouette d\u00e9licate et organique : chaque pi\u00e8ce \u00e9voque un p\u00e9tale en pleine ouverture.","breadcrumb":{"@id":"https:\/\/www.lerendezvous.mu\/product\/bloom-earrings\/#breadcrumb"},"inLanguage":"en-US","potentialAction":[{"@type":"ReadAction","target":["https:\/\/www.lerendezvous.mu\/product\/bloom-earrings\/"]}]},{"@type":"ImageObject","inLanguage":"en-US","@id":"https:\/\/www.lerendezvous.mu\/product\/bloom-earrings\/#primaryimage","url":"https:\/\/www.lerendezvous.mu\/wp-content\/uploads\/2025\/10\/lilakoo-bloom-earring-white.jpg","contentUrl":"https:\/\/www.lerendezvous.mu\/wp-content\/uploads\/2025\/10\/lilakoo-bloom-earring-white.jpg","width":1300,"height":1950},{"@type":"BreadcrumbList","@id":"https:\/\/www.lerendezvous.mu\/product\/bloom-earrings\/#breadcrumb","itemListElement":[{"@type":"ListItem","position":1,"name":"Home","item":"https:\/\/www.lerendezvous.mu\/"},{"@type":"ListItem","position":2,"name":"Shop","item":"https:\/\/www.lerendezvous.mu\/shop\/"},{"@type":"ListItem","position":3,"name":"Bloom Earrings"}]},{"@type":"WebSite","@id":"https:\/\/www.lerendezvous.mu\/#website","url":"https:\/\/www.lerendezvous.mu\/","name":"Le Rendez-Vous","description":"100% moricien","publisher":{"@id":"https:\/\/www.lerendezvous.mu\/#organization"},"potentialAction":[{"@type":"SearchAction","target":{"@type":"EntryPoint","urlTemplate":"https:\/\/www.lerendezvous.mu\/?s={search_term_string}"},"query-input":{"@type":"PropertyValueSpecification","valueRequired":true,"valueName":"search_term_string"}}],"inLanguage":"en-US"},{"@type":"Organization","@id":"https:\/\/www.lerendezvous.mu\/#organization","name":"Le Rendez-Vous","url":"https:\/\/www.lerendezvous.mu\/","logo":{"@type":"ImageObject","inLanguage":"en-US","@id":"https:\/\/www.lerendezvous.mu\/#\/schema\/logo\/image\/","url":"https:\/\/www.lerendezvous.mu\/wp-content\/uploads\/2025\/10\/lrdv-logo.png","contentUrl":"https:\/\/www.lerendezvous.mu\/wp-content\/uploads\/2025\/10\/lrdv-logo.png","width":568,"height":232,"caption":"Le Rendez-Vous"},"image":{"@id":"https:\/\/www.lerendezvous.mu\/#\/schema\/logo\/image\/"},"sameAs":["https:\/\/www.facebook.com\/lerendezvousmauritius","https:\/\/www.instagram.com\/lerendezvous_mauritius"]}]}},"_links":{"self":[{"href":"https:\/\/www.lerendezvous.mu\/en\/wp-json\/wp\/v2\/product\/1209","targetHints":{"allow":["GET"]}}],"collection":[{"href":"https:\/\/www.lerendezvous.mu\/en\/wp-json\/wp\/v2\/product"}],"about":[{"href":"https:\/\/www.lerendezvous.mu\/en\/wp-json\/wp\/v2\/types\/product"}],"replies":[{"embeddable":true,"href":"https:\/\/www.lerendezvous.mu\/en\/wp-json\/wp\/v2\/comments?post=1209"}],"wp:featuredmedia":[{"embeddable":true,"href":"https:\/\/www.lerendezvous.mu\/en\/wp-json\/wp\/v2\/media\/1210"}],"wp:attachment":[{"href":"https:\/\/www.lerendezvous.mu\/en\/wp-json\/wp\/v2\/media?parent=1209"}],"wp:term":[{"taxonomy":"badge","embeddable":true,"href":"https:\/\/www.lerendezvous.mu\/en\/wp-json\/wp\/v2\/badge?post=1209"},{"taxonomy":"subtag","embeddable":true,"href":"https:\/\/www.lerendezvous.mu\/en\/wp-json\/wp\/v2\/subtag?post=1209"},{"taxonomy":"product_brand","embeddable":true,"href":"https:\/\/www.lerendezvous.mu\/en\/wp-json\/wp\/v2\/product_brand?post=1209"},{"taxonomy":"product_cat","embeddable":true,"href":"https:\/\/www.lerendezvous.mu\/en\/wp-json\/wp\/v2\/product_cat?post=1209"},{"taxonomy":"product_tag","embeddable":true,"href":"https:\/\/www.lerendezvous.mu\/en\/wp-json\/wp\/v2\/product_tag?post=1209"}],"curies":[{"name":"wp","href":"https:\/\/api.w.org\/{rel}","templated":true}]}}