{"id":1268,"date":"2025-10-16T11:57:23","date_gmt":"2025-10-16T07:57:23","guid":{"rendered":"http:\/\/www.lerendezvous.mu\/product\/m-socks\/"},"modified":"2026-05-02T14:47:56","modified_gmt":"2026-05-02T10:47:56","slug":"chaussettes","status":"publish","type":"product","link":"https:\/\/www.lerendezvous.mu\/en\/product\/chaussettes\/","title":{"rendered":"M Socks"},"content":{"rendered":"<p>Les chaussettes de The\u202fKreol\u202fRepublic incarnent l\u2019esprit d\u00e9contract\u00e9 et cr\u00e9atif de la marque mauricienne\u202f: fabriqu\u00e9es localement, elles m\u00ealent confort, durabilit\u00e9 et design inspir\u00e9 par la culture cr\u00e9ole. Port\u00e9es \u00e0 la fois comme accessoire mode et symbole d\u2019un engagement \u00e9thique, elles compl\u00e8tent parfaitement un look fun et responsable.<\/p>","protected":false},"excerpt":{"rendered":"<p>Les chaussettes de The\u202fKreol\u202fRepublic incarnent l\u2019esprit d\u00e9contract\u00e9 et cr\u00e9atif de la marque mauricienne\u202f: fabriqu\u00e9es localement, elles m\u00ealent confort, durabilit\u00e9 et design inspir\u00e9 par la culture cr\u00e9ole. Port\u00e9es \u00e0 la fois comme accessoire mode et symbole d\u2019un engagement \u00e9thique, elles compl\u00e8tent parfaitement un look fun et responsable.<\/p>","protected":false},"featured_media":3852,"comment_status":"open","ping_status":"closed","template":"","meta":{"_acf_changed":false},"badge":[],"subtag":[74,80,164],"product_brand":[],"product_cat":[84],"product_tag":[99,100],"class_list":{"0":"post-1268","1":"product","2":"type-product","3":"status-publish","4":"has-post-thumbnail","6":"subtag-accessoires","7":"subtag-chaussettes","8":"subtag-nos-cadeaux-100-lokal","9":"product_cat-the-kreol-republic","10":"product_tag-femme","11":"product_tag-homme","13":"first","14":"instock","15":"taxable","16":"shipping-taxable","17":"purchasable","18":"product-type-variable"},"acf":[],"yoast_head":"<!-- This site is optimized with the Yoast SEO plugin v27.5 - https:\/\/yoast.com\/product\/yoast-seo-wordpress\/ -->\n<title>M Socks - Le Rendez-Vous<\/title>\n<meta name=\"description\" content=\"Les chaussettes de The\u202fKreol\u202fRepublic incarnent l\u2019esprit d\u00e9contract\u00e9 et cr\u00e9atif de la marque\u202f: fabriqu\u00e9es localement, elles m\u00ealent confort et durabilit\u00e9.\" \/>\n<meta name=\"robots\" content=\"index, follow, max-snippet:-1, max-image-preview:large, max-video-preview:-1\" \/>\n<link rel=\"canonical\" href=\"https:\/\/www.lerendezvous.mu\/en\/product\/chaussettes\/\" \/>\n<meta property=\"og:locale\" content=\"en_US\" \/>\n<meta property=\"og:type\" content=\"article\" \/>\n<meta property=\"og:title\" content=\"M Socks - Le Rendez-Vous\" \/>\n<meta property=\"og:description\" content=\"Les chaussettes de The\u202fKreol\u202fRepublic incarnent l\u2019esprit d\u00e9contract\u00e9 et cr\u00e9atif de la marque\u202f: fabriqu\u00e9es localement, elles m\u00ealent confort et durabilit\u00e9.\" \/>\n<meta property=\"og:url\" content=\"https:\/\/www.lerendezvous.mu\/en\/product\/chaussettes\/\" \/>\n<meta property=\"og:site_name\" content=\"Le Rendez-Vous\" \/>\n<meta property=\"article:publisher\" content=\"https:\/\/www.facebook.com\/lerendezvousmauritius\" \/>\n<meta property=\"article:modified_time\" content=\"2026-05-02T10:47:56+00:00\" \/>\n<meta property=\"og:image\" content=\"https:\/\/www.lerendezvous.mu\/wp-content\/uploads\/2025\/11\/84bf0bce-d24b-4c1c-a2ee-23475ac8cec3-1.jpg\" \/>\n\t<meta property=\"og:image:width\" content=\"333\" \/>\n\t<meta property=\"og:image:height\" content=\"500\" \/>\n\t<meta property=\"og:image:type\" content=\"image\/jpeg\" \/>\n<meta name=\"twitter:card\" content=\"summary_large_image\" \/>\n<meta name=\"twitter:label1\" content=\"Est. reading time\" \/>\n\t<meta name=\"twitter:data1\" content=\"1 minute\" \/>\n<script type=\"application\/ld+json\" class=\"yoast-schema-graph\">{\"@context\":\"https:\\\/\\\/schema.org\",\"@graph\":[{\"@type\":\"WebPage\",\"@id\":\"https:\\\/\\\/www.lerendezvous.mu\\\/product\\\/chaussettes\\\/\",\"url\":\"https:\\\/\\\/www.lerendezvous.mu\\\/product\\\/chaussettes\\\/\",\"name\":\"M Socks - Le Rendez-Vous\",\"isPartOf\":{\"@id\":\"https:\\\/\\\/www.lerendezvous.mu\\\/#website\"},\"primaryImageOfPage\":{\"@id\":\"https:\\\/\\\/www.lerendezvous.mu\\\/product\\\/chaussettes\\\/#primaryimage\"},\"image\":{\"@id\":\"https:\\\/\\\/www.lerendezvous.mu\\\/product\\\/chaussettes\\\/#primaryimage\"},\"thumbnailUrl\":\"https:\\\/\\\/www.lerendezvous.mu\\\/wp-content\\\/uploads\\\/2025\\\/11\\\/84bf0bce-d24b-4c1c-a2ee-23475ac8cec3-1.jpg\",\"datePublished\":\"2025-10-16T07:57:23+00:00\",\"dateModified\":\"2026-05-02T10:47:56+00:00\",\"description\":\"Les chaussettes de The\u202fKreol\u202fRepublic incarnent l\u2019esprit d\u00e9contract\u00e9 et cr\u00e9atif de la marque\u202f: fabriqu\u00e9es localement, elles m\u00ealent confort et durabilit\u00e9.\",\"breadcrumb\":{\"@id\":\"https:\\\/\\\/www.lerendezvous.mu\\\/product\\\/chaussettes\\\/#breadcrumb\"},\"inLanguage\":\"en-US\",\"potentialAction\":[{\"@type\":\"ReadAction\",\"target\":[\"https:\\\/\\\/www.lerendezvous.mu\\\/product\\\/chaussettes\\\/\"]}]},{\"@type\":\"ImageObject\",\"inLanguage\":\"en-US\",\"@id\":\"https:\\\/\\\/www.lerendezvous.mu\\\/product\\\/chaussettes\\\/#primaryimage\",\"url\":\"https:\\\/\\\/www.lerendezvous.mu\\\/wp-content\\\/uploads\\\/2025\\\/11\\\/84bf0bce-d24b-4c1c-a2ee-23475ac8cec3-1.jpg\",\"contentUrl\":\"https:\\\/\\\/www.lerendezvous.mu\\\/wp-content\\\/uploads\\\/2025\\\/11\\\/84bf0bce-d24b-4c1c-a2ee-23475ac8cec3-1.jpg\",\"width\":333,\"height\":500,\"caption\":\"168\"},{\"@type\":\"BreadcrumbList\",\"@id\":\"https:\\\/\\\/www.lerendezvous.mu\\\/product\\\/chaussettes\\\/#breadcrumb\",\"itemListElement\":[{\"@type\":\"ListItem\",\"position\":1,\"name\":\"Home\",\"item\":\"https:\\\/\\\/www.lerendezvous.mu\\\/\"},{\"@type\":\"ListItem\",\"position\":2,\"name\":\"Shop\",\"item\":\"https:\\\/\\\/www.lerendezvous.mu\\\/shop\\\/\"},{\"@type\":\"ListItem\",\"position\":3,\"name\":\"M Socks\"}]},{\"@type\":\"WebSite\",\"@id\":\"https:\\\/\\\/www.lerendezvous.mu\\\/#website\",\"url\":\"https:\\\/\\\/www.lerendezvous.mu\\\/\",\"name\":\"Le Rendez-Vous\",\"description\":\"100% moricien\",\"publisher\":{\"@id\":\"https:\\\/\\\/www.lerendezvous.mu\\\/#organization\"},\"potentialAction\":[{\"@type\":\"SearchAction\",\"target\":{\"@type\":\"EntryPoint\",\"urlTemplate\":\"https:\\\/\\\/www.lerendezvous.mu\\\/?s={search_term_string}\"},\"query-input\":{\"@type\":\"PropertyValueSpecification\",\"valueRequired\":true,\"valueName\":\"search_term_string\"}}],\"inLanguage\":\"en-US\"},{\"@type\":\"Organization\",\"@id\":\"https:\\\/\\\/www.lerendezvous.mu\\\/#organization\",\"name\":\"Le Rendez-Vous\",\"url\":\"https:\\\/\\\/www.lerendezvous.mu\\\/\",\"logo\":{\"@type\":\"ImageObject\",\"inLanguage\":\"en-US\",\"@id\":\"https:\\\/\\\/www.lerendezvous.mu\\\/#\\\/schema\\\/logo\\\/image\\\/\",\"url\":\"https:\\\/\\\/www.lerendezvous.mu\\\/wp-content\\\/uploads\\\/2025\\\/10\\\/lrdv-logo.png\",\"contentUrl\":\"https:\\\/\\\/www.lerendezvous.mu\\\/wp-content\\\/uploads\\\/2025\\\/10\\\/lrdv-logo.png\",\"width\":568,\"height\":232,\"caption\":\"Le Rendez-Vous\"},\"image\":{\"@id\":\"https:\\\/\\\/www.lerendezvous.mu\\\/#\\\/schema\\\/logo\\\/image\\\/\"},\"sameAs\":[\"https:\\\/\\\/www.facebook.com\\\/lerendezvousmauritius\",\"https:\\\/\\\/www.instagram.com\\\/lerendezvous_mauritius\"]}]}<\/script>\n<!-- \/ Yoast SEO plugin. -->","yoast_head_json":{"title":"M Socks - Le Rendez-Vous","description":"Les chaussettes de The\u202fKreol\u202fRepublic incarnent l\u2019esprit d\u00e9contract\u00e9 et cr\u00e9atif de la marque\u202f: fabriqu\u00e9es localement, elles m\u00ealent confort et durabilit\u00e9.","robots":{"index":"index","follow":"follow","max-snippet":"max-snippet:-1","max-image-preview":"max-image-preview:large","max-video-preview":"max-video-preview:-1"},"canonical":"https:\/\/www.lerendezvous.mu\/en\/product\/chaussettes\/","og_locale":"en_US","og_type":"article","og_title":"M Socks - Le Rendez-Vous","og_description":"Les chaussettes de The\u202fKreol\u202fRepublic incarnent l\u2019esprit d\u00e9contract\u00e9 et cr\u00e9atif de la marque\u202f: fabriqu\u00e9es localement, elles m\u00ealent confort et durabilit\u00e9.","og_url":"https:\/\/www.lerendezvous.mu\/en\/product\/chaussettes\/","og_site_name":"Le Rendez-Vous","article_publisher":"https:\/\/www.facebook.com\/lerendezvousmauritius","article_modified_time":"2026-05-02T10:47:56+00:00","og_image":[{"width":333,"height":500,"url":"https:\/\/www.lerendezvous.mu\/wp-content\/uploads\/2025\/11\/84bf0bce-d24b-4c1c-a2ee-23475ac8cec3-1.jpg","type":"image\/jpeg"}],"twitter_card":"summary_large_image","twitter_misc":{"Est. reading time":"1 minute"},"schema":{"@context":"https:\/\/schema.org","@graph":[{"@type":"WebPage","@id":"https:\/\/www.lerendezvous.mu\/product\/chaussettes\/","url":"https:\/\/www.lerendezvous.mu\/product\/chaussettes\/","name":"M Socks - Le Rendez-Vous","isPartOf":{"@id":"https:\/\/www.lerendezvous.mu\/#website"},"primaryImageOfPage":{"@id":"https:\/\/www.lerendezvous.mu\/product\/chaussettes\/#primaryimage"},"image":{"@id":"https:\/\/www.lerendezvous.mu\/product\/chaussettes\/#primaryimage"},"thumbnailUrl":"https:\/\/www.lerendezvous.mu\/wp-content\/uploads\/2025\/11\/84bf0bce-d24b-4c1c-a2ee-23475ac8cec3-1.jpg","datePublished":"2025-10-16T07:57:23+00:00","dateModified":"2026-05-02T10:47:56+00:00","description":"Les chaussettes de The\u202fKreol\u202fRepublic incarnent l\u2019esprit d\u00e9contract\u00e9 et cr\u00e9atif de la marque\u202f: fabriqu\u00e9es localement, elles m\u00ealent confort et durabilit\u00e9.","breadcrumb":{"@id":"https:\/\/www.lerendezvous.mu\/product\/chaussettes\/#breadcrumb"},"inLanguage":"en-US","potentialAction":[{"@type":"ReadAction","target":["https:\/\/www.lerendezvous.mu\/product\/chaussettes\/"]}]},{"@type":"ImageObject","inLanguage":"en-US","@id":"https:\/\/www.lerendezvous.mu\/product\/chaussettes\/#primaryimage","url":"https:\/\/www.lerendezvous.mu\/wp-content\/uploads\/2025\/11\/84bf0bce-d24b-4c1c-a2ee-23475ac8cec3-1.jpg","contentUrl":"https:\/\/www.lerendezvous.mu\/wp-content\/uploads\/2025\/11\/84bf0bce-d24b-4c1c-a2ee-23475ac8cec3-1.jpg","width":333,"height":500,"caption":"168"},{"@type":"BreadcrumbList","@id":"https:\/\/www.lerendezvous.mu\/product\/chaussettes\/#breadcrumb","itemListElement":[{"@type":"ListItem","position":1,"name":"Home","item":"https:\/\/www.lerendezvous.mu\/"},{"@type":"ListItem","position":2,"name":"Shop","item":"https:\/\/www.lerendezvous.mu\/shop\/"},{"@type":"ListItem","position":3,"name":"M Socks"}]},{"@type":"WebSite","@id":"https:\/\/www.lerendezvous.mu\/#website","url":"https:\/\/www.lerendezvous.mu\/","name":"Le Rendez-Vous","description":"100% moricien","publisher":{"@id":"https:\/\/www.lerendezvous.mu\/#organization"},"potentialAction":[{"@type":"SearchAction","target":{"@type":"EntryPoint","urlTemplate":"https:\/\/www.lerendezvous.mu\/?s={search_term_string}"},"query-input":{"@type":"PropertyValueSpecification","valueRequired":true,"valueName":"search_term_string"}}],"inLanguage":"en-US"},{"@type":"Organization","@id":"https:\/\/www.lerendezvous.mu\/#organization","name":"Le Rendez-Vous","url":"https:\/\/www.lerendezvous.mu\/","logo":{"@type":"ImageObject","inLanguage":"en-US","@id":"https:\/\/www.lerendezvous.mu\/#\/schema\/logo\/image\/","url":"https:\/\/www.lerendezvous.mu\/wp-content\/uploads\/2025\/10\/lrdv-logo.png","contentUrl":"https:\/\/www.lerendezvous.mu\/wp-content\/uploads\/2025\/10\/lrdv-logo.png","width":568,"height":232,"caption":"Le Rendez-Vous"},"image":{"@id":"https:\/\/www.lerendezvous.mu\/#\/schema\/logo\/image\/"},"sameAs":["https:\/\/www.facebook.com\/lerendezvousmauritius","https:\/\/www.instagram.com\/lerendezvous_mauritius"]}]}},"_links":{"self":[{"href":"https:\/\/www.lerendezvous.mu\/en\/wp-json\/wp\/v2\/product\/1268","targetHints":{"allow":["GET"]}}],"collection":[{"href":"https:\/\/www.lerendezvous.mu\/en\/wp-json\/wp\/v2\/product"}],"about":[{"href":"https:\/\/www.lerendezvous.mu\/en\/wp-json\/wp\/v2\/types\/product"}],"replies":[{"embeddable":true,"href":"https:\/\/www.lerendezvous.mu\/en\/wp-json\/wp\/v2\/comments?post=1268"}],"wp:featuredmedia":[{"embeddable":true,"href":"https:\/\/www.lerendezvous.mu\/en\/wp-json\/wp\/v2\/media\/3852"}],"wp:attachment":[{"href":"https:\/\/www.lerendezvous.mu\/en\/wp-json\/wp\/v2\/media?parent=1268"}],"wp:term":[{"taxonomy":"badge","embeddable":true,"href":"https:\/\/www.lerendezvous.mu\/en\/wp-json\/wp\/v2\/badge?post=1268"},{"taxonomy":"subtag","embeddable":true,"href":"https:\/\/www.lerendezvous.mu\/en\/wp-json\/wp\/v2\/subtag?post=1268"},{"taxonomy":"product_brand","embeddable":true,"href":"https:\/\/www.lerendezvous.mu\/en\/wp-json\/wp\/v2\/product_brand?post=1268"},{"taxonomy":"product_cat","embeddable":true,"href":"https:\/\/www.lerendezvous.mu\/en\/wp-json\/wp\/v2\/product_cat?post=1268"},{"taxonomy":"product_tag","embeddable":true,"href":"https:\/\/www.lerendezvous.mu\/en\/wp-json\/wp\/v2\/product_tag?post=1268"}],"curies":[{"name":"wp","href":"https:\/\/api.w.org\/{rel}","templated":true}]}}