{"id":1690,"date":"2025-10-22T15:03:12","date_gmt":"2025-10-22T11:03:12","guid":{"rendered":"http:\/\/www.lerendezvous.mu\/product\/the-dodos-legacy\/"},"modified":"2026-03-21T14:17:27","modified_gmt":"2026-03-21T10:17:27","slug":"the-dodos-legacy","status":"publish","type":"product","link":"https:\/\/www.lerendezvous.mu\/en\/product\/the-dodos-legacy\/","title":{"rendered":"The Dodo&rsquo;s Legacy"},"content":{"rendered":"<p>D\u00e9couvrez The Dodo\u2019s Legacy et sa plong\u00e9e inspirante dans 40\u202fans de conservation \u00e0 Maurice et Rodrigues. Cet ouvrage grand format raconte comment des esp\u00e8ces embl\u00e9matiques et leurs habitats ont \u00e9t\u00e9 sauv\u00e9s \u2014 un v\u00e9ritable hommage \u00e0 la nature mauricienne.<\/p>","protected":false},"excerpt":{"rendered":"<p>D\u00e9couvrez The Dodo\u2019s Legacy et sa plong\u00e9e inspirante dans 40\u202fans de conservation \u00e0 Maurice et Rodrigues. Cet ouvrage grand format raconte comment des esp\u00e8ces embl\u00e9matiques et leurs habitats ont \u00e9t\u00e9 sauv\u00e9s \u2014 un v\u00e9ritable hommage \u00e0 la nature mauricienne.<\/p>","protected":false},"featured_media":1795,"comment_status":"open","ping_status":"closed","template":"","meta":{"_acf_changed":false},"badge":[],"subtag":[135,44,45],"product_brand":[],"product_cat":[132],"product_tag":[97],"class_list":{"0":"post-1690","1":"product","2":"type-product","3":"status-publish","4":"has-post-thumbnail","6":"subtag-les-inedites","7":"subtag-librairie-papeterie","8":"subtag-livres","9":"product_cat-mauritian-wildlife-foundation","10":"product_tag-librairie","12":"first","13":"instock","14":"purchasable","15":"product-type-simple"},"acf":[],"yoast_head":"<!-- This site is optimized with the Yoast SEO plugin v27.5 - https:\/\/yoast.com\/product\/yoast-seo-wordpress\/ -->\n<title>The Dodo&#039;s Legacy - Le Rendez-Vous<\/title>\n<meta name=\"description\" content=\"Cet ouvrage grand format raconte comment des esp\u00e8ces embl\u00e9matiques et leurs habitats ont \u00e9t\u00e9 sauv\u00e9s \u2014 un v\u00e9ritable hommage \u00e0 la nature mauricienne.\" \/>\n<meta name=\"robots\" content=\"index, follow, max-snippet:-1, max-image-preview:large, max-video-preview:-1\" \/>\n<link rel=\"canonical\" href=\"https:\/\/www.lerendezvous.mu\/en\/product\/the-dodos-legacy\/\" \/>\n<meta property=\"og:locale\" content=\"en_US\" \/>\n<meta property=\"og:type\" content=\"article\" \/>\n<meta property=\"og:title\" content=\"The Dodo&#039;s Legacy - Le Rendez-Vous\" \/>\n<meta property=\"og:description\" content=\"Cet ouvrage grand format raconte comment des esp\u00e8ces embl\u00e9matiques et leurs habitats ont \u00e9t\u00e9 sauv\u00e9s \u2014 un v\u00e9ritable hommage \u00e0 la nature mauricienne.\" \/>\n<meta property=\"og:url\" content=\"https:\/\/www.lerendezvous.mu\/en\/product\/the-dodos-legacy\/\" \/>\n<meta property=\"og:site_name\" content=\"Le Rendez-Vous\" \/>\n<meta property=\"article:publisher\" content=\"https:\/\/www.facebook.com\/lerendezvousmauritius\" \/>\n<meta property=\"article:modified_time\" content=\"2026-03-21T10:17:27+00:00\" \/>\n<meta property=\"og:image\" content=\"https:\/\/www.lerendezvous.mu\/wp-content\/uploads\/2025\/10\/themauritianwildlifefoundation-the-dodos-legacy-book-portrait-scaled.jpg\" \/>\n\t<meta property=\"og:image:width\" content=\"1707\" \/>\n\t<meta property=\"og:image:height\" content=\"2560\" \/>\n\t<meta property=\"og:image:type\" content=\"image\/jpeg\" \/>\n<meta name=\"twitter:card\" content=\"summary_large_image\" \/>\n<meta name=\"twitter:label1\" content=\"Est. reading time\" \/>\n\t<meta name=\"twitter:data1\" content=\"1 minute\" \/>\n<script type=\"application\/ld+json\" class=\"yoast-schema-graph\">{\"@context\":\"https:\\\/\\\/schema.org\",\"@graph\":[{\"@type\":\"WebPage\",\"@id\":\"https:\\\/\\\/www.lerendezvous.mu\\\/product\\\/the-dodos-legacy\\\/\",\"url\":\"https:\\\/\\\/www.lerendezvous.mu\\\/product\\\/the-dodos-legacy\\\/\",\"name\":\"The Dodo's Legacy - Le Rendez-Vous\",\"isPartOf\":{\"@id\":\"https:\\\/\\\/www.lerendezvous.mu\\\/#website\"},\"primaryImageOfPage\":{\"@id\":\"https:\\\/\\\/www.lerendezvous.mu\\\/product\\\/the-dodos-legacy\\\/#primaryimage\"},\"image\":{\"@id\":\"https:\\\/\\\/www.lerendezvous.mu\\\/product\\\/the-dodos-legacy\\\/#primaryimage\"},\"thumbnailUrl\":\"https:\\\/\\\/www.lerendezvous.mu\\\/wp-content\\\/uploads\\\/2025\\\/10\\\/themauritianwildlifefoundation-the-dodos-legacy-book-portrait-scaled.jpg\",\"datePublished\":\"2025-10-22T11:03:12+00:00\",\"dateModified\":\"2026-03-21T10:17:27+00:00\",\"description\":\"Cet ouvrage grand format raconte comment des esp\u00e8ces embl\u00e9matiques et leurs habitats ont \u00e9t\u00e9 sauv\u00e9s \u2014 un v\u00e9ritable hommage \u00e0 la nature mauricienne.\",\"breadcrumb\":{\"@id\":\"https:\\\/\\\/www.lerendezvous.mu\\\/product\\\/the-dodos-legacy\\\/#breadcrumb\"},\"inLanguage\":\"en-US\",\"potentialAction\":[{\"@type\":\"ReadAction\",\"target\":[\"https:\\\/\\\/www.lerendezvous.mu\\\/product\\\/the-dodos-legacy\\\/\"]}]},{\"@type\":\"ImageObject\",\"inLanguage\":\"en-US\",\"@id\":\"https:\\\/\\\/www.lerendezvous.mu\\\/product\\\/the-dodos-legacy\\\/#primaryimage\",\"url\":\"https:\\\/\\\/www.lerendezvous.mu\\\/wp-content\\\/uploads\\\/2025\\\/10\\\/themauritianwildlifefoundation-the-dodos-legacy-book-portrait-scaled.jpg\",\"contentUrl\":\"https:\\\/\\\/www.lerendezvous.mu\\\/wp-content\\\/uploads\\\/2025\\\/10\\\/themauritianwildlifefoundation-the-dodos-legacy-book-portrait-scaled.jpg\",\"width\":1707,\"height\":2560},{\"@type\":\"BreadcrumbList\",\"@id\":\"https:\\\/\\\/www.lerendezvous.mu\\\/product\\\/the-dodos-legacy\\\/#breadcrumb\",\"itemListElement\":[{\"@type\":\"ListItem\",\"position\":1,\"name\":\"Home\",\"item\":\"https:\\\/\\\/www.lerendezvous.mu\\\/\"},{\"@type\":\"ListItem\",\"position\":2,\"name\":\"Shop\",\"item\":\"https:\\\/\\\/www.lerendezvous.mu\\\/shop\\\/\"},{\"@type\":\"ListItem\",\"position\":3,\"name\":\"The Dodo&rsquo;s Legacy\"}]},{\"@type\":\"WebSite\",\"@id\":\"https:\\\/\\\/www.lerendezvous.mu\\\/#website\",\"url\":\"https:\\\/\\\/www.lerendezvous.mu\\\/\",\"name\":\"Le Rendez-Vous\",\"description\":\"100% moricien\",\"publisher\":{\"@id\":\"https:\\\/\\\/www.lerendezvous.mu\\\/#organization\"},\"potentialAction\":[{\"@type\":\"SearchAction\",\"target\":{\"@type\":\"EntryPoint\",\"urlTemplate\":\"https:\\\/\\\/www.lerendezvous.mu\\\/?s={search_term_string}\"},\"query-input\":{\"@type\":\"PropertyValueSpecification\",\"valueRequired\":true,\"valueName\":\"search_term_string\"}}],\"inLanguage\":\"en-US\"},{\"@type\":\"Organization\",\"@id\":\"https:\\\/\\\/www.lerendezvous.mu\\\/#organization\",\"name\":\"Le Rendez-Vous\",\"url\":\"https:\\\/\\\/www.lerendezvous.mu\\\/\",\"logo\":{\"@type\":\"ImageObject\",\"inLanguage\":\"en-US\",\"@id\":\"https:\\\/\\\/www.lerendezvous.mu\\\/#\\\/schema\\\/logo\\\/image\\\/\",\"url\":\"https:\\\/\\\/www.lerendezvous.mu\\\/wp-content\\\/uploads\\\/2025\\\/10\\\/lrdv-logo.png\",\"contentUrl\":\"https:\\\/\\\/www.lerendezvous.mu\\\/wp-content\\\/uploads\\\/2025\\\/10\\\/lrdv-logo.png\",\"width\":568,\"height\":232,\"caption\":\"Le Rendez-Vous\"},\"image\":{\"@id\":\"https:\\\/\\\/www.lerendezvous.mu\\\/#\\\/schema\\\/logo\\\/image\\\/\"},\"sameAs\":[\"https:\\\/\\\/www.facebook.com\\\/lerendezvousmauritius\",\"https:\\\/\\\/www.instagram.com\\\/lerendezvous_mauritius\"]}]}<\/script>\n<!-- \/ Yoast SEO plugin. -->","yoast_head_json":{"title":"The Dodo's Legacy - Le Rendez-Vous","description":"Cet ouvrage grand format raconte comment des esp\u00e8ces embl\u00e9matiques et leurs habitats ont \u00e9t\u00e9 sauv\u00e9s \u2014 un v\u00e9ritable hommage \u00e0 la nature mauricienne.","robots":{"index":"index","follow":"follow","max-snippet":"max-snippet:-1","max-image-preview":"max-image-preview:large","max-video-preview":"max-video-preview:-1"},"canonical":"https:\/\/www.lerendezvous.mu\/en\/product\/the-dodos-legacy\/","og_locale":"en_US","og_type":"article","og_title":"The Dodo's Legacy - Le Rendez-Vous","og_description":"Cet ouvrage grand format raconte comment des esp\u00e8ces embl\u00e9matiques et leurs habitats ont \u00e9t\u00e9 sauv\u00e9s \u2014 un v\u00e9ritable hommage \u00e0 la nature mauricienne.","og_url":"https:\/\/www.lerendezvous.mu\/en\/product\/the-dodos-legacy\/","og_site_name":"Le Rendez-Vous","article_publisher":"https:\/\/www.facebook.com\/lerendezvousmauritius","article_modified_time":"2026-03-21T10:17:27+00:00","og_image":[{"width":1707,"height":2560,"url":"https:\/\/www.lerendezvous.mu\/wp-content\/uploads\/2025\/10\/themauritianwildlifefoundation-the-dodos-legacy-book-portrait-scaled.jpg","type":"image\/jpeg"}],"twitter_card":"summary_large_image","twitter_misc":{"Est. reading time":"1 minute"},"schema":{"@context":"https:\/\/schema.org","@graph":[{"@type":"WebPage","@id":"https:\/\/www.lerendezvous.mu\/product\/the-dodos-legacy\/","url":"https:\/\/www.lerendezvous.mu\/product\/the-dodos-legacy\/","name":"The Dodo's Legacy - Le Rendez-Vous","isPartOf":{"@id":"https:\/\/www.lerendezvous.mu\/#website"},"primaryImageOfPage":{"@id":"https:\/\/www.lerendezvous.mu\/product\/the-dodos-legacy\/#primaryimage"},"image":{"@id":"https:\/\/www.lerendezvous.mu\/product\/the-dodos-legacy\/#primaryimage"},"thumbnailUrl":"https:\/\/www.lerendezvous.mu\/wp-content\/uploads\/2025\/10\/themauritianwildlifefoundation-the-dodos-legacy-book-portrait-scaled.jpg","datePublished":"2025-10-22T11:03:12+00:00","dateModified":"2026-03-21T10:17:27+00:00","description":"Cet ouvrage grand format raconte comment des esp\u00e8ces embl\u00e9matiques et leurs habitats ont \u00e9t\u00e9 sauv\u00e9s \u2014 un v\u00e9ritable hommage \u00e0 la nature mauricienne.","breadcrumb":{"@id":"https:\/\/www.lerendezvous.mu\/product\/the-dodos-legacy\/#breadcrumb"},"inLanguage":"en-US","potentialAction":[{"@type":"ReadAction","target":["https:\/\/www.lerendezvous.mu\/product\/the-dodos-legacy\/"]}]},{"@type":"ImageObject","inLanguage":"en-US","@id":"https:\/\/www.lerendezvous.mu\/product\/the-dodos-legacy\/#primaryimage","url":"https:\/\/www.lerendezvous.mu\/wp-content\/uploads\/2025\/10\/themauritianwildlifefoundation-the-dodos-legacy-book-portrait-scaled.jpg","contentUrl":"https:\/\/www.lerendezvous.mu\/wp-content\/uploads\/2025\/10\/themauritianwildlifefoundation-the-dodos-legacy-book-portrait-scaled.jpg","width":1707,"height":2560},{"@type":"BreadcrumbList","@id":"https:\/\/www.lerendezvous.mu\/product\/the-dodos-legacy\/#breadcrumb","itemListElement":[{"@type":"ListItem","position":1,"name":"Home","item":"https:\/\/www.lerendezvous.mu\/"},{"@type":"ListItem","position":2,"name":"Shop","item":"https:\/\/www.lerendezvous.mu\/shop\/"},{"@type":"ListItem","position":3,"name":"The Dodo&rsquo;s Legacy"}]},{"@type":"WebSite","@id":"https:\/\/www.lerendezvous.mu\/#website","url":"https:\/\/www.lerendezvous.mu\/","name":"Le Rendez-Vous","description":"100% moricien","publisher":{"@id":"https:\/\/www.lerendezvous.mu\/#organization"},"potentialAction":[{"@type":"SearchAction","target":{"@type":"EntryPoint","urlTemplate":"https:\/\/www.lerendezvous.mu\/?s={search_term_string}"},"query-input":{"@type":"PropertyValueSpecification","valueRequired":true,"valueName":"search_term_string"}}],"inLanguage":"en-US"},{"@type":"Organization","@id":"https:\/\/www.lerendezvous.mu\/#organization","name":"Le Rendez-Vous","url":"https:\/\/www.lerendezvous.mu\/","logo":{"@type":"ImageObject","inLanguage":"en-US","@id":"https:\/\/www.lerendezvous.mu\/#\/schema\/logo\/image\/","url":"https:\/\/www.lerendezvous.mu\/wp-content\/uploads\/2025\/10\/lrdv-logo.png","contentUrl":"https:\/\/www.lerendezvous.mu\/wp-content\/uploads\/2025\/10\/lrdv-logo.png","width":568,"height":232,"caption":"Le Rendez-Vous"},"image":{"@id":"https:\/\/www.lerendezvous.mu\/#\/schema\/logo\/image\/"},"sameAs":["https:\/\/www.facebook.com\/lerendezvousmauritius","https:\/\/www.instagram.com\/lerendezvous_mauritius"]}]}},"_links":{"self":[{"href":"https:\/\/www.lerendezvous.mu\/en\/wp-json\/wp\/v2\/product\/1690","targetHints":{"allow":["GET"]}}],"collection":[{"href":"https:\/\/www.lerendezvous.mu\/en\/wp-json\/wp\/v2\/product"}],"about":[{"href":"https:\/\/www.lerendezvous.mu\/en\/wp-json\/wp\/v2\/types\/product"}],"replies":[{"embeddable":true,"href":"https:\/\/www.lerendezvous.mu\/en\/wp-json\/wp\/v2\/comments?post=1690"}],"wp:featuredmedia":[{"embeddable":true,"href":"https:\/\/www.lerendezvous.mu\/en\/wp-json\/wp\/v2\/media\/1795"}],"wp:attachment":[{"href":"https:\/\/www.lerendezvous.mu\/en\/wp-json\/wp\/v2\/media?parent=1690"}],"wp:term":[{"taxonomy":"badge","embeddable":true,"href":"https:\/\/www.lerendezvous.mu\/en\/wp-json\/wp\/v2\/badge?post=1690"},{"taxonomy":"subtag","embeddable":true,"href":"https:\/\/www.lerendezvous.mu\/en\/wp-json\/wp\/v2\/subtag?post=1690"},{"taxonomy":"product_brand","embeddable":true,"href":"https:\/\/www.lerendezvous.mu\/en\/wp-json\/wp\/v2\/product_brand?post=1690"},{"taxonomy":"product_cat","embeddable":true,"href":"https:\/\/www.lerendezvous.mu\/en\/wp-json\/wp\/v2\/product_cat?post=1690"},{"taxonomy":"product_tag","embeddable":true,"href":"https:\/\/www.lerendezvous.mu\/en\/wp-json\/wp\/v2\/product_tag?post=1690"}],"curies":[{"name":"wp","href":"https:\/\/api.w.org\/{rel}","templated":true}]}}