{"id":1767,"date":"2025-10-22T16:05:47","date_gmt":"2025-10-22T12:05:47","guid":{"rendered":"http:\/\/www.lerendezvous.mu\/product\/vintage-sea-ts\/"},"modified":"2026-05-01T12:04:51","modified_gmt":"2026-05-01T08:04:51","slug":"t-shirt-vintage-sea","status":"publish","type":"product","link":"https:\/\/www.lerendezvous.mu\/en\/product\/t-shirt-vintage-sea\/","title":{"rendered":"Vintage Sea TS"},"content":{"rendered":"<p>Le t-shirt \u00ab Vintage Sea \u00bb s\u2019inspire de l\u2019univers r\u00e9tro-marin avec un style simple et d\u00e9contract\u00e9. Sa coupe et son col rond lui donnent une allure confortable et moderne \u00e0 la fois. L\u2019imprim\u00e9 brod\u00e9, aux tons jaune, rose et bleu, rappelle les couleurs d\u2019un coucher de soleil sur l\u2019oc\u00e9an. C\u2019est une pi\u00e8ce facile \u00e0 porter au quotidien, parfaite pour un look casual sans effort.<\/p>\n<p>Coupe Oversize | 100% coton<\/p>","protected":false},"excerpt":{"rendered":"<p>Le t-shirt \u00ab Vintage Sea \u00bb s\u2019inspire de l\u2019univers r\u00e9tro-marin avec un style simple et d\u00e9contract\u00e9. Sa coupe et son col rond lui donnent une allure confortable et moderne \u00e0 la fois. L\u2019imprim\u00e9 brod\u00e9, aux tons jaune, rose et bleu, rappelle les couleurs d\u2019un coucher de soleil sur l\u2019oc\u00e9an. C\u2019est une pi\u00e8ce facile \u00e0 porter [&hellip;]<\/p>\n","protected":false},"featured_media":1846,"comment_status":"open","ping_status":"closed","template":"","meta":{"_acf_changed":false},"badge":[],"subtag":[24,177,26],"product_brand":[],"product_cat":[126],"product_tag":[100],"class_list":{"0":"post-1767","1":"product","2":"type-product","3":"status-publish","4":"has-post-thumbnail","6":"subtag-femme","7":"subtag-flash-sales-20-off","8":"subtag-t-shirt","9":"product_cat-brabant","10":"product_tag-homme","12":"first","13":"instock","14":"taxable","15":"shipping-taxable","16":"purchasable","17":"product-type-variable"},"acf":[],"yoast_head":"<!-- This site is optimized with the Yoast SEO plugin v27.5 - https:\/\/yoast.com\/product\/yoast-seo-wordpress\/ -->\n<title>Vintage Sea TS - Le Rendez-Vous<\/title>\n<meta name=\"description\" content=\"Le t-shirt \u00ab 80\u2019s \u00bb rend hommage \u00e0 l\u2019esth\u00e9tique r\u00e9tro des ann\u00e9es 1980 : couleurs pop, imprim\u00e9s vintage, coupe classique.\" \/>\n<meta name=\"robots\" content=\"index, follow, max-snippet:-1, max-image-preview:large, max-video-preview:-1\" \/>\n<link rel=\"canonical\" href=\"https:\/\/www.lerendezvous.mu\/en\/product\/t-shirt-vintage-sea\/\" \/>\n<meta property=\"og:locale\" content=\"en_US\" \/>\n<meta property=\"og:type\" content=\"article\" \/>\n<meta property=\"og:title\" content=\"Vintage Sea TS - Le Rendez-Vous\" \/>\n<meta property=\"og:description\" content=\"Le t-shirt \u00ab 80\u2019s \u00bb rend hommage \u00e0 l\u2019esth\u00e9tique r\u00e9tro des ann\u00e9es 1980 : couleurs pop, imprim\u00e9s vintage, coupe classique.\" \/>\n<meta property=\"og:url\" content=\"https:\/\/www.lerendezvous.mu\/en\/product\/t-shirt-vintage-sea\/\" \/>\n<meta property=\"og:site_name\" content=\"Le Rendez-Vous\" \/>\n<meta property=\"article:publisher\" content=\"https:\/\/www.facebook.com\/lerendezvousmauritius\" \/>\n<meta property=\"article:modified_time\" content=\"2026-05-01T08:04:51+00:00\" \/>\n<meta property=\"og:image\" content=\"https:\/\/www.lerendezvous.mu\/wp-content\/uploads\/2025\/10\/brabant-vintage-sea-t-shirt-scaled.jpg\" \/>\n\t<meta property=\"og:image:width\" content=\"1707\" \/>\n\t<meta property=\"og:image:height\" content=\"2560\" \/>\n\t<meta property=\"og:image:type\" content=\"image\/jpeg\" \/>\n<meta name=\"twitter:card\" content=\"summary_large_image\" \/>\n<meta name=\"twitter:label1\" content=\"Est. reading time\" \/>\n\t<meta name=\"twitter:data1\" content=\"1 minute\" \/>\n<script type=\"application\/ld+json\" class=\"yoast-schema-graph\">{\"@context\":\"https:\\\/\\\/schema.org\",\"@graph\":[{\"@type\":\"WebPage\",\"@id\":\"https:\\\/\\\/www.lerendezvous.mu\\\/product\\\/t-shirt-vintage-sea\\\/\",\"url\":\"https:\\\/\\\/www.lerendezvous.mu\\\/product\\\/t-shirt-vintage-sea\\\/\",\"name\":\"Vintage Sea TS - Le Rendez-Vous\",\"isPartOf\":{\"@id\":\"https:\\\/\\\/www.lerendezvous.mu\\\/#website\"},\"primaryImageOfPage\":{\"@id\":\"https:\\\/\\\/www.lerendezvous.mu\\\/product\\\/t-shirt-vintage-sea\\\/#primaryimage\"},\"image\":{\"@id\":\"https:\\\/\\\/www.lerendezvous.mu\\\/product\\\/t-shirt-vintage-sea\\\/#primaryimage\"},\"thumbnailUrl\":\"https:\\\/\\\/www.lerendezvous.mu\\\/wp-content\\\/uploads\\\/2025\\\/10\\\/brabant-vintage-sea-t-shirt-scaled.jpg\",\"datePublished\":\"2025-10-22T12:05:47+00:00\",\"dateModified\":\"2026-05-01T08:04:51+00:00\",\"description\":\"Le t-shirt \u00ab 80\u2019s \u00bb rend hommage \u00e0 l\u2019esth\u00e9tique r\u00e9tro des ann\u00e9es 1980 : couleurs pop, imprim\u00e9s vintage, coupe classique.\",\"breadcrumb\":{\"@id\":\"https:\\\/\\\/www.lerendezvous.mu\\\/product\\\/t-shirt-vintage-sea\\\/#breadcrumb\"},\"inLanguage\":\"en-US\",\"potentialAction\":[{\"@type\":\"ReadAction\",\"target\":[\"https:\\\/\\\/www.lerendezvous.mu\\\/product\\\/t-shirt-vintage-sea\\\/\"]}]},{\"@type\":\"ImageObject\",\"inLanguage\":\"en-US\",\"@id\":\"https:\\\/\\\/www.lerendezvous.mu\\\/product\\\/t-shirt-vintage-sea\\\/#primaryimage\",\"url\":\"https:\\\/\\\/www.lerendezvous.mu\\\/wp-content\\\/uploads\\\/2025\\\/10\\\/brabant-vintage-sea-t-shirt-scaled.jpg\",\"contentUrl\":\"https:\\\/\\\/www.lerendezvous.mu\\\/wp-content\\\/uploads\\\/2025\\\/10\\\/brabant-vintage-sea-t-shirt-scaled.jpg\",\"width\":1707,\"height\":2560},{\"@type\":\"BreadcrumbList\",\"@id\":\"https:\\\/\\\/www.lerendezvous.mu\\\/product\\\/t-shirt-vintage-sea\\\/#breadcrumb\",\"itemListElement\":[{\"@type\":\"ListItem\",\"position\":1,\"name\":\"Home\",\"item\":\"https:\\\/\\\/www.lerendezvous.mu\\\/\"},{\"@type\":\"ListItem\",\"position\":2,\"name\":\"Shop\",\"item\":\"https:\\\/\\\/www.lerendezvous.mu\\\/shop\\\/\"},{\"@type\":\"ListItem\",\"position\":3,\"name\":\"Vintage Sea TS\"}]},{\"@type\":\"WebSite\",\"@id\":\"https:\\\/\\\/www.lerendezvous.mu\\\/#website\",\"url\":\"https:\\\/\\\/www.lerendezvous.mu\\\/\",\"name\":\"Le Rendez-Vous\",\"description\":\"100% moricien\",\"publisher\":{\"@id\":\"https:\\\/\\\/www.lerendezvous.mu\\\/#organization\"},\"potentialAction\":[{\"@type\":\"SearchAction\",\"target\":{\"@type\":\"EntryPoint\",\"urlTemplate\":\"https:\\\/\\\/www.lerendezvous.mu\\\/?s={search_term_string}\"},\"query-input\":{\"@type\":\"PropertyValueSpecification\",\"valueRequired\":true,\"valueName\":\"search_term_string\"}}],\"inLanguage\":\"en-US\"},{\"@type\":\"Organization\",\"@id\":\"https:\\\/\\\/www.lerendezvous.mu\\\/#organization\",\"name\":\"Le Rendez-Vous\",\"url\":\"https:\\\/\\\/www.lerendezvous.mu\\\/\",\"logo\":{\"@type\":\"ImageObject\",\"inLanguage\":\"en-US\",\"@id\":\"https:\\\/\\\/www.lerendezvous.mu\\\/#\\\/schema\\\/logo\\\/image\\\/\",\"url\":\"https:\\\/\\\/www.lerendezvous.mu\\\/wp-content\\\/uploads\\\/2025\\\/10\\\/lrdv-logo.png\",\"contentUrl\":\"https:\\\/\\\/www.lerendezvous.mu\\\/wp-content\\\/uploads\\\/2025\\\/10\\\/lrdv-logo.png\",\"width\":568,\"height\":232,\"caption\":\"Le Rendez-Vous\"},\"image\":{\"@id\":\"https:\\\/\\\/www.lerendezvous.mu\\\/#\\\/schema\\\/logo\\\/image\\\/\"},\"sameAs\":[\"https:\\\/\\\/www.facebook.com\\\/lerendezvousmauritius\",\"https:\\\/\\\/www.instagram.com\\\/lerendezvous_mauritius\"]}]}<\/script>\n<!-- \/ Yoast SEO plugin. -->","yoast_head_json":{"title":"Vintage Sea TS - Le Rendez-Vous","description":"Le t-shirt \u00ab 80\u2019s \u00bb rend hommage \u00e0 l\u2019esth\u00e9tique r\u00e9tro des ann\u00e9es 1980 : couleurs pop, imprim\u00e9s vintage, coupe classique.","robots":{"index":"index","follow":"follow","max-snippet":"max-snippet:-1","max-image-preview":"max-image-preview:large","max-video-preview":"max-video-preview:-1"},"canonical":"https:\/\/www.lerendezvous.mu\/en\/product\/t-shirt-vintage-sea\/","og_locale":"en_US","og_type":"article","og_title":"Vintage Sea TS - Le Rendez-Vous","og_description":"Le t-shirt \u00ab 80\u2019s \u00bb rend hommage \u00e0 l\u2019esth\u00e9tique r\u00e9tro des ann\u00e9es 1980 : couleurs pop, imprim\u00e9s vintage, coupe classique.","og_url":"https:\/\/www.lerendezvous.mu\/en\/product\/t-shirt-vintage-sea\/","og_site_name":"Le Rendez-Vous","article_publisher":"https:\/\/www.facebook.com\/lerendezvousmauritius","article_modified_time":"2026-05-01T08:04:51+00:00","og_image":[{"width":1707,"height":2560,"url":"https:\/\/www.lerendezvous.mu\/wp-content\/uploads\/2025\/10\/brabant-vintage-sea-t-shirt-scaled.jpg","type":"image\/jpeg"}],"twitter_card":"summary_large_image","twitter_misc":{"Est. reading time":"1 minute"},"schema":{"@context":"https:\/\/schema.org","@graph":[{"@type":"WebPage","@id":"https:\/\/www.lerendezvous.mu\/product\/t-shirt-vintage-sea\/","url":"https:\/\/www.lerendezvous.mu\/product\/t-shirt-vintage-sea\/","name":"Vintage Sea TS - Le Rendez-Vous","isPartOf":{"@id":"https:\/\/www.lerendezvous.mu\/#website"},"primaryImageOfPage":{"@id":"https:\/\/www.lerendezvous.mu\/product\/t-shirt-vintage-sea\/#primaryimage"},"image":{"@id":"https:\/\/www.lerendezvous.mu\/product\/t-shirt-vintage-sea\/#primaryimage"},"thumbnailUrl":"https:\/\/www.lerendezvous.mu\/wp-content\/uploads\/2025\/10\/brabant-vintage-sea-t-shirt-scaled.jpg","datePublished":"2025-10-22T12:05:47+00:00","dateModified":"2026-05-01T08:04:51+00:00","description":"Le t-shirt \u00ab 80\u2019s \u00bb rend hommage \u00e0 l\u2019esth\u00e9tique r\u00e9tro des ann\u00e9es 1980 : couleurs pop, imprim\u00e9s vintage, coupe classique.","breadcrumb":{"@id":"https:\/\/www.lerendezvous.mu\/product\/t-shirt-vintage-sea\/#breadcrumb"},"inLanguage":"en-US","potentialAction":[{"@type":"ReadAction","target":["https:\/\/www.lerendezvous.mu\/product\/t-shirt-vintage-sea\/"]}]},{"@type":"ImageObject","inLanguage":"en-US","@id":"https:\/\/www.lerendezvous.mu\/product\/t-shirt-vintage-sea\/#primaryimage","url":"https:\/\/www.lerendezvous.mu\/wp-content\/uploads\/2025\/10\/brabant-vintage-sea-t-shirt-scaled.jpg","contentUrl":"https:\/\/www.lerendezvous.mu\/wp-content\/uploads\/2025\/10\/brabant-vintage-sea-t-shirt-scaled.jpg","width":1707,"height":2560},{"@type":"BreadcrumbList","@id":"https:\/\/www.lerendezvous.mu\/product\/t-shirt-vintage-sea\/#breadcrumb","itemListElement":[{"@type":"ListItem","position":1,"name":"Home","item":"https:\/\/www.lerendezvous.mu\/"},{"@type":"ListItem","position":2,"name":"Shop","item":"https:\/\/www.lerendezvous.mu\/shop\/"},{"@type":"ListItem","position":3,"name":"Vintage Sea TS"}]},{"@type":"WebSite","@id":"https:\/\/www.lerendezvous.mu\/#website","url":"https:\/\/www.lerendezvous.mu\/","name":"Le Rendez-Vous","description":"100% moricien","publisher":{"@id":"https:\/\/www.lerendezvous.mu\/#organization"},"potentialAction":[{"@type":"SearchAction","target":{"@type":"EntryPoint","urlTemplate":"https:\/\/www.lerendezvous.mu\/?s={search_term_string}"},"query-input":{"@type":"PropertyValueSpecification","valueRequired":true,"valueName":"search_term_string"}}],"inLanguage":"en-US"},{"@type":"Organization","@id":"https:\/\/www.lerendezvous.mu\/#organization","name":"Le Rendez-Vous","url":"https:\/\/www.lerendezvous.mu\/","logo":{"@type":"ImageObject","inLanguage":"en-US","@id":"https:\/\/www.lerendezvous.mu\/#\/schema\/logo\/image\/","url":"https:\/\/www.lerendezvous.mu\/wp-content\/uploads\/2025\/10\/lrdv-logo.png","contentUrl":"https:\/\/www.lerendezvous.mu\/wp-content\/uploads\/2025\/10\/lrdv-logo.png","width":568,"height":232,"caption":"Le Rendez-Vous"},"image":{"@id":"https:\/\/www.lerendezvous.mu\/#\/schema\/logo\/image\/"},"sameAs":["https:\/\/www.facebook.com\/lerendezvousmauritius","https:\/\/www.instagram.com\/lerendezvous_mauritius"]}]}},"_links":{"self":[{"href":"https:\/\/www.lerendezvous.mu\/en\/wp-json\/wp\/v2\/product\/1767","targetHints":{"allow":["GET"]}}],"collection":[{"href":"https:\/\/www.lerendezvous.mu\/en\/wp-json\/wp\/v2\/product"}],"about":[{"href":"https:\/\/www.lerendezvous.mu\/en\/wp-json\/wp\/v2\/types\/product"}],"replies":[{"embeddable":true,"href":"https:\/\/www.lerendezvous.mu\/en\/wp-json\/wp\/v2\/comments?post=1767"}],"wp:featuredmedia":[{"embeddable":true,"href":"https:\/\/www.lerendezvous.mu\/en\/wp-json\/wp\/v2\/media\/1846"}],"wp:attachment":[{"href":"https:\/\/www.lerendezvous.mu\/en\/wp-json\/wp\/v2\/media?parent=1767"}],"wp:term":[{"taxonomy":"badge","embeddable":true,"href":"https:\/\/www.lerendezvous.mu\/en\/wp-json\/wp\/v2\/badge?post=1767"},{"taxonomy":"subtag","embeddable":true,"href":"https:\/\/www.lerendezvous.mu\/en\/wp-json\/wp\/v2\/subtag?post=1767"},{"taxonomy":"product_brand","embeddable":true,"href":"https:\/\/www.lerendezvous.mu\/en\/wp-json\/wp\/v2\/product_brand?post=1767"},{"taxonomy":"product_cat","embeddable":true,"href":"https:\/\/www.lerendezvous.mu\/en\/wp-json\/wp\/v2\/product_cat?post=1767"},{"taxonomy":"product_tag","embeddable":true,"href":"https:\/\/www.lerendezvous.mu\/en\/wp-json\/wp\/v2\/product_tag?post=1767"}],"curies":[{"name":"wp","href":"https:\/\/api.w.org\/{rel}","templated":true}]}}