{"id":2135,"date":"2025-10-29T10:50:58","date_gmt":"2025-10-29T06:50:58","guid":{"rendered":"http:\/\/www.lerendezvous.mu\/product\/shelly-bow\/"},"modified":"2026-04-21T11:09:41","modified_gmt":"2026-04-21T07:09:41","slug":"shelly-bow","status":"publish","type":"product","link":"https:\/\/www.lerendezvous.mu\/en\/product\/shelly-bow\/","title":{"rendered":"Shelly Bow"},"content":{"rendered":"<p class=\"p1\">\u272a <b>Ce produit est une pi\u00e8ce unique.<\/b><\/p>\n<p class=\"p1\">Les pi\u00e8ces uniques se distinguent par l&rsquo;ic\u00f4ne en forme d&rsquo;\u00e9toile pr\u00e9sente au coin sup\u00e9rieur droit de la photo.<\/p>\n<p class=\"p1\">Chaque d\u00e9tail, chaque finition et chaque particularit\u00e9 le rendent diff\u00e9rent de tout autre article. Il poss\u00e8de sa propre identit\u00e9 et chaque exemplaire est unique.<\/p>\n<p class=\"p1\">En raison de sa singularit\u00e9, nous vous invitons \u00e0 l&rsquo;ajouter \u00e0 votre liste de requ\u00eate. Notre \u00e9quipe se charge de v\u00e9rifier sa disponibilit\u00e9 et reviendra vers vous dans les plus brefs d\u00e9lais pour finaliser votre commande.<\/p>\n<p>Ajoutez une touche de fantaisie instantan\u00e9e \u00e0 votre coiffure\u202f: le Shelly\u202fBow. Que vos cheveux soient relev\u00e9s, l\u00e2ch\u00e9s ou en demi\u2011chignon, ce n\u0153ud apporte volume et structure sans effort, transformant une coiffure simple en un look affirm\u00e9 et chic.<\/p>","protected":false},"excerpt":{"rendered":"<p>\u272a Ce produit est une pi\u00e8ce unique. Les pi\u00e8ces uniques se distinguent par l&rsquo;ic\u00f4ne en forme d&rsquo;\u00e9toile pr\u00e9sente au coin sup\u00e9rieur droit de la photo. Chaque d\u00e9tail, chaque finition et chaque particularit\u00e9 le rendent diff\u00e9rent de tout autre article. Il poss\u00e8de sa propre identit\u00e9 et chaque exemplaire est unique. En raison de sa singularit\u00e9, nous [&hellip;]<\/p>\n","protected":false},"featured_media":3001,"comment_status":"open","ping_status":"closed","template":"","meta":{"_acf_changed":false},"badge":[],"subtag":[74,81,142],"product_brand":[],"product_cat":[138],"product_tag":[85],"class_list":{"0":"post-2135","1":"product","2":"type-product","3":"status-publish","4":"has-post-thumbnail","6":"subtag-accessoires","7":"subtag-accessoires-cheveux","8":"subtag-pieces-uniques","9":"product_cat-oopsie-daisy","10":"product_tag-accessoires","12":"first","13":"instock","14":"taxable","15":"shipping-taxable","16":"purchasable","17":"product-type-variable"},"acf":[],"yoast_head":"<!-- This site is optimized with the Yoast SEO plugin v27.5 - https:\/\/yoast.com\/product\/yoast-seo-wordpress\/ -->\n<title>Shelly Bow - Le Rendez-Vous<\/title>\n<meta name=\"description\" content=\"Le Shelly Bow est l&#039;accessoire pour cheveux dont vous avez besoin pour ajouter une touche de fantaisie instantan\u00e9e \u00e0 votre coiffure.\" \/>\n<meta name=\"robots\" content=\"index, follow, max-snippet:-1, max-image-preview:large, max-video-preview:-1\" \/>\n<link rel=\"canonical\" href=\"https:\/\/www.lerendezvous.mu\/en\/product\/shelly-bow\/\" \/>\n<meta property=\"og:locale\" content=\"en_US\" \/>\n<meta property=\"og:type\" content=\"article\" \/>\n<meta property=\"og:title\" content=\"Shelly Bow - Le Rendez-Vous\" \/>\n<meta property=\"og:description\" content=\"Le Shelly Bow est l&#039;accessoire pour cheveux dont vous avez besoin pour ajouter une touche de fantaisie instantan\u00e9e \u00e0 votre coiffure.\" \/>\n<meta property=\"og:url\" content=\"https:\/\/www.lerendezvous.mu\/en\/product\/shelly-bow\/\" \/>\n<meta property=\"og:site_name\" content=\"Le Rendez-Vous\" \/>\n<meta property=\"article:publisher\" content=\"https:\/\/www.facebook.com\/lerendezvousmauritius\" \/>\n<meta property=\"article:modified_time\" content=\"2026-04-21T07:09:41+00:00\" \/>\n<meta property=\"og:image\" content=\"https:\/\/www.lerendezvous.mu\/wp-content\/uploads\/2025\/10\/oopsiedaisy-shelly-bow-scaled.jpg\" \/>\n\t<meta property=\"og:image:width\" content=\"2369\" \/>\n\t<meta property=\"og:image:height\" content=\"2560\" \/>\n\t<meta property=\"og:image:type\" content=\"image\/jpeg\" \/>\n<meta name=\"twitter:card\" content=\"summary_large_image\" \/>\n<meta name=\"twitter:label1\" content=\"Est. reading time\" \/>\n\t<meta name=\"twitter:data1\" content=\"1 minute\" \/>\n<script type=\"application\/ld+json\" class=\"yoast-schema-graph\">{\"@context\":\"https:\\\/\\\/schema.org\",\"@graph\":[{\"@type\":\"WebPage\",\"@id\":\"https:\\\/\\\/www.lerendezvous.mu\\\/product\\\/shelly-bow\\\/\",\"url\":\"https:\\\/\\\/www.lerendezvous.mu\\\/product\\\/shelly-bow\\\/\",\"name\":\"Shelly Bow - Le Rendez-Vous\",\"isPartOf\":{\"@id\":\"https:\\\/\\\/www.lerendezvous.mu\\\/#website\"},\"primaryImageOfPage\":{\"@id\":\"https:\\\/\\\/www.lerendezvous.mu\\\/product\\\/shelly-bow\\\/#primaryimage\"},\"image\":{\"@id\":\"https:\\\/\\\/www.lerendezvous.mu\\\/product\\\/shelly-bow\\\/#primaryimage\"},\"thumbnailUrl\":\"https:\\\/\\\/www.lerendezvous.mu\\\/wp-content\\\/uploads\\\/2025\\\/10\\\/oopsiedaisy-shelly-bow-scaled.jpg\",\"datePublished\":\"2025-10-29T06:50:58+00:00\",\"dateModified\":\"2026-04-21T07:09:41+00:00\",\"description\":\"Le Shelly Bow est l'accessoire pour cheveux dont vous avez besoin pour ajouter une touche de fantaisie instantan\u00e9e \u00e0 votre coiffure.\",\"breadcrumb\":{\"@id\":\"https:\\\/\\\/www.lerendezvous.mu\\\/product\\\/shelly-bow\\\/#breadcrumb\"},\"inLanguage\":\"en-US\",\"potentialAction\":[{\"@type\":\"ReadAction\",\"target\":[\"https:\\\/\\\/www.lerendezvous.mu\\\/product\\\/shelly-bow\\\/\"]}]},{\"@type\":\"ImageObject\",\"inLanguage\":\"en-US\",\"@id\":\"https:\\\/\\\/www.lerendezvous.mu\\\/product\\\/shelly-bow\\\/#primaryimage\",\"url\":\"https:\\\/\\\/www.lerendezvous.mu\\\/wp-content\\\/uploads\\\/2025\\\/10\\\/oopsiedaisy-shelly-bow-scaled.jpg\",\"contentUrl\":\"https:\\\/\\\/www.lerendezvous.mu\\\/wp-content\\\/uploads\\\/2025\\\/10\\\/oopsiedaisy-shelly-bow-scaled.jpg\",\"width\":2369,\"height\":2560},{\"@type\":\"BreadcrumbList\",\"@id\":\"https:\\\/\\\/www.lerendezvous.mu\\\/product\\\/shelly-bow\\\/#breadcrumb\",\"itemListElement\":[{\"@type\":\"ListItem\",\"position\":1,\"name\":\"Home\",\"item\":\"https:\\\/\\\/www.lerendezvous.mu\\\/\"},{\"@type\":\"ListItem\",\"position\":2,\"name\":\"Shop\",\"item\":\"https:\\\/\\\/www.lerendezvous.mu\\\/shop\\\/\"},{\"@type\":\"ListItem\",\"position\":3,\"name\":\"Shelly Bow\"}]},{\"@type\":\"WebSite\",\"@id\":\"https:\\\/\\\/www.lerendezvous.mu\\\/#website\",\"url\":\"https:\\\/\\\/www.lerendezvous.mu\\\/\",\"name\":\"Le Rendez-Vous\",\"description\":\"100% moricien\",\"publisher\":{\"@id\":\"https:\\\/\\\/www.lerendezvous.mu\\\/#organization\"},\"potentialAction\":[{\"@type\":\"SearchAction\",\"target\":{\"@type\":\"EntryPoint\",\"urlTemplate\":\"https:\\\/\\\/www.lerendezvous.mu\\\/?s={search_term_string}\"},\"query-input\":{\"@type\":\"PropertyValueSpecification\",\"valueRequired\":true,\"valueName\":\"search_term_string\"}}],\"inLanguage\":\"en-US\"},{\"@type\":\"Organization\",\"@id\":\"https:\\\/\\\/www.lerendezvous.mu\\\/#organization\",\"name\":\"Le Rendez-Vous\",\"url\":\"https:\\\/\\\/www.lerendezvous.mu\\\/\",\"logo\":{\"@type\":\"ImageObject\",\"inLanguage\":\"en-US\",\"@id\":\"https:\\\/\\\/www.lerendezvous.mu\\\/#\\\/schema\\\/logo\\\/image\\\/\",\"url\":\"https:\\\/\\\/www.lerendezvous.mu\\\/wp-content\\\/uploads\\\/2025\\\/10\\\/lrdv-logo.png\",\"contentUrl\":\"https:\\\/\\\/www.lerendezvous.mu\\\/wp-content\\\/uploads\\\/2025\\\/10\\\/lrdv-logo.png\",\"width\":568,\"height\":232,\"caption\":\"Le Rendez-Vous\"},\"image\":{\"@id\":\"https:\\\/\\\/www.lerendezvous.mu\\\/#\\\/schema\\\/logo\\\/image\\\/\"},\"sameAs\":[\"https:\\\/\\\/www.facebook.com\\\/lerendezvousmauritius\",\"https:\\\/\\\/www.instagram.com\\\/lerendezvous_mauritius\"]}]}<\/script>\n<!-- \/ Yoast SEO plugin. -->","yoast_head_json":{"title":"Shelly Bow - Le Rendez-Vous","description":"Le Shelly Bow est l'accessoire pour cheveux dont vous avez besoin pour ajouter une touche de fantaisie instantan\u00e9e \u00e0 votre coiffure.","robots":{"index":"index","follow":"follow","max-snippet":"max-snippet:-1","max-image-preview":"max-image-preview:large","max-video-preview":"max-video-preview:-1"},"canonical":"https:\/\/www.lerendezvous.mu\/en\/product\/shelly-bow\/","og_locale":"en_US","og_type":"article","og_title":"Shelly Bow - Le Rendez-Vous","og_description":"Le Shelly Bow est l'accessoire pour cheveux dont vous avez besoin pour ajouter une touche de fantaisie instantan\u00e9e \u00e0 votre coiffure.","og_url":"https:\/\/www.lerendezvous.mu\/en\/product\/shelly-bow\/","og_site_name":"Le Rendez-Vous","article_publisher":"https:\/\/www.facebook.com\/lerendezvousmauritius","article_modified_time":"2026-04-21T07:09:41+00:00","og_image":[{"width":2369,"height":2560,"url":"https:\/\/www.lerendezvous.mu\/wp-content\/uploads\/2025\/10\/oopsiedaisy-shelly-bow-scaled.jpg","type":"image\/jpeg"}],"twitter_card":"summary_large_image","twitter_misc":{"Est. reading time":"1 minute"},"schema":{"@context":"https:\/\/schema.org","@graph":[{"@type":"WebPage","@id":"https:\/\/www.lerendezvous.mu\/product\/shelly-bow\/","url":"https:\/\/www.lerendezvous.mu\/product\/shelly-bow\/","name":"Shelly Bow - Le Rendez-Vous","isPartOf":{"@id":"https:\/\/www.lerendezvous.mu\/#website"},"primaryImageOfPage":{"@id":"https:\/\/www.lerendezvous.mu\/product\/shelly-bow\/#primaryimage"},"image":{"@id":"https:\/\/www.lerendezvous.mu\/product\/shelly-bow\/#primaryimage"},"thumbnailUrl":"https:\/\/www.lerendezvous.mu\/wp-content\/uploads\/2025\/10\/oopsiedaisy-shelly-bow-scaled.jpg","datePublished":"2025-10-29T06:50:58+00:00","dateModified":"2026-04-21T07:09:41+00:00","description":"Le Shelly Bow est l'accessoire pour cheveux dont vous avez besoin pour ajouter une touche de fantaisie instantan\u00e9e \u00e0 votre coiffure.","breadcrumb":{"@id":"https:\/\/www.lerendezvous.mu\/product\/shelly-bow\/#breadcrumb"},"inLanguage":"en-US","potentialAction":[{"@type":"ReadAction","target":["https:\/\/www.lerendezvous.mu\/product\/shelly-bow\/"]}]},{"@type":"ImageObject","inLanguage":"en-US","@id":"https:\/\/www.lerendezvous.mu\/product\/shelly-bow\/#primaryimage","url":"https:\/\/www.lerendezvous.mu\/wp-content\/uploads\/2025\/10\/oopsiedaisy-shelly-bow-scaled.jpg","contentUrl":"https:\/\/www.lerendezvous.mu\/wp-content\/uploads\/2025\/10\/oopsiedaisy-shelly-bow-scaled.jpg","width":2369,"height":2560},{"@type":"BreadcrumbList","@id":"https:\/\/www.lerendezvous.mu\/product\/shelly-bow\/#breadcrumb","itemListElement":[{"@type":"ListItem","position":1,"name":"Home","item":"https:\/\/www.lerendezvous.mu\/"},{"@type":"ListItem","position":2,"name":"Shop","item":"https:\/\/www.lerendezvous.mu\/shop\/"},{"@type":"ListItem","position":3,"name":"Shelly Bow"}]},{"@type":"WebSite","@id":"https:\/\/www.lerendezvous.mu\/#website","url":"https:\/\/www.lerendezvous.mu\/","name":"Le Rendez-Vous","description":"100% moricien","publisher":{"@id":"https:\/\/www.lerendezvous.mu\/#organization"},"potentialAction":[{"@type":"SearchAction","target":{"@type":"EntryPoint","urlTemplate":"https:\/\/www.lerendezvous.mu\/?s={search_term_string}"},"query-input":{"@type":"PropertyValueSpecification","valueRequired":true,"valueName":"search_term_string"}}],"inLanguage":"en-US"},{"@type":"Organization","@id":"https:\/\/www.lerendezvous.mu\/#organization","name":"Le Rendez-Vous","url":"https:\/\/www.lerendezvous.mu\/","logo":{"@type":"ImageObject","inLanguage":"en-US","@id":"https:\/\/www.lerendezvous.mu\/#\/schema\/logo\/image\/","url":"https:\/\/www.lerendezvous.mu\/wp-content\/uploads\/2025\/10\/lrdv-logo.png","contentUrl":"https:\/\/www.lerendezvous.mu\/wp-content\/uploads\/2025\/10\/lrdv-logo.png","width":568,"height":232,"caption":"Le Rendez-Vous"},"image":{"@id":"https:\/\/www.lerendezvous.mu\/#\/schema\/logo\/image\/"},"sameAs":["https:\/\/www.facebook.com\/lerendezvousmauritius","https:\/\/www.instagram.com\/lerendezvous_mauritius"]}]}},"_links":{"self":[{"href":"https:\/\/www.lerendezvous.mu\/en\/wp-json\/wp\/v2\/product\/2135","targetHints":{"allow":["GET"]}}],"collection":[{"href":"https:\/\/www.lerendezvous.mu\/en\/wp-json\/wp\/v2\/product"}],"about":[{"href":"https:\/\/www.lerendezvous.mu\/en\/wp-json\/wp\/v2\/types\/product"}],"replies":[{"embeddable":true,"href":"https:\/\/www.lerendezvous.mu\/en\/wp-json\/wp\/v2\/comments?post=2135"}],"wp:featuredmedia":[{"embeddable":true,"href":"https:\/\/www.lerendezvous.mu\/en\/wp-json\/wp\/v2\/media\/3001"}],"wp:attachment":[{"href":"https:\/\/www.lerendezvous.mu\/en\/wp-json\/wp\/v2\/media?parent=2135"}],"wp:term":[{"taxonomy":"badge","embeddable":true,"href":"https:\/\/www.lerendezvous.mu\/en\/wp-json\/wp\/v2\/badge?post=2135"},{"taxonomy":"subtag","embeddable":true,"href":"https:\/\/www.lerendezvous.mu\/en\/wp-json\/wp\/v2\/subtag?post=2135"},{"taxonomy":"product_brand","embeddable":true,"href":"https:\/\/www.lerendezvous.mu\/en\/wp-json\/wp\/v2\/product_brand?post=2135"},{"taxonomy":"product_cat","embeddable":true,"href":"https:\/\/www.lerendezvous.mu\/en\/wp-json\/wp\/v2\/product_cat?post=2135"},{"taxonomy":"product_tag","embeddable":true,"href":"https:\/\/www.lerendezvous.mu\/en\/wp-json\/wp\/v2\/product_tag?post=2135"}],"curies":[{"name":"wp","href":"https:\/\/api.w.org\/{rel}","templated":true}]}}