{"id":2227,"date":"2025-10-29T11:19:37","date_gmt":"2025-10-29T07:19:37","guid":{"rendered":"http:\/\/www.lerendezvous.mu\/product\/new-hillary\/"},"modified":"2026-05-01T14:08:38","modified_gmt":"2026-05-01T10:08:38","slug":"new-hillary","status":"publish","type":"product","link":"https:\/\/www.lerendezvous.mu\/en\/product\/new-hillary\/","title":{"rendered":"New Hillary"},"content":{"rendered":"<p>\u00c9l\u00e9gantes et contemporaines, les sandales Hillary sont con\u00e7ues pour accompagner vos tenues estivales avec confort et style. Dot\u00e9es d\u2019une semelle l\u00e9g\u00e8re et d\u2019une lani\u00e8re ajustable, elles offrent un maintien s\u00fbr tout en restant chic. Parfaites pour une promenade en bord de mer ou un d\u00e9jeuner en terrasse.<\/p>\n<p>Fabriqu\u00e9es \u00e0 partir de cuir composite<\/p>","protected":false},"excerpt":{"rendered":"<p>\u00c9l\u00e9gantes et contemporaines, les sandales Hillary sont con\u00e7ues pour accompagner vos tenues estivales avec confort et style. Dot\u00e9es d\u2019une semelle l\u00e9g\u00e8re et d\u2019une lani\u00e8re ajustable, elles offrent un maintien s\u00fbr tout en restant chic. Parfaites pour une promenade en bord de mer ou un d\u00e9jeuner en terrasse. Fabriqu\u00e9es \u00e0 partir de cuir composite<\/p>","protected":false},"featured_media":2284,"comment_status":"open","ping_status":"closed","template":"","meta":{"_acf_changed":false},"badge":[],"subtag":[24,36],"product_brand":[],"product_cat":[21],"product_tag":[148],"class_list":{"0":"post-2227","1":"product","2":"type-product","3":"status-publish","4":"has-post-thumbnail","6":"subtag-femme","7":"subtag-sandales","8":"product_cat-goyave","9":"product_tag-chaussures","11":"first","12":"instock","13":"taxable","14":"shipping-taxable","15":"purchasable","16":"product-type-variable"},"acf":[],"yoast_head":"<!-- This site is optimized with the Yoast SEO plugin v27.5 - https:\/\/yoast.com\/product\/yoast-seo-wordpress\/ -->\n<title>New Hillary - Le Rendez-Vous<\/title>\n<meta name=\"description\" content=\"\u00c9l\u00e9gantes et contemporaines, les sandales Hillary sont con\u00e7ues pour accompagner vos tenues estivales avec confort et style.\" \/>\n<meta name=\"robots\" content=\"index, follow, max-snippet:-1, max-image-preview:large, max-video-preview:-1\" \/>\n<link rel=\"canonical\" href=\"https:\/\/www.lerendezvous.mu\/en\/product\/new-hillary\/\" \/>\n<meta property=\"og:locale\" content=\"en_US\" \/>\n<meta property=\"og:type\" content=\"article\" \/>\n<meta property=\"og:title\" content=\"New Hillary - Le Rendez-Vous\" \/>\n<meta property=\"og:description\" content=\"\u00c9l\u00e9gantes et contemporaines, les sandales Hillary sont con\u00e7ues pour accompagner vos tenues estivales avec confort et style.\" \/>\n<meta property=\"og:url\" content=\"https:\/\/www.lerendezvous.mu\/en\/product\/new-hillary\/\" \/>\n<meta property=\"og:site_name\" content=\"Le Rendez-Vous\" \/>\n<meta property=\"article:publisher\" content=\"https:\/\/www.facebook.com\/lerendezvousmauritius\" \/>\n<meta property=\"article:modified_time\" content=\"2026-05-01T10:08:38+00:00\" \/>\n<meta property=\"og:image\" content=\"https:\/\/www.lerendezvous.mu\/wp-content\/uploads\/2025\/10\/goyave-new-hillary-noire-pose.jpg\" \/>\n\t<meta property=\"og:image:width\" content=\"800\" \/>\n\t<meta property=\"og:image:height\" content=\"1000\" \/>\n\t<meta property=\"og:image:type\" content=\"image\/jpeg\" \/>\n<meta name=\"twitter:card\" content=\"summary_large_image\" \/>\n<meta name=\"twitter:label1\" content=\"Est. reading time\" \/>\n\t<meta name=\"twitter:data1\" content=\"1 minute\" \/>\n<script type=\"application\/ld+json\" class=\"yoast-schema-graph\">{\"@context\":\"https:\\\/\\\/schema.org\",\"@graph\":[{\"@type\":\"WebPage\",\"@id\":\"https:\\\/\\\/www.lerendezvous.mu\\\/product\\\/new-hillary\\\/\",\"url\":\"https:\\\/\\\/www.lerendezvous.mu\\\/product\\\/new-hillary\\\/\",\"name\":\"New Hillary - Le Rendez-Vous\",\"isPartOf\":{\"@id\":\"https:\\\/\\\/www.lerendezvous.mu\\\/#website\"},\"primaryImageOfPage\":{\"@id\":\"https:\\\/\\\/www.lerendezvous.mu\\\/product\\\/new-hillary\\\/#primaryimage\"},\"image\":{\"@id\":\"https:\\\/\\\/www.lerendezvous.mu\\\/product\\\/new-hillary\\\/#primaryimage\"},\"thumbnailUrl\":\"https:\\\/\\\/www.lerendezvous.mu\\\/wp-content\\\/uploads\\\/2025\\\/10\\\/goyave-new-hillary-noire-pose.jpg\",\"datePublished\":\"2025-10-29T07:19:37+00:00\",\"dateModified\":\"2026-05-01T10:08:38+00:00\",\"description\":\"\u00c9l\u00e9gantes et contemporaines, les sandales Hillary sont con\u00e7ues pour accompagner vos tenues estivales avec confort et style.\",\"breadcrumb\":{\"@id\":\"https:\\\/\\\/www.lerendezvous.mu\\\/product\\\/new-hillary\\\/#breadcrumb\"},\"inLanguage\":\"en-US\",\"potentialAction\":[{\"@type\":\"ReadAction\",\"target\":[\"https:\\\/\\\/www.lerendezvous.mu\\\/product\\\/new-hillary\\\/\"]}]},{\"@type\":\"ImageObject\",\"inLanguage\":\"en-US\",\"@id\":\"https:\\\/\\\/www.lerendezvous.mu\\\/product\\\/new-hillary\\\/#primaryimage\",\"url\":\"https:\\\/\\\/www.lerendezvous.mu\\\/wp-content\\\/uploads\\\/2025\\\/10\\\/goyave-new-hillary-noire-pose.jpg\",\"contentUrl\":\"https:\\\/\\\/www.lerendezvous.mu\\\/wp-content\\\/uploads\\\/2025\\\/10\\\/goyave-new-hillary-noire-pose.jpg\",\"width\":800,\"height\":1000},{\"@type\":\"BreadcrumbList\",\"@id\":\"https:\\\/\\\/www.lerendezvous.mu\\\/product\\\/new-hillary\\\/#breadcrumb\",\"itemListElement\":[{\"@type\":\"ListItem\",\"position\":1,\"name\":\"Home\",\"item\":\"https:\\\/\\\/www.lerendezvous.mu\\\/\"},{\"@type\":\"ListItem\",\"position\":2,\"name\":\"Shop\",\"item\":\"https:\\\/\\\/www.lerendezvous.mu\\\/shop\\\/\"},{\"@type\":\"ListItem\",\"position\":3,\"name\":\"New Hillary\"}]},{\"@type\":\"WebSite\",\"@id\":\"https:\\\/\\\/www.lerendezvous.mu\\\/#website\",\"url\":\"https:\\\/\\\/www.lerendezvous.mu\\\/\",\"name\":\"Le Rendez-Vous\",\"description\":\"100% moricien\",\"publisher\":{\"@id\":\"https:\\\/\\\/www.lerendezvous.mu\\\/#organization\"},\"potentialAction\":[{\"@type\":\"SearchAction\",\"target\":{\"@type\":\"EntryPoint\",\"urlTemplate\":\"https:\\\/\\\/www.lerendezvous.mu\\\/?s={search_term_string}\"},\"query-input\":{\"@type\":\"PropertyValueSpecification\",\"valueRequired\":true,\"valueName\":\"search_term_string\"}}],\"inLanguage\":\"en-US\"},{\"@type\":\"Organization\",\"@id\":\"https:\\\/\\\/www.lerendezvous.mu\\\/#organization\",\"name\":\"Le Rendez-Vous\",\"url\":\"https:\\\/\\\/www.lerendezvous.mu\\\/\",\"logo\":{\"@type\":\"ImageObject\",\"inLanguage\":\"en-US\",\"@id\":\"https:\\\/\\\/www.lerendezvous.mu\\\/#\\\/schema\\\/logo\\\/image\\\/\",\"url\":\"https:\\\/\\\/www.lerendezvous.mu\\\/wp-content\\\/uploads\\\/2025\\\/10\\\/lrdv-logo.png\",\"contentUrl\":\"https:\\\/\\\/www.lerendezvous.mu\\\/wp-content\\\/uploads\\\/2025\\\/10\\\/lrdv-logo.png\",\"width\":568,\"height\":232,\"caption\":\"Le Rendez-Vous\"},\"image\":{\"@id\":\"https:\\\/\\\/www.lerendezvous.mu\\\/#\\\/schema\\\/logo\\\/image\\\/\"},\"sameAs\":[\"https:\\\/\\\/www.facebook.com\\\/lerendezvousmauritius\",\"https:\\\/\\\/www.instagram.com\\\/lerendezvous_mauritius\"]}]}<\/script>\n<!-- \/ Yoast SEO plugin. -->","yoast_head_json":{"title":"New Hillary - Le Rendez-Vous","description":"\u00c9l\u00e9gantes et contemporaines, les sandales Hillary sont con\u00e7ues pour accompagner vos tenues estivales avec confort et style.","robots":{"index":"index","follow":"follow","max-snippet":"max-snippet:-1","max-image-preview":"max-image-preview:large","max-video-preview":"max-video-preview:-1"},"canonical":"https:\/\/www.lerendezvous.mu\/en\/product\/new-hillary\/","og_locale":"en_US","og_type":"article","og_title":"New Hillary - Le Rendez-Vous","og_description":"\u00c9l\u00e9gantes et contemporaines, les sandales Hillary sont con\u00e7ues pour accompagner vos tenues estivales avec confort et style.","og_url":"https:\/\/www.lerendezvous.mu\/en\/product\/new-hillary\/","og_site_name":"Le Rendez-Vous","article_publisher":"https:\/\/www.facebook.com\/lerendezvousmauritius","article_modified_time":"2026-05-01T10:08:38+00:00","og_image":[{"width":800,"height":1000,"url":"https:\/\/www.lerendezvous.mu\/wp-content\/uploads\/2025\/10\/goyave-new-hillary-noire-pose.jpg","type":"image\/jpeg"}],"twitter_card":"summary_large_image","twitter_misc":{"Est. reading time":"1 minute"},"schema":{"@context":"https:\/\/schema.org","@graph":[{"@type":"WebPage","@id":"https:\/\/www.lerendezvous.mu\/product\/new-hillary\/","url":"https:\/\/www.lerendezvous.mu\/product\/new-hillary\/","name":"New Hillary - Le Rendez-Vous","isPartOf":{"@id":"https:\/\/www.lerendezvous.mu\/#website"},"primaryImageOfPage":{"@id":"https:\/\/www.lerendezvous.mu\/product\/new-hillary\/#primaryimage"},"image":{"@id":"https:\/\/www.lerendezvous.mu\/product\/new-hillary\/#primaryimage"},"thumbnailUrl":"https:\/\/www.lerendezvous.mu\/wp-content\/uploads\/2025\/10\/goyave-new-hillary-noire-pose.jpg","datePublished":"2025-10-29T07:19:37+00:00","dateModified":"2026-05-01T10:08:38+00:00","description":"\u00c9l\u00e9gantes et contemporaines, les sandales Hillary sont con\u00e7ues pour accompagner vos tenues estivales avec confort et style.","breadcrumb":{"@id":"https:\/\/www.lerendezvous.mu\/product\/new-hillary\/#breadcrumb"},"inLanguage":"en-US","potentialAction":[{"@type":"ReadAction","target":["https:\/\/www.lerendezvous.mu\/product\/new-hillary\/"]}]},{"@type":"ImageObject","inLanguage":"en-US","@id":"https:\/\/www.lerendezvous.mu\/product\/new-hillary\/#primaryimage","url":"https:\/\/www.lerendezvous.mu\/wp-content\/uploads\/2025\/10\/goyave-new-hillary-noire-pose.jpg","contentUrl":"https:\/\/www.lerendezvous.mu\/wp-content\/uploads\/2025\/10\/goyave-new-hillary-noire-pose.jpg","width":800,"height":1000},{"@type":"BreadcrumbList","@id":"https:\/\/www.lerendezvous.mu\/product\/new-hillary\/#breadcrumb","itemListElement":[{"@type":"ListItem","position":1,"name":"Home","item":"https:\/\/www.lerendezvous.mu\/"},{"@type":"ListItem","position":2,"name":"Shop","item":"https:\/\/www.lerendezvous.mu\/shop\/"},{"@type":"ListItem","position":3,"name":"New Hillary"}]},{"@type":"WebSite","@id":"https:\/\/www.lerendezvous.mu\/#website","url":"https:\/\/www.lerendezvous.mu\/","name":"Le Rendez-Vous","description":"100% moricien","publisher":{"@id":"https:\/\/www.lerendezvous.mu\/#organization"},"potentialAction":[{"@type":"SearchAction","target":{"@type":"EntryPoint","urlTemplate":"https:\/\/www.lerendezvous.mu\/?s={search_term_string}"},"query-input":{"@type":"PropertyValueSpecification","valueRequired":true,"valueName":"search_term_string"}}],"inLanguage":"en-US"},{"@type":"Organization","@id":"https:\/\/www.lerendezvous.mu\/#organization","name":"Le Rendez-Vous","url":"https:\/\/www.lerendezvous.mu\/","logo":{"@type":"ImageObject","inLanguage":"en-US","@id":"https:\/\/www.lerendezvous.mu\/#\/schema\/logo\/image\/","url":"https:\/\/www.lerendezvous.mu\/wp-content\/uploads\/2025\/10\/lrdv-logo.png","contentUrl":"https:\/\/www.lerendezvous.mu\/wp-content\/uploads\/2025\/10\/lrdv-logo.png","width":568,"height":232,"caption":"Le Rendez-Vous"},"image":{"@id":"https:\/\/www.lerendezvous.mu\/#\/schema\/logo\/image\/"},"sameAs":["https:\/\/www.facebook.com\/lerendezvousmauritius","https:\/\/www.instagram.com\/lerendezvous_mauritius"]}]}},"_links":{"self":[{"href":"https:\/\/www.lerendezvous.mu\/en\/wp-json\/wp\/v2\/product\/2227","targetHints":{"allow":["GET"]}}],"collection":[{"href":"https:\/\/www.lerendezvous.mu\/en\/wp-json\/wp\/v2\/product"}],"about":[{"href":"https:\/\/www.lerendezvous.mu\/en\/wp-json\/wp\/v2\/types\/product"}],"replies":[{"embeddable":true,"href":"https:\/\/www.lerendezvous.mu\/en\/wp-json\/wp\/v2\/comments?post=2227"}],"wp:featuredmedia":[{"embeddable":true,"href":"https:\/\/www.lerendezvous.mu\/en\/wp-json\/wp\/v2\/media\/2284"}],"wp:attachment":[{"href":"https:\/\/www.lerendezvous.mu\/en\/wp-json\/wp\/v2\/media?parent=2227"}],"wp:term":[{"taxonomy":"badge","embeddable":true,"href":"https:\/\/www.lerendezvous.mu\/en\/wp-json\/wp\/v2\/badge?post=2227"},{"taxonomy":"subtag","embeddable":true,"href":"https:\/\/www.lerendezvous.mu\/en\/wp-json\/wp\/v2\/subtag?post=2227"},{"taxonomy":"product_brand","embeddable":true,"href":"https:\/\/www.lerendezvous.mu\/en\/wp-json\/wp\/v2\/product_brand?post=2227"},{"taxonomy":"product_cat","embeddable":true,"href":"https:\/\/www.lerendezvous.mu\/en\/wp-json\/wp\/v2\/product_cat?post=2227"},{"taxonomy":"product_tag","embeddable":true,"href":"https:\/\/www.lerendezvous.mu\/en\/wp-json\/wp\/v2\/product_tag?post=2227"}],"curies":[{"name":"wp","href":"https:\/\/api.w.org\/{rel}","templated":true}]}}