{"id":2301,"date":"2025-10-30T09:16:58","date_gmt":"2025-10-30T05:16:58","guid":{"rendered":"http:\/\/www.lerendezvous.mu\/product\/m-good-morne-cap\/"},"modified":"2026-05-02T10:13:06","modified_gmt":"2026-05-02T06:13:06","slug":"casquette-good-morne","status":"publish","type":"product","link":"https:\/\/www.lerendezvous.mu\/en\/product\/casquette-good-morne\/","title":{"rendered":"M Good Morne Cap"},"content":{"rendered":"<p>Montrez votre attachement \u00e0 l\u2019\u00eele avec style gr\u00e2ce \u00e0 la casquette \u00ab\u202fGood\u202fMorne\u202fCap\u202f\u00bb. Son design \u00e9pur\u00e9 et unisexe affiche fi\u00e8rement l\u2019inscription \u00ab\u202fGood\u202fMorne\u202f\u00bb, symbole d\u2019un esprit d\u00e9tendu et insulaire.<\/p>\n<p>Taille unique avec fermeture ajustable<\/p>","protected":false},"excerpt":{"rendered":"<p>Montrez votre attachement \u00e0 l\u2019\u00eele avec style gr\u00e2ce \u00e0 la casquette \u00ab\u202fGood\u202fMorne\u202fCap\u202f\u00bb. Son design \u00e9pur\u00e9 et unisexe affiche fi\u00e8rement l\u2019inscription \u00ab\u202fGood\u202fMorne\u202f\u00bb, symbole d\u2019un esprit d\u00e9tendu et insulaire. Taille unique avec fermeture ajustable<\/p>","protected":false},"featured_media":2314,"comment_status":"open","ping_status":"closed","template":"","meta":{"_acf_changed":false},"badge":[],"subtag":[74,76,137],"product_brand":[],"product_cat":[84],"product_tag":[100],"class_list":{"0":"post-2301","1":"product","2":"type-product","3":"status-publish","4":"has-post-thumbnail","6":"subtag-accessoires","7":"subtag-chapeaux-casquettes","8":"subtag-essentiels-ete","9":"product_cat-the-kreol-republic","10":"product_tag-homme","12":"first","13":"instock","14":"taxable","15":"shipping-taxable","16":"purchasable","17":"product-type-simple"},"acf":[],"yoast_head":"<!-- This site is optimized with the Yoast SEO plugin v27.5 - https:\/\/yoast.com\/product\/yoast-seo-wordpress\/ -->\n<title>M Good Morne Cap - Le Rendez-Vous<\/title>\n<meta name=\"description\" content=\"La casquette Good\u202fMorne\u202f poss\u00e8de un design \u00e9pur\u00e9 et unisexe. Un accessoire qui est symbole d\u2019un esprit d\u00e9tendu et insulaire.\" \/>\n<meta name=\"robots\" content=\"index, follow, max-snippet:-1, max-image-preview:large, max-video-preview:-1\" \/>\n<link rel=\"canonical\" href=\"https:\/\/www.lerendezvous.mu\/en\/product\/casquette-good-morne\/\" \/>\n<meta property=\"og:locale\" content=\"en_US\" \/>\n<meta property=\"og:type\" content=\"article\" \/>\n<meta property=\"og:title\" content=\"M Good Morne Cap - Le Rendez-Vous\" \/>\n<meta property=\"og:description\" content=\"La casquette Good\u202fMorne\u202f poss\u00e8de un design \u00e9pur\u00e9 et unisexe. Un accessoire qui est symbole d\u2019un esprit d\u00e9tendu et insulaire.\" \/>\n<meta property=\"og:url\" content=\"https:\/\/www.lerendezvous.mu\/en\/product\/casquette-good-morne\/\" \/>\n<meta property=\"og:site_name\" content=\"Le Rendez-Vous\" \/>\n<meta property=\"article:publisher\" content=\"https:\/\/www.facebook.com\/lerendezvousmauritius\" \/>\n<meta property=\"article:modified_time\" content=\"2026-05-02T06:13:06+00:00\" \/>\n<meta property=\"og:image\" content=\"https:\/\/www.lerendezvous.mu\/wp-content\/uploads\/2025\/10\/kreolrepublic-good-morne-cap.png\" \/>\n\t<meta property=\"og:image:width\" content=\"2025\" \/>\n\t<meta property=\"og:image:height\" content=\"2531\" \/>\n\t<meta property=\"og:image:type\" content=\"image\/png\" \/>\n<meta name=\"twitter:card\" content=\"summary_large_image\" \/>\n<meta name=\"twitter:label1\" content=\"Est. reading time\" \/>\n\t<meta name=\"twitter:data1\" content=\"1 minute\" \/>\n<script type=\"application\/ld+json\" class=\"yoast-schema-graph\">{\"@context\":\"https:\\\/\\\/schema.org\",\"@graph\":[{\"@type\":\"WebPage\",\"@id\":\"https:\\\/\\\/www.lerendezvous.mu\\\/product\\\/casquette-good-morne\\\/\",\"url\":\"https:\\\/\\\/www.lerendezvous.mu\\\/product\\\/casquette-good-morne\\\/\",\"name\":\"M Good Morne Cap - Le Rendez-Vous\",\"isPartOf\":{\"@id\":\"https:\\\/\\\/www.lerendezvous.mu\\\/#website\"},\"primaryImageOfPage\":{\"@id\":\"https:\\\/\\\/www.lerendezvous.mu\\\/product\\\/casquette-good-morne\\\/#primaryimage\"},\"image\":{\"@id\":\"https:\\\/\\\/www.lerendezvous.mu\\\/product\\\/casquette-good-morne\\\/#primaryimage\"},\"thumbnailUrl\":\"https:\\\/\\\/www.lerendezvous.mu\\\/wp-content\\\/uploads\\\/2025\\\/10\\\/kreolrepublic-good-morne-cap.png\",\"datePublished\":\"2025-10-30T05:16:58+00:00\",\"dateModified\":\"2026-05-02T06:13:06+00:00\",\"description\":\"La casquette Good\u202fMorne\u202f poss\u00e8de un design \u00e9pur\u00e9 et unisexe. Un accessoire qui est symbole d\u2019un esprit d\u00e9tendu et insulaire.\",\"breadcrumb\":{\"@id\":\"https:\\\/\\\/www.lerendezvous.mu\\\/product\\\/casquette-good-morne\\\/#breadcrumb\"},\"inLanguage\":\"en-US\",\"potentialAction\":[{\"@type\":\"ReadAction\",\"target\":[\"https:\\\/\\\/www.lerendezvous.mu\\\/product\\\/casquette-good-morne\\\/\"]}]},{\"@type\":\"ImageObject\",\"inLanguage\":\"en-US\",\"@id\":\"https:\\\/\\\/www.lerendezvous.mu\\\/product\\\/casquette-good-morne\\\/#primaryimage\",\"url\":\"https:\\\/\\\/www.lerendezvous.mu\\\/wp-content\\\/uploads\\\/2025\\\/10\\\/kreolrepublic-good-morne-cap.png\",\"contentUrl\":\"https:\\\/\\\/www.lerendezvous.mu\\\/wp-content\\\/uploads\\\/2025\\\/10\\\/kreolrepublic-good-morne-cap.png\",\"width\":2025,\"height\":2531},{\"@type\":\"BreadcrumbList\",\"@id\":\"https:\\\/\\\/www.lerendezvous.mu\\\/product\\\/casquette-good-morne\\\/#breadcrumb\",\"itemListElement\":[{\"@type\":\"ListItem\",\"position\":1,\"name\":\"Home\",\"item\":\"https:\\\/\\\/www.lerendezvous.mu\\\/\"},{\"@type\":\"ListItem\",\"position\":2,\"name\":\"Shop\",\"item\":\"https:\\\/\\\/www.lerendezvous.mu\\\/shop\\\/\"},{\"@type\":\"ListItem\",\"position\":3,\"name\":\"M Good Morne Cap\"}]},{\"@type\":\"WebSite\",\"@id\":\"https:\\\/\\\/www.lerendezvous.mu\\\/#website\",\"url\":\"https:\\\/\\\/www.lerendezvous.mu\\\/\",\"name\":\"Le Rendez-Vous\",\"description\":\"100% moricien\",\"publisher\":{\"@id\":\"https:\\\/\\\/www.lerendezvous.mu\\\/#organization\"},\"potentialAction\":[{\"@type\":\"SearchAction\",\"target\":{\"@type\":\"EntryPoint\",\"urlTemplate\":\"https:\\\/\\\/www.lerendezvous.mu\\\/?s={search_term_string}\"},\"query-input\":{\"@type\":\"PropertyValueSpecification\",\"valueRequired\":true,\"valueName\":\"search_term_string\"}}],\"inLanguage\":\"en-US\"},{\"@type\":\"Organization\",\"@id\":\"https:\\\/\\\/www.lerendezvous.mu\\\/#organization\",\"name\":\"Le Rendez-Vous\",\"url\":\"https:\\\/\\\/www.lerendezvous.mu\\\/\",\"logo\":{\"@type\":\"ImageObject\",\"inLanguage\":\"en-US\",\"@id\":\"https:\\\/\\\/www.lerendezvous.mu\\\/#\\\/schema\\\/logo\\\/image\\\/\",\"url\":\"https:\\\/\\\/www.lerendezvous.mu\\\/wp-content\\\/uploads\\\/2025\\\/10\\\/lrdv-logo.png\",\"contentUrl\":\"https:\\\/\\\/www.lerendezvous.mu\\\/wp-content\\\/uploads\\\/2025\\\/10\\\/lrdv-logo.png\",\"width\":568,\"height\":232,\"caption\":\"Le Rendez-Vous\"},\"image\":{\"@id\":\"https:\\\/\\\/www.lerendezvous.mu\\\/#\\\/schema\\\/logo\\\/image\\\/\"},\"sameAs\":[\"https:\\\/\\\/www.facebook.com\\\/lerendezvousmauritius\",\"https:\\\/\\\/www.instagram.com\\\/lerendezvous_mauritius\"]}]}<\/script>\n<!-- \/ Yoast SEO plugin. -->","yoast_head_json":{"title":"M Good Morne Cap - Le Rendez-Vous","description":"La casquette Good\u202fMorne\u202f poss\u00e8de un design \u00e9pur\u00e9 et unisexe. Un accessoire qui est symbole d\u2019un esprit d\u00e9tendu et insulaire.","robots":{"index":"index","follow":"follow","max-snippet":"max-snippet:-1","max-image-preview":"max-image-preview:large","max-video-preview":"max-video-preview:-1"},"canonical":"https:\/\/www.lerendezvous.mu\/en\/product\/casquette-good-morne\/","og_locale":"en_US","og_type":"article","og_title":"M Good Morne Cap - Le Rendez-Vous","og_description":"La casquette Good\u202fMorne\u202f poss\u00e8de un design \u00e9pur\u00e9 et unisexe. Un accessoire qui est symbole d\u2019un esprit d\u00e9tendu et insulaire.","og_url":"https:\/\/www.lerendezvous.mu\/en\/product\/casquette-good-morne\/","og_site_name":"Le Rendez-Vous","article_publisher":"https:\/\/www.facebook.com\/lerendezvousmauritius","article_modified_time":"2026-05-02T06:13:06+00:00","og_image":[{"width":2025,"height":2531,"url":"https:\/\/www.lerendezvous.mu\/wp-content\/uploads\/2025\/10\/kreolrepublic-good-morne-cap.png","type":"image\/png"}],"twitter_card":"summary_large_image","twitter_misc":{"Est. reading time":"1 minute"},"schema":{"@context":"https:\/\/schema.org","@graph":[{"@type":"WebPage","@id":"https:\/\/www.lerendezvous.mu\/product\/casquette-good-morne\/","url":"https:\/\/www.lerendezvous.mu\/product\/casquette-good-morne\/","name":"M Good Morne Cap - Le Rendez-Vous","isPartOf":{"@id":"https:\/\/www.lerendezvous.mu\/#website"},"primaryImageOfPage":{"@id":"https:\/\/www.lerendezvous.mu\/product\/casquette-good-morne\/#primaryimage"},"image":{"@id":"https:\/\/www.lerendezvous.mu\/product\/casquette-good-morne\/#primaryimage"},"thumbnailUrl":"https:\/\/www.lerendezvous.mu\/wp-content\/uploads\/2025\/10\/kreolrepublic-good-morne-cap.png","datePublished":"2025-10-30T05:16:58+00:00","dateModified":"2026-05-02T06:13:06+00:00","description":"La casquette Good\u202fMorne\u202f poss\u00e8de un design \u00e9pur\u00e9 et unisexe. Un accessoire qui est symbole d\u2019un esprit d\u00e9tendu et insulaire.","breadcrumb":{"@id":"https:\/\/www.lerendezvous.mu\/product\/casquette-good-morne\/#breadcrumb"},"inLanguage":"en-US","potentialAction":[{"@type":"ReadAction","target":["https:\/\/www.lerendezvous.mu\/product\/casquette-good-morne\/"]}]},{"@type":"ImageObject","inLanguage":"en-US","@id":"https:\/\/www.lerendezvous.mu\/product\/casquette-good-morne\/#primaryimage","url":"https:\/\/www.lerendezvous.mu\/wp-content\/uploads\/2025\/10\/kreolrepublic-good-morne-cap.png","contentUrl":"https:\/\/www.lerendezvous.mu\/wp-content\/uploads\/2025\/10\/kreolrepublic-good-morne-cap.png","width":2025,"height":2531},{"@type":"BreadcrumbList","@id":"https:\/\/www.lerendezvous.mu\/product\/casquette-good-morne\/#breadcrumb","itemListElement":[{"@type":"ListItem","position":1,"name":"Home","item":"https:\/\/www.lerendezvous.mu\/"},{"@type":"ListItem","position":2,"name":"Shop","item":"https:\/\/www.lerendezvous.mu\/shop\/"},{"@type":"ListItem","position":3,"name":"M Good Morne Cap"}]},{"@type":"WebSite","@id":"https:\/\/www.lerendezvous.mu\/#website","url":"https:\/\/www.lerendezvous.mu\/","name":"Le Rendez-Vous","description":"100% moricien","publisher":{"@id":"https:\/\/www.lerendezvous.mu\/#organization"},"potentialAction":[{"@type":"SearchAction","target":{"@type":"EntryPoint","urlTemplate":"https:\/\/www.lerendezvous.mu\/?s={search_term_string}"},"query-input":{"@type":"PropertyValueSpecification","valueRequired":true,"valueName":"search_term_string"}}],"inLanguage":"en-US"},{"@type":"Organization","@id":"https:\/\/www.lerendezvous.mu\/#organization","name":"Le Rendez-Vous","url":"https:\/\/www.lerendezvous.mu\/","logo":{"@type":"ImageObject","inLanguage":"en-US","@id":"https:\/\/www.lerendezvous.mu\/#\/schema\/logo\/image\/","url":"https:\/\/www.lerendezvous.mu\/wp-content\/uploads\/2025\/10\/lrdv-logo.png","contentUrl":"https:\/\/www.lerendezvous.mu\/wp-content\/uploads\/2025\/10\/lrdv-logo.png","width":568,"height":232,"caption":"Le Rendez-Vous"},"image":{"@id":"https:\/\/www.lerendezvous.mu\/#\/schema\/logo\/image\/"},"sameAs":["https:\/\/www.facebook.com\/lerendezvousmauritius","https:\/\/www.instagram.com\/lerendezvous_mauritius"]}]}},"_links":{"self":[{"href":"https:\/\/www.lerendezvous.mu\/en\/wp-json\/wp\/v2\/product\/2301","targetHints":{"allow":["GET"]}}],"collection":[{"href":"https:\/\/www.lerendezvous.mu\/en\/wp-json\/wp\/v2\/product"}],"about":[{"href":"https:\/\/www.lerendezvous.mu\/en\/wp-json\/wp\/v2\/types\/product"}],"replies":[{"embeddable":true,"href":"https:\/\/www.lerendezvous.mu\/en\/wp-json\/wp\/v2\/comments?post=2301"}],"wp:featuredmedia":[{"embeddable":true,"href":"https:\/\/www.lerendezvous.mu\/en\/wp-json\/wp\/v2\/media\/2314"}],"wp:attachment":[{"href":"https:\/\/www.lerendezvous.mu\/en\/wp-json\/wp\/v2\/media?parent=2301"}],"wp:term":[{"taxonomy":"badge","embeddable":true,"href":"https:\/\/www.lerendezvous.mu\/en\/wp-json\/wp\/v2\/badge?post=2301"},{"taxonomy":"subtag","embeddable":true,"href":"https:\/\/www.lerendezvous.mu\/en\/wp-json\/wp\/v2\/subtag?post=2301"},{"taxonomy":"product_brand","embeddable":true,"href":"https:\/\/www.lerendezvous.mu\/en\/wp-json\/wp\/v2\/product_brand?post=2301"},{"taxonomy":"product_cat","embeddable":true,"href":"https:\/\/www.lerendezvous.mu\/en\/wp-json\/wp\/v2\/product_cat?post=2301"},{"taxonomy":"product_tag","embeddable":true,"href":"https:\/\/www.lerendezvous.mu\/en\/wp-json\/wp\/v2\/product_tag?post=2301"}],"curies":[{"name":"wp","href":"https:\/\/api.w.org\/{rel}","templated":true}]}}