{"id":2365,"date":"2025-11-04T12:52:35","date_gmt":"2025-11-04T08:52:35","guid":{"rendered":"http:\/\/www.lerendezvous.mu\/product\/a-dodo-rep-mb\/"},"modified":"2026-05-02T15:00:27","modified_gmt":"2026-05-02T11:00:27","slug":"a-dodo-rep-mb","status":"publish","type":"product","link":"https:\/\/www.lerendezvous.mu\/en\/product\/a-dodo-rep-mb\/","title":{"rendered":"A Dodo Rep MB"},"content":{"rendered":"<p>Le grand sac Dodo Republic de Kreol Republic est con\u00e7u \u00e0 Maurice et se caract\u00e9rise par ses dimensions g\u00e9n\u00e9reuses. Il est parfait pour la plage ou les longues escapades, alliant style d\u00e9contract\u00e9 et engagement local. Disponible en plusieurs couleurs pour tous les go\u00fbts.<\/p>","protected":false},"excerpt":{"rendered":"<p>Le grand sac Dodo Republic de Kreol Republic est con\u00e7u \u00e0 Maurice et se caract\u00e9rise par ses dimensions g\u00e9n\u00e9reuses. Il est parfait pour la plage ou les longues escapades, alliant style d\u00e9contract\u00e9 et engagement local. Disponible en plusieurs couleurs pour tous les go\u00fbts.<\/p>","protected":false},"featured_media":2400,"comment_status":"open","ping_status":"closed","template":"","meta":{"_acf_changed":false},"badge":[],"subtag":[74,77],"product_brand":[],"product_cat":[84],"product_tag":[85],"class_list":{"0":"post-2365","1":"product","2":"type-product","3":"status-publish","4":"has-post-thumbnail","6":"subtag-accessoires","7":"subtag-sacs-paniers","8":"product_cat-the-kreol-republic","9":"product_tag-accessoires","11":"first","12":"instock","13":"taxable","14":"shipping-taxable","15":"purchasable","16":"product-type-variable"},"acf":[],"yoast_head":"<!-- This site is optimized with the Yoast SEO plugin v27.5 - https:\/\/yoast.com\/product\/yoast-seo-wordpress\/ -->\n<title>A Dodo Rep MB - Le Rendez-Vous<\/title>\n<meta name=\"description\" content=\"Le maxi sac Dodo Republic de Kreol Republic est con\u00e7u \u00e0 Maurice et se caract\u00e9rise par ses dimensions g\u00e9n\u00e9reuses. Parfait pour la plage ou les escapades.\" \/>\n<meta name=\"robots\" content=\"index, follow, max-snippet:-1, max-image-preview:large, max-video-preview:-1\" \/>\n<link rel=\"canonical\" href=\"https:\/\/www.lerendezvous.mu\/en\/product\/a-dodo-rep-mb\/\" \/>\n<meta property=\"og:locale\" content=\"en_US\" \/>\n<meta property=\"og:type\" content=\"article\" \/>\n<meta property=\"og:title\" content=\"A Dodo Rep MB - Le Rendez-Vous\" \/>\n<meta property=\"og:description\" content=\"Le maxi sac Dodo Republic de Kreol Republic est con\u00e7u \u00e0 Maurice et se caract\u00e9rise par ses dimensions g\u00e9n\u00e9reuses. Parfait pour la plage ou les escapades.\" \/>\n<meta property=\"og:url\" content=\"https:\/\/www.lerendezvous.mu\/en\/product\/a-dodo-rep-mb\/\" \/>\n<meta property=\"og:site_name\" content=\"Le Rendez-Vous\" \/>\n<meta property=\"article:publisher\" content=\"https:\/\/www.facebook.com\/lerendezvousmauritius\" \/>\n<meta property=\"article:modified_time\" content=\"2026-05-02T11:00:27+00:00\" \/>\n<meta property=\"og:image\" content=\"https:\/\/www.lerendezvous.mu\/wp-content\/uploads\/2025\/11\/kreolrepublic-dodo-republic-navy-bag.png\" \/>\n\t<meta property=\"og:image:width\" content=\"2025\" \/>\n\t<meta property=\"og:image:height\" content=\"2531\" \/>\n\t<meta property=\"og:image:type\" content=\"image\/png\" \/>\n<meta name=\"twitter:card\" content=\"summary_large_image\" \/>\n<meta name=\"twitter:label1\" content=\"Est. reading time\" \/>\n\t<meta name=\"twitter:data1\" content=\"1 minute\" \/>\n<script type=\"application\/ld+json\" class=\"yoast-schema-graph\">{\"@context\":\"https:\\\/\\\/schema.org\",\"@graph\":[{\"@type\":\"WebPage\",\"@id\":\"https:\\\/\\\/www.lerendezvous.mu\\\/product\\\/a-dodo-rep-mb\\\/\",\"url\":\"https:\\\/\\\/www.lerendezvous.mu\\\/product\\\/a-dodo-rep-mb\\\/\",\"name\":\"A Dodo Rep MB - Le Rendez-Vous\",\"isPartOf\":{\"@id\":\"https:\\\/\\\/www.lerendezvous.mu\\\/#website\"},\"primaryImageOfPage\":{\"@id\":\"https:\\\/\\\/www.lerendezvous.mu\\\/product\\\/a-dodo-rep-mb\\\/#primaryimage\"},\"image\":{\"@id\":\"https:\\\/\\\/www.lerendezvous.mu\\\/product\\\/a-dodo-rep-mb\\\/#primaryimage\"},\"thumbnailUrl\":\"https:\\\/\\\/www.lerendezvous.mu\\\/wp-content\\\/uploads\\\/2025\\\/11\\\/kreolrepublic-dodo-republic-navy-bag.png\",\"datePublished\":\"2025-11-04T08:52:35+00:00\",\"dateModified\":\"2026-05-02T11:00:27+00:00\",\"description\":\"Le maxi sac Dodo Republic de Kreol Republic est con\u00e7u \u00e0 Maurice et se caract\u00e9rise par ses dimensions g\u00e9n\u00e9reuses. Parfait pour la plage ou les escapades.\",\"breadcrumb\":{\"@id\":\"https:\\\/\\\/www.lerendezvous.mu\\\/product\\\/a-dodo-rep-mb\\\/#breadcrumb\"},\"inLanguage\":\"en-US\",\"potentialAction\":[{\"@type\":\"ReadAction\",\"target\":[\"https:\\\/\\\/www.lerendezvous.mu\\\/product\\\/a-dodo-rep-mb\\\/\"]}]},{\"@type\":\"ImageObject\",\"inLanguage\":\"en-US\",\"@id\":\"https:\\\/\\\/www.lerendezvous.mu\\\/product\\\/a-dodo-rep-mb\\\/#primaryimage\",\"url\":\"https:\\\/\\\/www.lerendezvous.mu\\\/wp-content\\\/uploads\\\/2025\\\/11\\\/kreolrepublic-dodo-republic-navy-bag.png\",\"contentUrl\":\"https:\\\/\\\/www.lerendezvous.mu\\\/wp-content\\\/uploads\\\/2025\\\/11\\\/kreolrepublic-dodo-republic-navy-bag.png\",\"width\":2025,\"height\":2531},{\"@type\":\"BreadcrumbList\",\"@id\":\"https:\\\/\\\/www.lerendezvous.mu\\\/product\\\/a-dodo-rep-mb\\\/#breadcrumb\",\"itemListElement\":[{\"@type\":\"ListItem\",\"position\":1,\"name\":\"Home\",\"item\":\"https:\\\/\\\/www.lerendezvous.mu\\\/\"},{\"@type\":\"ListItem\",\"position\":2,\"name\":\"Shop\",\"item\":\"https:\\\/\\\/www.lerendezvous.mu\\\/shop\\\/\"},{\"@type\":\"ListItem\",\"position\":3,\"name\":\"A Dodo Rep MB\"}]},{\"@type\":\"WebSite\",\"@id\":\"https:\\\/\\\/www.lerendezvous.mu\\\/#website\",\"url\":\"https:\\\/\\\/www.lerendezvous.mu\\\/\",\"name\":\"Le Rendez-Vous\",\"description\":\"100% moricien\",\"publisher\":{\"@id\":\"https:\\\/\\\/www.lerendezvous.mu\\\/#organization\"},\"potentialAction\":[{\"@type\":\"SearchAction\",\"target\":{\"@type\":\"EntryPoint\",\"urlTemplate\":\"https:\\\/\\\/www.lerendezvous.mu\\\/?s={search_term_string}\"},\"query-input\":{\"@type\":\"PropertyValueSpecification\",\"valueRequired\":true,\"valueName\":\"search_term_string\"}}],\"inLanguage\":\"en-US\"},{\"@type\":\"Organization\",\"@id\":\"https:\\\/\\\/www.lerendezvous.mu\\\/#organization\",\"name\":\"Le Rendez-Vous\",\"url\":\"https:\\\/\\\/www.lerendezvous.mu\\\/\",\"logo\":{\"@type\":\"ImageObject\",\"inLanguage\":\"en-US\",\"@id\":\"https:\\\/\\\/www.lerendezvous.mu\\\/#\\\/schema\\\/logo\\\/image\\\/\",\"url\":\"https:\\\/\\\/www.lerendezvous.mu\\\/wp-content\\\/uploads\\\/2025\\\/10\\\/lrdv-logo.png\",\"contentUrl\":\"https:\\\/\\\/www.lerendezvous.mu\\\/wp-content\\\/uploads\\\/2025\\\/10\\\/lrdv-logo.png\",\"width\":568,\"height\":232,\"caption\":\"Le Rendez-Vous\"},\"image\":{\"@id\":\"https:\\\/\\\/www.lerendezvous.mu\\\/#\\\/schema\\\/logo\\\/image\\\/\"},\"sameAs\":[\"https:\\\/\\\/www.facebook.com\\\/lerendezvousmauritius\",\"https:\\\/\\\/www.instagram.com\\\/lerendezvous_mauritius\"]}]}<\/script>\n<!-- \/ Yoast SEO plugin. -->","yoast_head_json":{"title":"A Dodo Rep MB - Le Rendez-Vous","description":"Le maxi sac Dodo Republic de Kreol Republic est con\u00e7u \u00e0 Maurice et se caract\u00e9rise par ses dimensions g\u00e9n\u00e9reuses. Parfait pour la plage ou les escapades.","robots":{"index":"index","follow":"follow","max-snippet":"max-snippet:-1","max-image-preview":"max-image-preview:large","max-video-preview":"max-video-preview:-1"},"canonical":"https:\/\/www.lerendezvous.mu\/en\/product\/a-dodo-rep-mb\/","og_locale":"en_US","og_type":"article","og_title":"A Dodo Rep MB - Le Rendez-Vous","og_description":"Le maxi sac Dodo Republic de Kreol Republic est con\u00e7u \u00e0 Maurice et se caract\u00e9rise par ses dimensions g\u00e9n\u00e9reuses. Parfait pour la plage ou les escapades.","og_url":"https:\/\/www.lerendezvous.mu\/en\/product\/a-dodo-rep-mb\/","og_site_name":"Le Rendez-Vous","article_publisher":"https:\/\/www.facebook.com\/lerendezvousmauritius","article_modified_time":"2026-05-02T11:00:27+00:00","og_image":[{"width":2025,"height":2531,"url":"https:\/\/www.lerendezvous.mu\/wp-content\/uploads\/2025\/11\/kreolrepublic-dodo-republic-navy-bag.png","type":"image\/png"}],"twitter_card":"summary_large_image","twitter_misc":{"Est. reading time":"1 minute"},"schema":{"@context":"https:\/\/schema.org","@graph":[{"@type":"WebPage","@id":"https:\/\/www.lerendezvous.mu\/product\/a-dodo-rep-mb\/","url":"https:\/\/www.lerendezvous.mu\/product\/a-dodo-rep-mb\/","name":"A Dodo Rep MB - Le Rendez-Vous","isPartOf":{"@id":"https:\/\/www.lerendezvous.mu\/#website"},"primaryImageOfPage":{"@id":"https:\/\/www.lerendezvous.mu\/product\/a-dodo-rep-mb\/#primaryimage"},"image":{"@id":"https:\/\/www.lerendezvous.mu\/product\/a-dodo-rep-mb\/#primaryimage"},"thumbnailUrl":"https:\/\/www.lerendezvous.mu\/wp-content\/uploads\/2025\/11\/kreolrepublic-dodo-republic-navy-bag.png","datePublished":"2025-11-04T08:52:35+00:00","dateModified":"2026-05-02T11:00:27+00:00","description":"Le maxi sac Dodo Republic de Kreol Republic est con\u00e7u \u00e0 Maurice et se caract\u00e9rise par ses dimensions g\u00e9n\u00e9reuses. Parfait pour la plage ou les escapades.","breadcrumb":{"@id":"https:\/\/www.lerendezvous.mu\/product\/a-dodo-rep-mb\/#breadcrumb"},"inLanguage":"en-US","potentialAction":[{"@type":"ReadAction","target":["https:\/\/www.lerendezvous.mu\/product\/a-dodo-rep-mb\/"]}]},{"@type":"ImageObject","inLanguage":"en-US","@id":"https:\/\/www.lerendezvous.mu\/product\/a-dodo-rep-mb\/#primaryimage","url":"https:\/\/www.lerendezvous.mu\/wp-content\/uploads\/2025\/11\/kreolrepublic-dodo-republic-navy-bag.png","contentUrl":"https:\/\/www.lerendezvous.mu\/wp-content\/uploads\/2025\/11\/kreolrepublic-dodo-republic-navy-bag.png","width":2025,"height":2531},{"@type":"BreadcrumbList","@id":"https:\/\/www.lerendezvous.mu\/product\/a-dodo-rep-mb\/#breadcrumb","itemListElement":[{"@type":"ListItem","position":1,"name":"Home","item":"https:\/\/www.lerendezvous.mu\/"},{"@type":"ListItem","position":2,"name":"Shop","item":"https:\/\/www.lerendezvous.mu\/shop\/"},{"@type":"ListItem","position":3,"name":"A Dodo Rep MB"}]},{"@type":"WebSite","@id":"https:\/\/www.lerendezvous.mu\/#website","url":"https:\/\/www.lerendezvous.mu\/","name":"Le Rendez-Vous","description":"100% moricien","publisher":{"@id":"https:\/\/www.lerendezvous.mu\/#organization"},"potentialAction":[{"@type":"SearchAction","target":{"@type":"EntryPoint","urlTemplate":"https:\/\/www.lerendezvous.mu\/?s={search_term_string}"},"query-input":{"@type":"PropertyValueSpecification","valueRequired":true,"valueName":"search_term_string"}}],"inLanguage":"en-US"},{"@type":"Organization","@id":"https:\/\/www.lerendezvous.mu\/#organization","name":"Le Rendez-Vous","url":"https:\/\/www.lerendezvous.mu\/","logo":{"@type":"ImageObject","inLanguage":"en-US","@id":"https:\/\/www.lerendezvous.mu\/#\/schema\/logo\/image\/","url":"https:\/\/www.lerendezvous.mu\/wp-content\/uploads\/2025\/10\/lrdv-logo.png","contentUrl":"https:\/\/www.lerendezvous.mu\/wp-content\/uploads\/2025\/10\/lrdv-logo.png","width":568,"height":232,"caption":"Le Rendez-Vous"},"image":{"@id":"https:\/\/www.lerendezvous.mu\/#\/schema\/logo\/image\/"},"sameAs":["https:\/\/www.facebook.com\/lerendezvousmauritius","https:\/\/www.instagram.com\/lerendezvous_mauritius"]}]}},"_links":{"self":[{"href":"https:\/\/www.lerendezvous.mu\/en\/wp-json\/wp\/v2\/product\/2365","targetHints":{"allow":["GET"]}}],"collection":[{"href":"https:\/\/www.lerendezvous.mu\/en\/wp-json\/wp\/v2\/product"}],"about":[{"href":"https:\/\/www.lerendezvous.mu\/en\/wp-json\/wp\/v2\/types\/product"}],"replies":[{"embeddable":true,"href":"https:\/\/www.lerendezvous.mu\/en\/wp-json\/wp\/v2\/comments?post=2365"}],"wp:featuredmedia":[{"embeddable":true,"href":"https:\/\/www.lerendezvous.mu\/en\/wp-json\/wp\/v2\/media\/2400"}],"wp:attachment":[{"href":"https:\/\/www.lerendezvous.mu\/en\/wp-json\/wp\/v2\/media?parent=2365"}],"wp:term":[{"taxonomy":"badge","embeddable":true,"href":"https:\/\/www.lerendezvous.mu\/en\/wp-json\/wp\/v2\/badge?post=2365"},{"taxonomy":"subtag","embeddable":true,"href":"https:\/\/www.lerendezvous.mu\/en\/wp-json\/wp\/v2\/subtag?post=2365"},{"taxonomy":"product_brand","embeddable":true,"href":"https:\/\/www.lerendezvous.mu\/en\/wp-json\/wp\/v2\/product_brand?post=2365"},{"taxonomy":"product_cat","embeddable":true,"href":"https:\/\/www.lerendezvous.mu\/en\/wp-json\/wp\/v2\/product_cat?post=2365"},{"taxonomy":"product_tag","embeddable":true,"href":"https:\/\/www.lerendezvous.mu\/en\/wp-json\/wp\/v2\/product_tag?post=2365"}],"curies":[{"name":"wp","href":"https:\/\/api.w.org\/{rel}","templated":true}]}}