{"id":2372,"date":"2025-11-04T12:56:24","date_gmt":"2025-11-04T08:56:24","guid":{"rendered":"http:\/\/www.lerendezvous.mu\/product\/k-payanke-s-short\/"},"modified":"2026-04-22T11:56:51","modified_gmt":"2026-04-22T07:56:51","slug":"short-de-bain-enfant-payanke","status":"publish","type":"product","link":"https:\/\/www.lerendezvous.mu\/en\/product\/short-de-bain-enfant-payanke\/","title":{"rendered":"K Payanke S.Short"},"content":{"rendered":"<p>Ce short de bain pour enfant est parfait pour les journ\u00e9es ensoleill\u00e9es\u2009: l\u00e9ger, confortable et illustr\u00e9 d\u2019un imprim\u00e9 graphique inspir\u00e9 du \u00ab Payanke \u00bb. Il poss\u00e8de une taille \u00e9lastique avec cordon de serrage pour un ajustement facile. Con\u00e7u pour allier style et fonctionnalit\u00e9, il se porte aussi bien \u00e0 la plage qu\u2019\u00e0 la piscine.<\/p>\n<p>Convient aux enfants \u00e2g\u00e9s de 4 \u00e0 14 ans | 100 % polyester recycl\u00e9 | UPF 50+<\/p>","protected":false},"excerpt":{"rendered":"<p>Ce short de bain pour enfant est parfait pour les journ\u00e9es ensoleill\u00e9es\u2009: l\u00e9ger, confortable et illustr\u00e9 d\u2019un imprim\u00e9 graphique inspir\u00e9 du \u00ab Payanke \u00bb. Il poss\u00e8de une taille \u00e9lastique avec cordon de serrage pour un ajustement facile. Con\u00e7u pour allier style et fonctionnalit\u00e9, il se porte aussi bien \u00e0 la plage qu\u2019\u00e0 la piscine. Convient [&hellip;]<\/p>\n","protected":false},"featured_media":2404,"comment_status":"open","ping_status":"closed","template":"","meta":{"_acf_changed":false},"badge":[172],"subtag":[171,55,57],"product_brand":[],"product_cat":[84],"product_tag":[106],"class_list":{"0":"post-2372","1":"product","2":"type-product","3":"status-publish","4":"has-post-thumbnail","6":"badge-summer-republic","7":"subtag-decouvrez-le-coin-summer-republic","8":"subtag-enfants","9":"subtag-maillot-de-bain-enfants","10":"product_cat-the-kreol-republic","11":"product_tag-enfant","13":"first","14":"instock","15":"taxable","16":"shipping-taxable","17":"purchasable","18":"product-type-variable"},"acf":[],"yoast_head":"<!-- This site is optimized with the Yoast SEO plugin v27.5 - https:\/\/yoast.com\/product\/yoast-seo-wordpress\/ -->\n<title>K Payanke S.Short - Le Rendez-Vous<\/title>\n<meta name=\"description\" content=\"Ce short de bain pour enfant est parfait pour les journ\u00e9es ensoleill\u00e9es\u2009: l\u00e9ger, confortable et illustr\u00e9 d\u2019un imprim\u00e9 graphique inspir\u00e9 du \u00ab Payanke \u00bb.\" \/>\n<meta name=\"robots\" content=\"index, follow, max-snippet:-1, max-image-preview:large, max-video-preview:-1\" \/>\n<link rel=\"canonical\" href=\"https:\/\/www.lerendezvous.mu\/en\/product\/short-de-bain-enfant-payanke\/\" \/>\n<meta property=\"og:locale\" content=\"en_US\" \/>\n<meta property=\"og:type\" content=\"article\" \/>\n<meta property=\"og:title\" content=\"K Payanke S.Short - Le Rendez-Vous\" \/>\n<meta property=\"og:description\" content=\"Ce short de bain pour enfant est parfait pour les journ\u00e9es ensoleill\u00e9es\u2009: l\u00e9ger, confortable et illustr\u00e9 d\u2019un imprim\u00e9 graphique inspir\u00e9 du \u00ab Payanke \u00bb.\" \/>\n<meta property=\"og:url\" content=\"https:\/\/www.lerendezvous.mu\/en\/product\/short-de-bain-enfant-payanke\/\" \/>\n<meta property=\"og:site_name\" content=\"Le Rendez-Vous\" \/>\n<meta property=\"article:publisher\" content=\"https:\/\/www.facebook.com\/lerendezvousmauritius\" \/>\n<meta property=\"article:modified_time\" content=\"2026-04-22T07:56:51+00:00\" \/>\n<meta property=\"og:image\" content=\"https:\/\/www.lerendezvous.mu\/wp-content\/uploads\/2025\/11\/kreolrepublic-payanke-kids-swim-short.png\" \/>\n\t<meta property=\"og:image:width\" content=\"2025\" \/>\n\t<meta property=\"og:image:height\" content=\"2531\" \/>\n\t<meta property=\"og:image:type\" content=\"image\/png\" \/>\n<meta name=\"twitter:card\" content=\"summary_large_image\" \/>\n<meta name=\"twitter:label1\" content=\"Est. reading time\" \/>\n\t<meta name=\"twitter:data1\" content=\"1 minute\" \/>\n<script type=\"application\/ld+json\" class=\"yoast-schema-graph\">{\"@context\":\"https:\\\/\\\/schema.org\",\"@graph\":[{\"@type\":\"WebPage\",\"@id\":\"https:\\\/\\\/www.lerendezvous.mu\\\/product\\\/short-de-bain-enfant-payanke\\\/\",\"url\":\"https:\\\/\\\/www.lerendezvous.mu\\\/product\\\/short-de-bain-enfant-payanke\\\/\",\"name\":\"K Payanke S.Short - Le Rendez-Vous\",\"isPartOf\":{\"@id\":\"https:\\\/\\\/www.lerendezvous.mu\\\/#website\"},\"primaryImageOfPage\":{\"@id\":\"https:\\\/\\\/www.lerendezvous.mu\\\/product\\\/short-de-bain-enfant-payanke\\\/#primaryimage\"},\"image\":{\"@id\":\"https:\\\/\\\/www.lerendezvous.mu\\\/product\\\/short-de-bain-enfant-payanke\\\/#primaryimage\"},\"thumbnailUrl\":\"https:\\\/\\\/www.lerendezvous.mu\\\/wp-content\\\/uploads\\\/2025\\\/11\\\/kreolrepublic-payanke-kids-swim-short.png\",\"datePublished\":\"2025-11-04T08:56:24+00:00\",\"dateModified\":\"2026-04-22T07:56:51+00:00\",\"description\":\"Ce short de bain pour enfant est parfait pour les journ\u00e9es ensoleill\u00e9es\u2009: l\u00e9ger, confortable et illustr\u00e9 d\u2019un imprim\u00e9 graphique inspir\u00e9 du \u00ab Payanke \u00bb.\",\"breadcrumb\":{\"@id\":\"https:\\\/\\\/www.lerendezvous.mu\\\/product\\\/short-de-bain-enfant-payanke\\\/#breadcrumb\"},\"inLanguage\":\"en-US\",\"potentialAction\":[{\"@type\":\"ReadAction\",\"target\":[\"https:\\\/\\\/www.lerendezvous.mu\\\/product\\\/short-de-bain-enfant-payanke\\\/\"]}]},{\"@type\":\"ImageObject\",\"inLanguage\":\"en-US\",\"@id\":\"https:\\\/\\\/www.lerendezvous.mu\\\/product\\\/short-de-bain-enfant-payanke\\\/#primaryimage\",\"url\":\"https:\\\/\\\/www.lerendezvous.mu\\\/wp-content\\\/uploads\\\/2025\\\/11\\\/kreolrepublic-payanke-kids-swim-short.png\",\"contentUrl\":\"https:\\\/\\\/www.lerendezvous.mu\\\/wp-content\\\/uploads\\\/2025\\\/11\\\/kreolrepublic-payanke-kids-swim-short.png\",\"width\":2025,\"height\":2531},{\"@type\":\"BreadcrumbList\",\"@id\":\"https:\\\/\\\/www.lerendezvous.mu\\\/product\\\/short-de-bain-enfant-payanke\\\/#breadcrumb\",\"itemListElement\":[{\"@type\":\"ListItem\",\"position\":1,\"name\":\"Home\",\"item\":\"https:\\\/\\\/www.lerendezvous.mu\\\/\"},{\"@type\":\"ListItem\",\"position\":2,\"name\":\"Shop\",\"item\":\"https:\\\/\\\/www.lerendezvous.mu\\\/shop\\\/\"},{\"@type\":\"ListItem\",\"position\":3,\"name\":\"K Payanke S.Short\"}]},{\"@type\":\"WebSite\",\"@id\":\"https:\\\/\\\/www.lerendezvous.mu\\\/#website\",\"url\":\"https:\\\/\\\/www.lerendezvous.mu\\\/\",\"name\":\"Le Rendez-Vous\",\"description\":\"100% moricien\",\"publisher\":{\"@id\":\"https:\\\/\\\/www.lerendezvous.mu\\\/#organization\"},\"potentialAction\":[{\"@type\":\"SearchAction\",\"target\":{\"@type\":\"EntryPoint\",\"urlTemplate\":\"https:\\\/\\\/www.lerendezvous.mu\\\/?s={search_term_string}\"},\"query-input\":{\"@type\":\"PropertyValueSpecification\",\"valueRequired\":true,\"valueName\":\"search_term_string\"}}],\"inLanguage\":\"en-US\"},{\"@type\":\"Organization\",\"@id\":\"https:\\\/\\\/www.lerendezvous.mu\\\/#organization\",\"name\":\"Le Rendez-Vous\",\"url\":\"https:\\\/\\\/www.lerendezvous.mu\\\/\",\"logo\":{\"@type\":\"ImageObject\",\"inLanguage\":\"en-US\",\"@id\":\"https:\\\/\\\/www.lerendezvous.mu\\\/#\\\/schema\\\/logo\\\/image\\\/\",\"url\":\"https:\\\/\\\/www.lerendezvous.mu\\\/wp-content\\\/uploads\\\/2025\\\/10\\\/lrdv-logo.png\",\"contentUrl\":\"https:\\\/\\\/www.lerendezvous.mu\\\/wp-content\\\/uploads\\\/2025\\\/10\\\/lrdv-logo.png\",\"width\":568,\"height\":232,\"caption\":\"Le Rendez-Vous\"},\"image\":{\"@id\":\"https:\\\/\\\/www.lerendezvous.mu\\\/#\\\/schema\\\/logo\\\/image\\\/\"},\"sameAs\":[\"https:\\\/\\\/www.facebook.com\\\/lerendezvousmauritius\",\"https:\\\/\\\/www.instagram.com\\\/lerendezvous_mauritius\"]}]}<\/script>\n<!-- \/ Yoast SEO plugin. -->","yoast_head_json":{"title":"K Payanke S.Short - Le Rendez-Vous","description":"Ce short de bain pour enfant est parfait pour les journ\u00e9es ensoleill\u00e9es\u2009: l\u00e9ger, confortable et illustr\u00e9 d\u2019un imprim\u00e9 graphique inspir\u00e9 du \u00ab Payanke \u00bb.","robots":{"index":"index","follow":"follow","max-snippet":"max-snippet:-1","max-image-preview":"max-image-preview:large","max-video-preview":"max-video-preview:-1"},"canonical":"https:\/\/www.lerendezvous.mu\/en\/product\/short-de-bain-enfant-payanke\/","og_locale":"en_US","og_type":"article","og_title":"K Payanke S.Short - Le Rendez-Vous","og_description":"Ce short de bain pour enfant est parfait pour les journ\u00e9es ensoleill\u00e9es\u2009: l\u00e9ger, confortable et illustr\u00e9 d\u2019un imprim\u00e9 graphique inspir\u00e9 du \u00ab Payanke \u00bb.","og_url":"https:\/\/www.lerendezvous.mu\/en\/product\/short-de-bain-enfant-payanke\/","og_site_name":"Le Rendez-Vous","article_publisher":"https:\/\/www.facebook.com\/lerendezvousmauritius","article_modified_time":"2026-04-22T07:56:51+00:00","og_image":[{"width":2025,"height":2531,"url":"https:\/\/www.lerendezvous.mu\/wp-content\/uploads\/2025\/11\/kreolrepublic-payanke-kids-swim-short.png","type":"image\/png"}],"twitter_card":"summary_large_image","twitter_misc":{"Est. reading time":"1 minute"},"schema":{"@context":"https:\/\/schema.org","@graph":[{"@type":"WebPage","@id":"https:\/\/www.lerendezvous.mu\/product\/short-de-bain-enfant-payanke\/","url":"https:\/\/www.lerendezvous.mu\/product\/short-de-bain-enfant-payanke\/","name":"K Payanke S.Short - Le Rendez-Vous","isPartOf":{"@id":"https:\/\/www.lerendezvous.mu\/#website"},"primaryImageOfPage":{"@id":"https:\/\/www.lerendezvous.mu\/product\/short-de-bain-enfant-payanke\/#primaryimage"},"image":{"@id":"https:\/\/www.lerendezvous.mu\/product\/short-de-bain-enfant-payanke\/#primaryimage"},"thumbnailUrl":"https:\/\/www.lerendezvous.mu\/wp-content\/uploads\/2025\/11\/kreolrepublic-payanke-kids-swim-short.png","datePublished":"2025-11-04T08:56:24+00:00","dateModified":"2026-04-22T07:56:51+00:00","description":"Ce short de bain pour enfant est parfait pour les journ\u00e9es ensoleill\u00e9es\u2009: l\u00e9ger, confortable et illustr\u00e9 d\u2019un imprim\u00e9 graphique inspir\u00e9 du \u00ab Payanke \u00bb.","breadcrumb":{"@id":"https:\/\/www.lerendezvous.mu\/product\/short-de-bain-enfant-payanke\/#breadcrumb"},"inLanguage":"en-US","potentialAction":[{"@type":"ReadAction","target":["https:\/\/www.lerendezvous.mu\/product\/short-de-bain-enfant-payanke\/"]}]},{"@type":"ImageObject","inLanguage":"en-US","@id":"https:\/\/www.lerendezvous.mu\/product\/short-de-bain-enfant-payanke\/#primaryimage","url":"https:\/\/www.lerendezvous.mu\/wp-content\/uploads\/2025\/11\/kreolrepublic-payanke-kids-swim-short.png","contentUrl":"https:\/\/www.lerendezvous.mu\/wp-content\/uploads\/2025\/11\/kreolrepublic-payanke-kids-swim-short.png","width":2025,"height":2531},{"@type":"BreadcrumbList","@id":"https:\/\/www.lerendezvous.mu\/product\/short-de-bain-enfant-payanke\/#breadcrumb","itemListElement":[{"@type":"ListItem","position":1,"name":"Home","item":"https:\/\/www.lerendezvous.mu\/"},{"@type":"ListItem","position":2,"name":"Shop","item":"https:\/\/www.lerendezvous.mu\/shop\/"},{"@type":"ListItem","position":3,"name":"K Payanke S.Short"}]},{"@type":"WebSite","@id":"https:\/\/www.lerendezvous.mu\/#website","url":"https:\/\/www.lerendezvous.mu\/","name":"Le Rendez-Vous","description":"100% moricien","publisher":{"@id":"https:\/\/www.lerendezvous.mu\/#organization"},"potentialAction":[{"@type":"SearchAction","target":{"@type":"EntryPoint","urlTemplate":"https:\/\/www.lerendezvous.mu\/?s={search_term_string}"},"query-input":{"@type":"PropertyValueSpecification","valueRequired":true,"valueName":"search_term_string"}}],"inLanguage":"en-US"},{"@type":"Organization","@id":"https:\/\/www.lerendezvous.mu\/#organization","name":"Le Rendez-Vous","url":"https:\/\/www.lerendezvous.mu\/","logo":{"@type":"ImageObject","inLanguage":"en-US","@id":"https:\/\/www.lerendezvous.mu\/#\/schema\/logo\/image\/","url":"https:\/\/www.lerendezvous.mu\/wp-content\/uploads\/2025\/10\/lrdv-logo.png","contentUrl":"https:\/\/www.lerendezvous.mu\/wp-content\/uploads\/2025\/10\/lrdv-logo.png","width":568,"height":232,"caption":"Le Rendez-Vous"},"image":{"@id":"https:\/\/www.lerendezvous.mu\/#\/schema\/logo\/image\/"},"sameAs":["https:\/\/www.facebook.com\/lerendezvousmauritius","https:\/\/www.instagram.com\/lerendezvous_mauritius"]}]}},"_links":{"self":[{"href":"https:\/\/www.lerendezvous.mu\/en\/wp-json\/wp\/v2\/product\/2372","targetHints":{"allow":["GET"]}}],"collection":[{"href":"https:\/\/www.lerendezvous.mu\/en\/wp-json\/wp\/v2\/product"}],"about":[{"href":"https:\/\/www.lerendezvous.mu\/en\/wp-json\/wp\/v2\/types\/product"}],"replies":[{"embeddable":true,"href":"https:\/\/www.lerendezvous.mu\/en\/wp-json\/wp\/v2\/comments?post=2372"}],"wp:featuredmedia":[{"embeddable":true,"href":"https:\/\/www.lerendezvous.mu\/en\/wp-json\/wp\/v2\/media\/2404"}],"wp:attachment":[{"href":"https:\/\/www.lerendezvous.mu\/en\/wp-json\/wp\/v2\/media?parent=2372"}],"wp:term":[{"taxonomy":"badge","embeddable":true,"href":"https:\/\/www.lerendezvous.mu\/en\/wp-json\/wp\/v2\/badge?post=2372"},{"taxonomy":"subtag","embeddable":true,"href":"https:\/\/www.lerendezvous.mu\/en\/wp-json\/wp\/v2\/subtag?post=2372"},{"taxonomy":"product_brand","embeddable":true,"href":"https:\/\/www.lerendezvous.mu\/en\/wp-json\/wp\/v2\/product_brand?post=2372"},{"taxonomy":"product_cat","embeddable":true,"href":"https:\/\/www.lerendezvous.mu\/en\/wp-json\/wp\/v2\/product_cat?post=2372"},{"taxonomy":"product_tag","embeddable":true,"href":"https:\/\/www.lerendezvous.mu\/en\/wp-json\/wp\/v2\/product_tag?post=2372"}],"curies":[{"name":"wp","href":"https:\/\/api.w.org\/{rel}","templated":true}]}}