{"id":2379,"date":"2025-11-04T13:05:36","date_gmt":"2025-11-04T09:05:36","guid":{"rendered":"http:\/\/www.lerendezvous.mu\/product\/k-fluo-dodo-s-short\/"},"modified":"2026-04-24T12:02:01","modified_gmt":"2026-04-24T08:02:01","slug":"short-de-bain-enfant-fluo-dodo","status":"publish","type":"product","link":"https:\/\/www.lerendezvous.mu\/en\/product\/short-de-bain-enfant-fluo-dodo\/","title":{"rendered":"K Fluo Dodo S.Short"},"content":{"rendered":"<p>Le short de bain enfant \u00ab Fluo Dodo \u00bb est une pi\u00e8ce \u00e9clatante pens\u00e9e pour les journ\u00e9es ensoleill\u00e9es : sa teinte fluo attire le regard et garantit une excellente visibilit\u00e9 au bord de l\u2019eau. Il dispose d\u2019une ceinture \u00e9lastique avec cordon de serrage pour un maintien facile.<\/p>\n<p>Convient aux enfants \u00e2g\u00e9s de 4 \u00e0 14 ans | 100 % polyester recycl\u00e9 | UPF 50+<\/p>","protected":false},"excerpt":{"rendered":"<p>Le short de bain enfant \u00ab Fluo Dodo \u00bb est une pi\u00e8ce \u00e9clatante pens\u00e9e pour les journ\u00e9es ensoleill\u00e9es : sa teinte fluo attire le regard et garantit une excellente visibilit\u00e9 au bord de l\u2019eau. Il dispose d\u2019une ceinture \u00e9lastique avec cordon de serrage pour un maintien facile. Convient aux enfants \u00e2g\u00e9s de 4 \u00e0 14 [&hellip;]<\/p>\n","protected":false},"featured_media":2407,"comment_status":"open","ping_status":"closed","template":"","meta":{"_acf_changed":false},"badge":[],"subtag":[55,57,137],"product_brand":[],"product_cat":[84],"product_tag":[106],"class_list":{"0":"post-2379","1":"product","2":"type-product","3":"status-publish","4":"has-post-thumbnail","6":"subtag-enfants","7":"subtag-maillot-de-bain-enfants","8":"subtag-essentiels-ete","9":"product_cat-the-kreol-republic","10":"product_tag-enfant","12":"first","13":"instock","14":"taxable","15":"shipping-taxable","16":"purchasable","17":"product-type-variable"},"acf":[],"yoast_head":"<!-- This site is optimized with the Yoast SEO plugin v27.5 - https:\/\/yoast.com\/product\/yoast-seo-wordpress\/ -->\n<title>K Fluo Dodo S.Short - Le Rendez-Vous<\/title>\n<meta name=\"robots\" content=\"index, follow, max-snippet:-1, max-image-preview:large, max-video-preview:-1\" \/>\n<link rel=\"canonical\" href=\"https:\/\/www.lerendezvous.mu\/en\/product\/short-de-bain-enfant-fluo-dodo\/\" \/>\n<meta property=\"og:locale\" content=\"en_US\" \/>\n<meta property=\"og:type\" content=\"article\" \/>\n<meta property=\"og:title\" content=\"K Fluo Dodo S.Short - Le Rendez-Vous\" \/>\n<meta property=\"og:description\" content=\"Le short de bain enfant \u00ab Fluo Dodo \u00bb est une pi\u00e8ce \u00e9clatante pens\u00e9e pour les journ\u00e9es ensoleill\u00e9es : sa teinte fluo attire le regard et garantit une excellente visibilit\u00e9 au bord de l\u2019eau. Il dispose d\u2019une ceinture \u00e9lastique avec cordon de serrage pour un maintien facile. Convient aux enfants \u00e2g\u00e9s de 4 \u00e0 14 [&hellip;]\" \/>\n<meta property=\"og:url\" content=\"https:\/\/www.lerendezvous.mu\/en\/product\/short-de-bain-enfant-fluo-dodo\/\" \/>\n<meta property=\"og:site_name\" content=\"Le Rendez-Vous\" \/>\n<meta property=\"article:publisher\" content=\"https:\/\/www.facebook.com\/lerendezvousmauritius\" \/>\n<meta property=\"article:modified_time\" content=\"2026-04-24T08:02:01+00:00\" \/>\n<meta property=\"og:image\" content=\"https:\/\/www.lerendezvous.mu\/wp-content\/uploads\/2025\/11\/kreolrepublic-kids-fluo-dodo-swim-short.png\" \/>\n\t<meta property=\"og:image:width\" content=\"2025\" \/>\n\t<meta property=\"og:image:height\" content=\"2531\" \/>\n\t<meta property=\"og:image:type\" content=\"image\/png\" \/>\n<meta name=\"twitter:card\" content=\"summary_large_image\" \/>\n<meta name=\"twitter:label1\" content=\"Est. reading time\" \/>\n\t<meta name=\"twitter:data1\" content=\"1 minute\" \/>\n<script type=\"application\/ld+json\" class=\"yoast-schema-graph\">{\"@context\":\"https:\\\/\\\/schema.org\",\"@graph\":[{\"@type\":\"WebPage\",\"@id\":\"https:\\\/\\\/www.lerendezvous.mu\\\/product\\\/short-de-bain-enfant-fluo-dodo\\\/\",\"url\":\"https:\\\/\\\/www.lerendezvous.mu\\\/product\\\/short-de-bain-enfant-fluo-dodo\\\/\",\"name\":\"K Fluo Dodo S.Short - Le Rendez-Vous\",\"isPartOf\":{\"@id\":\"https:\\\/\\\/www.lerendezvous.mu\\\/#website\"},\"primaryImageOfPage\":{\"@id\":\"https:\\\/\\\/www.lerendezvous.mu\\\/product\\\/short-de-bain-enfant-fluo-dodo\\\/#primaryimage\"},\"image\":{\"@id\":\"https:\\\/\\\/www.lerendezvous.mu\\\/product\\\/short-de-bain-enfant-fluo-dodo\\\/#primaryimage\"},\"thumbnailUrl\":\"https:\\\/\\\/www.lerendezvous.mu\\\/wp-content\\\/uploads\\\/2025\\\/11\\\/kreolrepublic-kids-fluo-dodo-swim-short.png\",\"datePublished\":\"2025-11-04T09:05:36+00:00\",\"dateModified\":\"2026-04-24T08:02:01+00:00\",\"breadcrumb\":{\"@id\":\"https:\\\/\\\/www.lerendezvous.mu\\\/product\\\/short-de-bain-enfant-fluo-dodo\\\/#breadcrumb\"},\"inLanguage\":\"en-US\",\"potentialAction\":[{\"@type\":\"ReadAction\",\"target\":[\"https:\\\/\\\/www.lerendezvous.mu\\\/product\\\/short-de-bain-enfant-fluo-dodo\\\/\"]}]},{\"@type\":\"ImageObject\",\"inLanguage\":\"en-US\",\"@id\":\"https:\\\/\\\/www.lerendezvous.mu\\\/product\\\/short-de-bain-enfant-fluo-dodo\\\/#primaryimage\",\"url\":\"https:\\\/\\\/www.lerendezvous.mu\\\/wp-content\\\/uploads\\\/2025\\\/11\\\/kreolrepublic-kids-fluo-dodo-swim-short.png\",\"contentUrl\":\"https:\\\/\\\/www.lerendezvous.mu\\\/wp-content\\\/uploads\\\/2025\\\/11\\\/kreolrepublic-kids-fluo-dodo-swim-short.png\",\"width\":2025,\"height\":2531},{\"@type\":\"BreadcrumbList\",\"@id\":\"https:\\\/\\\/www.lerendezvous.mu\\\/product\\\/short-de-bain-enfant-fluo-dodo\\\/#breadcrumb\",\"itemListElement\":[{\"@type\":\"ListItem\",\"position\":1,\"name\":\"Home\",\"item\":\"https:\\\/\\\/www.lerendezvous.mu\\\/\"},{\"@type\":\"ListItem\",\"position\":2,\"name\":\"Shop\",\"item\":\"https:\\\/\\\/www.lerendezvous.mu\\\/shop\\\/\"},{\"@type\":\"ListItem\",\"position\":3,\"name\":\"K Fluo Dodo S.Short\"}]},{\"@type\":\"WebSite\",\"@id\":\"https:\\\/\\\/www.lerendezvous.mu\\\/#website\",\"url\":\"https:\\\/\\\/www.lerendezvous.mu\\\/\",\"name\":\"Le Rendez-Vous\",\"description\":\"100% moricien\",\"publisher\":{\"@id\":\"https:\\\/\\\/www.lerendezvous.mu\\\/#organization\"},\"potentialAction\":[{\"@type\":\"SearchAction\",\"target\":{\"@type\":\"EntryPoint\",\"urlTemplate\":\"https:\\\/\\\/www.lerendezvous.mu\\\/?s={search_term_string}\"},\"query-input\":{\"@type\":\"PropertyValueSpecification\",\"valueRequired\":true,\"valueName\":\"search_term_string\"}}],\"inLanguage\":\"en-US\"},{\"@type\":\"Organization\",\"@id\":\"https:\\\/\\\/www.lerendezvous.mu\\\/#organization\",\"name\":\"Le Rendez-Vous\",\"url\":\"https:\\\/\\\/www.lerendezvous.mu\\\/\",\"logo\":{\"@type\":\"ImageObject\",\"inLanguage\":\"en-US\",\"@id\":\"https:\\\/\\\/www.lerendezvous.mu\\\/#\\\/schema\\\/logo\\\/image\\\/\",\"url\":\"https:\\\/\\\/www.lerendezvous.mu\\\/wp-content\\\/uploads\\\/2025\\\/10\\\/lrdv-logo.png\",\"contentUrl\":\"https:\\\/\\\/www.lerendezvous.mu\\\/wp-content\\\/uploads\\\/2025\\\/10\\\/lrdv-logo.png\",\"width\":568,\"height\":232,\"caption\":\"Le Rendez-Vous\"},\"image\":{\"@id\":\"https:\\\/\\\/www.lerendezvous.mu\\\/#\\\/schema\\\/logo\\\/image\\\/\"},\"sameAs\":[\"https:\\\/\\\/www.facebook.com\\\/lerendezvousmauritius\",\"https:\\\/\\\/www.instagram.com\\\/lerendezvous_mauritius\"]}]}<\/script>\n<!-- \/ Yoast SEO plugin. -->","yoast_head_json":{"title":"K Fluo Dodo S.Short - Le Rendez-Vous","robots":{"index":"index","follow":"follow","max-snippet":"max-snippet:-1","max-image-preview":"max-image-preview:large","max-video-preview":"max-video-preview:-1"},"canonical":"https:\/\/www.lerendezvous.mu\/en\/product\/short-de-bain-enfant-fluo-dodo\/","og_locale":"en_US","og_type":"article","og_title":"K Fluo Dodo S.Short - Le Rendez-Vous","og_description":"Le short de bain enfant \u00ab Fluo Dodo \u00bb est une pi\u00e8ce \u00e9clatante pens\u00e9e pour les journ\u00e9es ensoleill\u00e9es : sa teinte fluo attire le regard et garantit une excellente visibilit\u00e9 au bord de l\u2019eau. Il dispose d\u2019une ceinture \u00e9lastique avec cordon de serrage pour un maintien facile. Convient aux enfants \u00e2g\u00e9s de 4 \u00e0 14 [&hellip;]","og_url":"https:\/\/www.lerendezvous.mu\/en\/product\/short-de-bain-enfant-fluo-dodo\/","og_site_name":"Le Rendez-Vous","article_publisher":"https:\/\/www.facebook.com\/lerendezvousmauritius","article_modified_time":"2026-04-24T08:02:01+00:00","og_image":[{"width":2025,"height":2531,"url":"https:\/\/www.lerendezvous.mu\/wp-content\/uploads\/2025\/11\/kreolrepublic-kids-fluo-dodo-swim-short.png","type":"image\/png"}],"twitter_card":"summary_large_image","twitter_misc":{"Est. reading time":"1 minute"},"schema":{"@context":"https:\/\/schema.org","@graph":[{"@type":"WebPage","@id":"https:\/\/www.lerendezvous.mu\/product\/short-de-bain-enfant-fluo-dodo\/","url":"https:\/\/www.lerendezvous.mu\/product\/short-de-bain-enfant-fluo-dodo\/","name":"K Fluo Dodo S.Short - Le Rendez-Vous","isPartOf":{"@id":"https:\/\/www.lerendezvous.mu\/#website"},"primaryImageOfPage":{"@id":"https:\/\/www.lerendezvous.mu\/product\/short-de-bain-enfant-fluo-dodo\/#primaryimage"},"image":{"@id":"https:\/\/www.lerendezvous.mu\/product\/short-de-bain-enfant-fluo-dodo\/#primaryimage"},"thumbnailUrl":"https:\/\/www.lerendezvous.mu\/wp-content\/uploads\/2025\/11\/kreolrepublic-kids-fluo-dodo-swim-short.png","datePublished":"2025-11-04T09:05:36+00:00","dateModified":"2026-04-24T08:02:01+00:00","breadcrumb":{"@id":"https:\/\/www.lerendezvous.mu\/product\/short-de-bain-enfant-fluo-dodo\/#breadcrumb"},"inLanguage":"en-US","potentialAction":[{"@type":"ReadAction","target":["https:\/\/www.lerendezvous.mu\/product\/short-de-bain-enfant-fluo-dodo\/"]}]},{"@type":"ImageObject","inLanguage":"en-US","@id":"https:\/\/www.lerendezvous.mu\/product\/short-de-bain-enfant-fluo-dodo\/#primaryimage","url":"https:\/\/www.lerendezvous.mu\/wp-content\/uploads\/2025\/11\/kreolrepublic-kids-fluo-dodo-swim-short.png","contentUrl":"https:\/\/www.lerendezvous.mu\/wp-content\/uploads\/2025\/11\/kreolrepublic-kids-fluo-dodo-swim-short.png","width":2025,"height":2531},{"@type":"BreadcrumbList","@id":"https:\/\/www.lerendezvous.mu\/product\/short-de-bain-enfant-fluo-dodo\/#breadcrumb","itemListElement":[{"@type":"ListItem","position":1,"name":"Home","item":"https:\/\/www.lerendezvous.mu\/"},{"@type":"ListItem","position":2,"name":"Shop","item":"https:\/\/www.lerendezvous.mu\/shop\/"},{"@type":"ListItem","position":3,"name":"K Fluo Dodo S.Short"}]},{"@type":"WebSite","@id":"https:\/\/www.lerendezvous.mu\/#website","url":"https:\/\/www.lerendezvous.mu\/","name":"Le Rendez-Vous","description":"100% moricien","publisher":{"@id":"https:\/\/www.lerendezvous.mu\/#organization"},"potentialAction":[{"@type":"SearchAction","target":{"@type":"EntryPoint","urlTemplate":"https:\/\/www.lerendezvous.mu\/?s={search_term_string}"},"query-input":{"@type":"PropertyValueSpecification","valueRequired":true,"valueName":"search_term_string"}}],"inLanguage":"en-US"},{"@type":"Organization","@id":"https:\/\/www.lerendezvous.mu\/#organization","name":"Le Rendez-Vous","url":"https:\/\/www.lerendezvous.mu\/","logo":{"@type":"ImageObject","inLanguage":"en-US","@id":"https:\/\/www.lerendezvous.mu\/#\/schema\/logo\/image\/","url":"https:\/\/www.lerendezvous.mu\/wp-content\/uploads\/2025\/10\/lrdv-logo.png","contentUrl":"https:\/\/www.lerendezvous.mu\/wp-content\/uploads\/2025\/10\/lrdv-logo.png","width":568,"height":232,"caption":"Le Rendez-Vous"},"image":{"@id":"https:\/\/www.lerendezvous.mu\/#\/schema\/logo\/image\/"},"sameAs":["https:\/\/www.facebook.com\/lerendezvousmauritius","https:\/\/www.instagram.com\/lerendezvous_mauritius"]}]}},"_links":{"self":[{"href":"https:\/\/www.lerendezvous.mu\/en\/wp-json\/wp\/v2\/product\/2379","targetHints":{"allow":["GET"]}}],"collection":[{"href":"https:\/\/www.lerendezvous.mu\/en\/wp-json\/wp\/v2\/product"}],"about":[{"href":"https:\/\/www.lerendezvous.mu\/en\/wp-json\/wp\/v2\/types\/product"}],"replies":[{"embeddable":true,"href":"https:\/\/www.lerendezvous.mu\/en\/wp-json\/wp\/v2\/comments?post=2379"}],"wp:featuredmedia":[{"embeddable":true,"href":"https:\/\/www.lerendezvous.mu\/en\/wp-json\/wp\/v2\/media\/2407"}],"wp:attachment":[{"href":"https:\/\/www.lerendezvous.mu\/en\/wp-json\/wp\/v2\/media?parent=2379"}],"wp:term":[{"taxonomy":"badge","embeddable":true,"href":"https:\/\/www.lerendezvous.mu\/en\/wp-json\/wp\/v2\/badge?post=2379"},{"taxonomy":"subtag","embeddable":true,"href":"https:\/\/www.lerendezvous.mu\/en\/wp-json\/wp\/v2\/subtag?post=2379"},{"taxonomy":"product_brand","embeddable":true,"href":"https:\/\/www.lerendezvous.mu\/en\/wp-json\/wp\/v2\/product_brand?post=2379"},{"taxonomy":"product_cat","embeddable":true,"href":"https:\/\/www.lerendezvous.mu\/en\/wp-json\/wp\/v2\/product_cat?post=2379"},{"taxonomy":"product_tag","embeddable":true,"href":"https:\/\/www.lerendezvous.mu\/en\/wp-json\/wp\/v2\/product_tag?post=2379"}],"curies":[{"name":"wp","href":"https:\/\/api.w.org\/{rel}","templated":true}]}}