{"id":2506,"date":"2025-11-06T15:16:20","date_gmt":"2025-11-06T11:16:20","guid":{"rendered":"http:\/\/www.lerendezvous.mu\/product\/flic-en-flac\/"},"modified":"2026-04-24T10:04:21","modified_gmt":"2026-04-24T06:04:21","slug":"sandales-flic-en-flac","status":"publish","type":"product","link":"https:\/\/www.lerendezvous.mu\/en\/product\/sandales-flic-en-flac\/","title":{"rendered":"Flic en Flac"},"content":{"rendered":"<p>Les sandales Flic en Flac se distinguent par leur \u00e9l\u00e9gance minimaliste et leur allure estivale. Elles arborent de fines brides crois\u00e9es qui \u00e9pousent d\u00e9licatement le pied, associant confort et raffinement. Leur semelle, soulign\u00e9e d\u2019une couture blanche contrastante, apporte une touche artisanale et durable. L\u00e9g\u00e8res et f\u00e9minines, ces sandales sont parfaites pour sublimer une tenue de plage ou un look d\u00e9contract\u00e9 chic sous le soleil.<\/p>\n<p>Fabriqu\u00e9es \u00e0 partir de cuir composite<\/p>","protected":false},"excerpt":{"rendered":"<p>Les sandales Flic en Flac se distinguent par leur \u00e9l\u00e9gance minimaliste et leur allure estivale. Elles arborent de fines brides crois\u00e9es qui \u00e9pousent d\u00e9licatement le pied, associant confort et raffinement. Leur semelle, soulign\u00e9e d\u2019une couture blanche contrastante, apporte une touche artisanale et durable. L\u00e9g\u00e8res et f\u00e9minines, ces sandales sont parfaites pour sublimer une tenue de [&hellip;]<\/p>\n","protected":false},"featured_media":2572,"comment_status":"open","ping_status":"closed","template":"","meta":{"_acf_changed":false},"badge":[],"subtag":[24,36],"product_brand":[],"product_cat":[21],"product_tag":[148],"class_list":{"0":"post-2506","1":"product","2":"type-product","3":"status-publish","4":"has-post-thumbnail","6":"subtag-femme","7":"subtag-sandales","8":"product_cat-goyave","9":"product_tag-chaussures","11":"first","12":"instock","13":"taxable","14":"shipping-taxable","15":"purchasable","16":"product-type-variable"},"acf":[],"yoast_head":"<!-- This site is optimized with the Yoast SEO plugin v27.5 - https:\/\/yoast.com\/product\/yoast-seo-wordpress\/ -->\n<title>Flic en Flac - Le Rendez-Vous<\/title>\n<meta name=\"description\" content=\"Les sandales Flic en Flac se distinguent par leur \u00e9l\u00e9gance et leur allure estivale. Elles arborent de fines brides crois\u00e9es qui \u00e9pousent le pied.\" \/>\n<meta name=\"robots\" content=\"index, follow, max-snippet:-1, max-image-preview:large, max-video-preview:-1\" \/>\n<link rel=\"canonical\" href=\"https:\/\/www.lerendezvous.mu\/en\/product\/sandales-flic-en-flac\/\" \/>\n<meta property=\"og:locale\" content=\"en_US\" \/>\n<meta property=\"og:type\" content=\"article\" \/>\n<meta property=\"og:title\" content=\"Flic en Flac - Le Rendez-Vous\" \/>\n<meta property=\"og:description\" content=\"Les sandales Flic en Flac se distinguent par leur \u00e9l\u00e9gance et leur allure estivale. Elles arborent de fines brides crois\u00e9es qui \u00e9pousent le pied.\" \/>\n<meta property=\"og:url\" content=\"https:\/\/www.lerendezvous.mu\/en\/product\/sandales-flic-en-flac\/\" \/>\n<meta property=\"og:site_name\" content=\"Le Rendez-Vous\" \/>\n<meta property=\"article:publisher\" content=\"https:\/\/www.facebook.com\/lerendezvousmauritius\" \/>\n<meta property=\"article:modified_time\" content=\"2026-04-24T06:04:21+00:00\" \/>\n<meta property=\"og:image\" content=\"https:\/\/www.lerendezvous.mu\/wp-content\/uploads\/2025\/11\/goyave-sandales-flicenflac-overview.jpg\" \/>\n\t<meta property=\"og:image:width\" content=\"800\" \/>\n\t<meta property=\"og:image:height\" content=\"1000\" \/>\n\t<meta property=\"og:image:type\" content=\"image\/jpeg\" \/>\n<meta name=\"twitter:card\" content=\"summary_large_image\" \/>\n<meta name=\"twitter:label1\" content=\"Est. reading time\" \/>\n\t<meta name=\"twitter:data1\" content=\"1 minute\" \/>\n<script type=\"application\/ld+json\" class=\"yoast-schema-graph\">{\"@context\":\"https:\\\/\\\/schema.org\",\"@graph\":[{\"@type\":\"WebPage\",\"@id\":\"https:\\\/\\\/www.lerendezvous.mu\\\/product\\\/sandales-flic-en-flac\\\/\",\"url\":\"https:\\\/\\\/www.lerendezvous.mu\\\/product\\\/sandales-flic-en-flac\\\/\",\"name\":\"Flic en Flac - Le Rendez-Vous\",\"isPartOf\":{\"@id\":\"https:\\\/\\\/www.lerendezvous.mu\\\/#website\"},\"primaryImageOfPage\":{\"@id\":\"https:\\\/\\\/www.lerendezvous.mu\\\/product\\\/sandales-flic-en-flac\\\/#primaryimage\"},\"image\":{\"@id\":\"https:\\\/\\\/www.lerendezvous.mu\\\/product\\\/sandales-flic-en-flac\\\/#primaryimage\"},\"thumbnailUrl\":\"https:\\\/\\\/www.lerendezvous.mu\\\/wp-content\\\/uploads\\\/2025\\\/11\\\/goyave-sandales-flicenflac-overview.jpg\",\"datePublished\":\"2025-11-06T11:16:20+00:00\",\"dateModified\":\"2026-04-24T06:04:21+00:00\",\"description\":\"Les sandales Flic en Flac se distinguent par leur \u00e9l\u00e9gance et leur allure estivale. Elles arborent de fines brides crois\u00e9es qui \u00e9pousent le pied.\",\"breadcrumb\":{\"@id\":\"https:\\\/\\\/www.lerendezvous.mu\\\/product\\\/sandales-flic-en-flac\\\/#breadcrumb\"},\"inLanguage\":\"en-US\",\"potentialAction\":[{\"@type\":\"ReadAction\",\"target\":[\"https:\\\/\\\/www.lerendezvous.mu\\\/product\\\/sandales-flic-en-flac\\\/\"]}]},{\"@type\":\"ImageObject\",\"inLanguage\":\"en-US\",\"@id\":\"https:\\\/\\\/www.lerendezvous.mu\\\/product\\\/sandales-flic-en-flac\\\/#primaryimage\",\"url\":\"https:\\\/\\\/www.lerendezvous.mu\\\/wp-content\\\/uploads\\\/2025\\\/11\\\/goyave-sandales-flicenflac-overview.jpg\",\"contentUrl\":\"https:\\\/\\\/www.lerendezvous.mu\\\/wp-content\\\/uploads\\\/2025\\\/11\\\/goyave-sandales-flicenflac-overview.jpg\",\"width\":800,\"height\":1000},{\"@type\":\"BreadcrumbList\",\"@id\":\"https:\\\/\\\/www.lerendezvous.mu\\\/product\\\/sandales-flic-en-flac\\\/#breadcrumb\",\"itemListElement\":[{\"@type\":\"ListItem\",\"position\":1,\"name\":\"Home\",\"item\":\"https:\\\/\\\/www.lerendezvous.mu\\\/\"},{\"@type\":\"ListItem\",\"position\":2,\"name\":\"Shop\",\"item\":\"https:\\\/\\\/www.lerendezvous.mu\\\/shop\\\/\"},{\"@type\":\"ListItem\",\"position\":3,\"name\":\"Flic en Flac\"}]},{\"@type\":\"WebSite\",\"@id\":\"https:\\\/\\\/www.lerendezvous.mu\\\/#website\",\"url\":\"https:\\\/\\\/www.lerendezvous.mu\\\/\",\"name\":\"Le Rendez-Vous\",\"description\":\"100% moricien\",\"publisher\":{\"@id\":\"https:\\\/\\\/www.lerendezvous.mu\\\/#organization\"},\"potentialAction\":[{\"@type\":\"SearchAction\",\"target\":{\"@type\":\"EntryPoint\",\"urlTemplate\":\"https:\\\/\\\/www.lerendezvous.mu\\\/?s={search_term_string}\"},\"query-input\":{\"@type\":\"PropertyValueSpecification\",\"valueRequired\":true,\"valueName\":\"search_term_string\"}}],\"inLanguage\":\"en-US\"},{\"@type\":\"Organization\",\"@id\":\"https:\\\/\\\/www.lerendezvous.mu\\\/#organization\",\"name\":\"Le Rendez-Vous\",\"url\":\"https:\\\/\\\/www.lerendezvous.mu\\\/\",\"logo\":{\"@type\":\"ImageObject\",\"inLanguage\":\"en-US\",\"@id\":\"https:\\\/\\\/www.lerendezvous.mu\\\/#\\\/schema\\\/logo\\\/image\\\/\",\"url\":\"https:\\\/\\\/www.lerendezvous.mu\\\/wp-content\\\/uploads\\\/2025\\\/10\\\/lrdv-logo.png\",\"contentUrl\":\"https:\\\/\\\/www.lerendezvous.mu\\\/wp-content\\\/uploads\\\/2025\\\/10\\\/lrdv-logo.png\",\"width\":568,\"height\":232,\"caption\":\"Le Rendez-Vous\"},\"image\":{\"@id\":\"https:\\\/\\\/www.lerendezvous.mu\\\/#\\\/schema\\\/logo\\\/image\\\/\"},\"sameAs\":[\"https:\\\/\\\/www.facebook.com\\\/lerendezvousmauritius\",\"https:\\\/\\\/www.instagram.com\\\/lerendezvous_mauritius\"]}]}<\/script>\n<!-- \/ Yoast SEO plugin. -->","yoast_head_json":{"title":"Flic en Flac - Le Rendez-Vous","description":"Les sandales Flic en Flac se distinguent par leur \u00e9l\u00e9gance et leur allure estivale. Elles arborent de fines brides crois\u00e9es qui \u00e9pousent le pied.","robots":{"index":"index","follow":"follow","max-snippet":"max-snippet:-1","max-image-preview":"max-image-preview:large","max-video-preview":"max-video-preview:-1"},"canonical":"https:\/\/www.lerendezvous.mu\/en\/product\/sandales-flic-en-flac\/","og_locale":"en_US","og_type":"article","og_title":"Flic en Flac - Le Rendez-Vous","og_description":"Les sandales Flic en Flac se distinguent par leur \u00e9l\u00e9gance et leur allure estivale. Elles arborent de fines brides crois\u00e9es qui \u00e9pousent le pied.","og_url":"https:\/\/www.lerendezvous.mu\/en\/product\/sandales-flic-en-flac\/","og_site_name":"Le Rendez-Vous","article_publisher":"https:\/\/www.facebook.com\/lerendezvousmauritius","article_modified_time":"2026-04-24T06:04:21+00:00","og_image":[{"width":800,"height":1000,"url":"https:\/\/www.lerendezvous.mu\/wp-content\/uploads\/2025\/11\/goyave-sandales-flicenflac-overview.jpg","type":"image\/jpeg"}],"twitter_card":"summary_large_image","twitter_misc":{"Est. reading time":"1 minute"},"schema":{"@context":"https:\/\/schema.org","@graph":[{"@type":"WebPage","@id":"https:\/\/www.lerendezvous.mu\/product\/sandales-flic-en-flac\/","url":"https:\/\/www.lerendezvous.mu\/product\/sandales-flic-en-flac\/","name":"Flic en Flac - Le Rendez-Vous","isPartOf":{"@id":"https:\/\/www.lerendezvous.mu\/#website"},"primaryImageOfPage":{"@id":"https:\/\/www.lerendezvous.mu\/product\/sandales-flic-en-flac\/#primaryimage"},"image":{"@id":"https:\/\/www.lerendezvous.mu\/product\/sandales-flic-en-flac\/#primaryimage"},"thumbnailUrl":"https:\/\/www.lerendezvous.mu\/wp-content\/uploads\/2025\/11\/goyave-sandales-flicenflac-overview.jpg","datePublished":"2025-11-06T11:16:20+00:00","dateModified":"2026-04-24T06:04:21+00:00","description":"Les sandales Flic en Flac se distinguent par leur \u00e9l\u00e9gance et leur allure estivale. Elles arborent de fines brides crois\u00e9es qui \u00e9pousent le pied.","breadcrumb":{"@id":"https:\/\/www.lerendezvous.mu\/product\/sandales-flic-en-flac\/#breadcrumb"},"inLanguage":"en-US","potentialAction":[{"@type":"ReadAction","target":["https:\/\/www.lerendezvous.mu\/product\/sandales-flic-en-flac\/"]}]},{"@type":"ImageObject","inLanguage":"en-US","@id":"https:\/\/www.lerendezvous.mu\/product\/sandales-flic-en-flac\/#primaryimage","url":"https:\/\/www.lerendezvous.mu\/wp-content\/uploads\/2025\/11\/goyave-sandales-flicenflac-overview.jpg","contentUrl":"https:\/\/www.lerendezvous.mu\/wp-content\/uploads\/2025\/11\/goyave-sandales-flicenflac-overview.jpg","width":800,"height":1000},{"@type":"BreadcrumbList","@id":"https:\/\/www.lerendezvous.mu\/product\/sandales-flic-en-flac\/#breadcrumb","itemListElement":[{"@type":"ListItem","position":1,"name":"Home","item":"https:\/\/www.lerendezvous.mu\/"},{"@type":"ListItem","position":2,"name":"Shop","item":"https:\/\/www.lerendezvous.mu\/shop\/"},{"@type":"ListItem","position":3,"name":"Flic en Flac"}]},{"@type":"WebSite","@id":"https:\/\/www.lerendezvous.mu\/#website","url":"https:\/\/www.lerendezvous.mu\/","name":"Le Rendez-Vous","description":"100% moricien","publisher":{"@id":"https:\/\/www.lerendezvous.mu\/#organization"},"potentialAction":[{"@type":"SearchAction","target":{"@type":"EntryPoint","urlTemplate":"https:\/\/www.lerendezvous.mu\/?s={search_term_string}"},"query-input":{"@type":"PropertyValueSpecification","valueRequired":true,"valueName":"search_term_string"}}],"inLanguage":"en-US"},{"@type":"Organization","@id":"https:\/\/www.lerendezvous.mu\/#organization","name":"Le Rendez-Vous","url":"https:\/\/www.lerendezvous.mu\/","logo":{"@type":"ImageObject","inLanguage":"en-US","@id":"https:\/\/www.lerendezvous.mu\/#\/schema\/logo\/image\/","url":"https:\/\/www.lerendezvous.mu\/wp-content\/uploads\/2025\/10\/lrdv-logo.png","contentUrl":"https:\/\/www.lerendezvous.mu\/wp-content\/uploads\/2025\/10\/lrdv-logo.png","width":568,"height":232,"caption":"Le Rendez-Vous"},"image":{"@id":"https:\/\/www.lerendezvous.mu\/#\/schema\/logo\/image\/"},"sameAs":["https:\/\/www.facebook.com\/lerendezvousmauritius","https:\/\/www.instagram.com\/lerendezvous_mauritius"]}]}},"_links":{"self":[{"href":"https:\/\/www.lerendezvous.mu\/en\/wp-json\/wp\/v2\/product\/2506","targetHints":{"allow":["GET"]}}],"collection":[{"href":"https:\/\/www.lerendezvous.mu\/en\/wp-json\/wp\/v2\/product"}],"about":[{"href":"https:\/\/www.lerendezvous.mu\/en\/wp-json\/wp\/v2\/types\/product"}],"replies":[{"embeddable":true,"href":"https:\/\/www.lerendezvous.mu\/en\/wp-json\/wp\/v2\/comments?post=2506"}],"wp:featuredmedia":[{"embeddable":true,"href":"https:\/\/www.lerendezvous.mu\/en\/wp-json\/wp\/v2\/media\/2572"}],"wp:attachment":[{"href":"https:\/\/www.lerendezvous.mu\/en\/wp-json\/wp\/v2\/media?parent=2506"}],"wp:term":[{"taxonomy":"badge","embeddable":true,"href":"https:\/\/www.lerendezvous.mu\/en\/wp-json\/wp\/v2\/badge?post=2506"},{"taxonomy":"subtag","embeddable":true,"href":"https:\/\/www.lerendezvous.mu\/en\/wp-json\/wp\/v2\/subtag?post=2506"},{"taxonomy":"product_brand","embeddable":true,"href":"https:\/\/www.lerendezvous.mu\/en\/wp-json\/wp\/v2\/product_brand?post=2506"},{"taxonomy":"product_cat","embeddable":true,"href":"https:\/\/www.lerendezvous.mu\/en\/wp-json\/wp\/v2\/product_cat?post=2506"},{"taxonomy":"product_tag","embeddable":true,"href":"https:\/\/www.lerendezvous.mu\/en\/wp-json\/wp\/v2\/product_tag?post=2506"}],"curies":[{"name":"wp","href":"https:\/\/api.w.org\/{rel}","templated":true}]}}