{"id":2508,"date":"2025-11-06T15:18:55","date_gmt":"2025-11-06T11:18:55","guid":{"rendered":"http:\/\/www.lerendezvous.mu\/product\/new-benares\/"},"modified":"2026-05-02T12:25:00","modified_gmt":"2026-05-02T08:25:00","slug":"sandales-benares","status":"publish","type":"product","link":"https:\/\/www.lerendezvous.mu\/en\/product\/sandales-benares\/","title":{"rendered":"New Benares"},"content":{"rendered":"<p>Les sandales Benares incarnent la simplicit\u00e9 chic et l\u2019\u00e9l\u00e9gance intemporelle. Avec leurs fines bretelles dor\u00e9es dispos\u00e9es en motif crois\u00e9, elles offrent un soutien d\u00e9licat tout en rehaussant le pied d\u2019un \u00e9clat raffin\u00e9. L\u00e9g\u00e8res et polyvalentes, les Benares sont le choix parfait pour accompagner \u00e0 la fois une tenue d\u00e9contract\u00e9e et un look d\u2019\u00e9t\u00e9 plus sophistiqu\u00e9.<\/p>\n<p>Fabriqu\u00e9es \u00e0 partir de cuir composite<\/p>","protected":false},"excerpt":{"rendered":"<p>Les sandales Benares incarnent la simplicit\u00e9 chic et l\u2019\u00e9l\u00e9gance intemporelle. Avec leurs fines bretelles dor\u00e9es dispos\u00e9es en motif crois\u00e9, elles offrent un soutien d\u00e9licat tout en rehaussant le pied d\u2019un \u00e9clat raffin\u00e9. L\u00e9g\u00e8res et polyvalentes, les Benares sont le choix parfait pour accompagner \u00e0 la fois une tenue d\u00e9contract\u00e9e et un look d\u2019\u00e9t\u00e9 plus sophistiqu\u00e9. [&hellip;]<\/p>\n","protected":false},"featured_media":2678,"comment_status":"open","ping_status":"closed","template":"","meta":{"_acf_changed":false},"badge":[],"subtag":[24,36],"product_brand":[],"product_cat":[21],"product_tag":[148],"class_list":{"0":"post-2508","1":"product","2":"type-product","3":"status-publish","4":"has-post-thumbnail","6":"subtag-femme","7":"subtag-sandales","8":"product_cat-goyave","9":"product_tag-chaussures","11":"first","12":"instock","13":"taxable","14":"shipping-taxable","15":"purchasable","16":"product-type-variable"},"acf":[],"yoast_head":"<!-- This site is optimized with the Yoast SEO plugin v27.5 - https:\/\/yoast.com\/product\/yoast-seo-wordpress\/ -->\n<title>New Benares - Le Rendez-Vous<\/title>\n<meta name=\"description\" content=\"Les sandales Benares incarnent la simplicit\u00e9 chic et l\u2019\u00e9l\u00e9gance. Avec leurs bretelles dor\u00e9es dispos\u00e9es en motif crois\u00e9, elles offrent un soutien d\u00e9licat.\" \/>\n<meta name=\"robots\" content=\"index, follow, max-snippet:-1, max-image-preview:large, max-video-preview:-1\" \/>\n<link rel=\"canonical\" href=\"https:\/\/www.lerendezvous.mu\/en\/product\/sandales-benares\/\" \/>\n<meta property=\"og:locale\" content=\"en_US\" \/>\n<meta property=\"og:type\" content=\"article\" \/>\n<meta property=\"og:title\" content=\"New Benares - Le Rendez-Vous\" \/>\n<meta property=\"og:description\" content=\"Les sandales Benares incarnent la simplicit\u00e9 chic et l\u2019\u00e9l\u00e9gance. Avec leurs bretelles dor\u00e9es dispos\u00e9es en motif crois\u00e9, elles offrent un soutien d\u00e9licat.\" \/>\n<meta property=\"og:url\" content=\"https:\/\/www.lerendezvous.mu\/en\/product\/sandales-benares\/\" \/>\n<meta property=\"og:site_name\" content=\"Le Rendez-Vous\" \/>\n<meta property=\"article:publisher\" content=\"https:\/\/www.facebook.com\/lerendezvousmauritius\" \/>\n<meta property=\"article:modified_time\" content=\"2026-05-02T08:25:00+00:00\" \/>\n<meta property=\"og:image\" content=\"https:\/\/www.lerendezvous.mu\/wp-content\/uploads\/2025\/11\/goyave-sandale-benares-or.jpg\" \/>\n\t<meta property=\"og:image:width\" content=\"800\" \/>\n\t<meta property=\"og:image:height\" content=\"1000\" \/>\n\t<meta property=\"og:image:type\" content=\"image\/jpeg\" \/>\n<meta name=\"twitter:card\" content=\"summary_large_image\" \/>\n<meta name=\"twitter:label1\" content=\"Est. reading time\" \/>\n\t<meta name=\"twitter:data1\" content=\"1 minute\" \/>\n<script type=\"application\/ld+json\" class=\"yoast-schema-graph\">{\"@context\":\"https:\\\/\\\/schema.org\",\"@graph\":[{\"@type\":\"WebPage\",\"@id\":\"https:\\\/\\\/www.lerendezvous.mu\\\/product\\\/sandales-benares\\\/\",\"url\":\"https:\\\/\\\/www.lerendezvous.mu\\\/product\\\/sandales-benares\\\/\",\"name\":\"New Benares - Le Rendez-Vous\",\"isPartOf\":{\"@id\":\"https:\\\/\\\/www.lerendezvous.mu\\\/#website\"},\"primaryImageOfPage\":{\"@id\":\"https:\\\/\\\/www.lerendezvous.mu\\\/product\\\/sandales-benares\\\/#primaryimage\"},\"image\":{\"@id\":\"https:\\\/\\\/www.lerendezvous.mu\\\/product\\\/sandales-benares\\\/#primaryimage\"},\"thumbnailUrl\":\"https:\\\/\\\/www.lerendezvous.mu\\\/wp-content\\\/uploads\\\/2025\\\/11\\\/goyave-sandale-benares-or.jpg\",\"datePublished\":\"2025-11-06T11:18:55+00:00\",\"dateModified\":\"2026-05-02T08:25:00+00:00\",\"description\":\"Les sandales Benares incarnent la simplicit\u00e9 chic et l\u2019\u00e9l\u00e9gance. Avec leurs bretelles dor\u00e9es dispos\u00e9es en motif crois\u00e9, elles offrent un soutien d\u00e9licat.\",\"breadcrumb\":{\"@id\":\"https:\\\/\\\/www.lerendezvous.mu\\\/product\\\/sandales-benares\\\/#breadcrumb\"},\"inLanguage\":\"en-US\",\"potentialAction\":[{\"@type\":\"ReadAction\",\"target\":[\"https:\\\/\\\/www.lerendezvous.mu\\\/product\\\/sandales-benares\\\/\"]}]},{\"@type\":\"ImageObject\",\"inLanguage\":\"en-US\",\"@id\":\"https:\\\/\\\/www.lerendezvous.mu\\\/product\\\/sandales-benares\\\/#primaryimage\",\"url\":\"https:\\\/\\\/www.lerendezvous.mu\\\/wp-content\\\/uploads\\\/2025\\\/11\\\/goyave-sandale-benares-or.jpg\",\"contentUrl\":\"https:\\\/\\\/www.lerendezvous.mu\\\/wp-content\\\/uploads\\\/2025\\\/11\\\/goyave-sandale-benares-or.jpg\",\"width\":800,\"height\":1000},{\"@type\":\"BreadcrumbList\",\"@id\":\"https:\\\/\\\/www.lerendezvous.mu\\\/product\\\/sandales-benares\\\/#breadcrumb\",\"itemListElement\":[{\"@type\":\"ListItem\",\"position\":1,\"name\":\"Home\",\"item\":\"https:\\\/\\\/www.lerendezvous.mu\\\/\"},{\"@type\":\"ListItem\",\"position\":2,\"name\":\"Shop\",\"item\":\"https:\\\/\\\/www.lerendezvous.mu\\\/shop\\\/\"},{\"@type\":\"ListItem\",\"position\":3,\"name\":\"New Benares\"}]},{\"@type\":\"WebSite\",\"@id\":\"https:\\\/\\\/www.lerendezvous.mu\\\/#website\",\"url\":\"https:\\\/\\\/www.lerendezvous.mu\\\/\",\"name\":\"Le Rendez-Vous\",\"description\":\"100% moricien\",\"publisher\":{\"@id\":\"https:\\\/\\\/www.lerendezvous.mu\\\/#organization\"},\"potentialAction\":[{\"@type\":\"SearchAction\",\"target\":{\"@type\":\"EntryPoint\",\"urlTemplate\":\"https:\\\/\\\/www.lerendezvous.mu\\\/?s={search_term_string}\"},\"query-input\":{\"@type\":\"PropertyValueSpecification\",\"valueRequired\":true,\"valueName\":\"search_term_string\"}}],\"inLanguage\":\"en-US\"},{\"@type\":\"Organization\",\"@id\":\"https:\\\/\\\/www.lerendezvous.mu\\\/#organization\",\"name\":\"Le Rendez-Vous\",\"url\":\"https:\\\/\\\/www.lerendezvous.mu\\\/\",\"logo\":{\"@type\":\"ImageObject\",\"inLanguage\":\"en-US\",\"@id\":\"https:\\\/\\\/www.lerendezvous.mu\\\/#\\\/schema\\\/logo\\\/image\\\/\",\"url\":\"https:\\\/\\\/www.lerendezvous.mu\\\/wp-content\\\/uploads\\\/2025\\\/10\\\/lrdv-logo.png\",\"contentUrl\":\"https:\\\/\\\/www.lerendezvous.mu\\\/wp-content\\\/uploads\\\/2025\\\/10\\\/lrdv-logo.png\",\"width\":568,\"height\":232,\"caption\":\"Le Rendez-Vous\"},\"image\":{\"@id\":\"https:\\\/\\\/www.lerendezvous.mu\\\/#\\\/schema\\\/logo\\\/image\\\/\"},\"sameAs\":[\"https:\\\/\\\/www.facebook.com\\\/lerendezvousmauritius\",\"https:\\\/\\\/www.instagram.com\\\/lerendezvous_mauritius\"]}]}<\/script>\n<!-- \/ Yoast SEO plugin. -->","yoast_head_json":{"title":"New Benares - Le Rendez-Vous","description":"Les sandales Benares incarnent la simplicit\u00e9 chic et l\u2019\u00e9l\u00e9gance. Avec leurs bretelles dor\u00e9es dispos\u00e9es en motif crois\u00e9, elles offrent un soutien d\u00e9licat.","robots":{"index":"index","follow":"follow","max-snippet":"max-snippet:-1","max-image-preview":"max-image-preview:large","max-video-preview":"max-video-preview:-1"},"canonical":"https:\/\/www.lerendezvous.mu\/en\/product\/sandales-benares\/","og_locale":"en_US","og_type":"article","og_title":"New Benares - Le Rendez-Vous","og_description":"Les sandales Benares incarnent la simplicit\u00e9 chic et l\u2019\u00e9l\u00e9gance. Avec leurs bretelles dor\u00e9es dispos\u00e9es en motif crois\u00e9, elles offrent un soutien d\u00e9licat.","og_url":"https:\/\/www.lerendezvous.mu\/en\/product\/sandales-benares\/","og_site_name":"Le Rendez-Vous","article_publisher":"https:\/\/www.facebook.com\/lerendezvousmauritius","article_modified_time":"2026-05-02T08:25:00+00:00","og_image":[{"width":800,"height":1000,"url":"https:\/\/www.lerendezvous.mu\/wp-content\/uploads\/2025\/11\/goyave-sandale-benares-or.jpg","type":"image\/jpeg"}],"twitter_card":"summary_large_image","twitter_misc":{"Est. reading time":"1 minute"},"schema":{"@context":"https:\/\/schema.org","@graph":[{"@type":"WebPage","@id":"https:\/\/www.lerendezvous.mu\/product\/sandales-benares\/","url":"https:\/\/www.lerendezvous.mu\/product\/sandales-benares\/","name":"New Benares - Le Rendez-Vous","isPartOf":{"@id":"https:\/\/www.lerendezvous.mu\/#website"},"primaryImageOfPage":{"@id":"https:\/\/www.lerendezvous.mu\/product\/sandales-benares\/#primaryimage"},"image":{"@id":"https:\/\/www.lerendezvous.mu\/product\/sandales-benares\/#primaryimage"},"thumbnailUrl":"https:\/\/www.lerendezvous.mu\/wp-content\/uploads\/2025\/11\/goyave-sandale-benares-or.jpg","datePublished":"2025-11-06T11:18:55+00:00","dateModified":"2026-05-02T08:25:00+00:00","description":"Les sandales Benares incarnent la simplicit\u00e9 chic et l\u2019\u00e9l\u00e9gance. Avec leurs bretelles dor\u00e9es dispos\u00e9es en motif crois\u00e9, elles offrent un soutien d\u00e9licat.","breadcrumb":{"@id":"https:\/\/www.lerendezvous.mu\/product\/sandales-benares\/#breadcrumb"},"inLanguage":"en-US","potentialAction":[{"@type":"ReadAction","target":["https:\/\/www.lerendezvous.mu\/product\/sandales-benares\/"]}]},{"@type":"ImageObject","inLanguage":"en-US","@id":"https:\/\/www.lerendezvous.mu\/product\/sandales-benares\/#primaryimage","url":"https:\/\/www.lerendezvous.mu\/wp-content\/uploads\/2025\/11\/goyave-sandale-benares-or.jpg","contentUrl":"https:\/\/www.lerendezvous.mu\/wp-content\/uploads\/2025\/11\/goyave-sandale-benares-or.jpg","width":800,"height":1000},{"@type":"BreadcrumbList","@id":"https:\/\/www.lerendezvous.mu\/product\/sandales-benares\/#breadcrumb","itemListElement":[{"@type":"ListItem","position":1,"name":"Home","item":"https:\/\/www.lerendezvous.mu\/"},{"@type":"ListItem","position":2,"name":"Shop","item":"https:\/\/www.lerendezvous.mu\/shop\/"},{"@type":"ListItem","position":3,"name":"New Benares"}]},{"@type":"WebSite","@id":"https:\/\/www.lerendezvous.mu\/#website","url":"https:\/\/www.lerendezvous.mu\/","name":"Le Rendez-Vous","description":"100% moricien","publisher":{"@id":"https:\/\/www.lerendezvous.mu\/#organization"},"potentialAction":[{"@type":"SearchAction","target":{"@type":"EntryPoint","urlTemplate":"https:\/\/www.lerendezvous.mu\/?s={search_term_string}"},"query-input":{"@type":"PropertyValueSpecification","valueRequired":true,"valueName":"search_term_string"}}],"inLanguage":"en-US"},{"@type":"Organization","@id":"https:\/\/www.lerendezvous.mu\/#organization","name":"Le Rendez-Vous","url":"https:\/\/www.lerendezvous.mu\/","logo":{"@type":"ImageObject","inLanguage":"en-US","@id":"https:\/\/www.lerendezvous.mu\/#\/schema\/logo\/image\/","url":"https:\/\/www.lerendezvous.mu\/wp-content\/uploads\/2025\/10\/lrdv-logo.png","contentUrl":"https:\/\/www.lerendezvous.mu\/wp-content\/uploads\/2025\/10\/lrdv-logo.png","width":568,"height":232,"caption":"Le Rendez-Vous"},"image":{"@id":"https:\/\/www.lerendezvous.mu\/#\/schema\/logo\/image\/"},"sameAs":["https:\/\/www.facebook.com\/lerendezvousmauritius","https:\/\/www.instagram.com\/lerendezvous_mauritius"]}]}},"_links":{"self":[{"href":"https:\/\/www.lerendezvous.mu\/en\/wp-json\/wp\/v2\/product\/2508","targetHints":{"allow":["GET"]}}],"collection":[{"href":"https:\/\/www.lerendezvous.mu\/en\/wp-json\/wp\/v2\/product"}],"about":[{"href":"https:\/\/www.lerendezvous.mu\/en\/wp-json\/wp\/v2\/types\/product"}],"replies":[{"embeddable":true,"href":"https:\/\/www.lerendezvous.mu\/en\/wp-json\/wp\/v2\/comments?post=2508"}],"wp:featuredmedia":[{"embeddable":true,"href":"https:\/\/www.lerendezvous.mu\/en\/wp-json\/wp\/v2\/media\/2678"}],"wp:attachment":[{"href":"https:\/\/www.lerendezvous.mu\/en\/wp-json\/wp\/v2\/media?parent=2508"}],"wp:term":[{"taxonomy":"badge","embeddable":true,"href":"https:\/\/www.lerendezvous.mu\/en\/wp-json\/wp\/v2\/badge?post=2508"},{"taxonomy":"subtag","embeddable":true,"href":"https:\/\/www.lerendezvous.mu\/en\/wp-json\/wp\/v2\/subtag?post=2508"},{"taxonomy":"product_brand","embeddable":true,"href":"https:\/\/www.lerendezvous.mu\/en\/wp-json\/wp\/v2\/product_brand?post=2508"},{"taxonomy":"product_cat","embeddable":true,"href":"https:\/\/www.lerendezvous.mu\/en\/wp-json\/wp\/v2\/product_cat?post=2508"},{"taxonomy":"product_tag","embeddable":true,"href":"https:\/\/www.lerendezvous.mu\/en\/wp-json\/wp\/v2\/product_tag?post=2508"}],"curies":[{"name":"wp","href":"https:\/\/api.w.org\/{rel}","templated":true}]}}