{"id":2776,"date":"2025-11-07T11:38:11","date_gmt":"2025-11-07T07:38:11","guid":{"rendered":"http:\/\/www.lerendezvous.mu\/product\/bob-brb\/"},"modified":"2026-04-09T08:14:51","modified_gmt":"2026-04-09T04:14:51","slug":"bobs","status":"publish","type":"product","link":"https:\/\/www.lerendezvous.mu\/en\/product\/bobs\/","title":{"rendered":"Bob BRB"},"content":{"rendered":"<p>\u00c9pur\u00e9s et tendance, les bobs Brabant capturent l\u2019esprit urbain avec simplicit\u00e9 : leur forme classique \u00e0 large bord l\u00e9g\u00e8rement tombant assure \u00e0 la fois style et protection. Confectionn\u00e9s dans des mati\u00e8res de qualit\u00e9, ils s\u2019imposent comme l\u2019accessoire id\u00e9al pour compl\u00e9ter un look d\u00e9contract\u00e9 ou street-wear.<\/p>","protected":false},"excerpt":{"rendered":"<p>\u00c9pur\u00e9s et tendance, les bobs Brabant capturent l\u2019esprit urbain avec simplicit\u00e9 : leur forme classique \u00e0 large bord l\u00e9g\u00e8rement tombant assure \u00e0 la fois style et protection. Confectionn\u00e9s dans des mati\u00e8res de qualit\u00e9, ils s\u2019imposent comme l\u2019accessoire id\u00e9al pour compl\u00e9ter un look d\u00e9contract\u00e9 ou street-wear.<\/p>","protected":false},"featured_media":3435,"comment_status":"open","ping_status":"closed","template":"","meta":{"_acf_changed":false},"badge":[],"subtag":[74,76],"product_brand":[],"product_cat":[126],"product_tag":[85],"class_list":{"0":"post-2776","1":"product","2":"type-product","3":"status-publish","4":"has-post-thumbnail","6":"subtag-accessoires","7":"subtag-chapeaux-casquettes","8":"product_cat-brabant","9":"product_tag-accessoires","11":"first","12":"instock","13":"taxable","14":"shipping-taxable","15":"purchasable","16":"product-type-variable"},"acf":[],"yoast_head":"<!-- This site is optimized with the Yoast SEO plugin v27.5 - https:\/\/yoast.com\/product\/yoast-seo-wordpress\/ -->\n<title>Bob BRB - Le Rendez-Vous<\/title>\n<meta name=\"description\" content=\"\u00c9pur\u00e9s et tendance, les bobs Brabant capturent l\u2019esprit urbain avec simplicit\u00e9 : leur forme classique \u00e0 large bord assure \u00e0 la fois style et protection.\" \/>\n<meta name=\"robots\" content=\"index, follow, max-snippet:-1, max-image-preview:large, max-video-preview:-1\" \/>\n<link rel=\"canonical\" href=\"https:\/\/www.lerendezvous.mu\/en\/product\/bobs\/\" \/>\n<meta property=\"og:locale\" content=\"en_US\" \/>\n<meta property=\"og:type\" content=\"article\" \/>\n<meta property=\"og:title\" content=\"Bob BRB - Le Rendez-Vous\" \/>\n<meta property=\"og:description\" content=\"\u00c9pur\u00e9s et tendance, les bobs Brabant capturent l\u2019esprit urbain avec simplicit\u00e9 : leur forme classique \u00e0 large bord assure \u00e0 la fois style et protection.\" \/>\n<meta property=\"og:url\" content=\"https:\/\/www.lerendezvous.mu\/en\/product\/bobs\/\" \/>\n<meta property=\"og:site_name\" content=\"Le Rendez-Vous\" \/>\n<meta property=\"article:publisher\" content=\"https:\/\/www.facebook.com\/lerendezvousmauritius\" \/>\n<meta property=\"article:modified_time\" content=\"2026-04-09T04:14:51+00:00\" \/>\n<meta property=\"og:image\" content=\"https:\/\/www.lerendezvous.mu\/wp-content\/uploads\/2025\/11\/0abcb7c3-c09c-49f9-a0f4-2d3fbaa87670.jpg\" \/>\n\t<meta property=\"og:image:width\" content=\"497\" \/>\n\t<meta property=\"og:image:height\" content=\"500\" \/>\n\t<meta property=\"og:image:type\" content=\"image\/jpeg\" \/>\n<meta name=\"twitter:card\" content=\"summary_large_image\" \/>\n<meta name=\"twitter:label1\" content=\"Est. reading time\" \/>\n\t<meta name=\"twitter:data1\" content=\"1 minute\" \/>\n<script type=\"application\/ld+json\" class=\"yoast-schema-graph\">{\"@context\":\"https:\\\/\\\/schema.org\",\"@graph\":[{\"@type\":\"WebPage\",\"@id\":\"https:\\\/\\\/www.lerendezvous.mu\\\/product\\\/bobs\\\/\",\"url\":\"https:\\\/\\\/www.lerendezvous.mu\\\/product\\\/bobs\\\/\",\"name\":\"Bob BRB - Le Rendez-Vous\",\"isPartOf\":{\"@id\":\"https:\\\/\\\/www.lerendezvous.mu\\\/#website\"},\"primaryImageOfPage\":{\"@id\":\"https:\\\/\\\/www.lerendezvous.mu\\\/product\\\/bobs\\\/#primaryimage\"},\"image\":{\"@id\":\"https:\\\/\\\/www.lerendezvous.mu\\\/product\\\/bobs\\\/#primaryimage\"},\"thumbnailUrl\":\"https:\\\/\\\/www.lerendezvous.mu\\\/wp-content\\\/uploads\\\/2025\\\/11\\\/0abcb7c3-c09c-49f9-a0f4-2d3fbaa87670.jpg\",\"datePublished\":\"2025-11-07T07:38:11+00:00\",\"dateModified\":\"2026-04-09T04:14:51+00:00\",\"description\":\"\u00c9pur\u00e9s et tendance, les bobs Brabant capturent l\u2019esprit urbain avec simplicit\u00e9 : leur forme classique \u00e0 large bord assure \u00e0 la fois style et protection.\",\"breadcrumb\":{\"@id\":\"https:\\\/\\\/www.lerendezvous.mu\\\/product\\\/bobs\\\/#breadcrumb\"},\"inLanguage\":\"en-US\",\"potentialAction\":[{\"@type\":\"ReadAction\",\"target\":[\"https:\\\/\\\/www.lerendezvous.mu\\\/product\\\/bobs\\\/\"]}]},{\"@type\":\"ImageObject\",\"inLanguage\":\"en-US\",\"@id\":\"https:\\\/\\\/www.lerendezvous.mu\\\/product\\\/bobs\\\/#primaryimage\",\"url\":\"https:\\\/\\\/www.lerendezvous.mu\\\/wp-content\\\/uploads\\\/2025\\\/11\\\/0abcb7c3-c09c-49f9-a0f4-2d3fbaa87670.jpg\",\"contentUrl\":\"https:\\\/\\\/www.lerendezvous.mu\\\/wp-content\\\/uploads\\\/2025\\\/11\\\/0abcb7c3-c09c-49f9-a0f4-2d3fbaa87670.jpg\",\"width\":497,\"height\":500,\"caption\":\"81\"},{\"@type\":\"BreadcrumbList\",\"@id\":\"https:\\\/\\\/www.lerendezvous.mu\\\/product\\\/bobs\\\/#breadcrumb\",\"itemListElement\":[{\"@type\":\"ListItem\",\"position\":1,\"name\":\"Home\",\"item\":\"https:\\\/\\\/www.lerendezvous.mu\\\/\"},{\"@type\":\"ListItem\",\"position\":2,\"name\":\"Shop\",\"item\":\"https:\\\/\\\/www.lerendezvous.mu\\\/shop\\\/\"},{\"@type\":\"ListItem\",\"position\":3,\"name\":\"Bob BRB\"}]},{\"@type\":\"WebSite\",\"@id\":\"https:\\\/\\\/www.lerendezvous.mu\\\/#website\",\"url\":\"https:\\\/\\\/www.lerendezvous.mu\\\/\",\"name\":\"Le Rendez-Vous\",\"description\":\"100% moricien\",\"publisher\":{\"@id\":\"https:\\\/\\\/www.lerendezvous.mu\\\/#organization\"},\"potentialAction\":[{\"@type\":\"SearchAction\",\"target\":{\"@type\":\"EntryPoint\",\"urlTemplate\":\"https:\\\/\\\/www.lerendezvous.mu\\\/?s={search_term_string}\"},\"query-input\":{\"@type\":\"PropertyValueSpecification\",\"valueRequired\":true,\"valueName\":\"search_term_string\"}}],\"inLanguage\":\"en-US\"},{\"@type\":\"Organization\",\"@id\":\"https:\\\/\\\/www.lerendezvous.mu\\\/#organization\",\"name\":\"Le Rendez-Vous\",\"url\":\"https:\\\/\\\/www.lerendezvous.mu\\\/\",\"logo\":{\"@type\":\"ImageObject\",\"inLanguage\":\"en-US\",\"@id\":\"https:\\\/\\\/www.lerendezvous.mu\\\/#\\\/schema\\\/logo\\\/image\\\/\",\"url\":\"https:\\\/\\\/www.lerendezvous.mu\\\/wp-content\\\/uploads\\\/2025\\\/10\\\/lrdv-logo.png\",\"contentUrl\":\"https:\\\/\\\/www.lerendezvous.mu\\\/wp-content\\\/uploads\\\/2025\\\/10\\\/lrdv-logo.png\",\"width\":568,\"height\":232,\"caption\":\"Le Rendez-Vous\"},\"image\":{\"@id\":\"https:\\\/\\\/www.lerendezvous.mu\\\/#\\\/schema\\\/logo\\\/image\\\/\"},\"sameAs\":[\"https:\\\/\\\/www.facebook.com\\\/lerendezvousmauritius\",\"https:\\\/\\\/www.instagram.com\\\/lerendezvous_mauritius\"]}]}<\/script>\n<!-- \/ Yoast SEO plugin. -->","yoast_head_json":{"title":"Bob BRB - Le Rendez-Vous","description":"\u00c9pur\u00e9s et tendance, les bobs Brabant capturent l\u2019esprit urbain avec simplicit\u00e9 : leur forme classique \u00e0 large bord assure \u00e0 la fois style et protection.","robots":{"index":"index","follow":"follow","max-snippet":"max-snippet:-1","max-image-preview":"max-image-preview:large","max-video-preview":"max-video-preview:-1"},"canonical":"https:\/\/www.lerendezvous.mu\/en\/product\/bobs\/","og_locale":"en_US","og_type":"article","og_title":"Bob BRB - Le Rendez-Vous","og_description":"\u00c9pur\u00e9s et tendance, les bobs Brabant capturent l\u2019esprit urbain avec simplicit\u00e9 : leur forme classique \u00e0 large bord assure \u00e0 la fois style et protection.","og_url":"https:\/\/www.lerendezvous.mu\/en\/product\/bobs\/","og_site_name":"Le Rendez-Vous","article_publisher":"https:\/\/www.facebook.com\/lerendezvousmauritius","article_modified_time":"2026-04-09T04:14:51+00:00","og_image":[{"width":497,"height":500,"url":"https:\/\/www.lerendezvous.mu\/wp-content\/uploads\/2025\/11\/0abcb7c3-c09c-49f9-a0f4-2d3fbaa87670.jpg","type":"image\/jpeg"}],"twitter_card":"summary_large_image","twitter_misc":{"Est. reading time":"1 minute"},"schema":{"@context":"https:\/\/schema.org","@graph":[{"@type":"WebPage","@id":"https:\/\/www.lerendezvous.mu\/product\/bobs\/","url":"https:\/\/www.lerendezvous.mu\/product\/bobs\/","name":"Bob BRB - Le Rendez-Vous","isPartOf":{"@id":"https:\/\/www.lerendezvous.mu\/#website"},"primaryImageOfPage":{"@id":"https:\/\/www.lerendezvous.mu\/product\/bobs\/#primaryimage"},"image":{"@id":"https:\/\/www.lerendezvous.mu\/product\/bobs\/#primaryimage"},"thumbnailUrl":"https:\/\/www.lerendezvous.mu\/wp-content\/uploads\/2025\/11\/0abcb7c3-c09c-49f9-a0f4-2d3fbaa87670.jpg","datePublished":"2025-11-07T07:38:11+00:00","dateModified":"2026-04-09T04:14:51+00:00","description":"\u00c9pur\u00e9s et tendance, les bobs Brabant capturent l\u2019esprit urbain avec simplicit\u00e9 : leur forme classique \u00e0 large bord assure \u00e0 la fois style et protection.","breadcrumb":{"@id":"https:\/\/www.lerendezvous.mu\/product\/bobs\/#breadcrumb"},"inLanguage":"en-US","potentialAction":[{"@type":"ReadAction","target":["https:\/\/www.lerendezvous.mu\/product\/bobs\/"]}]},{"@type":"ImageObject","inLanguage":"en-US","@id":"https:\/\/www.lerendezvous.mu\/product\/bobs\/#primaryimage","url":"https:\/\/www.lerendezvous.mu\/wp-content\/uploads\/2025\/11\/0abcb7c3-c09c-49f9-a0f4-2d3fbaa87670.jpg","contentUrl":"https:\/\/www.lerendezvous.mu\/wp-content\/uploads\/2025\/11\/0abcb7c3-c09c-49f9-a0f4-2d3fbaa87670.jpg","width":497,"height":500,"caption":"81"},{"@type":"BreadcrumbList","@id":"https:\/\/www.lerendezvous.mu\/product\/bobs\/#breadcrumb","itemListElement":[{"@type":"ListItem","position":1,"name":"Home","item":"https:\/\/www.lerendezvous.mu\/"},{"@type":"ListItem","position":2,"name":"Shop","item":"https:\/\/www.lerendezvous.mu\/shop\/"},{"@type":"ListItem","position":3,"name":"Bob BRB"}]},{"@type":"WebSite","@id":"https:\/\/www.lerendezvous.mu\/#website","url":"https:\/\/www.lerendezvous.mu\/","name":"Le Rendez-Vous","description":"100% moricien","publisher":{"@id":"https:\/\/www.lerendezvous.mu\/#organization"},"potentialAction":[{"@type":"SearchAction","target":{"@type":"EntryPoint","urlTemplate":"https:\/\/www.lerendezvous.mu\/?s={search_term_string}"},"query-input":{"@type":"PropertyValueSpecification","valueRequired":true,"valueName":"search_term_string"}}],"inLanguage":"en-US"},{"@type":"Organization","@id":"https:\/\/www.lerendezvous.mu\/#organization","name":"Le Rendez-Vous","url":"https:\/\/www.lerendezvous.mu\/","logo":{"@type":"ImageObject","inLanguage":"en-US","@id":"https:\/\/www.lerendezvous.mu\/#\/schema\/logo\/image\/","url":"https:\/\/www.lerendezvous.mu\/wp-content\/uploads\/2025\/10\/lrdv-logo.png","contentUrl":"https:\/\/www.lerendezvous.mu\/wp-content\/uploads\/2025\/10\/lrdv-logo.png","width":568,"height":232,"caption":"Le Rendez-Vous"},"image":{"@id":"https:\/\/www.lerendezvous.mu\/#\/schema\/logo\/image\/"},"sameAs":["https:\/\/www.facebook.com\/lerendezvousmauritius","https:\/\/www.instagram.com\/lerendezvous_mauritius"]}]}},"_links":{"self":[{"href":"https:\/\/www.lerendezvous.mu\/en\/wp-json\/wp\/v2\/product\/2776","targetHints":{"allow":["GET"]}}],"collection":[{"href":"https:\/\/www.lerendezvous.mu\/en\/wp-json\/wp\/v2\/product"}],"about":[{"href":"https:\/\/www.lerendezvous.mu\/en\/wp-json\/wp\/v2\/types\/product"}],"replies":[{"embeddable":true,"href":"https:\/\/www.lerendezvous.mu\/en\/wp-json\/wp\/v2\/comments?post=2776"}],"wp:featuredmedia":[{"embeddable":true,"href":"https:\/\/www.lerendezvous.mu\/en\/wp-json\/wp\/v2\/media\/3435"}],"wp:attachment":[{"href":"https:\/\/www.lerendezvous.mu\/en\/wp-json\/wp\/v2\/media?parent=2776"}],"wp:term":[{"taxonomy":"badge","embeddable":true,"href":"https:\/\/www.lerendezvous.mu\/en\/wp-json\/wp\/v2\/badge?post=2776"},{"taxonomy":"subtag","embeddable":true,"href":"https:\/\/www.lerendezvous.mu\/en\/wp-json\/wp\/v2\/subtag?post=2776"},{"taxonomy":"product_brand","embeddable":true,"href":"https:\/\/www.lerendezvous.mu\/en\/wp-json\/wp\/v2\/product_brand?post=2776"},{"taxonomy":"product_cat","embeddable":true,"href":"https:\/\/www.lerendezvous.mu\/en\/wp-json\/wp\/v2\/product_cat?post=2776"},{"taxonomy":"product_tag","embeddable":true,"href":"https:\/\/www.lerendezvous.mu\/en\/wp-json\/wp\/v2\/product_tag?post=2776"}],"curies":[{"name":"wp","href":"https:\/\/api.w.org\/{rel}","templated":true}]}}