{"id":2852,"date":"2025-11-07T15:00:18","date_gmt":"2025-11-07T11:00:18","guid":{"rendered":"http:\/\/www.lerendezvous.mu\/product\/huile-de-massage\/"},"modified":"2026-04-02T13:40:27","modified_gmt":"2026-04-02T09:40:27","slug":"huiles-de-massage-avant-apres-effort","status":"publish","type":"product","link":"https:\/\/www.lerendezvous.mu\/en\/product\/huiles-de-massage-avant-apres-effort\/","title":{"rendered":"Huile de Massage"},"content":{"rendered":"<p>Deux huiles de massage con\u00e7ues pour accompagner le corps dans ses phases d\u2019activit\u00e9\u202f: une formule \u00ab avant effort \u00bb pour pr\u00e9parer les muscles \u00e0 se mobiliser, et une formule \u00ab apr\u00e8s effort \u00bb pour rel\u00e2cher les tensions et favoriser la r\u00e9cup\u00e9ration. Texture fluide, application facile et sensations apaisantes pour prendre soin de soi apr\u00e8s l\u2019effort.<\/p>","protected":false},"excerpt":{"rendered":"<p>Deux huiles de massage con\u00e7ues pour accompagner le corps dans ses phases d\u2019activit\u00e9\u202f: une formule \u00ab avant effort \u00bb pour pr\u00e9parer les muscles \u00e0 se mobiliser, et une formule \u00ab apr\u00e8s effort \u00bb pour rel\u00e2cher les tensions et favoriser la r\u00e9cup\u00e9ration. Texture fluide, application facile et sensations apaisantes pour prendre soin de soi apr\u00e8s l\u2019effort.<\/p>","protected":false},"featured_media":3396,"comment_status":"open","ping_status":"closed","template":"","meta":{"_acf_changed":false},"badge":[],"subtag":[50,52],"product_brand":[],"product_cat":[120],"product_tag":[115],"class_list":{"0":"post-2852","1":"product","2":"type-product","3":"status-publish","4":"has-post-thumbnail","6":"subtag-soins-beaute","7":"subtag-soins-du-corps","8":"product_cat-naturabaie","9":"product_tag-healthcare","11":"first","12":"instock","13":"taxable","14":"shipping-taxable","15":"purchasable","16":"product-type-variable"},"acf":[],"yoast_head":"<!-- This site is optimized with the Yoast SEO plugin v27.5 - https:\/\/yoast.com\/product\/yoast-seo-wordpress\/ -->\n<title>Huile de Massage - Le Rendez-Vous<\/title>\n<meta name=\"description\" content=\"Deux huiles de massage con\u00e7ues pour accompagner le corps dans ses phases d\u2019activit\u00e9\u202f, que ce soit avant ou apr\u00e8s l&#039;effort.\" \/>\n<meta name=\"robots\" content=\"index, follow, max-snippet:-1, max-image-preview:large, max-video-preview:-1\" \/>\n<link rel=\"canonical\" href=\"https:\/\/www.lerendezvous.mu\/en\/product\/huiles-de-massage-avant-apres-effort\/\" \/>\n<meta property=\"og:locale\" content=\"en_US\" \/>\n<meta property=\"og:type\" content=\"article\" \/>\n<meta property=\"og:title\" content=\"Huile de Massage - Le Rendez-Vous\" \/>\n<meta property=\"og:description\" content=\"Deux huiles de massage con\u00e7ues pour accompagner le corps dans ses phases d\u2019activit\u00e9\u202f, que ce soit avant ou apr\u00e8s l&#039;effort.\" \/>\n<meta property=\"og:url\" content=\"https:\/\/www.lerendezvous.mu\/en\/product\/huiles-de-massage-avant-apres-effort\/\" \/>\n<meta property=\"og:site_name\" content=\"Le Rendez-Vous\" \/>\n<meta property=\"article:publisher\" content=\"https:\/\/www.facebook.com\/lerendezvousmauritius\" \/>\n<meta property=\"article:modified_time\" content=\"2026-04-02T09:40:27+00:00\" \/>\n<meta property=\"og:image\" content=\"https:\/\/www.lerendezvous.mu\/wp-content\/uploads\/2025\/11\/65b4f3a9-ddb8-42e2-853d-3c4c1066367a.jpg\" \/>\n\t<meta property=\"og:image:width\" content=\"477\" \/>\n\t<meta property=\"og:image:height\" content=\"500\" \/>\n\t<meta property=\"og:image:type\" content=\"image\/jpeg\" \/>\n<meta name=\"twitter:card\" content=\"summary_large_image\" \/>\n<meta name=\"twitter:label1\" content=\"Est. reading time\" \/>\n\t<meta name=\"twitter:data1\" content=\"1 minute\" \/>\n<script type=\"application\/ld+json\" class=\"yoast-schema-graph\">{\"@context\":\"https:\\\/\\\/schema.org\",\"@graph\":[{\"@type\":\"WebPage\",\"@id\":\"https:\\\/\\\/www.lerendezvous.mu\\\/product\\\/huiles-de-massage-avant-apres-effort\\\/\",\"url\":\"https:\\\/\\\/www.lerendezvous.mu\\\/product\\\/huiles-de-massage-avant-apres-effort\\\/\",\"name\":\"Huile de Massage - Le Rendez-Vous\",\"isPartOf\":{\"@id\":\"https:\\\/\\\/www.lerendezvous.mu\\\/#website\"},\"primaryImageOfPage\":{\"@id\":\"https:\\\/\\\/www.lerendezvous.mu\\\/product\\\/huiles-de-massage-avant-apres-effort\\\/#primaryimage\"},\"image\":{\"@id\":\"https:\\\/\\\/www.lerendezvous.mu\\\/product\\\/huiles-de-massage-avant-apres-effort\\\/#primaryimage\"},\"thumbnailUrl\":\"https:\\\/\\\/www.lerendezvous.mu\\\/wp-content\\\/uploads\\\/2025\\\/11\\\/65b4f3a9-ddb8-42e2-853d-3c4c1066367a.jpg\",\"datePublished\":\"2025-11-07T11:00:18+00:00\",\"dateModified\":\"2026-04-02T09:40:27+00:00\",\"description\":\"Deux huiles de massage con\u00e7ues pour accompagner le corps dans ses phases d\u2019activit\u00e9\u202f, que ce soit avant ou apr\u00e8s l'effort.\",\"breadcrumb\":{\"@id\":\"https:\\\/\\\/www.lerendezvous.mu\\\/product\\\/huiles-de-massage-avant-apres-effort\\\/#breadcrumb\"},\"inLanguage\":\"en-US\",\"potentialAction\":[{\"@type\":\"ReadAction\",\"target\":[\"https:\\\/\\\/www.lerendezvous.mu\\\/product\\\/huiles-de-massage-avant-apres-effort\\\/\"]}]},{\"@type\":\"ImageObject\",\"inLanguage\":\"en-US\",\"@id\":\"https:\\\/\\\/www.lerendezvous.mu\\\/product\\\/huiles-de-massage-avant-apres-effort\\\/#primaryimage\",\"url\":\"https:\\\/\\\/www.lerendezvous.mu\\\/wp-content\\\/uploads\\\/2025\\\/11\\\/65b4f3a9-ddb8-42e2-853d-3c4c1066367a.jpg\",\"contentUrl\":\"https:\\\/\\\/www.lerendezvous.mu\\\/wp-content\\\/uploads\\\/2025\\\/11\\\/65b4f3a9-ddb8-42e2-853d-3c4c1066367a.jpg\",\"width\":477,\"height\":500,\"caption\":\"132\"},{\"@type\":\"BreadcrumbList\",\"@id\":\"https:\\\/\\\/www.lerendezvous.mu\\\/product\\\/huiles-de-massage-avant-apres-effort\\\/#breadcrumb\",\"itemListElement\":[{\"@type\":\"ListItem\",\"position\":1,\"name\":\"Home\",\"item\":\"https:\\\/\\\/www.lerendezvous.mu\\\/\"},{\"@type\":\"ListItem\",\"position\":2,\"name\":\"Shop\",\"item\":\"https:\\\/\\\/www.lerendezvous.mu\\\/shop\\\/\"},{\"@type\":\"ListItem\",\"position\":3,\"name\":\"Huile de Massage\"}]},{\"@type\":\"WebSite\",\"@id\":\"https:\\\/\\\/www.lerendezvous.mu\\\/#website\",\"url\":\"https:\\\/\\\/www.lerendezvous.mu\\\/\",\"name\":\"Le Rendez-Vous\",\"description\":\"100% moricien\",\"publisher\":{\"@id\":\"https:\\\/\\\/www.lerendezvous.mu\\\/#organization\"},\"potentialAction\":[{\"@type\":\"SearchAction\",\"target\":{\"@type\":\"EntryPoint\",\"urlTemplate\":\"https:\\\/\\\/www.lerendezvous.mu\\\/?s={search_term_string}\"},\"query-input\":{\"@type\":\"PropertyValueSpecification\",\"valueRequired\":true,\"valueName\":\"search_term_string\"}}],\"inLanguage\":\"en-US\"},{\"@type\":\"Organization\",\"@id\":\"https:\\\/\\\/www.lerendezvous.mu\\\/#organization\",\"name\":\"Le Rendez-Vous\",\"url\":\"https:\\\/\\\/www.lerendezvous.mu\\\/\",\"logo\":{\"@type\":\"ImageObject\",\"inLanguage\":\"en-US\",\"@id\":\"https:\\\/\\\/www.lerendezvous.mu\\\/#\\\/schema\\\/logo\\\/image\\\/\",\"url\":\"https:\\\/\\\/www.lerendezvous.mu\\\/wp-content\\\/uploads\\\/2025\\\/10\\\/lrdv-logo.png\",\"contentUrl\":\"https:\\\/\\\/www.lerendezvous.mu\\\/wp-content\\\/uploads\\\/2025\\\/10\\\/lrdv-logo.png\",\"width\":568,\"height\":232,\"caption\":\"Le Rendez-Vous\"},\"image\":{\"@id\":\"https:\\\/\\\/www.lerendezvous.mu\\\/#\\\/schema\\\/logo\\\/image\\\/\"},\"sameAs\":[\"https:\\\/\\\/www.facebook.com\\\/lerendezvousmauritius\",\"https:\\\/\\\/www.instagram.com\\\/lerendezvous_mauritius\"]}]}<\/script>\n<!-- \/ Yoast SEO plugin. -->","yoast_head_json":{"title":"Huile de Massage - Le Rendez-Vous","description":"Deux huiles de massage con\u00e7ues pour accompagner le corps dans ses phases d\u2019activit\u00e9\u202f, que ce soit avant ou apr\u00e8s l'effort.","robots":{"index":"index","follow":"follow","max-snippet":"max-snippet:-1","max-image-preview":"max-image-preview:large","max-video-preview":"max-video-preview:-1"},"canonical":"https:\/\/www.lerendezvous.mu\/en\/product\/huiles-de-massage-avant-apres-effort\/","og_locale":"en_US","og_type":"article","og_title":"Huile de Massage - Le Rendez-Vous","og_description":"Deux huiles de massage con\u00e7ues pour accompagner le corps dans ses phases d\u2019activit\u00e9\u202f, que ce soit avant ou apr\u00e8s l'effort.","og_url":"https:\/\/www.lerendezvous.mu\/en\/product\/huiles-de-massage-avant-apres-effort\/","og_site_name":"Le Rendez-Vous","article_publisher":"https:\/\/www.facebook.com\/lerendezvousmauritius","article_modified_time":"2026-04-02T09:40:27+00:00","og_image":[{"width":477,"height":500,"url":"https:\/\/www.lerendezvous.mu\/wp-content\/uploads\/2025\/11\/65b4f3a9-ddb8-42e2-853d-3c4c1066367a.jpg","type":"image\/jpeg"}],"twitter_card":"summary_large_image","twitter_misc":{"Est. reading time":"1 minute"},"schema":{"@context":"https:\/\/schema.org","@graph":[{"@type":"WebPage","@id":"https:\/\/www.lerendezvous.mu\/product\/huiles-de-massage-avant-apres-effort\/","url":"https:\/\/www.lerendezvous.mu\/product\/huiles-de-massage-avant-apres-effort\/","name":"Huile de Massage - Le Rendez-Vous","isPartOf":{"@id":"https:\/\/www.lerendezvous.mu\/#website"},"primaryImageOfPage":{"@id":"https:\/\/www.lerendezvous.mu\/product\/huiles-de-massage-avant-apres-effort\/#primaryimage"},"image":{"@id":"https:\/\/www.lerendezvous.mu\/product\/huiles-de-massage-avant-apres-effort\/#primaryimage"},"thumbnailUrl":"https:\/\/www.lerendezvous.mu\/wp-content\/uploads\/2025\/11\/65b4f3a9-ddb8-42e2-853d-3c4c1066367a.jpg","datePublished":"2025-11-07T11:00:18+00:00","dateModified":"2026-04-02T09:40:27+00:00","description":"Deux huiles de massage con\u00e7ues pour accompagner le corps dans ses phases d\u2019activit\u00e9\u202f, que ce soit avant ou apr\u00e8s l'effort.","breadcrumb":{"@id":"https:\/\/www.lerendezvous.mu\/product\/huiles-de-massage-avant-apres-effort\/#breadcrumb"},"inLanguage":"en-US","potentialAction":[{"@type":"ReadAction","target":["https:\/\/www.lerendezvous.mu\/product\/huiles-de-massage-avant-apres-effort\/"]}]},{"@type":"ImageObject","inLanguage":"en-US","@id":"https:\/\/www.lerendezvous.mu\/product\/huiles-de-massage-avant-apres-effort\/#primaryimage","url":"https:\/\/www.lerendezvous.mu\/wp-content\/uploads\/2025\/11\/65b4f3a9-ddb8-42e2-853d-3c4c1066367a.jpg","contentUrl":"https:\/\/www.lerendezvous.mu\/wp-content\/uploads\/2025\/11\/65b4f3a9-ddb8-42e2-853d-3c4c1066367a.jpg","width":477,"height":500,"caption":"132"},{"@type":"BreadcrumbList","@id":"https:\/\/www.lerendezvous.mu\/product\/huiles-de-massage-avant-apres-effort\/#breadcrumb","itemListElement":[{"@type":"ListItem","position":1,"name":"Home","item":"https:\/\/www.lerendezvous.mu\/"},{"@type":"ListItem","position":2,"name":"Shop","item":"https:\/\/www.lerendezvous.mu\/shop\/"},{"@type":"ListItem","position":3,"name":"Huile de Massage"}]},{"@type":"WebSite","@id":"https:\/\/www.lerendezvous.mu\/#website","url":"https:\/\/www.lerendezvous.mu\/","name":"Le Rendez-Vous","description":"100% moricien","publisher":{"@id":"https:\/\/www.lerendezvous.mu\/#organization"},"potentialAction":[{"@type":"SearchAction","target":{"@type":"EntryPoint","urlTemplate":"https:\/\/www.lerendezvous.mu\/?s={search_term_string}"},"query-input":{"@type":"PropertyValueSpecification","valueRequired":true,"valueName":"search_term_string"}}],"inLanguage":"en-US"},{"@type":"Organization","@id":"https:\/\/www.lerendezvous.mu\/#organization","name":"Le Rendez-Vous","url":"https:\/\/www.lerendezvous.mu\/","logo":{"@type":"ImageObject","inLanguage":"en-US","@id":"https:\/\/www.lerendezvous.mu\/#\/schema\/logo\/image\/","url":"https:\/\/www.lerendezvous.mu\/wp-content\/uploads\/2025\/10\/lrdv-logo.png","contentUrl":"https:\/\/www.lerendezvous.mu\/wp-content\/uploads\/2025\/10\/lrdv-logo.png","width":568,"height":232,"caption":"Le Rendez-Vous"},"image":{"@id":"https:\/\/www.lerendezvous.mu\/#\/schema\/logo\/image\/"},"sameAs":["https:\/\/www.facebook.com\/lerendezvousmauritius","https:\/\/www.instagram.com\/lerendezvous_mauritius"]}]}},"_links":{"self":[{"href":"https:\/\/www.lerendezvous.mu\/en\/wp-json\/wp\/v2\/product\/2852","targetHints":{"allow":["GET"]}}],"collection":[{"href":"https:\/\/www.lerendezvous.mu\/en\/wp-json\/wp\/v2\/product"}],"about":[{"href":"https:\/\/www.lerendezvous.mu\/en\/wp-json\/wp\/v2\/types\/product"}],"replies":[{"embeddable":true,"href":"https:\/\/www.lerendezvous.mu\/en\/wp-json\/wp\/v2\/comments?post=2852"}],"wp:featuredmedia":[{"embeddable":true,"href":"https:\/\/www.lerendezvous.mu\/en\/wp-json\/wp\/v2\/media\/3396"}],"wp:attachment":[{"href":"https:\/\/www.lerendezvous.mu\/en\/wp-json\/wp\/v2\/media?parent=2852"}],"wp:term":[{"taxonomy":"badge","embeddable":true,"href":"https:\/\/www.lerendezvous.mu\/en\/wp-json\/wp\/v2\/badge?post=2852"},{"taxonomy":"subtag","embeddable":true,"href":"https:\/\/www.lerendezvous.mu\/en\/wp-json\/wp\/v2\/subtag?post=2852"},{"taxonomy":"product_brand","embeddable":true,"href":"https:\/\/www.lerendezvous.mu\/en\/wp-json\/wp\/v2\/product_brand?post=2852"},{"taxonomy":"product_cat","embeddable":true,"href":"https:\/\/www.lerendezvous.mu\/en\/wp-json\/wp\/v2\/product_cat?post=2852"},{"taxonomy":"product_tag","embeddable":true,"href":"https:\/\/www.lerendezvous.mu\/en\/wp-json\/wp\/v2\/product_tag?post=2852"}],"curies":[{"name":"wp","href":"https:\/\/api.w.org\/{rel}","templated":true}]}}