{"id":2867,"date":"2025-11-07T15:06:35","date_gmt":"2025-11-07T11:06:35","guid":{"rendered":"http:\/\/www.lerendezvous.mu\/product\/kaya-est-mort\/"},"modified":"2026-05-02T13:18:15","modified_gmt":"2026-05-02T09:18:15","slug":"kaya-est-mort","status":"publish","type":"product","link":"https:\/\/www.lerendezvous.mu\/en\/product\/kaya-est-mort\/","title":{"rendered":"Kaya est mort !"},"content":{"rendered":"<p>Un livre puissant et engag\u00e9 qui revisite la disparition de l\u2019ic\u00f4ne mauricienne Kaya en 1999 et les r\u00e9percussions sociales qui ont suivi. \u00c0 travers le regard d\u2019un adolescent devenu adulte, l\u2019auteur explore m\u00e9moire, identit\u00e9 et tensions soci\u00e9tales \u00e0 l\u2019\u00cele\u202fMaurice.<\/p>","protected":false},"excerpt":{"rendered":"<p>Un livre puissant et engag\u00e9 qui revisite la disparition de l\u2019ic\u00f4ne mauricienne Kaya en 1999 et les r\u00e9percussions sociales qui ont suivi. \u00c0 travers le regard d\u2019un adolescent devenu adulte, l\u2019auteur explore m\u00e9moire, identit\u00e9 et tensions soci\u00e9tales \u00e0 l\u2019\u00cele\u202fMaurice.<\/p>","protected":false},"featured_media":3386,"comment_status":"open","ping_status":"closed","template":"","meta":{"_acf_changed":false},"badge":[],"subtag":[44,45],"product_brand":[],"product_cat":[130],"product_tag":[97],"class_list":{"0":"post-2867","1":"product","2":"type-product","3":"status-publish","4":"has-post-thumbnail","6":"subtag-librairie-papeterie","7":"subtag-livres","8":"product_cat-vizavi","9":"product_tag-librairie","11":"first","12":"instock","13":"purchasable","14":"product-type-simple"},"acf":[],"yoast_head":"<!-- This site is optimized with the Yoast SEO plugin v27.5 - https:\/\/yoast.com\/product\/yoast-seo-wordpress\/ -->\n<title>Kaya est mort ! - Le Rendez-Vous<\/title>\n<meta name=\"description\" content=\"Un livre puissant et engag\u00e9 qui revisite la disparition de l\u2019ic\u00f4ne mauricienne Kaya en 1999 et les r\u00e9percussions sociales qui ont suivi.\" \/>\n<meta name=\"robots\" content=\"index, follow, max-snippet:-1, max-image-preview:large, max-video-preview:-1\" \/>\n<link rel=\"canonical\" href=\"https:\/\/www.lerendezvous.mu\/en\/product\/kaya-est-mort\/\" \/>\n<meta property=\"og:locale\" content=\"en_US\" \/>\n<meta property=\"og:type\" content=\"article\" \/>\n<meta property=\"og:title\" content=\"Kaya est mort ! - Le Rendez-Vous\" \/>\n<meta property=\"og:description\" content=\"Un livre puissant et engag\u00e9 qui revisite la disparition de l\u2019ic\u00f4ne mauricienne Kaya en 1999 et les r\u00e9percussions sociales qui ont suivi.\" \/>\n<meta property=\"og:url\" content=\"https:\/\/www.lerendezvous.mu\/en\/product\/kaya-est-mort\/\" \/>\n<meta property=\"og:site_name\" content=\"Le Rendez-Vous\" \/>\n<meta property=\"article:publisher\" content=\"https:\/\/www.facebook.com\/lerendezvousmauritius\" \/>\n<meta property=\"article:modified_time\" content=\"2026-05-02T09:18:15+00:00\" \/>\n<meta property=\"og:image\" content=\"https:\/\/www.lerendezvous.mu\/wp-content\/uploads\/2025\/11\/ad617cda-82f6-42d5-afec-53af4b948073.jpg\" \/>\n\t<meta property=\"og:image:width\" content=\"500\" \/>\n\t<meta property=\"og:image:height\" content=\"366\" \/>\n\t<meta property=\"og:image:type\" content=\"image\/jpeg\" \/>\n<meta name=\"twitter:card\" content=\"summary_large_image\" \/>\n<meta name=\"twitter:label1\" content=\"Est. reading time\" \/>\n\t<meta name=\"twitter:data1\" content=\"1 minute\" \/>\n<script type=\"application\/ld+json\" class=\"yoast-schema-graph\">{\"@context\":\"https:\\\/\\\/schema.org\",\"@graph\":[{\"@type\":\"WebPage\",\"@id\":\"https:\\\/\\\/www.lerendezvous.mu\\\/product\\\/kaya-est-mort\\\/\",\"url\":\"https:\\\/\\\/www.lerendezvous.mu\\\/product\\\/kaya-est-mort\\\/\",\"name\":\"Kaya est mort ! - Le Rendez-Vous\",\"isPartOf\":{\"@id\":\"https:\\\/\\\/www.lerendezvous.mu\\\/#website\"},\"primaryImageOfPage\":{\"@id\":\"https:\\\/\\\/www.lerendezvous.mu\\\/product\\\/kaya-est-mort\\\/#primaryimage\"},\"image\":{\"@id\":\"https:\\\/\\\/www.lerendezvous.mu\\\/product\\\/kaya-est-mort\\\/#primaryimage\"},\"thumbnailUrl\":\"https:\\\/\\\/www.lerendezvous.mu\\\/wp-content\\\/uploads\\\/2025\\\/11\\\/ad617cda-82f6-42d5-afec-53af4b948073.jpg\",\"datePublished\":\"2025-11-07T11:06:35+00:00\",\"dateModified\":\"2026-05-02T09:18:15+00:00\",\"description\":\"Un livre puissant et engag\u00e9 qui revisite la disparition de l\u2019ic\u00f4ne mauricienne Kaya en 1999 et les r\u00e9percussions sociales qui ont suivi.\",\"breadcrumb\":{\"@id\":\"https:\\\/\\\/www.lerendezvous.mu\\\/product\\\/kaya-est-mort\\\/#breadcrumb\"},\"inLanguage\":\"en-US\",\"potentialAction\":[{\"@type\":\"ReadAction\",\"target\":[\"https:\\\/\\\/www.lerendezvous.mu\\\/product\\\/kaya-est-mort\\\/\"]}]},{\"@type\":\"ImageObject\",\"inLanguage\":\"en-US\",\"@id\":\"https:\\\/\\\/www.lerendezvous.mu\\\/product\\\/kaya-est-mort\\\/#primaryimage\",\"url\":\"https:\\\/\\\/www.lerendezvous.mu\\\/wp-content\\\/uploads\\\/2025\\\/11\\\/ad617cda-82f6-42d5-afec-53af4b948073.jpg\",\"contentUrl\":\"https:\\\/\\\/www.lerendezvous.mu\\\/wp-content\\\/uploads\\\/2025\\\/11\\\/ad617cda-82f6-42d5-afec-53af4b948073.jpg\",\"width\":500,\"height\":366,\"caption\":\"146\"},{\"@type\":\"BreadcrumbList\",\"@id\":\"https:\\\/\\\/www.lerendezvous.mu\\\/product\\\/kaya-est-mort\\\/#breadcrumb\",\"itemListElement\":[{\"@type\":\"ListItem\",\"position\":1,\"name\":\"Home\",\"item\":\"https:\\\/\\\/www.lerendezvous.mu\\\/\"},{\"@type\":\"ListItem\",\"position\":2,\"name\":\"Shop\",\"item\":\"https:\\\/\\\/www.lerendezvous.mu\\\/shop\\\/\"},{\"@type\":\"ListItem\",\"position\":3,\"name\":\"Kaya est mort !\"}]},{\"@type\":\"WebSite\",\"@id\":\"https:\\\/\\\/www.lerendezvous.mu\\\/#website\",\"url\":\"https:\\\/\\\/www.lerendezvous.mu\\\/\",\"name\":\"Le Rendez-Vous\",\"description\":\"100% moricien\",\"publisher\":{\"@id\":\"https:\\\/\\\/www.lerendezvous.mu\\\/#organization\"},\"potentialAction\":[{\"@type\":\"SearchAction\",\"target\":{\"@type\":\"EntryPoint\",\"urlTemplate\":\"https:\\\/\\\/www.lerendezvous.mu\\\/?s={search_term_string}\"},\"query-input\":{\"@type\":\"PropertyValueSpecification\",\"valueRequired\":true,\"valueName\":\"search_term_string\"}}],\"inLanguage\":\"en-US\"},{\"@type\":\"Organization\",\"@id\":\"https:\\\/\\\/www.lerendezvous.mu\\\/#organization\",\"name\":\"Le Rendez-Vous\",\"url\":\"https:\\\/\\\/www.lerendezvous.mu\\\/\",\"logo\":{\"@type\":\"ImageObject\",\"inLanguage\":\"en-US\",\"@id\":\"https:\\\/\\\/www.lerendezvous.mu\\\/#\\\/schema\\\/logo\\\/image\\\/\",\"url\":\"https:\\\/\\\/www.lerendezvous.mu\\\/wp-content\\\/uploads\\\/2025\\\/10\\\/lrdv-logo.png\",\"contentUrl\":\"https:\\\/\\\/www.lerendezvous.mu\\\/wp-content\\\/uploads\\\/2025\\\/10\\\/lrdv-logo.png\",\"width\":568,\"height\":232,\"caption\":\"Le Rendez-Vous\"},\"image\":{\"@id\":\"https:\\\/\\\/www.lerendezvous.mu\\\/#\\\/schema\\\/logo\\\/image\\\/\"},\"sameAs\":[\"https:\\\/\\\/www.facebook.com\\\/lerendezvousmauritius\",\"https:\\\/\\\/www.instagram.com\\\/lerendezvous_mauritius\"]}]}<\/script>\n<!-- \/ Yoast SEO plugin. -->","yoast_head_json":{"title":"Kaya est mort ! - Le Rendez-Vous","description":"Un livre puissant et engag\u00e9 qui revisite la disparition de l\u2019ic\u00f4ne mauricienne Kaya en 1999 et les r\u00e9percussions sociales qui ont suivi.","robots":{"index":"index","follow":"follow","max-snippet":"max-snippet:-1","max-image-preview":"max-image-preview:large","max-video-preview":"max-video-preview:-1"},"canonical":"https:\/\/www.lerendezvous.mu\/en\/product\/kaya-est-mort\/","og_locale":"en_US","og_type":"article","og_title":"Kaya est mort ! - Le Rendez-Vous","og_description":"Un livre puissant et engag\u00e9 qui revisite la disparition de l\u2019ic\u00f4ne mauricienne Kaya en 1999 et les r\u00e9percussions sociales qui ont suivi.","og_url":"https:\/\/www.lerendezvous.mu\/en\/product\/kaya-est-mort\/","og_site_name":"Le Rendez-Vous","article_publisher":"https:\/\/www.facebook.com\/lerendezvousmauritius","article_modified_time":"2026-05-02T09:18:15+00:00","og_image":[{"width":500,"height":366,"url":"https:\/\/www.lerendezvous.mu\/wp-content\/uploads\/2025\/11\/ad617cda-82f6-42d5-afec-53af4b948073.jpg","type":"image\/jpeg"}],"twitter_card":"summary_large_image","twitter_misc":{"Est. reading time":"1 minute"},"schema":{"@context":"https:\/\/schema.org","@graph":[{"@type":"WebPage","@id":"https:\/\/www.lerendezvous.mu\/product\/kaya-est-mort\/","url":"https:\/\/www.lerendezvous.mu\/product\/kaya-est-mort\/","name":"Kaya est mort ! - Le Rendez-Vous","isPartOf":{"@id":"https:\/\/www.lerendezvous.mu\/#website"},"primaryImageOfPage":{"@id":"https:\/\/www.lerendezvous.mu\/product\/kaya-est-mort\/#primaryimage"},"image":{"@id":"https:\/\/www.lerendezvous.mu\/product\/kaya-est-mort\/#primaryimage"},"thumbnailUrl":"https:\/\/www.lerendezvous.mu\/wp-content\/uploads\/2025\/11\/ad617cda-82f6-42d5-afec-53af4b948073.jpg","datePublished":"2025-11-07T11:06:35+00:00","dateModified":"2026-05-02T09:18:15+00:00","description":"Un livre puissant et engag\u00e9 qui revisite la disparition de l\u2019ic\u00f4ne mauricienne Kaya en 1999 et les r\u00e9percussions sociales qui ont suivi.","breadcrumb":{"@id":"https:\/\/www.lerendezvous.mu\/product\/kaya-est-mort\/#breadcrumb"},"inLanguage":"en-US","potentialAction":[{"@type":"ReadAction","target":["https:\/\/www.lerendezvous.mu\/product\/kaya-est-mort\/"]}]},{"@type":"ImageObject","inLanguage":"en-US","@id":"https:\/\/www.lerendezvous.mu\/product\/kaya-est-mort\/#primaryimage","url":"https:\/\/www.lerendezvous.mu\/wp-content\/uploads\/2025\/11\/ad617cda-82f6-42d5-afec-53af4b948073.jpg","contentUrl":"https:\/\/www.lerendezvous.mu\/wp-content\/uploads\/2025\/11\/ad617cda-82f6-42d5-afec-53af4b948073.jpg","width":500,"height":366,"caption":"146"},{"@type":"BreadcrumbList","@id":"https:\/\/www.lerendezvous.mu\/product\/kaya-est-mort\/#breadcrumb","itemListElement":[{"@type":"ListItem","position":1,"name":"Home","item":"https:\/\/www.lerendezvous.mu\/"},{"@type":"ListItem","position":2,"name":"Shop","item":"https:\/\/www.lerendezvous.mu\/shop\/"},{"@type":"ListItem","position":3,"name":"Kaya est mort !"}]},{"@type":"WebSite","@id":"https:\/\/www.lerendezvous.mu\/#website","url":"https:\/\/www.lerendezvous.mu\/","name":"Le Rendez-Vous","description":"100% moricien","publisher":{"@id":"https:\/\/www.lerendezvous.mu\/#organization"},"potentialAction":[{"@type":"SearchAction","target":{"@type":"EntryPoint","urlTemplate":"https:\/\/www.lerendezvous.mu\/?s={search_term_string}"},"query-input":{"@type":"PropertyValueSpecification","valueRequired":true,"valueName":"search_term_string"}}],"inLanguage":"en-US"},{"@type":"Organization","@id":"https:\/\/www.lerendezvous.mu\/#organization","name":"Le Rendez-Vous","url":"https:\/\/www.lerendezvous.mu\/","logo":{"@type":"ImageObject","inLanguage":"en-US","@id":"https:\/\/www.lerendezvous.mu\/#\/schema\/logo\/image\/","url":"https:\/\/www.lerendezvous.mu\/wp-content\/uploads\/2025\/10\/lrdv-logo.png","contentUrl":"https:\/\/www.lerendezvous.mu\/wp-content\/uploads\/2025\/10\/lrdv-logo.png","width":568,"height":232,"caption":"Le Rendez-Vous"},"image":{"@id":"https:\/\/www.lerendezvous.mu\/#\/schema\/logo\/image\/"},"sameAs":["https:\/\/www.facebook.com\/lerendezvousmauritius","https:\/\/www.instagram.com\/lerendezvous_mauritius"]}]}},"_links":{"self":[{"href":"https:\/\/www.lerendezvous.mu\/en\/wp-json\/wp\/v2\/product\/2867","targetHints":{"allow":["GET"]}}],"collection":[{"href":"https:\/\/www.lerendezvous.mu\/en\/wp-json\/wp\/v2\/product"}],"about":[{"href":"https:\/\/www.lerendezvous.mu\/en\/wp-json\/wp\/v2\/types\/product"}],"replies":[{"embeddable":true,"href":"https:\/\/www.lerendezvous.mu\/en\/wp-json\/wp\/v2\/comments?post=2867"}],"wp:featuredmedia":[{"embeddable":true,"href":"https:\/\/www.lerendezvous.mu\/en\/wp-json\/wp\/v2\/media\/3386"}],"wp:attachment":[{"href":"https:\/\/www.lerendezvous.mu\/en\/wp-json\/wp\/v2\/media?parent=2867"}],"wp:term":[{"taxonomy":"badge","embeddable":true,"href":"https:\/\/www.lerendezvous.mu\/en\/wp-json\/wp\/v2\/badge?post=2867"},{"taxonomy":"subtag","embeddable":true,"href":"https:\/\/www.lerendezvous.mu\/en\/wp-json\/wp\/v2\/subtag?post=2867"},{"taxonomy":"product_brand","embeddable":true,"href":"https:\/\/www.lerendezvous.mu\/en\/wp-json\/wp\/v2\/product_brand?post=2867"},{"taxonomy":"product_cat","embeddable":true,"href":"https:\/\/www.lerendezvous.mu\/en\/wp-json\/wp\/v2\/product_cat?post=2867"},{"taxonomy":"product_tag","embeddable":true,"href":"https:\/\/www.lerendezvous.mu\/en\/wp-json\/wp\/v2\/product_tag?post=2867"}],"curies":[{"name":"wp","href":"https:\/\/api.w.org\/{rel}","templated":true}]}}