{"id":3021,"date":"2025-11-10T13:10:46","date_gmt":"2025-11-10T09:10:46","guid":{"rendered":"http:\/\/www.lerendezvous.mu\/product\/planty-tea-bags\/"},"modified":"2026-04-25T15:57:28","modified_gmt":"2026-04-25T11:57:28","slug":"planty-tea-bags","status":"publish","type":"product","link":"https:\/\/www.lerendezvous.mu\/en\/product\/planty-tea-bags\/","title":{"rendered":"Planty Tea Bags"},"content":{"rendered":"<p>Ancr\u00e9e dans un savoir\u2011faire local, la marque Planty unit des th\u00e9s mauriciens uniques \u00e0 des herbes, fruits et \u00e9pices cultiv\u00e9s sur l\u2019\u00eele selon les normes bio et certifi\u00e9s \u00ab\u202fFair\u202ffor\u202fLife\u202f\u00bb. Leurs assemblages s\u2019\u00e9tendent de tisanes apaisantes \u00e0 des th\u00e9s verts et noirs fruit\u00e9s et dynamiques. Chaque m\u00e9lange illustre l\u2019harmonie entre les ingr\u00e9dients et met en lumi\u00e8re le terroir singulier de l\u2019\u00eele.<\/p>","protected":false},"excerpt":{"rendered":"<p>Ancr\u00e9e dans un savoir\u2011faire local, la marque Planty unit des th\u00e9s mauriciens uniques \u00e0 des herbes, fruits et \u00e9pices cultiv\u00e9s sur l\u2019\u00eele selon les normes bio et certifi\u00e9s \u00ab\u202fFair\u202ffor\u202fLife\u202f\u00bb. Leurs assemblages s\u2019\u00e9tendent de tisanes apaisantes \u00e0 des th\u00e9s verts et noirs fruit\u00e9s et dynamiques. Chaque m\u00e9lange illustre l\u2019harmonie entre les ingr\u00e9dients et met en lumi\u00e8re [&hellip;]<\/p>\n","protected":false},"featured_media":5371,"comment_status":"open","ping_status":"closed","template":"","meta":{"_acf_changed":false},"badge":[],"subtag":[70,72],"product_brand":[],"product_cat":[156],"product_tag":[115],"class_list":{"0":"post-3021","1":"product","2":"type-product","3":"status-publish","4":"has-post-thumbnail","6":"subtag-gourmet","7":"subtag-thes","8":"product_cat-planty","9":"product_tag-healthcare","11":"first","12":"instock","13":"purchasable","14":"product-type-variable"},"acf":[],"yoast_head":"<!-- This site is optimized with the Yoast SEO plugin v27.5 - https:\/\/yoast.com\/product\/yoast-seo-wordpress\/ -->\n<title>Planty Tea Bags - Le Rendez-Vous<\/title>\n<meta name=\"robots\" content=\"index, follow, max-snippet:-1, max-image-preview:large, max-video-preview:-1\" \/>\n<link rel=\"canonical\" href=\"https:\/\/www.lerendezvous.mu\/en\/product\/planty-tea-bags\/\" \/>\n<meta property=\"og:locale\" content=\"en_US\" \/>\n<meta property=\"og:type\" content=\"article\" \/>\n<meta property=\"og:title\" content=\"Planty Tea Bags - Le Rendez-Vous\" \/>\n<meta property=\"og:description\" content=\"Ancr\u00e9e dans un savoir\u2011faire local, la marque Planty unit des th\u00e9s mauriciens uniques \u00e0 des herbes, fruits et \u00e9pices cultiv\u00e9s sur l\u2019\u00eele selon les normes bio et certifi\u00e9s \u00ab\u202fFair\u202ffor\u202fLife\u202f\u00bb. Leurs assemblages s\u2019\u00e9tendent de tisanes apaisantes \u00e0 des th\u00e9s verts et noirs fruit\u00e9s et dynamiques. Chaque m\u00e9lange illustre l\u2019harmonie entre les ingr\u00e9dients et met en lumi\u00e8re [&hellip;]\" \/>\n<meta property=\"og:url\" content=\"https:\/\/www.lerendezvous.mu\/en\/product\/planty-tea-bags\/\" \/>\n<meta property=\"og:site_name\" content=\"Le Rendez-Vous\" \/>\n<meta property=\"article:publisher\" content=\"https:\/\/www.facebook.com\/lerendezvousmauritius\" \/>\n<meta property=\"article:modified_time\" content=\"2026-04-25T11:57:28+00:00\" \/>\n<meta property=\"og:image\" content=\"https:\/\/www.lerendezvous.mu\/wp-content\/uploads\/2025\/11\/planty-all-teas-1024x683.jpg\" \/>\n\t<meta property=\"og:image:width\" content=\"1024\" \/>\n\t<meta property=\"og:image:height\" content=\"683\" \/>\n\t<meta property=\"og:image:type\" content=\"image\/jpeg\" \/>\n<meta name=\"twitter:card\" content=\"summary_large_image\" \/>\n<meta name=\"twitter:label1\" content=\"Est. reading time\" \/>\n\t<meta name=\"twitter:data1\" content=\"1 minute\" \/>\n<script type=\"application\/ld+json\" class=\"yoast-schema-graph\">{\"@context\":\"https:\\\/\\\/schema.org\",\"@graph\":[{\"@type\":\"WebPage\",\"@id\":\"https:\\\/\\\/www.lerendezvous.mu\\\/product\\\/planty-tea-bags\\\/\",\"url\":\"https:\\\/\\\/www.lerendezvous.mu\\\/product\\\/planty-tea-bags\\\/\",\"name\":\"Planty Tea Bags - Le Rendez-Vous\",\"isPartOf\":{\"@id\":\"https:\\\/\\\/www.lerendezvous.mu\\\/#website\"},\"primaryImageOfPage\":{\"@id\":\"https:\\\/\\\/www.lerendezvous.mu\\\/product\\\/planty-tea-bags\\\/#primaryimage\"},\"image\":{\"@id\":\"https:\\\/\\\/www.lerendezvous.mu\\\/product\\\/planty-tea-bags\\\/#primaryimage\"},\"thumbnailUrl\":\"https:\\\/\\\/www.lerendezvous.mu\\\/wp-content\\\/uploads\\\/2025\\\/11\\\/planty-all-teas.jpg\",\"datePublished\":\"2025-11-10T09:10:46+00:00\",\"dateModified\":\"2026-04-25T11:57:28+00:00\",\"breadcrumb\":{\"@id\":\"https:\\\/\\\/www.lerendezvous.mu\\\/product\\\/planty-tea-bags\\\/#breadcrumb\"},\"inLanguage\":\"en-US\",\"potentialAction\":[{\"@type\":\"ReadAction\",\"target\":[\"https:\\\/\\\/www.lerendezvous.mu\\\/product\\\/planty-tea-bags\\\/\"]}]},{\"@type\":\"ImageObject\",\"inLanguage\":\"en-US\",\"@id\":\"https:\\\/\\\/www.lerendezvous.mu\\\/product\\\/planty-tea-bags\\\/#primaryimage\",\"url\":\"https:\\\/\\\/www.lerendezvous.mu\\\/wp-content\\\/uploads\\\/2025\\\/11\\\/planty-all-teas.jpg\",\"contentUrl\":\"https:\\\/\\\/www.lerendezvous.mu\\\/wp-content\\\/uploads\\\/2025\\\/11\\\/planty-all-teas.jpg\",\"width\":9504,\"height\":6336},{\"@type\":\"BreadcrumbList\",\"@id\":\"https:\\\/\\\/www.lerendezvous.mu\\\/product\\\/planty-tea-bags\\\/#breadcrumb\",\"itemListElement\":[{\"@type\":\"ListItem\",\"position\":1,\"name\":\"Home\",\"item\":\"https:\\\/\\\/www.lerendezvous.mu\\\/\"},{\"@type\":\"ListItem\",\"position\":2,\"name\":\"Shop\",\"item\":\"https:\\\/\\\/www.lerendezvous.mu\\\/shop\\\/\"},{\"@type\":\"ListItem\",\"position\":3,\"name\":\"Planty Tea Bags\"}]},{\"@type\":\"WebSite\",\"@id\":\"https:\\\/\\\/www.lerendezvous.mu\\\/#website\",\"url\":\"https:\\\/\\\/www.lerendezvous.mu\\\/\",\"name\":\"Le Rendez-Vous\",\"description\":\"100% moricien\",\"publisher\":{\"@id\":\"https:\\\/\\\/www.lerendezvous.mu\\\/#organization\"},\"potentialAction\":[{\"@type\":\"SearchAction\",\"target\":{\"@type\":\"EntryPoint\",\"urlTemplate\":\"https:\\\/\\\/www.lerendezvous.mu\\\/?s={search_term_string}\"},\"query-input\":{\"@type\":\"PropertyValueSpecification\",\"valueRequired\":true,\"valueName\":\"search_term_string\"}}],\"inLanguage\":\"en-US\"},{\"@type\":\"Organization\",\"@id\":\"https:\\\/\\\/www.lerendezvous.mu\\\/#organization\",\"name\":\"Le Rendez-Vous\",\"url\":\"https:\\\/\\\/www.lerendezvous.mu\\\/\",\"logo\":{\"@type\":\"ImageObject\",\"inLanguage\":\"en-US\",\"@id\":\"https:\\\/\\\/www.lerendezvous.mu\\\/#\\\/schema\\\/logo\\\/image\\\/\",\"url\":\"https:\\\/\\\/www.lerendezvous.mu\\\/wp-content\\\/uploads\\\/2025\\\/10\\\/lrdv-logo.png\",\"contentUrl\":\"https:\\\/\\\/www.lerendezvous.mu\\\/wp-content\\\/uploads\\\/2025\\\/10\\\/lrdv-logo.png\",\"width\":568,\"height\":232,\"caption\":\"Le Rendez-Vous\"},\"image\":{\"@id\":\"https:\\\/\\\/www.lerendezvous.mu\\\/#\\\/schema\\\/logo\\\/image\\\/\"},\"sameAs\":[\"https:\\\/\\\/www.facebook.com\\\/lerendezvousmauritius\",\"https:\\\/\\\/www.instagram.com\\\/lerendezvous_mauritius\"]}]}<\/script>\n<!-- \/ Yoast SEO plugin. -->","yoast_head_json":{"title":"Planty Tea Bags - Le Rendez-Vous","robots":{"index":"index","follow":"follow","max-snippet":"max-snippet:-1","max-image-preview":"max-image-preview:large","max-video-preview":"max-video-preview:-1"},"canonical":"https:\/\/www.lerendezvous.mu\/en\/product\/planty-tea-bags\/","og_locale":"en_US","og_type":"article","og_title":"Planty Tea Bags - Le Rendez-Vous","og_description":"Ancr\u00e9e dans un savoir\u2011faire local, la marque Planty unit des th\u00e9s mauriciens uniques \u00e0 des herbes, fruits et \u00e9pices cultiv\u00e9s sur l\u2019\u00eele selon les normes bio et certifi\u00e9s \u00ab\u202fFair\u202ffor\u202fLife\u202f\u00bb. Leurs assemblages s\u2019\u00e9tendent de tisanes apaisantes \u00e0 des th\u00e9s verts et noirs fruit\u00e9s et dynamiques. Chaque m\u00e9lange illustre l\u2019harmonie entre les ingr\u00e9dients et met en lumi\u00e8re [&hellip;]","og_url":"https:\/\/www.lerendezvous.mu\/en\/product\/planty-tea-bags\/","og_site_name":"Le Rendez-Vous","article_publisher":"https:\/\/www.facebook.com\/lerendezvousmauritius","article_modified_time":"2026-04-25T11:57:28+00:00","og_image":[{"width":1024,"height":683,"url":"https:\/\/www.lerendezvous.mu\/wp-content\/uploads\/2025\/11\/planty-all-teas-1024x683.jpg","type":"image\/jpeg"}],"twitter_card":"summary_large_image","twitter_misc":{"Est. reading time":"1 minute"},"schema":{"@context":"https:\/\/schema.org","@graph":[{"@type":"WebPage","@id":"https:\/\/www.lerendezvous.mu\/product\/planty-tea-bags\/","url":"https:\/\/www.lerendezvous.mu\/product\/planty-tea-bags\/","name":"Planty Tea Bags - Le Rendez-Vous","isPartOf":{"@id":"https:\/\/www.lerendezvous.mu\/#website"},"primaryImageOfPage":{"@id":"https:\/\/www.lerendezvous.mu\/product\/planty-tea-bags\/#primaryimage"},"image":{"@id":"https:\/\/www.lerendezvous.mu\/product\/planty-tea-bags\/#primaryimage"},"thumbnailUrl":"https:\/\/www.lerendezvous.mu\/wp-content\/uploads\/2025\/11\/planty-all-teas.jpg","datePublished":"2025-11-10T09:10:46+00:00","dateModified":"2026-04-25T11:57:28+00:00","breadcrumb":{"@id":"https:\/\/www.lerendezvous.mu\/product\/planty-tea-bags\/#breadcrumb"},"inLanguage":"en-US","potentialAction":[{"@type":"ReadAction","target":["https:\/\/www.lerendezvous.mu\/product\/planty-tea-bags\/"]}]},{"@type":"ImageObject","inLanguage":"en-US","@id":"https:\/\/www.lerendezvous.mu\/product\/planty-tea-bags\/#primaryimage","url":"https:\/\/www.lerendezvous.mu\/wp-content\/uploads\/2025\/11\/planty-all-teas.jpg","contentUrl":"https:\/\/www.lerendezvous.mu\/wp-content\/uploads\/2025\/11\/planty-all-teas.jpg","width":9504,"height":6336},{"@type":"BreadcrumbList","@id":"https:\/\/www.lerendezvous.mu\/product\/planty-tea-bags\/#breadcrumb","itemListElement":[{"@type":"ListItem","position":1,"name":"Home","item":"https:\/\/www.lerendezvous.mu\/"},{"@type":"ListItem","position":2,"name":"Shop","item":"https:\/\/www.lerendezvous.mu\/shop\/"},{"@type":"ListItem","position":3,"name":"Planty Tea Bags"}]},{"@type":"WebSite","@id":"https:\/\/www.lerendezvous.mu\/#website","url":"https:\/\/www.lerendezvous.mu\/","name":"Le Rendez-Vous","description":"100% moricien","publisher":{"@id":"https:\/\/www.lerendezvous.mu\/#organization"},"potentialAction":[{"@type":"SearchAction","target":{"@type":"EntryPoint","urlTemplate":"https:\/\/www.lerendezvous.mu\/?s={search_term_string}"},"query-input":{"@type":"PropertyValueSpecification","valueRequired":true,"valueName":"search_term_string"}}],"inLanguage":"en-US"},{"@type":"Organization","@id":"https:\/\/www.lerendezvous.mu\/#organization","name":"Le Rendez-Vous","url":"https:\/\/www.lerendezvous.mu\/","logo":{"@type":"ImageObject","inLanguage":"en-US","@id":"https:\/\/www.lerendezvous.mu\/#\/schema\/logo\/image\/","url":"https:\/\/www.lerendezvous.mu\/wp-content\/uploads\/2025\/10\/lrdv-logo.png","contentUrl":"https:\/\/www.lerendezvous.mu\/wp-content\/uploads\/2025\/10\/lrdv-logo.png","width":568,"height":232,"caption":"Le Rendez-Vous"},"image":{"@id":"https:\/\/www.lerendezvous.mu\/#\/schema\/logo\/image\/"},"sameAs":["https:\/\/www.facebook.com\/lerendezvousmauritius","https:\/\/www.instagram.com\/lerendezvous_mauritius"]}]}},"_links":{"self":[{"href":"https:\/\/www.lerendezvous.mu\/en\/wp-json\/wp\/v2\/product\/3021","targetHints":{"allow":["GET"]}}],"collection":[{"href":"https:\/\/www.lerendezvous.mu\/en\/wp-json\/wp\/v2\/product"}],"about":[{"href":"https:\/\/www.lerendezvous.mu\/en\/wp-json\/wp\/v2\/types\/product"}],"replies":[{"embeddable":true,"href":"https:\/\/www.lerendezvous.mu\/en\/wp-json\/wp\/v2\/comments?post=3021"}],"wp:featuredmedia":[{"embeddable":true,"href":"https:\/\/www.lerendezvous.mu\/en\/wp-json\/wp\/v2\/media\/5371"}],"wp:attachment":[{"href":"https:\/\/www.lerendezvous.mu\/en\/wp-json\/wp\/v2\/media?parent=3021"}],"wp:term":[{"taxonomy":"badge","embeddable":true,"href":"https:\/\/www.lerendezvous.mu\/en\/wp-json\/wp\/v2\/badge?post=3021"},{"taxonomy":"subtag","embeddable":true,"href":"https:\/\/www.lerendezvous.mu\/en\/wp-json\/wp\/v2\/subtag?post=3021"},{"taxonomy":"product_brand","embeddable":true,"href":"https:\/\/www.lerendezvous.mu\/en\/wp-json\/wp\/v2\/product_brand?post=3021"},{"taxonomy":"product_cat","embeddable":true,"href":"https:\/\/www.lerendezvous.mu\/en\/wp-json\/wp\/v2\/product_cat?post=3021"},{"taxonomy":"product_tag","embeddable":true,"href":"https:\/\/www.lerendezvous.mu\/en\/wp-json\/wp\/v2\/product_tag?post=3021"}],"curies":[{"name":"wp","href":"https:\/\/api.w.org\/{rel}","templated":true}]}}