{"id":3149,"date":"2025-11-12T12:55:11","date_gmt":"2025-11-12T08:55:11","guid":{"rendered":"http:\/\/www.lerendezvous.mu\/product\/beach-kimono\/"},"modified":"2026-04-24T14:24:28","modified_gmt":"2026-04-24T10:24:28","slug":"beach-kimono","status":"publish","type":"product","link":"https:\/\/www.lerendezvous.mu\/en\/product\/beach-kimono\/","title":{"rendered":"Beach Kimono"},"content":{"rendered":"<p>Le Beach Kimono de Libertie est une pi\u00e8ce d\u00e9licate et raffin\u00e9e, pens\u00e9e pour sublimer vos tenues de plage. Confectionn\u00e9 dans un tissu l\u00e9ger et ajour\u00e9, il laisse deviner subtilement la peau pour un effet \u00e0 la fois sensuel et \u00e9l\u00e9gant. Sa coupe fluie et son lien \u00e0 la taille permettent de l&rsquo;ajuster selon vos envies, offrant une silhouette gracieuse et d\u00e9contract\u00e9e.<\/p>","protected":false},"excerpt":{"rendered":"<p>Le Beach Kimono de Libertie est une pi\u00e8ce d\u00e9licate et raffin\u00e9e, pens\u00e9e pour sublimer vos tenues de plage. Confectionn\u00e9 dans un tissu l\u00e9ger et ajour\u00e9, il laisse deviner subtilement la peau pour un effet \u00e0 la fois sensuel et \u00e9l\u00e9gant. Sa coupe fluie et son lien \u00e0 la taille permettent de l&rsquo;ajuster selon vos envies, [&hellip;]<\/p>\n","protected":false},"featured_media":3264,"comment_status":"open","ping_status":"closed","template":"","meta":{"_acf_changed":false},"badge":[],"subtag":[24,177,31,137],"product_brand":[],"product_cat":[101],"product_tag":[99],"class_list":{"0":"post-3149","1":"product","2":"type-product","3":"status-publish","4":"has-post-thumbnail","6":"subtag-femme","7":"subtag-flash-sales-20-off","8":"subtag-robes","9":"subtag-essentiels-ete","10":"product_cat-libertie","11":"product_tag-femme","13":"first","14":"instock","15":"taxable","16":"shipping-taxable","17":"purchasable","18":"product-type-variable"},"acf":[],"yoast_head":"<!-- This site is optimized with the Yoast SEO plugin v27.5 - https:\/\/yoast.com\/product\/yoast-seo-wordpress\/ -->\n<title>Beach Kimono - Le Rendez-Vous<\/title>\n<meta name=\"description\" content=\"Le kimono de plage de Libertie est une pi\u00e8ce d\u00e9licate et raffin\u00e9e, pens\u00e9e pour sublimer vos tenues de plage. Confectionn\u00e9 dans un tissu l\u00e9ger et ajour\u00e9.\" \/>\n<meta name=\"robots\" content=\"index, follow, max-snippet:-1, max-image-preview:large, max-video-preview:-1\" \/>\n<link rel=\"canonical\" href=\"https:\/\/www.lerendezvous.mu\/en\/product\/beach-kimono\/\" \/>\n<meta property=\"og:locale\" content=\"en_US\" \/>\n<meta property=\"og:type\" content=\"article\" \/>\n<meta property=\"og:title\" content=\"Beach Kimono - Le Rendez-Vous\" \/>\n<meta property=\"og:description\" content=\"Le kimono de plage de Libertie est une pi\u00e8ce d\u00e9licate et raffin\u00e9e, pens\u00e9e pour sublimer vos tenues de plage. Confectionn\u00e9 dans un tissu l\u00e9ger et ajour\u00e9.\" \/>\n<meta property=\"og:url\" content=\"https:\/\/www.lerendezvous.mu\/en\/product\/beach-kimono\/\" \/>\n<meta property=\"og:site_name\" content=\"Le Rendez-Vous\" \/>\n<meta property=\"article:publisher\" content=\"https:\/\/www.facebook.com\/lerendezvousmauritius\" \/>\n<meta property=\"article:modified_time\" content=\"2026-04-24T10:24:28+00:00\" \/>\n<meta property=\"og:image\" content=\"https:\/\/www.lerendezvous.mu\/wp-content\/uploads\/2025\/11\/libertie-beach-kimono-pose.jpg\" \/>\n\t<meta property=\"og:image:width\" content=\"792\" \/>\n\t<meta property=\"og:image:height\" content=\"1188\" \/>\n\t<meta property=\"og:image:type\" content=\"image\/jpeg\" \/>\n<meta name=\"twitter:card\" content=\"summary_large_image\" \/>\n<meta name=\"twitter:label1\" content=\"Est. reading time\" \/>\n\t<meta name=\"twitter:data1\" content=\"1 minute\" \/>\n<script type=\"application\/ld+json\" class=\"yoast-schema-graph\">{\"@context\":\"https:\\\/\\\/schema.org\",\"@graph\":[{\"@type\":\"WebPage\",\"@id\":\"https:\\\/\\\/www.lerendezvous.mu\\\/product\\\/beach-kimono\\\/\",\"url\":\"https:\\\/\\\/www.lerendezvous.mu\\\/product\\\/beach-kimono\\\/\",\"name\":\"Beach Kimono - Le Rendez-Vous\",\"isPartOf\":{\"@id\":\"https:\\\/\\\/www.lerendezvous.mu\\\/#website\"},\"primaryImageOfPage\":{\"@id\":\"https:\\\/\\\/www.lerendezvous.mu\\\/product\\\/beach-kimono\\\/#primaryimage\"},\"image\":{\"@id\":\"https:\\\/\\\/www.lerendezvous.mu\\\/product\\\/beach-kimono\\\/#primaryimage\"},\"thumbnailUrl\":\"https:\\\/\\\/www.lerendezvous.mu\\\/wp-content\\\/uploads\\\/2025\\\/11\\\/libertie-beach-kimono-pose.jpg\",\"datePublished\":\"2025-11-12T08:55:11+00:00\",\"dateModified\":\"2026-04-24T10:24:28+00:00\",\"description\":\"Le kimono de plage de Libertie est une pi\u00e8ce d\u00e9licate et raffin\u00e9e, pens\u00e9e pour sublimer vos tenues de plage. Confectionn\u00e9 dans un tissu l\u00e9ger et ajour\u00e9.\",\"breadcrumb\":{\"@id\":\"https:\\\/\\\/www.lerendezvous.mu\\\/product\\\/beach-kimono\\\/#breadcrumb\"},\"inLanguage\":\"en-US\",\"potentialAction\":[{\"@type\":\"ReadAction\",\"target\":[\"https:\\\/\\\/www.lerendezvous.mu\\\/product\\\/beach-kimono\\\/\"]}]},{\"@type\":\"ImageObject\",\"inLanguage\":\"en-US\",\"@id\":\"https:\\\/\\\/www.lerendezvous.mu\\\/product\\\/beach-kimono\\\/#primaryimage\",\"url\":\"https:\\\/\\\/www.lerendezvous.mu\\\/wp-content\\\/uploads\\\/2025\\\/11\\\/libertie-beach-kimono-pose.jpg\",\"contentUrl\":\"https:\\\/\\\/www.lerendezvous.mu\\\/wp-content\\\/uploads\\\/2025\\\/11\\\/libertie-beach-kimono-pose.jpg\",\"width\":792,\"height\":1188},{\"@type\":\"BreadcrumbList\",\"@id\":\"https:\\\/\\\/www.lerendezvous.mu\\\/product\\\/beach-kimono\\\/#breadcrumb\",\"itemListElement\":[{\"@type\":\"ListItem\",\"position\":1,\"name\":\"Home\",\"item\":\"https:\\\/\\\/www.lerendezvous.mu\\\/\"},{\"@type\":\"ListItem\",\"position\":2,\"name\":\"Shop\",\"item\":\"https:\\\/\\\/www.lerendezvous.mu\\\/shop\\\/\"},{\"@type\":\"ListItem\",\"position\":3,\"name\":\"Beach Kimono\"}]},{\"@type\":\"WebSite\",\"@id\":\"https:\\\/\\\/www.lerendezvous.mu\\\/#website\",\"url\":\"https:\\\/\\\/www.lerendezvous.mu\\\/\",\"name\":\"Le Rendez-Vous\",\"description\":\"100% moricien\",\"publisher\":{\"@id\":\"https:\\\/\\\/www.lerendezvous.mu\\\/#organization\"},\"potentialAction\":[{\"@type\":\"SearchAction\",\"target\":{\"@type\":\"EntryPoint\",\"urlTemplate\":\"https:\\\/\\\/www.lerendezvous.mu\\\/?s={search_term_string}\"},\"query-input\":{\"@type\":\"PropertyValueSpecification\",\"valueRequired\":true,\"valueName\":\"search_term_string\"}}],\"inLanguage\":\"en-US\"},{\"@type\":\"Organization\",\"@id\":\"https:\\\/\\\/www.lerendezvous.mu\\\/#organization\",\"name\":\"Le Rendez-Vous\",\"url\":\"https:\\\/\\\/www.lerendezvous.mu\\\/\",\"logo\":{\"@type\":\"ImageObject\",\"inLanguage\":\"en-US\",\"@id\":\"https:\\\/\\\/www.lerendezvous.mu\\\/#\\\/schema\\\/logo\\\/image\\\/\",\"url\":\"https:\\\/\\\/www.lerendezvous.mu\\\/wp-content\\\/uploads\\\/2025\\\/10\\\/lrdv-logo.png\",\"contentUrl\":\"https:\\\/\\\/www.lerendezvous.mu\\\/wp-content\\\/uploads\\\/2025\\\/10\\\/lrdv-logo.png\",\"width\":568,\"height\":232,\"caption\":\"Le Rendez-Vous\"},\"image\":{\"@id\":\"https:\\\/\\\/www.lerendezvous.mu\\\/#\\\/schema\\\/logo\\\/image\\\/\"},\"sameAs\":[\"https:\\\/\\\/www.facebook.com\\\/lerendezvousmauritius\",\"https:\\\/\\\/www.instagram.com\\\/lerendezvous_mauritius\"]}]}<\/script>\n<!-- \/ Yoast SEO plugin. -->","yoast_head_json":{"title":"Beach Kimono - Le Rendez-Vous","description":"Le kimono de plage de Libertie est une pi\u00e8ce d\u00e9licate et raffin\u00e9e, pens\u00e9e pour sublimer vos tenues de plage. Confectionn\u00e9 dans un tissu l\u00e9ger et ajour\u00e9.","robots":{"index":"index","follow":"follow","max-snippet":"max-snippet:-1","max-image-preview":"max-image-preview:large","max-video-preview":"max-video-preview:-1"},"canonical":"https:\/\/www.lerendezvous.mu\/en\/product\/beach-kimono\/","og_locale":"en_US","og_type":"article","og_title":"Beach Kimono - Le Rendez-Vous","og_description":"Le kimono de plage de Libertie est une pi\u00e8ce d\u00e9licate et raffin\u00e9e, pens\u00e9e pour sublimer vos tenues de plage. Confectionn\u00e9 dans un tissu l\u00e9ger et ajour\u00e9.","og_url":"https:\/\/www.lerendezvous.mu\/en\/product\/beach-kimono\/","og_site_name":"Le Rendez-Vous","article_publisher":"https:\/\/www.facebook.com\/lerendezvousmauritius","article_modified_time":"2026-04-24T10:24:28+00:00","og_image":[{"width":792,"height":1188,"url":"https:\/\/www.lerendezvous.mu\/wp-content\/uploads\/2025\/11\/libertie-beach-kimono-pose.jpg","type":"image\/jpeg"}],"twitter_card":"summary_large_image","twitter_misc":{"Est. reading time":"1 minute"},"schema":{"@context":"https:\/\/schema.org","@graph":[{"@type":"WebPage","@id":"https:\/\/www.lerendezvous.mu\/product\/beach-kimono\/","url":"https:\/\/www.lerendezvous.mu\/product\/beach-kimono\/","name":"Beach Kimono - Le Rendez-Vous","isPartOf":{"@id":"https:\/\/www.lerendezvous.mu\/#website"},"primaryImageOfPage":{"@id":"https:\/\/www.lerendezvous.mu\/product\/beach-kimono\/#primaryimage"},"image":{"@id":"https:\/\/www.lerendezvous.mu\/product\/beach-kimono\/#primaryimage"},"thumbnailUrl":"https:\/\/www.lerendezvous.mu\/wp-content\/uploads\/2025\/11\/libertie-beach-kimono-pose.jpg","datePublished":"2025-11-12T08:55:11+00:00","dateModified":"2026-04-24T10:24:28+00:00","description":"Le kimono de plage de Libertie est une pi\u00e8ce d\u00e9licate et raffin\u00e9e, pens\u00e9e pour sublimer vos tenues de plage. Confectionn\u00e9 dans un tissu l\u00e9ger et ajour\u00e9.","breadcrumb":{"@id":"https:\/\/www.lerendezvous.mu\/product\/beach-kimono\/#breadcrumb"},"inLanguage":"en-US","potentialAction":[{"@type":"ReadAction","target":["https:\/\/www.lerendezvous.mu\/product\/beach-kimono\/"]}]},{"@type":"ImageObject","inLanguage":"en-US","@id":"https:\/\/www.lerendezvous.mu\/product\/beach-kimono\/#primaryimage","url":"https:\/\/www.lerendezvous.mu\/wp-content\/uploads\/2025\/11\/libertie-beach-kimono-pose.jpg","contentUrl":"https:\/\/www.lerendezvous.mu\/wp-content\/uploads\/2025\/11\/libertie-beach-kimono-pose.jpg","width":792,"height":1188},{"@type":"BreadcrumbList","@id":"https:\/\/www.lerendezvous.mu\/product\/beach-kimono\/#breadcrumb","itemListElement":[{"@type":"ListItem","position":1,"name":"Home","item":"https:\/\/www.lerendezvous.mu\/"},{"@type":"ListItem","position":2,"name":"Shop","item":"https:\/\/www.lerendezvous.mu\/shop\/"},{"@type":"ListItem","position":3,"name":"Beach Kimono"}]},{"@type":"WebSite","@id":"https:\/\/www.lerendezvous.mu\/#website","url":"https:\/\/www.lerendezvous.mu\/","name":"Le Rendez-Vous","description":"100% moricien","publisher":{"@id":"https:\/\/www.lerendezvous.mu\/#organization"},"potentialAction":[{"@type":"SearchAction","target":{"@type":"EntryPoint","urlTemplate":"https:\/\/www.lerendezvous.mu\/?s={search_term_string}"},"query-input":{"@type":"PropertyValueSpecification","valueRequired":true,"valueName":"search_term_string"}}],"inLanguage":"en-US"},{"@type":"Organization","@id":"https:\/\/www.lerendezvous.mu\/#organization","name":"Le Rendez-Vous","url":"https:\/\/www.lerendezvous.mu\/","logo":{"@type":"ImageObject","inLanguage":"en-US","@id":"https:\/\/www.lerendezvous.mu\/#\/schema\/logo\/image\/","url":"https:\/\/www.lerendezvous.mu\/wp-content\/uploads\/2025\/10\/lrdv-logo.png","contentUrl":"https:\/\/www.lerendezvous.mu\/wp-content\/uploads\/2025\/10\/lrdv-logo.png","width":568,"height":232,"caption":"Le Rendez-Vous"},"image":{"@id":"https:\/\/www.lerendezvous.mu\/#\/schema\/logo\/image\/"},"sameAs":["https:\/\/www.facebook.com\/lerendezvousmauritius","https:\/\/www.instagram.com\/lerendezvous_mauritius"]}]}},"_links":{"self":[{"href":"https:\/\/www.lerendezvous.mu\/en\/wp-json\/wp\/v2\/product\/3149","targetHints":{"allow":["GET"]}}],"collection":[{"href":"https:\/\/www.lerendezvous.mu\/en\/wp-json\/wp\/v2\/product"}],"about":[{"href":"https:\/\/www.lerendezvous.mu\/en\/wp-json\/wp\/v2\/types\/product"}],"replies":[{"embeddable":true,"href":"https:\/\/www.lerendezvous.mu\/en\/wp-json\/wp\/v2\/comments?post=3149"}],"wp:featuredmedia":[{"embeddable":true,"href":"https:\/\/www.lerendezvous.mu\/en\/wp-json\/wp\/v2\/media\/3264"}],"wp:attachment":[{"href":"https:\/\/www.lerendezvous.mu\/en\/wp-json\/wp\/v2\/media?parent=3149"}],"wp:term":[{"taxonomy":"badge","embeddable":true,"href":"https:\/\/www.lerendezvous.mu\/en\/wp-json\/wp\/v2\/badge?post=3149"},{"taxonomy":"subtag","embeddable":true,"href":"https:\/\/www.lerendezvous.mu\/en\/wp-json\/wp\/v2\/subtag?post=3149"},{"taxonomy":"product_brand","embeddable":true,"href":"https:\/\/www.lerendezvous.mu\/en\/wp-json\/wp\/v2\/product_brand?post=3149"},{"taxonomy":"product_cat","embeddable":true,"href":"https:\/\/www.lerendezvous.mu\/en\/wp-json\/wp\/v2\/product_cat?post=3149"},{"taxonomy":"product_tag","embeddable":true,"href":"https:\/\/www.lerendezvous.mu\/en\/wp-json\/wp\/v2\/product_tag?post=3149"}],"curies":[{"name":"wp","href":"https:\/\/api.w.org\/{rel}","templated":true}]}}