{"id":3201,"date":"2025-11-12T13:22:44","date_gmt":"2025-11-12T09:22:44","guid":{"rendered":"http:\/\/www.lerendezvous.mu\/product\/set-flore-norah\/"},"modified":"2026-04-22T12:40:38","modified_gmt":"2026-04-22T08:40:38","slug":"set-flore-norah","status":"publish","type":"product","link":"https:\/\/www.lerendezvous.mu\/en\/product\/set-flore-norah\/","title":{"rendered":"Set Flore &amp; Norah"},"content":{"rendered":"<p>Laissez-vous s\u00e9duire par ce duo chic et d\u00e9contract\u00e9 : le haut Norah, nou\u00e9 au coup et d\u00e9voilant un dos nu gracieux, s\u2019associe au short Flore, ajust\u00e9 et ultra-confortable pour vos journ\u00e9es ensoleill\u00e9es ou vos moments de d\u00e9tente. Ensemble, ils cr\u00e9ent une silhouette libre, l\u00e9g\u00e8re et \u00e9l\u00e9gante \u2014 parfaite pour passer de la terrasse au march\u00e9 avec style.<\/p>","protected":false},"excerpt":{"rendered":"<p>Laissez-vous s\u00e9duire par ce duo chic et d\u00e9contract\u00e9 : le haut Norah, nou\u00e9 au coup et d\u00e9voilant un dos nu gracieux, s\u2019associe au short Flore, ajust\u00e9 et ultra-confortable pour vos journ\u00e9es ensoleill\u00e9es ou vos moments de d\u00e9tente. Ensemble, ils cr\u00e9ent une silhouette libre, l\u00e9g\u00e8re et \u00e9l\u00e9gante \u2014 parfaite pour passer de la terrasse au march\u00e9 [&hellip;]<\/p>\n","protected":false},"featured_media":5501,"comment_status":"open","ping_status":"closed","template":"","meta":{"_acf_changed":false},"badge":[168],"subtag":[158,24,167,137],"product_brand":[],"product_cat":[101],"product_tag":[99],"class_list":{"0":"post-3201","1":"product","2":"type-product","3":"status-publish","4":"has-post-thumbnail","6":"badge-nouveaute","7":"subtag-ensembles","8":"subtag-femme","9":"subtag-nos-nouveautes-vous-attendent","10":"subtag-essentiels-ete","11":"product_cat-libertie","12":"product_tag-femme","14":"first","15":"instock","16":"taxable","17":"shipping-taxable","18":"purchasable","19":"product-type-variable"},"acf":[],"yoast_head":"<!-- This site is optimized with the Yoast SEO plugin v27.5 - https:\/\/yoast.com\/product\/yoast-seo-wordpress\/ -->\n<title>Set Flore &amp; Norah - Le Rendez-Vous<\/title>\n<meta name=\"description\" content=\"Laissez-vous s\u00e9duire par ce duo chic : le haut Norah, nou\u00e9 au coup et d\u00e9voilant un dos nu gracieux, s\u2019associe au short Flore, ajust\u00e9 et ultra-confortable\" \/>\n<meta name=\"robots\" content=\"index, follow, max-snippet:-1, max-image-preview:large, max-video-preview:-1\" \/>\n<link rel=\"canonical\" href=\"https:\/\/www.lerendezvous.mu\/en\/product\/set-flore-norah\/\" \/>\n<meta property=\"og:locale\" content=\"en_US\" \/>\n<meta property=\"og:type\" content=\"article\" \/>\n<meta property=\"og:title\" content=\"Set Flore &amp; Norah - Le Rendez-Vous\" \/>\n<meta property=\"og:description\" content=\"Laissez-vous s\u00e9duire par ce duo chic : le haut Norah, nou\u00e9 au coup et d\u00e9voilant un dos nu gracieux, s\u2019associe au short Flore, ajust\u00e9 et ultra-confortable\" \/>\n<meta property=\"og:url\" content=\"https:\/\/www.lerendezvous.mu\/en\/product\/set-flore-norah\/\" \/>\n<meta property=\"og:site_name\" content=\"Le Rendez-Vous\" \/>\n<meta property=\"article:publisher\" content=\"https:\/\/www.facebook.com\/lerendezvousmauritius\" \/>\n<meta property=\"article:modified_time\" content=\"2026-04-22T08:40:38+00:00\" \/>\n<meta property=\"og:image\" content=\"https:\/\/www.lerendezvous.mu\/wp-content\/uploads\/2025\/11\/libertie-set-flore-norah-cream-green-portrait-683x1024.jpg\" \/>\n\t<meta property=\"og:image:width\" content=\"683\" \/>\n\t<meta property=\"og:image:height\" content=\"1024\" \/>\n\t<meta property=\"og:image:type\" content=\"image\/jpeg\" \/>\n<meta name=\"twitter:card\" content=\"summary_large_image\" \/>\n<meta name=\"twitter:label1\" content=\"Est. reading time\" \/>\n\t<meta name=\"twitter:data1\" content=\"1 minute\" \/>\n<script type=\"application\/ld+json\" class=\"yoast-schema-graph\">{\"@context\":\"https:\\\/\\\/schema.org\",\"@graph\":[{\"@type\":\"WebPage\",\"@id\":\"https:\\\/\\\/www.lerendezvous.mu\\\/product\\\/set-flore-norah\\\/\",\"url\":\"https:\\\/\\\/www.lerendezvous.mu\\\/product\\\/set-flore-norah\\\/\",\"name\":\"Set Flore &amp; Norah - Le Rendez-Vous\",\"isPartOf\":{\"@id\":\"https:\\\/\\\/www.lerendezvous.mu\\\/#website\"},\"primaryImageOfPage\":{\"@id\":\"https:\\\/\\\/www.lerendezvous.mu\\\/product\\\/set-flore-norah\\\/#primaryimage\"},\"image\":{\"@id\":\"https:\\\/\\\/www.lerendezvous.mu\\\/product\\\/set-flore-norah\\\/#primaryimage\"},\"thumbnailUrl\":\"https:\\\/\\\/www.lerendezvous.mu\\\/wp-content\\\/uploads\\\/2025\\\/11\\\/libertie-set-flore-norah-cream-green-portrait.jpg\",\"datePublished\":\"2025-11-12T09:22:44+00:00\",\"dateModified\":\"2026-04-22T08:40:38+00:00\",\"description\":\"Laissez-vous s\u00e9duire par ce duo chic : le haut Norah, nou\u00e9 au coup et d\u00e9voilant un dos nu gracieux, s\u2019associe au short Flore, ajust\u00e9 et ultra-confortable\",\"breadcrumb\":{\"@id\":\"https:\\\/\\\/www.lerendezvous.mu\\\/product\\\/set-flore-norah\\\/#breadcrumb\"},\"inLanguage\":\"en-US\",\"potentialAction\":[{\"@type\":\"ReadAction\",\"target\":[\"https:\\\/\\\/www.lerendezvous.mu\\\/product\\\/set-flore-norah\\\/\"]}]},{\"@type\":\"ImageObject\",\"inLanguage\":\"en-US\",\"@id\":\"https:\\\/\\\/www.lerendezvous.mu\\\/product\\\/set-flore-norah\\\/#primaryimage\",\"url\":\"https:\\\/\\\/www.lerendezvous.mu\\\/wp-content\\\/uploads\\\/2025\\\/11\\\/libertie-set-flore-norah-cream-green-portrait.jpg\",\"contentUrl\":\"https:\\\/\\\/www.lerendezvous.mu\\\/wp-content\\\/uploads\\\/2025\\\/11\\\/libertie-set-flore-norah-cream-green-portrait.jpg\",\"width\":6336,\"height\":9504},{\"@type\":\"BreadcrumbList\",\"@id\":\"https:\\\/\\\/www.lerendezvous.mu\\\/product\\\/set-flore-norah\\\/#breadcrumb\",\"itemListElement\":[{\"@type\":\"ListItem\",\"position\":1,\"name\":\"Home\",\"item\":\"https:\\\/\\\/www.lerendezvous.mu\\\/\"},{\"@type\":\"ListItem\",\"position\":2,\"name\":\"Shop\",\"item\":\"https:\\\/\\\/www.lerendezvous.mu\\\/shop\\\/\"},{\"@type\":\"ListItem\",\"position\":3,\"name\":\"Set Flore &amp; Norah\"}]},{\"@type\":\"WebSite\",\"@id\":\"https:\\\/\\\/www.lerendezvous.mu\\\/#website\",\"url\":\"https:\\\/\\\/www.lerendezvous.mu\\\/\",\"name\":\"Le Rendez-Vous\",\"description\":\"100% moricien\",\"publisher\":{\"@id\":\"https:\\\/\\\/www.lerendezvous.mu\\\/#organization\"},\"potentialAction\":[{\"@type\":\"SearchAction\",\"target\":{\"@type\":\"EntryPoint\",\"urlTemplate\":\"https:\\\/\\\/www.lerendezvous.mu\\\/?s={search_term_string}\"},\"query-input\":{\"@type\":\"PropertyValueSpecification\",\"valueRequired\":true,\"valueName\":\"search_term_string\"}}],\"inLanguage\":\"en-US\"},{\"@type\":\"Organization\",\"@id\":\"https:\\\/\\\/www.lerendezvous.mu\\\/#organization\",\"name\":\"Le Rendez-Vous\",\"url\":\"https:\\\/\\\/www.lerendezvous.mu\\\/\",\"logo\":{\"@type\":\"ImageObject\",\"inLanguage\":\"en-US\",\"@id\":\"https:\\\/\\\/www.lerendezvous.mu\\\/#\\\/schema\\\/logo\\\/image\\\/\",\"url\":\"https:\\\/\\\/www.lerendezvous.mu\\\/wp-content\\\/uploads\\\/2025\\\/10\\\/lrdv-logo.png\",\"contentUrl\":\"https:\\\/\\\/www.lerendezvous.mu\\\/wp-content\\\/uploads\\\/2025\\\/10\\\/lrdv-logo.png\",\"width\":568,\"height\":232,\"caption\":\"Le Rendez-Vous\"},\"image\":{\"@id\":\"https:\\\/\\\/www.lerendezvous.mu\\\/#\\\/schema\\\/logo\\\/image\\\/\"},\"sameAs\":[\"https:\\\/\\\/www.facebook.com\\\/lerendezvousmauritius\",\"https:\\\/\\\/www.instagram.com\\\/lerendezvous_mauritius\"]}]}<\/script>\n<!-- \/ Yoast SEO plugin. -->","yoast_head_json":{"title":"Set Flore &amp; Norah - Le Rendez-Vous","description":"Laissez-vous s\u00e9duire par ce duo chic : le haut Norah, nou\u00e9 au coup et d\u00e9voilant un dos nu gracieux, s\u2019associe au short Flore, ajust\u00e9 et ultra-confortable","robots":{"index":"index","follow":"follow","max-snippet":"max-snippet:-1","max-image-preview":"max-image-preview:large","max-video-preview":"max-video-preview:-1"},"canonical":"https:\/\/www.lerendezvous.mu\/en\/product\/set-flore-norah\/","og_locale":"en_US","og_type":"article","og_title":"Set Flore &amp; Norah - Le Rendez-Vous","og_description":"Laissez-vous s\u00e9duire par ce duo chic : le haut Norah, nou\u00e9 au coup et d\u00e9voilant un dos nu gracieux, s\u2019associe au short Flore, ajust\u00e9 et ultra-confortable","og_url":"https:\/\/www.lerendezvous.mu\/en\/product\/set-flore-norah\/","og_site_name":"Le Rendez-Vous","article_publisher":"https:\/\/www.facebook.com\/lerendezvousmauritius","article_modified_time":"2026-04-22T08:40:38+00:00","og_image":[{"width":683,"height":1024,"url":"https:\/\/www.lerendezvous.mu\/wp-content\/uploads\/2025\/11\/libertie-set-flore-norah-cream-green-portrait-683x1024.jpg","type":"image\/jpeg"}],"twitter_card":"summary_large_image","twitter_misc":{"Est. reading time":"1 minute"},"schema":{"@context":"https:\/\/schema.org","@graph":[{"@type":"WebPage","@id":"https:\/\/www.lerendezvous.mu\/product\/set-flore-norah\/","url":"https:\/\/www.lerendezvous.mu\/product\/set-flore-norah\/","name":"Set Flore &amp; Norah - Le Rendez-Vous","isPartOf":{"@id":"https:\/\/www.lerendezvous.mu\/#website"},"primaryImageOfPage":{"@id":"https:\/\/www.lerendezvous.mu\/product\/set-flore-norah\/#primaryimage"},"image":{"@id":"https:\/\/www.lerendezvous.mu\/product\/set-flore-norah\/#primaryimage"},"thumbnailUrl":"https:\/\/www.lerendezvous.mu\/wp-content\/uploads\/2025\/11\/libertie-set-flore-norah-cream-green-portrait.jpg","datePublished":"2025-11-12T09:22:44+00:00","dateModified":"2026-04-22T08:40:38+00:00","description":"Laissez-vous s\u00e9duire par ce duo chic : le haut Norah, nou\u00e9 au coup et d\u00e9voilant un dos nu gracieux, s\u2019associe au short Flore, ajust\u00e9 et ultra-confortable","breadcrumb":{"@id":"https:\/\/www.lerendezvous.mu\/product\/set-flore-norah\/#breadcrumb"},"inLanguage":"en-US","potentialAction":[{"@type":"ReadAction","target":["https:\/\/www.lerendezvous.mu\/product\/set-flore-norah\/"]}]},{"@type":"ImageObject","inLanguage":"en-US","@id":"https:\/\/www.lerendezvous.mu\/product\/set-flore-norah\/#primaryimage","url":"https:\/\/www.lerendezvous.mu\/wp-content\/uploads\/2025\/11\/libertie-set-flore-norah-cream-green-portrait.jpg","contentUrl":"https:\/\/www.lerendezvous.mu\/wp-content\/uploads\/2025\/11\/libertie-set-flore-norah-cream-green-portrait.jpg","width":6336,"height":9504},{"@type":"BreadcrumbList","@id":"https:\/\/www.lerendezvous.mu\/product\/set-flore-norah\/#breadcrumb","itemListElement":[{"@type":"ListItem","position":1,"name":"Home","item":"https:\/\/www.lerendezvous.mu\/"},{"@type":"ListItem","position":2,"name":"Shop","item":"https:\/\/www.lerendezvous.mu\/shop\/"},{"@type":"ListItem","position":3,"name":"Set Flore &amp; Norah"}]},{"@type":"WebSite","@id":"https:\/\/www.lerendezvous.mu\/#website","url":"https:\/\/www.lerendezvous.mu\/","name":"Le Rendez-Vous","description":"100% moricien","publisher":{"@id":"https:\/\/www.lerendezvous.mu\/#organization"},"potentialAction":[{"@type":"SearchAction","target":{"@type":"EntryPoint","urlTemplate":"https:\/\/www.lerendezvous.mu\/?s={search_term_string}"},"query-input":{"@type":"PropertyValueSpecification","valueRequired":true,"valueName":"search_term_string"}}],"inLanguage":"en-US"},{"@type":"Organization","@id":"https:\/\/www.lerendezvous.mu\/#organization","name":"Le Rendez-Vous","url":"https:\/\/www.lerendezvous.mu\/","logo":{"@type":"ImageObject","inLanguage":"en-US","@id":"https:\/\/www.lerendezvous.mu\/#\/schema\/logo\/image\/","url":"https:\/\/www.lerendezvous.mu\/wp-content\/uploads\/2025\/10\/lrdv-logo.png","contentUrl":"https:\/\/www.lerendezvous.mu\/wp-content\/uploads\/2025\/10\/lrdv-logo.png","width":568,"height":232,"caption":"Le Rendez-Vous"},"image":{"@id":"https:\/\/www.lerendezvous.mu\/#\/schema\/logo\/image\/"},"sameAs":["https:\/\/www.facebook.com\/lerendezvousmauritius","https:\/\/www.instagram.com\/lerendezvous_mauritius"]}]}},"_links":{"self":[{"href":"https:\/\/www.lerendezvous.mu\/en\/wp-json\/wp\/v2\/product\/3201","targetHints":{"allow":["GET"]}}],"collection":[{"href":"https:\/\/www.lerendezvous.mu\/en\/wp-json\/wp\/v2\/product"}],"about":[{"href":"https:\/\/www.lerendezvous.mu\/en\/wp-json\/wp\/v2\/types\/product"}],"replies":[{"embeddable":true,"href":"https:\/\/www.lerendezvous.mu\/en\/wp-json\/wp\/v2\/comments?post=3201"}],"wp:featuredmedia":[{"embeddable":true,"href":"https:\/\/www.lerendezvous.mu\/en\/wp-json\/wp\/v2\/media\/5501"}],"wp:attachment":[{"href":"https:\/\/www.lerendezvous.mu\/en\/wp-json\/wp\/v2\/media?parent=3201"}],"wp:term":[{"taxonomy":"badge","embeddable":true,"href":"https:\/\/www.lerendezvous.mu\/en\/wp-json\/wp\/v2\/badge?post=3201"},{"taxonomy":"subtag","embeddable":true,"href":"https:\/\/www.lerendezvous.mu\/en\/wp-json\/wp\/v2\/subtag?post=3201"},{"taxonomy":"product_brand","embeddable":true,"href":"https:\/\/www.lerendezvous.mu\/en\/wp-json\/wp\/v2\/product_brand?post=3201"},{"taxonomy":"product_cat","embeddable":true,"href":"https:\/\/www.lerendezvous.mu\/en\/wp-json\/wp\/v2\/product_cat?post=3201"},{"taxonomy":"product_tag","embeddable":true,"href":"https:\/\/www.lerendezvous.mu\/en\/wp-json\/wp\/v2\/product_tag?post=3201"}],"curies":[{"name":"wp","href":"https:\/\/api.w.org\/{rel}","templated":true}]}}