{"id":3494,"date":"2025-11-14T16:19:03","date_gmt":"2025-11-14T12:19:03","guid":{"rendered":"https:\/\/www.lerendezvous.mu\/product\/daddy\/"},"modified":"2026-04-25T18:26:37","modified_gmt":"2026-04-25T14:26:37","slug":"daddy","status":"publish","type":"product","link":"https:\/\/www.lerendezvous.mu\/en\/product\/daddy\/","title":{"rendered":"Daddy"},"content":{"rendered":"<p class=\"p1\">\u272a <b>Ce produit est une pi\u00e8ce unique.<\/b><\/p>\n<p class=\"p2\">Les pi\u00e8ces uniques se distinguent par l&rsquo;ic\u00f4ne en forme d&rsquo;\u00e9toile pr\u00e9sente au coin sup\u00e9rieur droit de la photo.<\/p>\n<p class=\"p2\">Chaque d\u00e9tail, chaque finition et chaque particularit\u00e9 le rendent diff\u00e9rent de tout autre article. Il poss\u00e8de sa propre identit\u00e9 et chaque exemplaire est unique.<\/p>\n<p class=\"p2\">En raison de sa singularit\u00e9, nous vous invitons \u00e0 l&rsquo;ajouter \u00e0 votre liste de requ\u00eate. Notre \u00e9quipe se charge de v\u00e9rifier sa disponibilit\u00e9 et reviendra vers vous dans les plus brefs d\u00e9lais pour finaliser votre commande.<\/p>\n<p>Le sac Daddy de Save A Sail est un sac grand format, con\u00e7u \u00e0 partir de voiles de bateau recycl\u00e9es. Fabriqu\u00e9 \u00e0 la main \u00e0 l\u2019\u00cele Maurice, il allie robustesse et esprit \u00e9co-responsable. Parfait pour les longs voyages, il refl\u00e8te l\u2019engagement de la marque pour l\u2019upcycling et le respect de l\u2019oc\u00e9an.<\/p>","protected":false},"excerpt":{"rendered":"<p>\u272a Ce produit est une pi\u00e8ce unique. Les pi\u00e8ces uniques se distinguent par l&rsquo;ic\u00f4ne en forme d&rsquo;\u00e9toile pr\u00e9sente au coin sup\u00e9rieur droit de la photo. Chaque d\u00e9tail, chaque finition et chaque particularit\u00e9 le rendent diff\u00e9rent de tout autre article. Il poss\u00e8de sa propre identit\u00e9 et chaque exemplaire est unique. En raison de sa singularit\u00e9, nous [&hellip;]<\/p>\n","protected":false},"featured_media":5376,"comment_status":"open","ping_status":"closed","template":"","meta":{"_acf_changed":false},"badge":[],"subtag":[74,150,142,77],"product_brand":[],"product_cat":[152],"product_tag":[85],"class_list":{"0":"post-3494","1":"product","2":"type-product","3":"status-publish","4":"has-post-thumbnail","6":"subtag-accessoires","7":"subtag-coups-de-coeur","8":"subtag-pieces-uniques","9":"subtag-sacs-paniers","10":"product_cat-save-a-sail","11":"product_tag-accessoires","13":"first","14":"instock","15":"taxable","16":"shipping-taxable","17":"purchasable","18":"product-type-variable"},"acf":[],"yoast_head":"<!-- This site is optimized with the Yoast SEO plugin v27.5 - https:\/\/yoast.com\/product\/yoast-seo-wordpress\/ -->\n<title>Daddy - Le Rendez-Vous<\/title>\n<meta name=\"description\" content=\"Le sac Daddy de Save A Sail est un sac grand format, con\u00e7u \u00e0 partir de voiles de bateau recycl\u00e9es et fabriqu\u00e9 \u00e0 la main \u00e0 l\u2019\u00cele Maurice.\" \/>\n<meta name=\"robots\" content=\"index, follow, max-snippet:-1, max-image-preview:large, max-video-preview:-1\" \/>\n<link rel=\"canonical\" href=\"https:\/\/www.lerendezvous.mu\/en\/product\/daddy\/\" \/>\n<meta property=\"og:locale\" content=\"en_US\" \/>\n<meta property=\"og:type\" content=\"article\" \/>\n<meta property=\"og:title\" content=\"Daddy - Le Rendez-Vous\" \/>\n<meta property=\"og:description\" content=\"Le sac Daddy de Save A Sail est un sac grand format, con\u00e7u \u00e0 partir de voiles de bateau recycl\u00e9es et fabriqu\u00e9 \u00e0 la main \u00e0 l\u2019\u00cele Maurice.\" \/>\n<meta property=\"og:url\" content=\"https:\/\/www.lerendezvous.mu\/en\/product\/daddy\/\" \/>\n<meta property=\"og:site_name\" content=\"Le Rendez-Vous\" \/>\n<meta property=\"article:publisher\" content=\"https:\/\/www.facebook.com\/lerendezvousmauritius\" \/>\n<meta property=\"article:modified_time\" content=\"2026-04-25T14:26:37+00:00\" \/>\n<meta property=\"og:image\" content=\"https:\/\/www.lerendezvous.mu\/wp-content\/uploads\/2025\/11\/saveasail-daddy-portrait-683x1024.jpg\" \/>\n\t<meta property=\"og:image:width\" content=\"683\" \/>\n\t<meta property=\"og:image:height\" content=\"1024\" \/>\n\t<meta property=\"og:image:type\" content=\"image\/jpeg\" \/>\n<meta name=\"twitter:card\" content=\"summary_large_image\" \/>\n<meta name=\"twitter:label1\" content=\"Est. reading time\" \/>\n\t<meta name=\"twitter:data1\" content=\"1 minute\" \/>\n<script type=\"application\/ld+json\" class=\"yoast-schema-graph\">{\"@context\":\"https:\\\/\\\/schema.org\",\"@graph\":[{\"@type\":\"WebPage\",\"@id\":\"https:\\\/\\\/www.lerendezvous.mu\\\/product\\\/daddy\\\/\",\"url\":\"https:\\\/\\\/www.lerendezvous.mu\\\/product\\\/daddy\\\/\",\"name\":\"Daddy - Le Rendez-Vous\",\"isPartOf\":{\"@id\":\"https:\\\/\\\/www.lerendezvous.mu\\\/#website\"},\"primaryImageOfPage\":{\"@id\":\"https:\\\/\\\/www.lerendezvous.mu\\\/product\\\/daddy\\\/#primaryimage\"},\"image\":{\"@id\":\"https:\\\/\\\/www.lerendezvous.mu\\\/product\\\/daddy\\\/#primaryimage\"},\"thumbnailUrl\":\"https:\\\/\\\/www.lerendezvous.mu\\\/wp-content\\\/uploads\\\/2025\\\/11\\\/saveasail-daddy-portrait.jpg\",\"datePublished\":\"2025-11-14T12:19:03+00:00\",\"dateModified\":\"2026-04-25T14:26:37+00:00\",\"description\":\"Le sac Daddy de Save A Sail est un sac grand format, con\u00e7u \u00e0 partir de voiles de bateau recycl\u00e9es et fabriqu\u00e9 \u00e0 la main \u00e0 l\u2019\u00cele Maurice.\",\"breadcrumb\":{\"@id\":\"https:\\\/\\\/www.lerendezvous.mu\\\/product\\\/daddy\\\/#breadcrumb\"},\"inLanguage\":\"en-US\",\"potentialAction\":[{\"@type\":\"ReadAction\",\"target\":[\"https:\\\/\\\/www.lerendezvous.mu\\\/product\\\/daddy\\\/\"]}]},{\"@type\":\"ImageObject\",\"inLanguage\":\"en-US\",\"@id\":\"https:\\\/\\\/www.lerendezvous.mu\\\/product\\\/daddy\\\/#primaryimage\",\"url\":\"https:\\\/\\\/www.lerendezvous.mu\\\/wp-content\\\/uploads\\\/2025\\\/11\\\/saveasail-daddy-portrait.jpg\",\"contentUrl\":\"https:\\\/\\\/www.lerendezvous.mu\\\/wp-content\\\/uploads\\\/2025\\\/11\\\/saveasail-daddy-portrait.jpg\",\"width\":6336,\"height\":9504},{\"@type\":\"BreadcrumbList\",\"@id\":\"https:\\\/\\\/www.lerendezvous.mu\\\/product\\\/daddy\\\/#breadcrumb\",\"itemListElement\":[{\"@type\":\"ListItem\",\"position\":1,\"name\":\"Home\",\"item\":\"https:\\\/\\\/www.lerendezvous.mu\\\/\"},{\"@type\":\"ListItem\",\"position\":2,\"name\":\"Shop\",\"item\":\"https:\\\/\\\/www.lerendezvous.mu\\\/shop\\\/\"},{\"@type\":\"ListItem\",\"position\":3,\"name\":\"Daddy\"}]},{\"@type\":\"WebSite\",\"@id\":\"https:\\\/\\\/www.lerendezvous.mu\\\/#website\",\"url\":\"https:\\\/\\\/www.lerendezvous.mu\\\/\",\"name\":\"Le Rendez-Vous\",\"description\":\"100% moricien\",\"publisher\":{\"@id\":\"https:\\\/\\\/www.lerendezvous.mu\\\/#organization\"},\"potentialAction\":[{\"@type\":\"SearchAction\",\"target\":{\"@type\":\"EntryPoint\",\"urlTemplate\":\"https:\\\/\\\/www.lerendezvous.mu\\\/?s={search_term_string}\"},\"query-input\":{\"@type\":\"PropertyValueSpecification\",\"valueRequired\":true,\"valueName\":\"search_term_string\"}}],\"inLanguage\":\"en-US\"},{\"@type\":\"Organization\",\"@id\":\"https:\\\/\\\/www.lerendezvous.mu\\\/#organization\",\"name\":\"Le Rendez-Vous\",\"url\":\"https:\\\/\\\/www.lerendezvous.mu\\\/\",\"logo\":{\"@type\":\"ImageObject\",\"inLanguage\":\"en-US\",\"@id\":\"https:\\\/\\\/www.lerendezvous.mu\\\/#\\\/schema\\\/logo\\\/image\\\/\",\"url\":\"https:\\\/\\\/www.lerendezvous.mu\\\/wp-content\\\/uploads\\\/2025\\\/10\\\/lrdv-logo.png\",\"contentUrl\":\"https:\\\/\\\/www.lerendezvous.mu\\\/wp-content\\\/uploads\\\/2025\\\/10\\\/lrdv-logo.png\",\"width\":568,\"height\":232,\"caption\":\"Le Rendez-Vous\"},\"image\":{\"@id\":\"https:\\\/\\\/www.lerendezvous.mu\\\/#\\\/schema\\\/logo\\\/image\\\/\"},\"sameAs\":[\"https:\\\/\\\/www.facebook.com\\\/lerendezvousmauritius\",\"https:\\\/\\\/www.instagram.com\\\/lerendezvous_mauritius\"]}]}<\/script>\n<!-- \/ Yoast SEO plugin. -->","yoast_head_json":{"title":"Daddy - Le Rendez-Vous","description":"Le sac Daddy de Save A Sail est un sac grand format, con\u00e7u \u00e0 partir de voiles de bateau recycl\u00e9es et fabriqu\u00e9 \u00e0 la main \u00e0 l\u2019\u00cele Maurice.","robots":{"index":"index","follow":"follow","max-snippet":"max-snippet:-1","max-image-preview":"max-image-preview:large","max-video-preview":"max-video-preview:-1"},"canonical":"https:\/\/www.lerendezvous.mu\/en\/product\/daddy\/","og_locale":"en_US","og_type":"article","og_title":"Daddy - Le Rendez-Vous","og_description":"Le sac Daddy de Save A Sail est un sac grand format, con\u00e7u \u00e0 partir de voiles de bateau recycl\u00e9es et fabriqu\u00e9 \u00e0 la main \u00e0 l\u2019\u00cele Maurice.","og_url":"https:\/\/www.lerendezvous.mu\/en\/product\/daddy\/","og_site_name":"Le Rendez-Vous","article_publisher":"https:\/\/www.facebook.com\/lerendezvousmauritius","article_modified_time":"2026-04-25T14:26:37+00:00","og_image":[{"width":683,"height":1024,"url":"https:\/\/www.lerendezvous.mu\/wp-content\/uploads\/2025\/11\/saveasail-daddy-portrait-683x1024.jpg","type":"image\/jpeg"}],"twitter_card":"summary_large_image","twitter_misc":{"Est. reading time":"1 minute"},"schema":{"@context":"https:\/\/schema.org","@graph":[{"@type":"WebPage","@id":"https:\/\/www.lerendezvous.mu\/product\/daddy\/","url":"https:\/\/www.lerendezvous.mu\/product\/daddy\/","name":"Daddy - Le Rendez-Vous","isPartOf":{"@id":"https:\/\/www.lerendezvous.mu\/#website"},"primaryImageOfPage":{"@id":"https:\/\/www.lerendezvous.mu\/product\/daddy\/#primaryimage"},"image":{"@id":"https:\/\/www.lerendezvous.mu\/product\/daddy\/#primaryimage"},"thumbnailUrl":"https:\/\/www.lerendezvous.mu\/wp-content\/uploads\/2025\/11\/saveasail-daddy-portrait.jpg","datePublished":"2025-11-14T12:19:03+00:00","dateModified":"2026-04-25T14:26:37+00:00","description":"Le sac Daddy de Save A Sail est un sac grand format, con\u00e7u \u00e0 partir de voiles de bateau recycl\u00e9es et fabriqu\u00e9 \u00e0 la main \u00e0 l\u2019\u00cele Maurice.","breadcrumb":{"@id":"https:\/\/www.lerendezvous.mu\/product\/daddy\/#breadcrumb"},"inLanguage":"en-US","potentialAction":[{"@type":"ReadAction","target":["https:\/\/www.lerendezvous.mu\/product\/daddy\/"]}]},{"@type":"ImageObject","inLanguage":"en-US","@id":"https:\/\/www.lerendezvous.mu\/product\/daddy\/#primaryimage","url":"https:\/\/www.lerendezvous.mu\/wp-content\/uploads\/2025\/11\/saveasail-daddy-portrait.jpg","contentUrl":"https:\/\/www.lerendezvous.mu\/wp-content\/uploads\/2025\/11\/saveasail-daddy-portrait.jpg","width":6336,"height":9504},{"@type":"BreadcrumbList","@id":"https:\/\/www.lerendezvous.mu\/product\/daddy\/#breadcrumb","itemListElement":[{"@type":"ListItem","position":1,"name":"Home","item":"https:\/\/www.lerendezvous.mu\/"},{"@type":"ListItem","position":2,"name":"Shop","item":"https:\/\/www.lerendezvous.mu\/shop\/"},{"@type":"ListItem","position":3,"name":"Daddy"}]},{"@type":"WebSite","@id":"https:\/\/www.lerendezvous.mu\/#website","url":"https:\/\/www.lerendezvous.mu\/","name":"Le Rendez-Vous","description":"100% moricien","publisher":{"@id":"https:\/\/www.lerendezvous.mu\/#organization"},"potentialAction":[{"@type":"SearchAction","target":{"@type":"EntryPoint","urlTemplate":"https:\/\/www.lerendezvous.mu\/?s={search_term_string}"},"query-input":{"@type":"PropertyValueSpecification","valueRequired":true,"valueName":"search_term_string"}}],"inLanguage":"en-US"},{"@type":"Organization","@id":"https:\/\/www.lerendezvous.mu\/#organization","name":"Le Rendez-Vous","url":"https:\/\/www.lerendezvous.mu\/","logo":{"@type":"ImageObject","inLanguage":"en-US","@id":"https:\/\/www.lerendezvous.mu\/#\/schema\/logo\/image\/","url":"https:\/\/www.lerendezvous.mu\/wp-content\/uploads\/2025\/10\/lrdv-logo.png","contentUrl":"https:\/\/www.lerendezvous.mu\/wp-content\/uploads\/2025\/10\/lrdv-logo.png","width":568,"height":232,"caption":"Le Rendez-Vous"},"image":{"@id":"https:\/\/www.lerendezvous.mu\/#\/schema\/logo\/image\/"},"sameAs":["https:\/\/www.facebook.com\/lerendezvousmauritius","https:\/\/www.instagram.com\/lerendezvous_mauritius"]}]}},"_links":{"self":[{"href":"https:\/\/www.lerendezvous.mu\/en\/wp-json\/wp\/v2\/product\/3494","targetHints":{"allow":["GET"]}}],"collection":[{"href":"https:\/\/www.lerendezvous.mu\/en\/wp-json\/wp\/v2\/product"}],"about":[{"href":"https:\/\/www.lerendezvous.mu\/en\/wp-json\/wp\/v2\/types\/product"}],"replies":[{"embeddable":true,"href":"https:\/\/www.lerendezvous.mu\/en\/wp-json\/wp\/v2\/comments?post=3494"}],"wp:featuredmedia":[{"embeddable":true,"href":"https:\/\/www.lerendezvous.mu\/en\/wp-json\/wp\/v2\/media\/5376"}],"wp:attachment":[{"href":"https:\/\/www.lerendezvous.mu\/en\/wp-json\/wp\/v2\/media?parent=3494"}],"wp:term":[{"taxonomy":"badge","embeddable":true,"href":"https:\/\/www.lerendezvous.mu\/en\/wp-json\/wp\/v2\/badge?post=3494"},{"taxonomy":"subtag","embeddable":true,"href":"https:\/\/www.lerendezvous.mu\/en\/wp-json\/wp\/v2\/subtag?post=3494"},{"taxonomy":"product_brand","embeddable":true,"href":"https:\/\/www.lerendezvous.mu\/en\/wp-json\/wp\/v2\/product_brand?post=3494"},{"taxonomy":"product_cat","embeddable":true,"href":"https:\/\/www.lerendezvous.mu\/en\/wp-json\/wp\/v2\/product_cat?post=3494"},{"taxonomy":"product_tag","embeddable":true,"href":"https:\/\/www.lerendezvous.mu\/en\/wp-json\/wp\/v2\/product_tag?post=3494"}],"curies":[{"name":"wp","href":"https:\/\/api.w.org\/{rel}","templated":true}]}}