{"id":3847,"date":"2025-11-25T10:24:07","date_gmt":"2025-11-25T06:24:07","guid":{"rendered":"https:\/\/www.lerendezvous.mu\/product\/contour-yeux-anti-fatigue\/"},"modified":"2026-04-11T16:32:27","modified_gmt":"2026-04-11T12:32:27","slug":"contour-yeux-anti-fatigue","status":"publish","type":"product","link":"https:\/\/www.lerendezvous.mu\/en\/product\/contour-yeux-anti-fatigue\/","title":{"rendered":"Anti-Fatigue Eye Contour"},"content":{"rendered":"<p>NaturaBaie's anti-fatigue eye contour cream is a 100% natural treatment designed to revitalize and brighten the eyes. Enriched with natural ingredients, it helps reduce dark circles and puffiness while moisturizing the skin.<\/p>\n<p>Ingr\u00e9dients : Hydrolat Helichryse italienne, Extrait de caf\u00e9 de l&rsquo;Ile Maurice, Collag\u00e8ne V\u00e9g\u00e9tal<\/p>","protected":false},"excerpt":{"rendered":"<p>Le contour anti-fatigue pour les yeux de NaturaBaie est un soin 100 % naturel con\u00e7u pour revitaliser et illuminer le regard. Enrichi en ingr\u00e9dients naturels, il aide \u00e0 r\u00e9duire les cernes et les poches tout en hydratant la peau. Ingr\u00e9dients : Hydrolat Helichryse italienne, Extrait de caf\u00e9 de l&rsquo;Ile Maurice, Collag\u00e8ne V\u00e9g\u00e9tal<\/p>","protected":false},"featured_media":3850,"comment_status":"open","ping_status":"closed","template":"","meta":{"_acf_changed":false},"badge":[],"subtag":[50,51],"product_brand":[],"product_cat":[120],"product_tag":[115],"class_list":{"0":"post-3847","1":"product","2":"type-product","3":"status-publish","4":"has-post-thumbnail","6":"subtag-soins-beaute","7":"subtag-soins-du-visage","8":"product_cat-naturabaie","9":"product_tag-healthcare","11":"first","12":"instock","13":"taxable","14":"shipping-taxable","15":"purchasable","16":"product-type-variable"},"acf":[],"yoast_head":"<!-- This site is optimized with the Yoast SEO plugin v27.5 - https:\/\/yoast.com\/product\/yoast-seo-wordpress\/ -->\n<title>Contour Yeux Anti-Fatigue - Le Rendez-Vous<\/title>\n<meta name=\"description\" content=\"Dites non aux cernes avec le contour pour les yeux anti-fatigue de NaturaBaie. Un soin revitalisant et tonifiant pour vos yeux.\" \/>\n<meta name=\"robots\" content=\"index, follow, max-snippet:-1, max-image-preview:large, max-video-preview:-1\" \/>\n<link rel=\"canonical\" href=\"https:\/\/www.lerendezvous.mu\/en\/product\/contour-yeux-anti-fatigue\/\" \/>\n<meta property=\"og:locale\" content=\"en_US\" \/>\n<meta property=\"og:type\" content=\"article\" \/>\n<meta property=\"og:title\" content=\"Contour Yeux Anti-Fatigue - Le Rendez-Vous\" \/>\n<meta property=\"og:description\" content=\"Dites non aux cernes avec le contour pour les yeux anti-fatigue de NaturaBaie. Un soin revitalisant et tonifiant pour vos yeux.\" \/>\n<meta property=\"og:url\" content=\"https:\/\/www.lerendezvous.mu\/en\/product\/contour-yeux-anti-fatigue\/\" \/>\n<meta property=\"og:site_name\" content=\"Le Rendez-Vous\" \/>\n<meta property=\"article:publisher\" content=\"https:\/\/www.facebook.com\/lerendezvousmauritius\" \/>\n<meta property=\"article:modified_time\" content=\"2026-04-11T12:32:27+00:00\" \/>\n<meta property=\"og:image\" content=\"https:\/\/www.lerendezvous.mu\/wp-content\/uploads\/2025\/11\/naturabaie-eye-contour-view-landscape.jpg\" \/>\n\t<meta property=\"og:image:width\" content=\"1300\" \/>\n\t<meta property=\"og:image:height\" content=\"867\" \/>\n\t<meta property=\"og:image:type\" content=\"image\/jpeg\" \/>\n<meta name=\"twitter:card\" content=\"summary_large_image\" \/>\n<meta name=\"twitter:label1\" content=\"Est. reading time\" \/>\n\t<meta name=\"twitter:data1\" content=\"1 minute\" \/>\n<script type=\"application\/ld+json\" class=\"yoast-schema-graph\">{\"@context\":\"https:\\\/\\\/schema.org\",\"@graph\":[{\"@type\":\"WebPage\",\"@id\":\"https:\\\/\\\/www.lerendezvous.mu\\\/product\\\/contour-yeux-anti-fatigue\\\/\",\"url\":\"https:\\\/\\\/www.lerendezvous.mu\\\/product\\\/contour-yeux-anti-fatigue\\\/\",\"name\":\"Contour Yeux Anti-Fatigue - Le Rendez-Vous\",\"isPartOf\":{\"@id\":\"https:\\\/\\\/www.lerendezvous.mu\\\/#website\"},\"primaryImageOfPage\":{\"@id\":\"https:\\\/\\\/www.lerendezvous.mu\\\/product\\\/contour-yeux-anti-fatigue\\\/#primaryimage\"},\"image\":{\"@id\":\"https:\\\/\\\/www.lerendezvous.mu\\\/product\\\/contour-yeux-anti-fatigue\\\/#primaryimage\"},\"thumbnailUrl\":\"https:\\\/\\\/www.lerendezvous.mu\\\/wp-content\\\/uploads\\\/2025\\\/11\\\/naturabaie-eye-contour-view-landscape.jpg\",\"datePublished\":\"2025-11-25T06:24:07+00:00\",\"dateModified\":\"2026-04-11T12:32:27+00:00\",\"description\":\"Dites non aux cernes avec le contour pour les yeux anti-fatigue de NaturaBaie. Un soin revitalisant et tonifiant pour vos yeux.\",\"breadcrumb\":{\"@id\":\"https:\\\/\\\/www.lerendezvous.mu\\\/product\\\/contour-yeux-anti-fatigue\\\/#breadcrumb\"},\"inLanguage\":\"en-US\",\"potentialAction\":[{\"@type\":\"ReadAction\",\"target\":[\"https:\\\/\\\/www.lerendezvous.mu\\\/product\\\/contour-yeux-anti-fatigue\\\/\"]}]},{\"@type\":\"ImageObject\",\"inLanguage\":\"en-US\",\"@id\":\"https:\\\/\\\/www.lerendezvous.mu\\\/product\\\/contour-yeux-anti-fatigue\\\/#primaryimage\",\"url\":\"https:\\\/\\\/www.lerendezvous.mu\\\/wp-content\\\/uploads\\\/2025\\\/11\\\/naturabaie-eye-contour-view-landscape.jpg\",\"contentUrl\":\"https:\\\/\\\/www.lerendezvous.mu\\\/wp-content\\\/uploads\\\/2025\\\/11\\\/naturabaie-eye-contour-view-landscape.jpg\",\"width\":1300,\"height\":867},{\"@type\":\"BreadcrumbList\",\"@id\":\"https:\\\/\\\/www.lerendezvous.mu\\\/product\\\/contour-yeux-anti-fatigue\\\/#breadcrumb\",\"itemListElement\":[{\"@type\":\"ListItem\",\"position\":1,\"name\":\"Home\",\"item\":\"https:\\\/\\\/www.lerendezvous.mu\\\/\"},{\"@type\":\"ListItem\",\"position\":2,\"name\":\"Shop\",\"item\":\"https:\\\/\\\/www.lerendezvous.mu\\\/shop\\\/\"},{\"@type\":\"ListItem\",\"position\":3,\"name\":\"Contour Yeux Anti-Fatigue\"}]},{\"@type\":\"WebSite\",\"@id\":\"https:\\\/\\\/www.lerendezvous.mu\\\/#website\",\"url\":\"https:\\\/\\\/www.lerendezvous.mu\\\/\",\"name\":\"Le Rendez-Vous\",\"description\":\"100% moricien\",\"publisher\":{\"@id\":\"https:\\\/\\\/www.lerendezvous.mu\\\/#organization\"},\"potentialAction\":[{\"@type\":\"SearchAction\",\"target\":{\"@type\":\"EntryPoint\",\"urlTemplate\":\"https:\\\/\\\/www.lerendezvous.mu\\\/?s={search_term_string}\"},\"query-input\":{\"@type\":\"PropertyValueSpecification\",\"valueRequired\":true,\"valueName\":\"search_term_string\"}}],\"inLanguage\":\"en-US\"},{\"@type\":\"Organization\",\"@id\":\"https:\\\/\\\/www.lerendezvous.mu\\\/#organization\",\"name\":\"Le Rendez-Vous\",\"url\":\"https:\\\/\\\/www.lerendezvous.mu\\\/\",\"logo\":{\"@type\":\"ImageObject\",\"inLanguage\":\"en-US\",\"@id\":\"https:\\\/\\\/www.lerendezvous.mu\\\/#\\\/schema\\\/logo\\\/image\\\/\",\"url\":\"https:\\\/\\\/www.lerendezvous.mu\\\/wp-content\\\/uploads\\\/2025\\\/10\\\/lrdv-logo.png\",\"contentUrl\":\"https:\\\/\\\/www.lerendezvous.mu\\\/wp-content\\\/uploads\\\/2025\\\/10\\\/lrdv-logo.png\",\"width\":568,\"height\":232,\"caption\":\"Le Rendez-Vous\"},\"image\":{\"@id\":\"https:\\\/\\\/www.lerendezvous.mu\\\/#\\\/schema\\\/logo\\\/image\\\/\"},\"sameAs\":[\"https:\\\/\\\/www.facebook.com\\\/lerendezvousmauritius\",\"https:\\\/\\\/www.instagram.com\\\/lerendezvous_mauritius\"]}]}<\/script>\n<!-- \/ Yoast SEO plugin. -->","yoast_head_json":{"title":"Contour Yeux Anti-Fatigue - Le Rendez-Vous","description":"Dites non aux cernes avec le contour pour les yeux anti-fatigue de NaturaBaie. Un soin revitalisant et tonifiant pour vos yeux.","robots":{"index":"index","follow":"follow","max-snippet":"max-snippet:-1","max-image-preview":"max-image-preview:large","max-video-preview":"max-video-preview:-1"},"canonical":"https:\/\/www.lerendezvous.mu\/en\/product\/contour-yeux-anti-fatigue\/","og_locale":"en_US","og_type":"article","og_title":"Contour Yeux Anti-Fatigue - Le Rendez-Vous","og_description":"Dites non aux cernes avec le contour pour les yeux anti-fatigue de NaturaBaie. Un soin revitalisant et tonifiant pour vos yeux.","og_url":"https:\/\/www.lerendezvous.mu\/en\/product\/contour-yeux-anti-fatigue\/","og_site_name":"Le Rendez-Vous","article_publisher":"https:\/\/www.facebook.com\/lerendezvousmauritius","article_modified_time":"2026-04-11T12:32:27+00:00","og_image":[{"width":1300,"height":867,"url":"https:\/\/www.lerendezvous.mu\/wp-content\/uploads\/2025\/11\/naturabaie-eye-contour-view-landscape.jpg","type":"image\/jpeg"}],"twitter_card":"summary_large_image","twitter_misc":{"Est. reading time":"1 minute"},"schema":{"@context":"https:\/\/schema.org","@graph":[{"@type":"WebPage","@id":"https:\/\/www.lerendezvous.mu\/product\/contour-yeux-anti-fatigue\/","url":"https:\/\/www.lerendezvous.mu\/product\/contour-yeux-anti-fatigue\/","name":"Contour Yeux Anti-Fatigue - Le Rendez-Vous","isPartOf":{"@id":"https:\/\/www.lerendezvous.mu\/#website"},"primaryImageOfPage":{"@id":"https:\/\/www.lerendezvous.mu\/product\/contour-yeux-anti-fatigue\/#primaryimage"},"image":{"@id":"https:\/\/www.lerendezvous.mu\/product\/contour-yeux-anti-fatigue\/#primaryimage"},"thumbnailUrl":"https:\/\/www.lerendezvous.mu\/wp-content\/uploads\/2025\/11\/naturabaie-eye-contour-view-landscape.jpg","datePublished":"2025-11-25T06:24:07+00:00","dateModified":"2026-04-11T12:32:27+00:00","description":"Dites non aux cernes avec le contour pour les yeux anti-fatigue de NaturaBaie. Un soin revitalisant et tonifiant pour vos yeux.","breadcrumb":{"@id":"https:\/\/www.lerendezvous.mu\/product\/contour-yeux-anti-fatigue\/#breadcrumb"},"inLanguage":"en-US","potentialAction":[{"@type":"ReadAction","target":["https:\/\/www.lerendezvous.mu\/product\/contour-yeux-anti-fatigue\/"]}]},{"@type":"ImageObject","inLanguage":"en-US","@id":"https:\/\/www.lerendezvous.mu\/product\/contour-yeux-anti-fatigue\/#primaryimage","url":"https:\/\/www.lerendezvous.mu\/wp-content\/uploads\/2025\/11\/naturabaie-eye-contour-view-landscape.jpg","contentUrl":"https:\/\/www.lerendezvous.mu\/wp-content\/uploads\/2025\/11\/naturabaie-eye-contour-view-landscape.jpg","width":1300,"height":867},{"@type":"BreadcrumbList","@id":"https:\/\/www.lerendezvous.mu\/product\/contour-yeux-anti-fatigue\/#breadcrumb","itemListElement":[{"@type":"ListItem","position":1,"name":"Home","item":"https:\/\/www.lerendezvous.mu\/"},{"@type":"ListItem","position":2,"name":"Shop","item":"https:\/\/www.lerendezvous.mu\/shop\/"},{"@type":"ListItem","position":3,"name":"Contour Yeux Anti-Fatigue"}]},{"@type":"WebSite","@id":"https:\/\/www.lerendezvous.mu\/#website","url":"https:\/\/www.lerendezvous.mu\/","name":"Le Rendez-Vous","description":"100% moricien","publisher":{"@id":"https:\/\/www.lerendezvous.mu\/#organization"},"potentialAction":[{"@type":"SearchAction","target":{"@type":"EntryPoint","urlTemplate":"https:\/\/www.lerendezvous.mu\/?s={search_term_string}"},"query-input":{"@type":"PropertyValueSpecification","valueRequired":true,"valueName":"search_term_string"}}],"inLanguage":"en-US"},{"@type":"Organization","@id":"https:\/\/www.lerendezvous.mu\/#organization","name":"Le Rendez-Vous","url":"https:\/\/www.lerendezvous.mu\/","logo":{"@type":"ImageObject","inLanguage":"en-US","@id":"https:\/\/www.lerendezvous.mu\/#\/schema\/logo\/image\/","url":"https:\/\/www.lerendezvous.mu\/wp-content\/uploads\/2025\/10\/lrdv-logo.png","contentUrl":"https:\/\/www.lerendezvous.mu\/wp-content\/uploads\/2025\/10\/lrdv-logo.png","width":568,"height":232,"caption":"Le Rendez-Vous"},"image":{"@id":"https:\/\/www.lerendezvous.mu\/#\/schema\/logo\/image\/"},"sameAs":["https:\/\/www.facebook.com\/lerendezvousmauritius","https:\/\/www.instagram.com\/lerendezvous_mauritius"]}]}},"_links":{"self":[{"href":"https:\/\/www.lerendezvous.mu\/en\/wp-json\/wp\/v2\/product\/3847","targetHints":{"allow":["GET"]}}],"collection":[{"href":"https:\/\/www.lerendezvous.mu\/en\/wp-json\/wp\/v2\/product"}],"about":[{"href":"https:\/\/www.lerendezvous.mu\/en\/wp-json\/wp\/v2\/types\/product"}],"replies":[{"embeddable":true,"href":"https:\/\/www.lerendezvous.mu\/en\/wp-json\/wp\/v2\/comments?post=3847"}],"wp:featuredmedia":[{"embeddable":true,"href":"https:\/\/www.lerendezvous.mu\/en\/wp-json\/wp\/v2\/media\/3850"}],"wp:attachment":[{"href":"https:\/\/www.lerendezvous.mu\/en\/wp-json\/wp\/v2\/media?parent=3847"}],"wp:term":[{"taxonomy":"badge","embeddable":true,"href":"https:\/\/www.lerendezvous.mu\/en\/wp-json\/wp\/v2\/badge?post=3847"},{"taxonomy":"subtag","embeddable":true,"href":"https:\/\/www.lerendezvous.mu\/en\/wp-json\/wp\/v2\/subtag?post=3847"},{"taxonomy":"product_brand","embeddable":true,"href":"https:\/\/www.lerendezvous.mu\/en\/wp-json\/wp\/v2\/product_brand?post=3847"},{"taxonomy":"product_cat","embeddable":true,"href":"https:\/\/www.lerendezvous.mu\/en\/wp-json\/wp\/v2\/product_cat?post=3847"},{"taxonomy":"product_tag","embeddable":true,"href":"https:\/\/www.lerendezvous.mu\/en\/wp-json\/wp\/v2\/product_tag?post=3847"}],"curies":[{"name":"wp","href":"https:\/\/api.w.org\/{rel}","templated":true}]}}