{"id":4079,"date":"2025-12-10T16:41:17","date_gmt":"2025-12-10T12:41:17","guid":{"rendered":"https:\/\/www.lerendezvous.mu\/product\/m-ourit-ts-ov\/"},"modified":"2026-04-16T16:44:02","modified_gmt":"2026-04-16T12:44:02","slug":"m-ourit-ts-ov","status":"publish","type":"product","link":"https:\/\/www.lerendezvous.mu\/en\/product\/m-ourit-ts-ov\/","title":{"rendered":"M Ourit TS OV"},"content":{"rendered":"<p>Plonge dans l\u2019esprit de Maurice avec ce T-shirt \u00ab Ourit \u00bb oversized par The Kreol Republic \u2014 un t-shirt 100 % fabriqu\u00e9 localement. Entre confort, style d\u00e9contract\u00e9 et inspiration marine, ce t-shirt incarne l\u2019attitude libre et chaleureuse de l\u2019\u00eele. Porte-le pour affirmer ton style tropical, ta fiert\u00e9 locale et ton go\u00fbt pour la mode responsable.<\/p>\n<p>100% coton | Coupe Oversize<\/p>","protected":false},"excerpt":{"rendered":"<p>Plonge dans l\u2019esprit de Maurice avec ce T-shirt \u00ab Ourit \u00bb oversized par The Kreol Republic \u2014 un t-shirt 100 % fabriqu\u00e9 localement. Entre confort, style d\u00e9contract\u00e9 et inspiration marine, ce t-shirt incarne l\u2019attitude libre et chaleureuse de l\u2019\u00eele. Porte-le pour affirmer ton style tropical, ta fiert\u00e9 locale et ton go\u00fbt pour la mode responsable. [&hellip;]<\/p>\n","protected":false},"featured_media":5171,"comment_status":"open","ping_status":"closed","template":"","meta":{"_acf_changed":false},"badge":[172],"subtag":[171,25,167,38],"product_brand":[],"product_cat":[84],"product_tag":[100],"class_list":{"0":"post-4079","1":"product","2":"type-product","3":"status-publish","4":"has-post-thumbnail","6":"badge-summer-republic","7":"subtag-decouvrez-le-coin-summer-republic","8":"subtag-homme","9":"subtag-nos-nouveautes-vous-attendent","10":"subtag-t-shirts-homme","11":"product_cat-the-kreol-republic","12":"product_tag-homme","14":"first","15":"instock","16":"taxable","17":"shipping-taxable","18":"purchasable","19":"product-type-variable"},"acf":[],"yoast_head":"<!-- This site is optimized with the Yoast SEO plugin v27.3 - https:\/\/yoast.com\/product\/yoast-seo-wordpress\/ -->\n<title>M Ourit TS OV - Le Rendez-Vous<\/title>\n<meta name=\"robots\" content=\"index, follow, max-snippet:-1, max-image-preview:large, max-video-preview:-1\" \/>\n<link rel=\"canonical\" href=\"https:\/\/www.lerendezvous.mu\/en\/product\/m-ourit-ts-ov\/\" \/>\n<meta property=\"og:locale\" content=\"en_US\" \/>\n<meta property=\"og:type\" content=\"article\" \/>\n<meta property=\"og:title\" content=\"M Ourit TS OV - Le Rendez-Vous\" \/>\n<meta property=\"og:description\" content=\"Plonge dans l\u2019esprit de Maurice avec ce T-shirt \u00ab Ourit \u00bb oversized par The Kreol Republic \u2014 un t-shirt 100 % fabriqu\u00e9 localement. Entre confort, style d\u00e9contract\u00e9 et inspiration marine, ce t-shirt incarne l\u2019attitude libre et chaleureuse de l\u2019\u00eele. Porte-le pour affirmer ton style tropical, ta fiert\u00e9 locale et ton go\u00fbt pour la mode responsable. [&hellip;]\" \/>\n<meta property=\"og:url\" content=\"https:\/\/www.lerendezvous.mu\/en\/product\/m-ourit-ts-ov\/\" \/>\n<meta property=\"og:site_name\" content=\"Le Rendez-Vous\" \/>\n<meta property=\"article:publisher\" content=\"https:\/\/www.facebook.com\/lerendezvousmauritius\" \/>\n<meta property=\"article:modified_time\" content=\"2026-04-16T12:44:02+00:00\" \/>\n<meta property=\"og:image\" content=\"https:\/\/www.lerendezvous.mu\/wp-content\/uploads\/2025\/12\/thekreolrepublic-men-tshirt-octopus-back.jpg\" \/>\n\t<meta property=\"og:image:width\" content=\"1200\" \/>\n\t<meta property=\"og:image:height\" content=\"1800\" \/>\n\t<meta property=\"og:image:type\" content=\"image\/jpeg\" \/>\n<meta name=\"twitter:card\" content=\"summary_large_image\" \/>\n<meta name=\"twitter:label1\" content=\"Est. reading time\" \/>\n\t<meta name=\"twitter:data1\" content=\"1 minute\" \/>\n<script type=\"application\/ld+json\" class=\"yoast-schema-graph\">{\"@context\":\"https:\\\/\\\/schema.org\",\"@graph\":[{\"@type\":\"WebPage\",\"@id\":\"https:\\\/\\\/www.lerendezvous.mu\\\/product\\\/m-ourit-ts-ov\\\/\",\"url\":\"https:\\\/\\\/www.lerendezvous.mu\\\/product\\\/m-ourit-ts-ov\\\/\",\"name\":\"M Ourit TS OV - Le Rendez-Vous\",\"isPartOf\":{\"@id\":\"https:\\\/\\\/www.lerendezvous.mu\\\/#website\"},\"primaryImageOfPage\":{\"@id\":\"https:\\\/\\\/www.lerendezvous.mu\\\/product\\\/m-ourit-ts-ov\\\/#primaryimage\"},\"image\":{\"@id\":\"https:\\\/\\\/www.lerendezvous.mu\\\/product\\\/m-ourit-ts-ov\\\/#primaryimage\"},\"thumbnailUrl\":\"https:\\\/\\\/www.lerendezvous.mu\\\/wp-content\\\/uploads\\\/2025\\\/12\\\/thekreolrepublic-men-tshirt-octopus-back.jpg\",\"datePublished\":\"2025-12-10T12:41:17+00:00\",\"dateModified\":\"2026-04-16T12:44:02+00:00\",\"breadcrumb\":{\"@id\":\"https:\\\/\\\/www.lerendezvous.mu\\\/product\\\/m-ourit-ts-ov\\\/#breadcrumb\"},\"inLanguage\":\"en-US\",\"potentialAction\":[{\"@type\":\"ReadAction\",\"target\":[\"https:\\\/\\\/www.lerendezvous.mu\\\/product\\\/m-ourit-ts-ov\\\/\"]}]},{\"@type\":\"ImageObject\",\"inLanguage\":\"en-US\",\"@id\":\"https:\\\/\\\/www.lerendezvous.mu\\\/product\\\/m-ourit-ts-ov\\\/#primaryimage\",\"url\":\"https:\\\/\\\/www.lerendezvous.mu\\\/wp-content\\\/uploads\\\/2025\\\/12\\\/thekreolrepublic-men-tshirt-octopus-back.jpg\",\"contentUrl\":\"https:\\\/\\\/www.lerendezvous.mu\\\/wp-content\\\/uploads\\\/2025\\\/12\\\/thekreolrepublic-men-tshirt-octopus-back.jpg\",\"width\":1200,\"height\":1800},{\"@type\":\"BreadcrumbList\",\"@id\":\"https:\\\/\\\/www.lerendezvous.mu\\\/product\\\/m-ourit-ts-ov\\\/#breadcrumb\",\"itemListElement\":[{\"@type\":\"ListItem\",\"position\":1,\"name\":\"Home\",\"item\":\"https:\\\/\\\/www.lerendezvous.mu\\\/\"},{\"@type\":\"ListItem\",\"position\":2,\"name\":\"Shop\",\"item\":\"https:\\\/\\\/www.lerendezvous.mu\\\/shop\\\/\"},{\"@type\":\"ListItem\",\"position\":3,\"name\":\"M Ourit TS OV\"}]},{\"@type\":\"WebSite\",\"@id\":\"https:\\\/\\\/www.lerendezvous.mu\\\/#website\",\"url\":\"https:\\\/\\\/www.lerendezvous.mu\\\/\",\"name\":\"Le Rendez-Vous\",\"description\":\"100% moricien\",\"publisher\":{\"@id\":\"https:\\\/\\\/www.lerendezvous.mu\\\/#organization\"},\"potentialAction\":[{\"@type\":\"SearchAction\",\"target\":{\"@type\":\"EntryPoint\",\"urlTemplate\":\"https:\\\/\\\/www.lerendezvous.mu\\\/?s={search_term_string}\"},\"query-input\":{\"@type\":\"PropertyValueSpecification\",\"valueRequired\":true,\"valueName\":\"search_term_string\"}}],\"inLanguage\":\"en-US\"},{\"@type\":\"Organization\",\"@id\":\"https:\\\/\\\/www.lerendezvous.mu\\\/#organization\",\"name\":\"Le Rendez-Vous\",\"url\":\"https:\\\/\\\/www.lerendezvous.mu\\\/\",\"logo\":{\"@type\":\"ImageObject\",\"inLanguage\":\"en-US\",\"@id\":\"https:\\\/\\\/www.lerendezvous.mu\\\/#\\\/schema\\\/logo\\\/image\\\/\",\"url\":\"https:\\\/\\\/www.lerendezvous.mu\\\/wp-content\\\/uploads\\\/2025\\\/10\\\/lrdv-logo.png\",\"contentUrl\":\"https:\\\/\\\/www.lerendezvous.mu\\\/wp-content\\\/uploads\\\/2025\\\/10\\\/lrdv-logo.png\",\"width\":568,\"height\":232,\"caption\":\"Le Rendez-Vous\"},\"image\":{\"@id\":\"https:\\\/\\\/www.lerendezvous.mu\\\/#\\\/schema\\\/logo\\\/image\\\/\"},\"sameAs\":[\"https:\\\/\\\/www.facebook.com\\\/lerendezvousmauritius\",\"https:\\\/\\\/www.instagram.com\\\/lerendezvous_mauritius\"]}]}<\/script>\n<!-- \/ Yoast SEO plugin. -->","yoast_head_json":{"title":"M Ourit TS OV - Le Rendez-Vous","robots":{"index":"index","follow":"follow","max-snippet":"max-snippet:-1","max-image-preview":"max-image-preview:large","max-video-preview":"max-video-preview:-1"},"canonical":"https:\/\/www.lerendezvous.mu\/en\/product\/m-ourit-ts-ov\/","og_locale":"en_US","og_type":"article","og_title":"M Ourit TS OV - Le Rendez-Vous","og_description":"Plonge dans l\u2019esprit de Maurice avec ce T-shirt \u00ab Ourit \u00bb oversized par The Kreol Republic \u2014 un t-shirt 100 % fabriqu\u00e9 localement. Entre confort, style d\u00e9contract\u00e9 et inspiration marine, ce t-shirt incarne l\u2019attitude libre et chaleureuse de l\u2019\u00eele. Porte-le pour affirmer ton style tropical, ta fiert\u00e9 locale et ton go\u00fbt pour la mode responsable. [&hellip;]","og_url":"https:\/\/www.lerendezvous.mu\/en\/product\/m-ourit-ts-ov\/","og_site_name":"Le Rendez-Vous","article_publisher":"https:\/\/www.facebook.com\/lerendezvousmauritius","article_modified_time":"2026-04-16T12:44:02+00:00","og_image":[{"width":1200,"height":1800,"url":"https:\/\/www.lerendezvous.mu\/wp-content\/uploads\/2025\/12\/thekreolrepublic-men-tshirt-octopus-back.jpg","type":"image\/jpeg"}],"twitter_card":"summary_large_image","twitter_misc":{"Est. reading time":"1 minute"},"schema":{"@context":"https:\/\/schema.org","@graph":[{"@type":"WebPage","@id":"https:\/\/www.lerendezvous.mu\/product\/m-ourit-ts-ov\/","url":"https:\/\/www.lerendezvous.mu\/product\/m-ourit-ts-ov\/","name":"M Ourit TS OV - Le Rendez-Vous","isPartOf":{"@id":"https:\/\/www.lerendezvous.mu\/#website"},"primaryImageOfPage":{"@id":"https:\/\/www.lerendezvous.mu\/product\/m-ourit-ts-ov\/#primaryimage"},"image":{"@id":"https:\/\/www.lerendezvous.mu\/product\/m-ourit-ts-ov\/#primaryimage"},"thumbnailUrl":"https:\/\/www.lerendezvous.mu\/wp-content\/uploads\/2025\/12\/thekreolrepublic-men-tshirt-octopus-back.jpg","datePublished":"2025-12-10T12:41:17+00:00","dateModified":"2026-04-16T12:44:02+00:00","breadcrumb":{"@id":"https:\/\/www.lerendezvous.mu\/product\/m-ourit-ts-ov\/#breadcrumb"},"inLanguage":"en-US","potentialAction":[{"@type":"ReadAction","target":["https:\/\/www.lerendezvous.mu\/product\/m-ourit-ts-ov\/"]}]},{"@type":"ImageObject","inLanguage":"en-US","@id":"https:\/\/www.lerendezvous.mu\/product\/m-ourit-ts-ov\/#primaryimage","url":"https:\/\/www.lerendezvous.mu\/wp-content\/uploads\/2025\/12\/thekreolrepublic-men-tshirt-octopus-back.jpg","contentUrl":"https:\/\/www.lerendezvous.mu\/wp-content\/uploads\/2025\/12\/thekreolrepublic-men-tshirt-octopus-back.jpg","width":1200,"height":1800},{"@type":"BreadcrumbList","@id":"https:\/\/www.lerendezvous.mu\/product\/m-ourit-ts-ov\/#breadcrumb","itemListElement":[{"@type":"ListItem","position":1,"name":"Home","item":"https:\/\/www.lerendezvous.mu\/"},{"@type":"ListItem","position":2,"name":"Shop","item":"https:\/\/www.lerendezvous.mu\/shop\/"},{"@type":"ListItem","position":3,"name":"M Ourit TS OV"}]},{"@type":"WebSite","@id":"https:\/\/www.lerendezvous.mu\/#website","url":"https:\/\/www.lerendezvous.mu\/","name":"Le Rendez-Vous","description":"100% moricien","publisher":{"@id":"https:\/\/www.lerendezvous.mu\/#organization"},"potentialAction":[{"@type":"SearchAction","target":{"@type":"EntryPoint","urlTemplate":"https:\/\/www.lerendezvous.mu\/?s={search_term_string}"},"query-input":{"@type":"PropertyValueSpecification","valueRequired":true,"valueName":"search_term_string"}}],"inLanguage":"en-US"},{"@type":"Organization","@id":"https:\/\/www.lerendezvous.mu\/#organization","name":"Le Rendez-Vous","url":"https:\/\/www.lerendezvous.mu\/","logo":{"@type":"ImageObject","inLanguage":"en-US","@id":"https:\/\/www.lerendezvous.mu\/#\/schema\/logo\/image\/","url":"https:\/\/www.lerendezvous.mu\/wp-content\/uploads\/2025\/10\/lrdv-logo.png","contentUrl":"https:\/\/www.lerendezvous.mu\/wp-content\/uploads\/2025\/10\/lrdv-logo.png","width":568,"height":232,"caption":"Le Rendez-Vous"},"image":{"@id":"https:\/\/www.lerendezvous.mu\/#\/schema\/logo\/image\/"},"sameAs":["https:\/\/www.facebook.com\/lerendezvousmauritius","https:\/\/www.instagram.com\/lerendezvous_mauritius"]}]}},"_links":{"self":[{"href":"https:\/\/www.lerendezvous.mu\/en\/wp-json\/wp\/v2\/product\/4079","targetHints":{"allow":["GET"]}}],"collection":[{"href":"https:\/\/www.lerendezvous.mu\/en\/wp-json\/wp\/v2\/product"}],"about":[{"href":"https:\/\/www.lerendezvous.mu\/en\/wp-json\/wp\/v2\/types\/product"}],"replies":[{"embeddable":true,"href":"https:\/\/www.lerendezvous.mu\/en\/wp-json\/wp\/v2\/comments?post=4079"}],"wp:featuredmedia":[{"embeddable":true,"href":"https:\/\/www.lerendezvous.mu\/en\/wp-json\/wp\/v2\/media\/5171"}],"wp:attachment":[{"href":"https:\/\/www.lerendezvous.mu\/en\/wp-json\/wp\/v2\/media?parent=4079"}],"wp:term":[{"taxonomy":"badge","embeddable":true,"href":"https:\/\/www.lerendezvous.mu\/en\/wp-json\/wp\/v2\/badge?post=4079"},{"taxonomy":"subtag","embeddable":true,"href":"https:\/\/www.lerendezvous.mu\/en\/wp-json\/wp\/v2\/subtag?post=4079"},{"taxonomy":"product_brand","embeddable":true,"href":"https:\/\/www.lerendezvous.mu\/en\/wp-json\/wp\/v2\/product_brand?post=4079"},{"taxonomy":"product_cat","embeddable":true,"href":"https:\/\/www.lerendezvous.mu\/en\/wp-json\/wp\/v2\/product_cat?post=4079"},{"taxonomy":"product_tag","embeddable":true,"href":"https:\/\/www.lerendezvous.mu\/en\/wp-json\/wp\/v2\/product_tag?post=4079"}],"curies":[{"name":"wp","href":"https:\/\/api.w.org\/{rel}","templated":true}]}}