{"id":411,"date":"2025-10-04T07:54:31","date_gmt":"2025-10-04T03:54:31","guid":{"rendered":"http:\/\/www.lerendezvous.mu\/product\/cotton-sock\/"},"modified":"2026-05-02T13:28:37","modified_gmt":"2026-05-02T09:28:37","slug":"chaussettes-coton","status":"publish","type":"product","link":"https:\/\/www.lerendezvous.mu\/en\/product\/chaussettes-coton\/","title":{"rendered":"Cotton Sock"},"content":{"rendered":"<p>Les chaussettes en coton de The Sock Trader incarnent le confort au naturel. Tricot\u00e9es avec pr\u00e9cision \u00e0 partir de fils de coton \u00e9cologiques certifi\u00e9s, elles sont fabriqu\u00e9es \u00e0 l\u2019\u00eele Maurice dans le respect du savoir-faire artisanal. Douces, respirantes et durables, elles sont id\u00e9ales pour un usage quotidien tout en ajoutant une touche de raffinement \u00e0 vos pas.<\/p>","protected":false},"excerpt":{"rendered":"<p>Les chaussettes en coton de The Sock Trader incarnent le confort au naturel. Tricot\u00e9es avec pr\u00e9cision \u00e0 partir de fils de coton \u00e9cologiques certifi\u00e9s, elles sont fabriqu\u00e9es \u00e0 l\u2019\u00eele Maurice dans le respect du savoir-faire artisanal. Douces, respirantes et durables, elles sont id\u00e9ales pour un usage quotidien tout en ajoutant une touche de raffinement \u00e0 [&hellip;]<\/p>\n","protected":false},"featured_media":758,"comment_status":"open","ping_status":"closed","template":"","meta":{"_acf_changed":false},"badge":[],"subtag":[74,80],"product_brand":[],"product_cat":[160],"product_tag":[85],"class_list":{"0":"post-411","1":"product","2":"type-product","3":"status-publish","4":"has-post-thumbnail","6":"subtag-accessoires","7":"subtag-chaussettes","8":"product_cat-socks-trader","9":"product_tag-accessoires","11":"first","12":"instock","13":"taxable","14":"shipping-taxable","15":"purchasable","16":"product-type-variable"},"acf":[],"yoast_head":"<!-- This site is optimized with the Yoast SEO plugin v27.5 - https:\/\/yoast.com\/product\/yoast-seo-wordpress\/ -->\n<title>Cotton Sock - Le Rendez-Vous<\/title>\n<meta name=\"description\" content=\"Ces chaussettes en coton incarnent le confort au naturel. Tricot\u00e9es \u00e0 partir de fils de coton \u00e9cologiques certifi\u00e9s, elles sont fabriqu\u00e9es \u00e0 l\u2019\u00eele Maurice.\" \/>\n<meta name=\"robots\" content=\"index, follow, max-snippet:-1, max-image-preview:large, max-video-preview:-1\" \/>\n<link rel=\"canonical\" href=\"https:\/\/www.lerendezvous.mu\/en\/product\/chaussettes-coton\/\" \/>\n<meta property=\"og:locale\" content=\"en_US\" \/>\n<meta property=\"og:type\" content=\"article\" \/>\n<meta property=\"og:title\" content=\"Cotton Sock - Le Rendez-Vous\" \/>\n<meta property=\"og:description\" content=\"Ces chaussettes en coton incarnent le confort au naturel. Tricot\u00e9es \u00e0 partir de fils de coton \u00e9cologiques certifi\u00e9s, elles sont fabriqu\u00e9es \u00e0 l\u2019\u00eele Maurice.\" \/>\n<meta property=\"og:url\" content=\"https:\/\/www.lerendezvous.mu\/en\/product\/chaussettes-coton\/\" \/>\n<meta property=\"og:site_name\" content=\"Le Rendez-Vous\" \/>\n<meta property=\"article:publisher\" content=\"https:\/\/www.facebook.com\/lerendezvousmauritius\" \/>\n<meta property=\"article:modified_time\" content=\"2026-05-02T09:28:37+00:00\" \/>\n<meta property=\"og:image\" content=\"https:\/\/www.lerendezvous.mu\/wp-content\/uploads\/2025\/10\/thesocktrader-cotton-socks.jpg\" \/>\n\t<meta property=\"og:image:width\" content=\"1\" \/>\n\t<meta property=\"og:image:height\" content=\"1\" \/>\n\t<meta property=\"og:image:type\" content=\"image\/jpeg\" \/>\n<meta name=\"twitter:card\" content=\"summary_large_image\" \/>\n<meta name=\"twitter:label1\" content=\"Est. reading time\" \/>\n\t<meta name=\"twitter:data1\" content=\"1 minute\" \/>\n<script type=\"application\/ld+json\" class=\"yoast-schema-graph\">{\"@context\":\"https:\\\/\\\/schema.org\",\"@graph\":[{\"@type\":\"WebPage\",\"@id\":\"https:\\\/\\\/www.lerendezvous.mu\\\/product\\\/chaussettes-coton\\\/\",\"url\":\"https:\\\/\\\/www.lerendezvous.mu\\\/product\\\/chaussettes-coton\\\/\",\"name\":\"Cotton Sock - Le Rendez-Vous\",\"isPartOf\":{\"@id\":\"https:\\\/\\\/www.lerendezvous.mu\\\/#website\"},\"primaryImageOfPage\":{\"@id\":\"https:\\\/\\\/www.lerendezvous.mu\\\/product\\\/chaussettes-coton\\\/#primaryimage\"},\"image\":{\"@id\":\"https:\\\/\\\/www.lerendezvous.mu\\\/product\\\/chaussettes-coton\\\/#primaryimage\"},\"thumbnailUrl\":\"https:\\\/\\\/www.lerendezvous.mu\\\/wp-content\\\/uploads\\\/2025\\\/10\\\/thesocktrader-cotton-socks.jpg\",\"datePublished\":\"2025-10-04T03:54:31+00:00\",\"dateModified\":\"2026-05-02T09:28:37+00:00\",\"description\":\"Ces chaussettes en coton incarnent le confort au naturel. Tricot\u00e9es \u00e0 partir de fils de coton \u00e9cologiques certifi\u00e9s, elles sont fabriqu\u00e9es \u00e0 l\u2019\u00eele Maurice.\",\"breadcrumb\":{\"@id\":\"https:\\\/\\\/www.lerendezvous.mu\\\/product\\\/chaussettes-coton\\\/#breadcrumb\"},\"inLanguage\":\"en-US\",\"potentialAction\":[{\"@type\":\"ReadAction\",\"target\":[\"https:\\\/\\\/www.lerendezvous.mu\\\/product\\\/chaussettes-coton\\\/\"]}]},{\"@type\":\"ImageObject\",\"inLanguage\":\"en-US\",\"@id\":\"https:\\\/\\\/www.lerendezvous.mu\\\/product\\\/chaussettes-coton\\\/#primaryimage\",\"url\":\"https:\\\/\\\/www.lerendezvous.mu\\\/wp-content\\\/uploads\\\/2025\\\/10\\\/thesocktrader-cotton-socks.jpg\",\"contentUrl\":\"https:\\\/\\\/www.lerendezvous.mu\\\/wp-content\\\/uploads\\\/2025\\\/10\\\/thesocktrader-cotton-socks.jpg\"},{\"@type\":\"BreadcrumbList\",\"@id\":\"https:\\\/\\\/www.lerendezvous.mu\\\/product\\\/chaussettes-coton\\\/#breadcrumb\",\"itemListElement\":[{\"@type\":\"ListItem\",\"position\":1,\"name\":\"Home\",\"item\":\"https:\\\/\\\/www.lerendezvous.mu\\\/\"},{\"@type\":\"ListItem\",\"position\":2,\"name\":\"Shop\",\"item\":\"https:\\\/\\\/www.lerendezvous.mu\\\/shop\\\/\"},{\"@type\":\"ListItem\",\"position\":3,\"name\":\"Cotton Sock\"}]},{\"@type\":\"WebSite\",\"@id\":\"https:\\\/\\\/www.lerendezvous.mu\\\/#website\",\"url\":\"https:\\\/\\\/www.lerendezvous.mu\\\/\",\"name\":\"Le Rendez-Vous\",\"description\":\"100% moricien\",\"publisher\":{\"@id\":\"https:\\\/\\\/www.lerendezvous.mu\\\/#organization\"},\"potentialAction\":[{\"@type\":\"SearchAction\",\"target\":{\"@type\":\"EntryPoint\",\"urlTemplate\":\"https:\\\/\\\/www.lerendezvous.mu\\\/?s={search_term_string}\"},\"query-input\":{\"@type\":\"PropertyValueSpecification\",\"valueRequired\":true,\"valueName\":\"search_term_string\"}}],\"inLanguage\":\"en-US\"},{\"@type\":\"Organization\",\"@id\":\"https:\\\/\\\/www.lerendezvous.mu\\\/#organization\",\"name\":\"Le Rendez-Vous\",\"url\":\"https:\\\/\\\/www.lerendezvous.mu\\\/\",\"logo\":{\"@type\":\"ImageObject\",\"inLanguage\":\"en-US\",\"@id\":\"https:\\\/\\\/www.lerendezvous.mu\\\/#\\\/schema\\\/logo\\\/image\\\/\",\"url\":\"https:\\\/\\\/www.lerendezvous.mu\\\/wp-content\\\/uploads\\\/2025\\\/10\\\/lrdv-logo.png\",\"contentUrl\":\"https:\\\/\\\/www.lerendezvous.mu\\\/wp-content\\\/uploads\\\/2025\\\/10\\\/lrdv-logo.png\",\"width\":568,\"height\":232,\"caption\":\"Le Rendez-Vous\"},\"image\":{\"@id\":\"https:\\\/\\\/www.lerendezvous.mu\\\/#\\\/schema\\\/logo\\\/image\\\/\"},\"sameAs\":[\"https:\\\/\\\/www.facebook.com\\\/lerendezvousmauritius\",\"https:\\\/\\\/www.instagram.com\\\/lerendezvous_mauritius\"]}]}<\/script>\n<!-- \/ Yoast SEO plugin. -->","yoast_head_json":{"title":"Cotton Sock - Le Rendez-Vous","description":"Ces chaussettes en coton incarnent le confort au naturel. Tricot\u00e9es \u00e0 partir de fils de coton \u00e9cologiques certifi\u00e9s, elles sont fabriqu\u00e9es \u00e0 l\u2019\u00eele Maurice.","robots":{"index":"index","follow":"follow","max-snippet":"max-snippet:-1","max-image-preview":"max-image-preview:large","max-video-preview":"max-video-preview:-1"},"canonical":"https:\/\/www.lerendezvous.mu\/en\/product\/chaussettes-coton\/","og_locale":"en_US","og_type":"article","og_title":"Cotton Sock - Le Rendez-Vous","og_description":"Ces chaussettes en coton incarnent le confort au naturel. Tricot\u00e9es \u00e0 partir de fils de coton \u00e9cologiques certifi\u00e9s, elles sont fabriqu\u00e9es \u00e0 l\u2019\u00eele Maurice.","og_url":"https:\/\/www.lerendezvous.mu\/en\/product\/chaussettes-coton\/","og_site_name":"Le Rendez-Vous","article_publisher":"https:\/\/www.facebook.com\/lerendezvousmauritius","article_modified_time":"2026-05-02T09:28:37+00:00","og_image":[{"url":"https:\/\/www.lerendezvous.mu\/wp-content\/uploads\/2025\/10\/thesocktrader-cotton-socks.jpg","width":1,"height":1,"type":"image\/jpeg"}],"twitter_card":"summary_large_image","twitter_misc":{"Est. reading time":"1 minute"},"schema":{"@context":"https:\/\/schema.org","@graph":[{"@type":"WebPage","@id":"https:\/\/www.lerendezvous.mu\/product\/chaussettes-coton\/","url":"https:\/\/www.lerendezvous.mu\/product\/chaussettes-coton\/","name":"Cotton Sock - Le Rendez-Vous","isPartOf":{"@id":"https:\/\/www.lerendezvous.mu\/#website"},"primaryImageOfPage":{"@id":"https:\/\/www.lerendezvous.mu\/product\/chaussettes-coton\/#primaryimage"},"image":{"@id":"https:\/\/www.lerendezvous.mu\/product\/chaussettes-coton\/#primaryimage"},"thumbnailUrl":"https:\/\/www.lerendezvous.mu\/wp-content\/uploads\/2025\/10\/thesocktrader-cotton-socks.jpg","datePublished":"2025-10-04T03:54:31+00:00","dateModified":"2026-05-02T09:28:37+00:00","description":"Ces chaussettes en coton incarnent le confort au naturel. Tricot\u00e9es \u00e0 partir de fils de coton \u00e9cologiques certifi\u00e9s, elles sont fabriqu\u00e9es \u00e0 l\u2019\u00eele Maurice.","breadcrumb":{"@id":"https:\/\/www.lerendezvous.mu\/product\/chaussettes-coton\/#breadcrumb"},"inLanguage":"en-US","potentialAction":[{"@type":"ReadAction","target":["https:\/\/www.lerendezvous.mu\/product\/chaussettes-coton\/"]}]},{"@type":"ImageObject","inLanguage":"en-US","@id":"https:\/\/www.lerendezvous.mu\/product\/chaussettes-coton\/#primaryimage","url":"https:\/\/www.lerendezvous.mu\/wp-content\/uploads\/2025\/10\/thesocktrader-cotton-socks.jpg","contentUrl":"https:\/\/www.lerendezvous.mu\/wp-content\/uploads\/2025\/10\/thesocktrader-cotton-socks.jpg"},{"@type":"BreadcrumbList","@id":"https:\/\/www.lerendezvous.mu\/product\/chaussettes-coton\/#breadcrumb","itemListElement":[{"@type":"ListItem","position":1,"name":"Home","item":"https:\/\/www.lerendezvous.mu\/"},{"@type":"ListItem","position":2,"name":"Shop","item":"https:\/\/www.lerendezvous.mu\/shop\/"},{"@type":"ListItem","position":3,"name":"Cotton Sock"}]},{"@type":"WebSite","@id":"https:\/\/www.lerendezvous.mu\/#website","url":"https:\/\/www.lerendezvous.mu\/","name":"Le Rendez-Vous","description":"100% moricien","publisher":{"@id":"https:\/\/www.lerendezvous.mu\/#organization"},"potentialAction":[{"@type":"SearchAction","target":{"@type":"EntryPoint","urlTemplate":"https:\/\/www.lerendezvous.mu\/?s={search_term_string}"},"query-input":{"@type":"PropertyValueSpecification","valueRequired":true,"valueName":"search_term_string"}}],"inLanguage":"en-US"},{"@type":"Organization","@id":"https:\/\/www.lerendezvous.mu\/#organization","name":"Le Rendez-Vous","url":"https:\/\/www.lerendezvous.mu\/","logo":{"@type":"ImageObject","inLanguage":"en-US","@id":"https:\/\/www.lerendezvous.mu\/#\/schema\/logo\/image\/","url":"https:\/\/www.lerendezvous.mu\/wp-content\/uploads\/2025\/10\/lrdv-logo.png","contentUrl":"https:\/\/www.lerendezvous.mu\/wp-content\/uploads\/2025\/10\/lrdv-logo.png","width":568,"height":232,"caption":"Le Rendez-Vous"},"image":{"@id":"https:\/\/www.lerendezvous.mu\/#\/schema\/logo\/image\/"},"sameAs":["https:\/\/www.facebook.com\/lerendezvousmauritius","https:\/\/www.instagram.com\/lerendezvous_mauritius"]}]}},"_links":{"self":[{"href":"https:\/\/www.lerendezvous.mu\/en\/wp-json\/wp\/v2\/product\/411","targetHints":{"allow":["GET"]}}],"collection":[{"href":"https:\/\/www.lerendezvous.mu\/en\/wp-json\/wp\/v2\/product"}],"about":[{"href":"https:\/\/www.lerendezvous.mu\/en\/wp-json\/wp\/v2\/types\/product"}],"replies":[{"embeddable":true,"href":"https:\/\/www.lerendezvous.mu\/en\/wp-json\/wp\/v2\/comments?post=411"}],"wp:featuredmedia":[{"embeddable":true,"href":"https:\/\/www.lerendezvous.mu\/en\/wp-json\/wp\/v2\/media\/758"}],"wp:attachment":[{"href":"https:\/\/www.lerendezvous.mu\/en\/wp-json\/wp\/v2\/media?parent=411"}],"wp:term":[{"taxonomy":"badge","embeddable":true,"href":"https:\/\/www.lerendezvous.mu\/en\/wp-json\/wp\/v2\/badge?post=411"},{"taxonomy":"subtag","embeddable":true,"href":"https:\/\/www.lerendezvous.mu\/en\/wp-json\/wp\/v2\/subtag?post=411"},{"taxonomy":"product_brand","embeddable":true,"href":"https:\/\/www.lerendezvous.mu\/en\/wp-json\/wp\/v2\/product_brand?post=411"},{"taxonomy":"product_cat","embeddable":true,"href":"https:\/\/www.lerendezvous.mu\/en\/wp-json\/wp\/v2\/product_cat?post=411"},{"taxonomy":"product_tag","embeddable":true,"href":"https:\/\/www.lerendezvous.mu\/en\/wp-json\/wp\/v2\/product_tag?post=411"}],"curies":[{"name":"wp","href":"https:\/\/api.w.org\/{rel}","templated":true}]}}