{"id":4122,"date":"2025-12-11T09:11:17","date_gmt":"2025-12-11T05:11:17","guid":{"rendered":"https:\/\/www.lerendezvous.mu\/product\/m-flanbwayan-ts-ov\/"},"modified":"2026-04-26T11:53:01","modified_gmt":"2026-04-26T07:53:01","slug":"m-flanbwayan-ts-ov","status":"publish","type":"product","link":"https:\/\/www.lerendezvous.mu\/en\/product\/m-flanbwayan-ts-ov\/","title":{"rendered":"M Flanbwayan TS OV"},"content":{"rendered":"<p>Ce t-shirt oversize allie style urbain et fra\u00eecheur tropicale\u2009: sa coupe confortable et son imprim\u00e9 inspir\u00e9 de l\u2019\u00eele lui donnent un charme unique. L\u00e9ger et polyvalent, il se porte facilement pour fl\u00e2ner en ville ou profiter des journ\u00e9es d\u00e9tendues. Avec lui, adopte une allure d\u00e9contract\u00e9e et affirm\u00e9e, tout en gardant un esprit cool et moderne.<\/p>\n<p>100% coton | Coupe Oversize<\/p>","protected":false},"excerpt":{"rendered":"<p>Ce t-shirt oversize allie style urbain et fra\u00eecheur tropicale\u2009: sa coupe confortable et son imprim\u00e9 inspir\u00e9 de l\u2019\u00eele lui donnent un charme unique. L\u00e9ger et polyvalent, il se porte facilement pour fl\u00e2ner en ville ou profiter des journ\u00e9es d\u00e9tendues. Avec lui, adopte une allure d\u00e9contract\u00e9e et affirm\u00e9e, tout en gardant un esprit cool et moderne. [&hellip;]<\/p>\n","protected":false},"featured_media":5170,"comment_status":"open","ping_status":"closed","template":"","meta":{"_acf_changed":false},"badge":[172],"subtag":[171,25,167,38],"product_brand":[],"product_cat":[84],"product_tag":[100],"class_list":{"0":"post-4122","1":"product","2":"type-product","3":"status-publish","4":"has-post-thumbnail","6":"badge-summer-republic","7":"subtag-decouvrez-le-coin-summer-republic","8":"subtag-homme","9":"subtag-nos-nouveautes-vous-attendent","10":"subtag-t-shirts-homme","11":"product_cat-the-kreol-republic","12":"product_tag-homme","14":"first","15":"instock","16":"taxable","17":"shipping-taxable","18":"purchasable","19":"product-type-variable"},"acf":[],"yoast_head":"<!-- This site is optimized with the Yoast SEO plugin v27.5 - https:\/\/yoast.com\/product\/yoast-seo-wordpress\/ -->\n<title>M Flanbwayan TS OV - Le Rendez-Vous<\/title>\n<meta name=\"description\" content=\"Ce t-shirt oversize allie style urbain et fra\u00eecheur tropicale\u2009: sa coupe confortable et son imprim\u00e9 inspir\u00e9 de l\u2019\u00eele lui donnent un charme unique.\" \/>\n<meta name=\"robots\" content=\"index, follow, max-snippet:-1, max-image-preview:large, max-video-preview:-1\" \/>\n<link rel=\"canonical\" href=\"https:\/\/www.lerendezvous.mu\/en\/product\/m-flanbwayan-ts-ov\/\" \/>\n<meta property=\"og:locale\" content=\"en_US\" \/>\n<meta property=\"og:type\" content=\"article\" \/>\n<meta property=\"og:title\" content=\"M Flanbwayan TS OV - Le Rendez-Vous\" \/>\n<meta property=\"og:description\" content=\"Ce t-shirt oversize allie style urbain et fra\u00eecheur tropicale\u2009: sa coupe confortable et son imprim\u00e9 inspir\u00e9 de l\u2019\u00eele lui donnent un charme unique.\" \/>\n<meta property=\"og:url\" content=\"https:\/\/www.lerendezvous.mu\/en\/product\/m-flanbwayan-ts-ov\/\" \/>\n<meta property=\"og:site_name\" content=\"Le Rendez-Vous\" \/>\n<meta property=\"article:publisher\" content=\"https:\/\/www.facebook.com\/lerendezvousmauritius\" \/>\n<meta property=\"article:modified_time\" content=\"2026-04-26T07:53:01+00:00\" \/>\n<meta property=\"og:image\" content=\"https:\/\/www.lerendezvous.mu\/wp-content\/uploads\/2025\/12\/thekreolrepublic-men-tshirt-flanbwayan-back.jpg\" \/>\n\t<meta property=\"og:image:width\" content=\"1200\" \/>\n\t<meta property=\"og:image:height\" content=\"1800\" \/>\n\t<meta property=\"og:image:type\" content=\"image\/jpeg\" \/>\n<meta name=\"twitter:card\" content=\"summary_large_image\" \/>\n<meta name=\"twitter:label1\" content=\"Est. reading time\" \/>\n\t<meta name=\"twitter:data1\" content=\"1 minute\" \/>\n<script type=\"application\/ld+json\" class=\"yoast-schema-graph\">{\"@context\":\"https:\\\/\\\/schema.org\",\"@graph\":[{\"@type\":\"WebPage\",\"@id\":\"https:\\\/\\\/www.lerendezvous.mu\\\/product\\\/m-flanbwayan-ts-ov\\\/\",\"url\":\"https:\\\/\\\/www.lerendezvous.mu\\\/product\\\/m-flanbwayan-ts-ov\\\/\",\"name\":\"M Flanbwayan TS OV - Le Rendez-Vous\",\"isPartOf\":{\"@id\":\"https:\\\/\\\/www.lerendezvous.mu\\\/#website\"},\"primaryImageOfPage\":{\"@id\":\"https:\\\/\\\/www.lerendezvous.mu\\\/product\\\/m-flanbwayan-ts-ov\\\/#primaryimage\"},\"image\":{\"@id\":\"https:\\\/\\\/www.lerendezvous.mu\\\/product\\\/m-flanbwayan-ts-ov\\\/#primaryimage\"},\"thumbnailUrl\":\"https:\\\/\\\/www.lerendezvous.mu\\\/wp-content\\\/uploads\\\/2025\\\/12\\\/thekreolrepublic-men-tshirt-flanbwayan-back.jpg\",\"datePublished\":\"2025-12-11T05:11:17+00:00\",\"dateModified\":\"2026-04-26T07:53:01+00:00\",\"description\":\"Ce t-shirt oversize allie style urbain et fra\u00eecheur tropicale\u2009: sa coupe confortable et son imprim\u00e9 inspir\u00e9 de l\u2019\u00eele lui donnent un charme unique.\",\"breadcrumb\":{\"@id\":\"https:\\\/\\\/www.lerendezvous.mu\\\/product\\\/m-flanbwayan-ts-ov\\\/#breadcrumb\"},\"inLanguage\":\"en-US\",\"potentialAction\":[{\"@type\":\"ReadAction\",\"target\":[\"https:\\\/\\\/www.lerendezvous.mu\\\/product\\\/m-flanbwayan-ts-ov\\\/\"]}]},{\"@type\":\"ImageObject\",\"inLanguage\":\"en-US\",\"@id\":\"https:\\\/\\\/www.lerendezvous.mu\\\/product\\\/m-flanbwayan-ts-ov\\\/#primaryimage\",\"url\":\"https:\\\/\\\/www.lerendezvous.mu\\\/wp-content\\\/uploads\\\/2025\\\/12\\\/thekreolrepublic-men-tshirt-flanbwayan-back.jpg\",\"contentUrl\":\"https:\\\/\\\/www.lerendezvous.mu\\\/wp-content\\\/uploads\\\/2025\\\/12\\\/thekreolrepublic-men-tshirt-flanbwayan-back.jpg\",\"width\":1200,\"height\":1800},{\"@type\":\"BreadcrumbList\",\"@id\":\"https:\\\/\\\/www.lerendezvous.mu\\\/product\\\/m-flanbwayan-ts-ov\\\/#breadcrumb\",\"itemListElement\":[{\"@type\":\"ListItem\",\"position\":1,\"name\":\"Home\",\"item\":\"https:\\\/\\\/www.lerendezvous.mu\\\/\"},{\"@type\":\"ListItem\",\"position\":2,\"name\":\"Shop\",\"item\":\"https:\\\/\\\/www.lerendezvous.mu\\\/shop\\\/\"},{\"@type\":\"ListItem\",\"position\":3,\"name\":\"M Flanbwayan TS OV\"}]},{\"@type\":\"WebSite\",\"@id\":\"https:\\\/\\\/www.lerendezvous.mu\\\/#website\",\"url\":\"https:\\\/\\\/www.lerendezvous.mu\\\/\",\"name\":\"Le Rendez-Vous\",\"description\":\"100% moricien\",\"publisher\":{\"@id\":\"https:\\\/\\\/www.lerendezvous.mu\\\/#organization\"},\"potentialAction\":[{\"@type\":\"SearchAction\",\"target\":{\"@type\":\"EntryPoint\",\"urlTemplate\":\"https:\\\/\\\/www.lerendezvous.mu\\\/?s={search_term_string}\"},\"query-input\":{\"@type\":\"PropertyValueSpecification\",\"valueRequired\":true,\"valueName\":\"search_term_string\"}}],\"inLanguage\":\"en-US\"},{\"@type\":\"Organization\",\"@id\":\"https:\\\/\\\/www.lerendezvous.mu\\\/#organization\",\"name\":\"Le Rendez-Vous\",\"url\":\"https:\\\/\\\/www.lerendezvous.mu\\\/\",\"logo\":{\"@type\":\"ImageObject\",\"inLanguage\":\"en-US\",\"@id\":\"https:\\\/\\\/www.lerendezvous.mu\\\/#\\\/schema\\\/logo\\\/image\\\/\",\"url\":\"https:\\\/\\\/www.lerendezvous.mu\\\/wp-content\\\/uploads\\\/2025\\\/10\\\/lrdv-logo.png\",\"contentUrl\":\"https:\\\/\\\/www.lerendezvous.mu\\\/wp-content\\\/uploads\\\/2025\\\/10\\\/lrdv-logo.png\",\"width\":568,\"height\":232,\"caption\":\"Le Rendez-Vous\"},\"image\":{\"@id\":\"https:\\\/\\\/www.lerendezvous.mu\\\/#\\\/schema\\\/logo\\\/image\\\/\"},\"sameAs\":[\"https:\\\/\\\/www.facebook.com\\\/lerendezvousmauritius\",\"https:\\\/\\\/www.instagram.com\\\/lerendezvous_mauritius\"]}]}<\/script>\n<!-- \/ Yoast SEO plugin. -->","yoast_head_json":{"title":"M Flanbwayan TS OV - Le Rendez-Vous","description":"Ce t-shirt oversize allie style urbain et fra\u00eecheur tropicale\u2009: sa coupe confortable et son imprim\u00e9 inspir\u00e9 de l\u2019\u00eele lui donnent un charme unique.","robots":{"index":"index","follow":"follow","max-snippet":"max-snippet:-1","max-image-preview":"max-image-preview:large","max-video-preview":"max-video-preview:-1"},"canonical":"https:\/\/www.lerendezvous.mu\/en\/product\/m-flanbwayan-ts-ov\/","og_locale":"en_US","og_type":"article","og_title":"M Flanbwayan TS OV - Le Rendez-Vous","og_description":"Ce t-shirt oversize allie style urbain et fra\u00eecheur tropicale\u2009: sa coupe confortable et son imprim\u00e9 inspir\u00e9 de l\u2019\u00eele lui donnent un charme unique.","og_url":"https:\/\/www.lerendezvous.mu\/en\/product\/m-flanbwayan-ts-ov\/","og_site_name":"Le Rendez-Vous","article_publisher":"https:\/\/www.facebook.com\/lerendezvousmauritius","article_modified_time":"2026-04-26T07:53:01+00:00","og_image":[{"width":1200,"height":1800,"url":"https:\/\/www.lerendezvous.mu\/wp-content\/uploads\/2025\/12\/thekreolrepublic-men-tshirt-flanbwayan-back.jpg","type":"image\/jpeg"}],"twitter_card":"summary_large_image","twitter_misc":{"Est. reading time":"1 minute"},"schema":{"@context":"https:\/\/schema.org","@graph":[{"@type":"WebPage","@id":"https:\/\/www.lerendezvous.mu\/product\/m-flanbwayan-ts-ov\/","url":"https:\/\/www.lerendezvous.mu\/product\/m-flanbwayan-ts-ov\/","name":"M Flanbwayan TS OV - Le Rendez-Vous","isPartOf":{"@id":"https:\/\/www.lerendezvous.mu\/#website"},"primaryImageOfPage":{"@id":"https:\/\/www.lerendezvous.mu\/product\/m-flanbwayan-ts-ov\/#primaryimage"},"image":{"@id":"https:\/\/www.lerendezvous.mu\/product\/m-flanbwayan-ts-ov\/#primaryimage"},"thumbnailUrl":"https:\/\/www.lerendezvous.mu\/wp-content\/uploads\/2025\/12\/thekreolrepublic-men-tshirt-flanbwayan-back.jpg","datePublished":"2025-12-11T05:11:17+00:00","dateModified":"2026-04-26T07:53:01+00:00","description":"Ce t-shirt oversize allie style urbain et fra\u00eecheur tropicale\u2009: sa coupe confortable et son imprim\u00e9 inspir\u00e9 de l\u2019\u00eele lui donnent un charme unique.","breadcrumb":{"@id":"https:\/\/www.lerendezvous.mu\/product\/m-flanbwayan-ts-ov\/#breadcrumb"},"inLanguage":"en-US","potentialAction":[{"@type":"ReadAction","target":["https:\/\/www.lerendezvous.mu\/product\/m-flanbwayan-ts-ov\/"]}]},{"@type":"ImageObject","inLanguage":"en-US","@id":"https:\/\/www.lerendezvous.mu\/product\/m-flanbwayan-ts-ov\/#primaryimage","url":"https:\/\/www.lerendezvous.mu\/wp-content\/uploads\/2025\/12\/thekreolrepublic-men-tshirt-flanbwayan-back.jpg","contentUrl":"https:\/\/www.lerendezvous.mu\/wp-content\/uploads\/2025\/12\/thekreolrepublic-men-tshirt-flanbwayan-back.jpg","width":1200,"height":1800},{"@type":"BreadcrumbList","@id":"https:\/\/www.lerendezvous.mu\/product\/m-flanbwayan-ts-ov\/#breadcrumb","itemListElement":[{"@type":"ListItem","position":1,"name":"Home","item":"https:\/\/www.lerendezvous.mu\/"},{"@type":"ListItem","position":2,"name":"Shop","item":"https:\/\/www.lerendezvous.mu\/shop\/"},{"@type":"ListItem","position":3,"name":"M Flanbwayan TS OV"}]},{"@type":"WebSite","@id":"https:\/\/www.lerendezvous.mu\/#website","url":"https:\/\/www.lerendezvous.mu\/","name":"Le Rendez-Vous","description":"100% moricien","publisher":{"@id":"https:\/\/www.lerendezvous.mu\/#organization"},"potentialAction":[{"@type":"SearchAction","target":{"@type":"EntryPoint","urlTemplate":"https:\/\/www.lerendezvous.mu\/?s={search_term_string}"},"query-input":{"@type":"PropertyValueSpecification","valueRequired":true,"valueName":"search_term_string"}}],"inLanguage":"en-US"},{"@type":"Organization","@id":"https:\/\/www.lerendezvous.mu\/#organization","name":"Le Rendez-Vous","url":"https:\/\/www.lerendezvous.mu\/","logo":{"@type":"ImageObject","inLanguage":"en-US","@id":"https:\/\/www.lerendezvous.mu\/#\/schema\/logo\/image\/","url":"https:\/\/www.lerendezvous.mu\/wp-content\/uploads\/2025\/10\/lrdv-logo.png","contentUrl":"https:\/\/www.lerendezvous.mu\/wp-content\/uploads\/2025\/10\/lrdv-logo.png","width":568,"height":232,"caption":"Le Rendez-Vous"},"image":{"@id":"https:\/\/www.lerendezvous.mu\/#\/schema\/logo\/image\/"},"sameAs":["https:\/\/www.facebook.com\/lerendezvousmauritius","https:\/\/www.instagram.com\/lerendezvous_mauritius"]}]}},"_links":{"self":[{"href":"https:\/\/www.lerendezvous.mu\/en\/wp-json\/wp\/v2\/product\/4122","targetHints":{"allow":["GET"]}}],"collection":[{"href":"https:\/\/www.lerendezvous.mu\/en\/wp-json\/wp\/v2\/product"}],"about":[{"href":"https:\/\/www.lerendezvous.mu\/en\/wp-json\/wp\/v2\/types\/product"}],"replies":[{"embeddable":true,"href":"https:\/\/www.lerendezvous.mu\/en\/wp-json\/wp\/v2\/comments?post=4122"}],"wp:featuredmedia":[{"embeddable":true,"href":"https:\/\/www.lerendezvous.mu\/en\/wp-json\/wp\/v2\/media\/5170"}],"wp:attachment":[{"href":"https:\/\/www.lerendezvous.mu\/en\/wp-json\/wp\/v2\/media?parent=4122"}],"wp:term":[{"taxonomy":"badge","embeddable":true,"href":"https:\/\/www.lerendezvous.mu\/en\/wp-json\/wp\/v2\/badge?post=4122"},{"taxonomy":"subtag","embeddable":true,"href":"https:\/\/www.lerendezvous.mu\/en\/wp-json\/wp\/v2\/subtag?post=4122"},{"taxonomy":"product_brand","embeddable":true,"href":"https:\/\/www.lerendezvous.mu\/en\/wp-json\/wp\/v2\/product_brand?post=4122"},{"taxonomy":"product_cat","embeddable":true,"href":"https:\/\/www.lerendezvous.mu\/en\/wp-json\/wp\/v2\/product_cat?post=4122"},{"taxonomy":"product_tag","embeddable":true,"href":"https:\/\/www.lerendezvous.mu\/en\/wp-json\/wp\/v2\/product_tag?post=4122"}],"curies":[{"name":"wp","href":"https:\/\/api.w.org\/{rel}","templated":true}]}}