{"id":4200,"date":"2025-12-11T13:48:31","date_gmt":"2025-12-11T09:48:31","guid":{"rendered":"https:\/\/www.lerendezvous.mu\/product\/a-checkerboard-bb\/"},"modified":"2026-04-24T13:51:15","modified_gmt":"2026-04-24T09:51:15","slug":"a-checkerboard-bb","status":"publish","type":"product","link":"https:\/\/www.lerendezvous.mu\/en\/product\/a-checkerboard-bb\/","title":{"rendered":"A Checkerboard BB"},"content":{"rendered":"<p>Le sac de plage \u00e0 carreaux de The Kreol Republic allie style estival et esprit d\u00e9contract\u00e9 propre \u00e0 cette marque mauricienne, fabriqu\u00e9 localement. Inspir\u00e9 par les motifs classiques des pique-niques et des journ\u00e9es ensoleill\u00e9es, ce ce sac de plage \u00e0 motif carreaux offre une silhouette moderne tout en restant pratique pour transporter vos essentiels de plage. Ses couleurs vives vous feront vous d\u00e9marquer sur la plage comme en ville.<\/p>\n<p>Polyester\/coton fabriqu\u00e9 \u00e0 partir de mat\u00e9riaux recycl\u00e9s | 40 x 50 x 10 cm (sans les anses)<\/p>","protected":false},"excerpt":{"rendered":"<p>Le sac de plage \u00e0 carreaux de The Kreol Republic allie style estival et esprit d\u00e9contract\u00e9 propre \u00e0 cette marque mauricienne, fabriqu\u00e9 localement. Inspir\u00e9 par les motifs classiques des pique-niques et des journ\u00e9es ensoleill\u00e9es, ce ce sac de plage \u00e0 motif carreaux offre une silhouette moderne tout en restant pratique pour transporter vos essentiels de [&hellip;]<\/p>\n","protected":false},"featured_media":4232,"comment_status":"open","ping_status":"closed","template":"","meta":{"_acf_changed":false},"badge":[],"subtag":[74,77,137],"product_brand":[],"product_cat":[84],"product_tag":[85,99],"class_list":{"0":"post-4200","1":"product","2":"type-product","3":"status-publish","4":"has-post-thumbnail","6":"subtag-accessoires","7":"subtag-sacs-paniers","8":"subtag-essentiels-ete","9":"product_cat-the-kreol-republic","10":"product_tag-accessoires","11":"product_tag-femme","13":"first","14":"instock","15":"taxable","16":"shipping-taxable","17":"purchasable","18":"product-type-variable"},"acf":[],"yoast_head":"<!-- This site is optimized with the Yoast SEO plugin v27.5 - https:\/\/yoast.com\/product\/yoast-seo-wordpress\/ -->\n<title>A Checkerboard BB - Le Rendez-Vous<\/title>\n<meta name=\"description\" content=\"Le sac de plage \u00e0 carreaux de The Kreol Republic allie style estival et esprit d\u00e9contract\u00e9 propre \u00e0 cette marque mauricienne, fabriqu\u00e9 localement.\" \/>\n<meta name=\"robots\" content=\"index, follow, max-snippet:-1, max-image-preview:large, max-video-preview:-1\" \/>\n<link rel=\"canonical\" href=\"https:\/\/www.lerendezvous.mu\/en\/product\/a-checkerboard-bb\/\" \/>\n<meta property=\"og:locale\" content=\"en_US\" \/>\n<meta property=\"og:type\" content=\"article\" \/>\n<meta property=\"og:title\" content=\"A Checkerboard BB - Le Rendez-Vous\" \/>\n<meta property=\"og:description\" content=\"Le sac de plage \u00e0 carreaux de The Kreol Republic allie style estival et esprit d\u00e9contract\u00e9 propre \u00e0 cette marque mauricienne, fabriqu\u00e9 localement.\" \/>\n<meta property=\"og:url\" content=\"https:\/\/www.lerendezvous.mu\/en\/product\/a-checkerboard-bb\/\" \/>\n<meta property=\"og:site_name\" content=\"Le Rendez-Vous\" \/>\n<meta property=\"article:publisher\" content=\"https:\/\/www.facebook.com\/lerendezvousmauritius\" \/>\n<meta property=\"article:modified_time\" content=\"2026-04-24T09:51:15+00:00\" \/>\n<meta property=\"og:image\" content=\"https:\/\/www.lerendezvous.mu\/wp-content\/uploads\/2025\/12\/kreolrepublic-checkerboard-beach-bags.jpg\" \/>\n\t<meta property=\"og:image:width\" content=\"1000\" \/>\n\t<meta property=\"og:image:height\" content=\"1500\" \/>\n\t<meta property=\"og:image:type\" content=\"image\/jpeg\" \/>\n<meta name=\"twitter:card\" content=\"summary_large_image\" \/>\n<meta name=\"twitter:label1\" content=\"Est. reading time\" \/>\n\t<meta name=\"twitter:data1\" content=\"1 minute\" \/>\n<script type=\"application\/ld+json\" class=\"yoast-schema-graph\">{\"@context\":\"https:\\\/\\\/schema.org\",\"@graph\":[{\"@type\":\"WebPage\",\"@id\":\"https:\\\/\\\/www.lerendezvous.mu\\\/product\\\/a-checkerboard-bb\\\/\",\"url\":\"https:\\\/\\\/www.lerendezvous.mu\\\/product\\\/a-checkerboard-bb\\\/\",\"name\":\"A Checkerboard BB - Le Rendez-Vous\",\"isPartOf\":{\"@id\":\"https:\\\/\\\/www.lerendezvous.mu\\\/#website\"},\"primaryImageOfPage\":{\"@id\":\"https:\\\/\\\/www.lerendezvous.mu\\\/product\\\/a-checkerboard-bb\\\/#primaryimage\"},\"image\":{\"@id\":\"https:\\\/\\\/www.lerendezvous.mu\\\/product\\\/a-checkerboard-bb\\\/#primaryimage\"},\"thumbnailUrl\":\"https:\\\/\\\/www.lerendezvous.mu\\\/wp-content\\\/uploads\\\/2025\\\/12\\\/kreolrepublic-checkerboard-beach-bags.jpg\",\"datePublished\":\"2025-12-11T09:48:31+00:00\",\"dateModified\":\"2026-04-24T09:51:15+00:00\",\"description\":\"Le sac de plage \u00e0 carreaux de The Kreol Republic allie style estival et esprit d\u00e9contract\u00e9 propre \u00e0 cette marque mauricienne, fabriqu\u00e9 localement.\",\"breadcrumb\":{\"@id\":\"https:\\\/\\\/www.lerendezvous.mu\\\/product\\\/a-checkerboard-bb\\\/#breadcrumb\"},\"inLanguage\":\"en-US\",\"potentialAction\":[{\"@type\":\"ReadAction\",\"target\":[\"https:\\\/\\\/www.lerendezvous.mu\\\/product\\\/a-checkerboard-bb\\\/\"]}]},{\"@type\":\"ImageObject\",\"inLanguage\":\"en-US\",\"@id\":\"https:\\\/\\\/www.lerendezvous.mu\\\/product\\\/a-checkerboard-bb\\\/#primaryimage\",\"url\":\"https:\\\/\\\/www.lerendezvous.mu\\\/wp-content\\\/uploads\\\/2025\\\/12\\\/kreolrepublic-checkerboard-beach-bags.jpg\",\"contentUrl\":\"https:\\\/\\\/www.lerendezvous.mu\\\/wp-content\\\/uploads\\\/2025\\\/12\\\/kreolrepublic-checkerboard-beach-bags.jpg\",\"width\":1000,\"height\":1500},{\"@type\":\"BreadcrumbList\",\"@id\":\"https:\\\/\\\/www.lerendezvous.mu\\\/product\\\/a-checkerboard-bb\\\/#breadcrumb\",\"itemListElement\":[{\"@type\":\"ListItem\",\"position\":1,\"name\":\"Home\",\"item\":\"https:\\\/\\\/www.lerendezvous.mu\\\/\"},{\"@type\":\"ListItem\",\"position\":2,\"name\":\"Shop\",\"item\":\"https:\\\/\\\/www.lerendezvous.mu\\\/shop\\\/\"},{\"@type\":\"ListItem\",\"position\":3,\"name\":\"A Checkerboard BB\"}]},{\"@type\":\"WebSite\",\"@id\":\"https:\\\/\\\/www.lerendezvous.mu\\\/#website\",\"url\":\"https:\\\/\\\/www.lerendezvous.mu\\\/\",\"name\":\"Le Rendez-Vous\",\"description\":\"100% moricien\",\"publisher\":{\"@id\":\"https:\\\/\\\/www.lerendezvous.mu\\\/#organization\"},\"potentialAction\":[{\"@type\":\"SearchAction\",\"target\":{\"@type\":\"EntryPoint\",\"urlTemplate\":\"https:\\\/\\\/www.lerendezvous.mu\\\/?s={search_term_string}\"},\"query-input\":{\"@type\":\"PropertyValueSpecification\",\"valueRequired\":true,\"valueName\":\"search_term_string\"}}],\"inLanguage\":\"en-US\"},{\"@type\":\"Organization\",\"@id\":\"https:\\\/\\\/www.lerendezvous.mu\\\/#organization\",\"name\":\"Le Rendez-Vous\",\"url\":\"https:\\\/\\\/www.lerendezvous.mu\\\/\",\"logo\":{\"@type\":\"ImageObject\",\"inLanguage\":\"en-US\",\"@id\":\"https:\\\/\\\/www.lerendezvous.mu\\\/#\\\/schema\\\/logo\\\/image\\\/\",\"url\":\"https:\\\/\\\/www.lerendezvous.mu\\\/wp-content\\\/uploads\\\/2025\\\/10\\\/lrdv-logo.png\",\"contentUrl\":\"https:\\\/\\\/www.lerendezvous.mu\\\/wp-content\\\/uploads\\\/2025\\\/10\\\/lrdv-logo.png\",\"width\":568,\"height\":232,\"caption\":\"Le Rendez-Vous\"},\"image\":{\"@id\":\"https:\\\/\\\/www.lerendezvous.mu\\\/#\\\/schema\\\/logo\\\/image\\\/\"},\"sameAs\":[\"https:\\\/\\\/www.facebook.com\\\/lerendezvousmauritius\",\"https:\\\/\\\/www.instagram.com\\\/lerendezvous_mauritius\"]}]}<\/script>\n<!-- \/ Yoast SEO plugin. -->","yoast_head_json":{"title":"A Checkerboard BB - Le Rendez-Vous","description":"Le sac de plage \u00e0 carreaux de The Kreol Republic allie style estival et esprit d\u00e9contract\u00e9 propre \u00e0 cette marque mauricienne, fabriqu\u00e9 localement.","robots":{"index":"index","follow":"follow","max-snippet":"max-snippet:-1","max-image-preview":"max-image-preview:large","max-video-preview":"max-video-preview:-1"},"canonical":"https:\/\/www.lerendezvous.mu\/en\/product\/a-checkerboard-bb\/","og_locale":"en_US","og_type":"article","og_title":"A Checkerboard BB - Le Rendez-Vous","og_description":"Le sac de plage \u00e0 carreaux de The Kreol Republic allie style estival et esprit d\u00e9contract\u00e9 propre \u00e0 cette marque mauricienne, fabriqu\u00e9 localement.","og_url":"https:\/\/www.lerendezvous.mu\/en\/product\/a-checkerboard-bb\/","og_site_name":"Le Rendez-Vous","article_publisher":"https:\/\/www.facebook.com\/lerendezvousmauritius","article_modified_time":"2026-04-24T09:51:15+00:00","og_image":[{"width":1000,"height":1500,"url":"https:\/\/www.lerendezvous.mu\/wp-content\/uploads\/2025\/12\/kreolrepublic-checkerboard-beach-bags.jpg","type":"image\/jpeg"}],"twitter_card":"summary_large_image","twitter_misc":{"Est. reading time":"1 minute"},"schema":{"@context":"https:\/\/schema.org","@graph":[{"@type":"WebPage","@id":"https:\/\/www.lerendezvous.mu\/product\/a-checkerboard-bb\/","url":"https:\/\/www.lerendezvous.mu\/product\/a-checkerboard-bb\/","name":"A Checkerboard BB - Le Rendez-Vous","isPartOf":{"@id":"https:\/\/www.lerendezvous.mu\/#website"},"primaryImageOfPage":{"@id":"https:\/\/www.lerendezvous.mu\/product\/a-checkerboard-bb\/#primaryimage"},"image":{"@id":"https:\/\/www.lerendezvous.mu\/product\/a-checkerboard-bb\/#primaryimage"},"thumbnailUrl":"https:\/\/www.lerendezvous.mu\/wp-content\/uploads\/2025\/12\/kreolrepublic-checkerboard-beach-bags.jpg","datePublished":"2025-12-11T09:48:31+00:00","dateModified":"2026-04-24T09:51:15+00:00","description":"Le sac de plage \u00e0 carreaux de The Kreol Republic allie style estival et esprit d\u00e9contract\u00e9 propre \u00e0 cette marque mauricienne, fabriqu\u00e9 localement.","breadcrumb":{"@id":"https:\/\/www.lerendezvous.mu\/product\/a-checkerboard-bb\/#breadcrumb"},"inLanguage":"en-US","potentialAction":[{"@type":"ReadAction","target":["https:\/\/www.lerendezvous.mu\/product\/a-checkerboard-bb\/"]}]},{"@type":"ImageObject","inLanguage":"en-US","@id":"https:\/\/www.lerendezvous.mu\/product\/a-checkerboard-bb\/#primaryimage","url":"https:\/\/www.lerendezvous.mu\/wp-content\/uploads\/2025\/12\/kreolrepublic-checkerboard-beach-bags.jpg","contentUrl":"https:\/\/www.lerendezvous.mu\/wp-content\/uploads\/2025\/12\/kreolrepublic-checkerboard-beach-bags.jpg","width":1000,"height":1500},{"@type":"BreadcrumbList","@id":"https:\/\/www.lerendezvous.mu\/product\/a-checkerboard-bb\/#breadcrumb","itemListElement":[{"@type":"ListItem","position":1,"name":"Home","item":"https:\/\/www.lerendezvous.mu\/"},{"@type":"ListItem","position":2,"name":"Shop","item":"https:\/\/www.lerendezvous.mu\/shop\/"},{"@type":"ListItem","position":3,"name":"A Checkerboard BB"}]},{"@type":"WebSite","@id":"https:\/\/www.lerendezvous.mu\/#website","url":"https:\/\/www.lerendezvous.mu\/","name":"Le Rendez-Vous","description":"100% moricien","publisher":{"@id":"https:\/\/www.lerendezvous.mu\/#organization"},"potentialAction":[{"@type":"SearchAction","target":{"@type":"EntryPoint","urlTemplate":"https:\/\/www.lerendezvous.mu\/?s={search_term_string}"},"query-input":{"@type":"PropertyValueSpecification","valueRequired":true,"valueName":"search_term_string"}}],"inLanguage":"en-US"},{"@type":"Organization","@id":"https:\/\/www.lerendezvous.mu\/#organization","name":"Le Rendez-Vous","url":"https:\/\/www.lerendezvous.mu\/","logo":{"@type":"ImageObject","inLanguage":"en-US","@id":"https:\/\/www.lerendezvous.mu\/#\/schema\/logo\/image\/","url":"https:\/\/www.lerendezvous.mu\/wp-content\/uploads\/2025\/10\/lrdv-logo.png","contentUrl":"https:\/\/www.lerendezvous.mu\/wp-content\/uploads\/2025\/10\/lrdv-logo.png","width":568,"height":232,"caption":"Le Rendez-Vous"},"image":{"@id":"https:\/\/www.lerendezvous.mu\/#\/schema\/logo\/image\/"},"sameAs":["https:\/\/www.facebook.com\/lerendezvousmauritius","https:\/\/www.instagram.com\/lerendezvous_mauritius"]}]}},"_links":{"self":[{"href":"https:\/\/www.lerendezvous.mu\/en\/wp-json\/wp\/v2\/product\/4200","targetHints":{"allow":["GET"]}}],"collection":[{"href":"https:\/\/www.lerendezvous.mu\/en\/wp-json\/wp\/v2\/product"}],"about":[{"href":"https:\/\/www.lerendezvous.mu\/en\/wp-json\/wp\/v2\/types\/product"}],"replies":[{"embeddable":true,"href":"https:\/\/www.lerendezvous.mu\/en\/wp-json\/wp\/v2\/comments?post=4200"}],"wp:featuredmedia":[{"embeddable":true,"href":"https:\/\/www.lerendezvous.mu\/en\/wp-json\/wp\/v2\/media\/4232"}],"wp:attachment":[{"href":"https:\/\/www.lerendezvous.mu\/en\/wp-json\/wp\/v2\/media?parent=4200"}],"wp:term":[{"taxonomy":"badge","embeddable":true,"href":"https:\/\/www.lerendezvous.mu\/en\/wp-json\/wp\/v2\/badge?post=4200"},{"taxonomy":"subtag","embeddable":true,"href":"https:\/\/www.lerendezvous.mu\/en\/wp-json\/wp\/v2\/subtag?post=4200"},{"taxonomy":"product_brand","embeddable":true,"href":"https:\/\/www.lerendezvous.mu\/en\/wp-json\/wp\/v2\/product_brand?post=4200"},{"taxonomy":"product_cat","embeddable":true,"href":"https:\/\/www.lerendezvous.mu\/en\/wp-json\/wp\/v2\/product_cat?post=4200"},{"taxonomy":"product_tag","embeddable":true,"href":"https:\/\/www.lerendezvous.mu\/en\/wp-json\/wp\/v2\/product_tag?post=4200"}],"curies":[{"name":"wp","href":"https:\/\/api.w.org\/{rel}","templated":true}]}}