{"id":4282,"date":"2025-12-11T16:16:33","date_gmt":"2025-12-11T12:16:33","guid":{"rendered":"https:\/\/www.lerendezvous.mu\/product\/royal-palm\/"},"modified":"2026-04-25T15:17:31","modified_gmt":"2026-04-25T11:17:31","slug":"royal-palm","status":"publish","type":"product","link":"https:\/\/www.lerendezvous.mu\/en\/product\/royal-palm\/","title":{"rendered":"Royal Palm"},"content":{"rendered":"<p>La robe Royal Palm est une pi\u00e8ce longue et minimaliste \u00e0 fines bretelles qui incarne l\u2019\u00e9l\u00e9gance estivale avec une touche subtile de sophistication. Sa coupe fluide offre un tomb\u00e9 l\u00e9ger et confortable, parfait pour les journ\u00e9es chaudes ou les soir\u00e9es en bord de mer. Les bande dor\u00e9e au dos ajoute une note raffin\u00e9e et lumineuse, transformant cette robe en une tenue remarquable pour toute occasion.<\/p>","protected":false},"excerpt":{"rendered":"<p>La robe Royal Palm est une pi\u00e8ce longue et minimaliste \u00e0 fines bretelles qui incarne l\u2019\u00e9l\u00e9gance estivale avec une touche subtile de sophistication. Sa coupe fluide offre un tomb\u00e9 l\u00e9ger et confortable, parfait pour les journ\u00e9es chaudes ou les soir\u00e9es en bord de mer. Les bande dor\u00e9e au dos ajoute une note raffin\u00e9e et lumineuse, [&hellip;]<\/p>\n","protected":false},"featured_media":5319,"comment_status":"open","ping_status":"closed","template":"","meta":{"_acf_changed":false},"badge":[168],"subtag":[150,24,31],"product_brand":[],"product_cat":[101],"product_tag":[99],"class_list":{"0":"post-4282","1":"product","2":"type-product","3":"status-publish","4":"has-post-thumbnail","6":"badge-nouveaute","7":"subtag-coups-de-coeur","8":"subtag-femme","9":"subtag-robes","10":"product_cat-libertie","11":"product_tag-femme","13":"first","14":"instock","15":"taxable","16":"shipping-taxable","17":"purchasable","18":"product-type-variable"},"acf":[],"yoast_head":"<!-- This site is optimized with the Yoast SEO plugin v27.5 - https:\/\/yoast.com\/product\/yoast-seo-wordpress\/ -->\n<title>Royal Palm - Le Rendez-Vous<\/title>\n<meta name=\"description\" content=\"La robe Royal Palm est une pi\u00e8ce longue et minimaliste \u00e0 fines bretelles qui incarne l\u2019\u00e9l\u00e9gance estivale avec une touche subtile de sophistication.\" \/>\n<meta name=\"robots\" content=\"index, follow, max-snippet:-1, max-image-preview:large, max-video-preview:-1\" \/>\n<link rel=\"canonical\" href=\"https:\/\/www.lerendezvous.mu\/en\/product\/royal-palm\/\" \/>\n<meta property=\"og:locale\" content=\"en_US\" \/>\n<meta property=\"og:type\" content=\"article\" \/>\n<meta property=\"og:title\" content=\"Royal Palm - Le Rendez-Vous\" \/>\n<meta property=\"og:description\" content=\"La robe Royal Palm est une pi\u00e8ce longue et minimaliste \u00e0 fines bretelles qui incarne l\u2019\u00e9l\u00e9gance estivale avec une touche subtile de sophistication.\" \/>\n<meta property=\"og:url\" content=\"https:\/\/www.lerendezvous.mu\/en\/product\/royal-palm\/\" \/>\n<meta property=\"og:site_name\" content=\"Le Rendez-Vous\" \/>\n<meta property=\"article:publisher\" content=\"https:\/\/www.facebook.com\/lerendezvousmauritius\" \/>\n<meta property=\"article:modified_time\" content=\"2026-04-25T11:17:31+00:00\" \/>\n<meta property=\"og:image\" content=\"https:\/\/www.lerendezvous.mu\/wp-content\/uploads\/2025\/12\/libertie-royal-palm-linen-capuccino-front.jpg\" \/>\n\t<meta property=\"og:image:width\" content=\"1200\" \/>\n\t<meta property=\"og:image:height\" content=\"1800\" \/>\n\t<meta property=\"og:image:type\" content=\"image\/jpeg\" \/>\n<meta name=\"twitter:card\" content=\"summary_large_image\" \/>\n<meta name=\"twitter:label1\" content=\"Est. reading time\" \/>\n\t<meta name=\"twitter:data1\" content=\"1 minute\" \/>\n<script type=\"application\/ld+json\" class=\"yoast-schema-graph\">{\"@context\":\"https:\\\/\\\/schema.org\",\"@graph\":[{\"@type\":\"WebPage\",\"@id\":\"https:\\\/\\\/www.lerendezvous.mu\\\/product\\\/royal-palm\\\/\",\"url\":\"https:\\\/\\\/www.lerendezvous.mu\\\/product\\\/royal-palm\\\/\",\"name\":\"Royal Palm - Le Rendez-Vous\",\"isPartOf\":{\"@id\":\"https:\\\/\\\/www.lerendezvous.mu\\\/#website\"},\"primaryImageOfPage\":{\"@id\":\"https:\\\/\\\/www.lerendezvous.mu\\\/product\\\/royal-palm\\\/#primaryimage\"},\"image\":{\"@id\":\"https:\\\/\\\/www.lerendezvous.mu\\\/product\\\/royal-palm\\\/#primaryimage\"},\"thumbnailUrl\":\"https:\\\/\\\/www.lerendezvous.mu\\\/wp-content\\\/uploads\\\/2025\\\/12\\\/libertie-royal-palm-linen-capuccino-front.jpg\",\"datePublished\":\"2025-12-11T12:16:33+00:00\",\"dateModified\":\"2026-04-25T11:17:31+00:00\",\"description\":\"La robe Royal Palm est une pi\u00e8ce longue et minimaliste \u00e0 fines bretelles qui incarne l\u2019\u00e9l\u00e9gance estivale avec une touche subtile de sophistication.\",\"breadcrumb\":{\"@id\":\"https:\\\/\\\/www.lerendezvous.mu\\\/product\\\/royal-palm\\\/#breadcrumb\"},\"inLanguage\":\"en-US\",\"potentialAction\":[{\"@type\":\"ReadAction\",\"target\":[\"https:\\\/\\\/www.lerendezvous.mu\\\/product\\\/royal-palm\\\/\"]}]},{\"@type\":\"ImageObject\",\"inLanguage\":\"en-US\",\"@id\":\"https:\\\/\\\/www.lerendezvous.mu\\\/product\\\/royal-palm\\\/#primaryimage\",\"url\":\"https:\\\/\\\/www.lerendezvous.mu\\\/wp-content\\\/uploads\\\/2025\\\/12\\\/libertie-royal-palm-linen-capuccino-front.jpg\",\"contentUrl\":\"https:\\\/\\\/www.lerendezvous.mu\\\/wp-content\\\/uploads\\\/2025\\\/12\\\/libertie-royal-palm-linen-capuccino-front.jpg\",\"width\":1200,\"height\":1800},{\"@type\":\"BreadcrumbList\",\"@id\":\"https:\\\/\\\/www.lerendezvous.mu\\\/product\\\/royal-palm\\\/#breadcrumb\",\"itemListElement\":[{\"@type\":\"ListItem\",\"position\":1,\"name\":\"Home\",\"item\":\"https:\\\/\\\/www.lerendezvous.mu\\\/\"},{\"@type\":\"ListItem\",\"position\":2,\"name\":\"Shop\",\"item\":\"https:\\\/\\\/www.lerendezvous.mu\\\/shop\\\/\"},{\"@type\":\"ListItem\",\"position\":3,\"name\":\"Royal Palm\"}]},{\"@type\":\"WebSite\",\"@id\":\"https:\\\/\\\/www.lerendezvous.mu\\\/#website\",\"url\":\"https:\\\/\\\/www.lerendezvous.mu\\\/\",\"name\":\"Le Rendez-Vous\",\"description\":\"100% moricien\",\"publisher\":{\"@id\":\"https:\\\/\\\/www.lerendezvous.mu\\\/#organization\"},\"potentialAction\":[{\"@type\":\"SearchAction\",\"target\":{\"@type\":\"EntryPoint\",\"urlTemplate\":\"https:\\\/\\\/www.lerendezvous.mu\\\/?s={search_term_string}\"},\"query-input\":{\"@type\":\"PropertyValueSpecification\",\"valueRequired\":true,\"valueName\":\"search_term_string\"}}],\"inLanguage\":\"en-US\"},{\"@type\":\"Organization\",\"@id\":\"https:\\\/\\\/www.lerendezvous.mu\\\/#organization\",\"name\":\"Le Rendez-Vous\",\"url\":\"https:\\\/\\\/www.lerendezvous.mu\\\/\",\"logo\":{\"@type\":\"ImageObject\",\"inLanguage\":\"en-US\",\"@id\":\"https:\\\/\\\/www.lerendezvous.mu\\\/#\\\/schema\\\/logo\\\/image\\\/\",\"url\":\"https:\\\/\\\/www.lerendezvous.mu\\\/wp-content\\\/uploads\\\/2025\\\/10\\\/lrdv-logo.png\",\"contentUrl\":\"https:\\\/\\\/www.lerendezvous.mu\\\/wp-content\\\/uploads\\\/2025\\\/10\\\/lrdv-logo.png\",\"width\":568,\"height\":232,\"caption\":\"Le Rendez-Vous\"},\"image\":{\"@id\":\"https:\\\/\\\/www.lerendezvous.mu\\\/#\\\/schema\\\/logo\\\/image\\\/\"},\"sameAs\":[\"https:\\\/\\\/www.facebook.com\\\/lerendezvousmauritius\",\"https:\\\/\\\/www.instagram.com\\\/lerendezvous_mauritius\"]}]}<\/script>\n<!-- \/ Yoast SEO plugin. -->","yoast_head_json":{"title":"Royal Palm - Le Rendez-Vous","description":"La robe Royal Palm est une pi\u00e8ce longue et minimaliste \u00e0 fines bretelles qui incarne l\u2019\u00e9l\u00e9gance estivale avec une touche subtile de sophistication.","robots":{"index":"index","follow":"follow","max-snippet":"max-snippet:-1","max-image-preview":"max-image-preview:large","max-video-preview":"max-video-preview:-1"},"canonical":"https:\/\/www.lerendezvous.mu\/en\/product\/royal-palm\/","og_locale":"en_US","og_type":"article","og_title":"Royal Palm - Le Rendez-Vous","og_description":"La robe Royal Palm est une pi\u00e8ce longue et minimaliste \u00e0 fines bretelles qui incarne l\u2019\u00e9l\u00e9gance estivale avec une touche subtile de sophistication.","og_url":"https:\/\/www.lerendezvous.mu\/en\/product\/royal-palm\/","og_site_name":"Le Rendez-Vous","article_publisher":"https:\/\/www.facebook.com\/lerendezvousmauritius","article_modified_time":"2026-04-25T11:17:31+00:00","og_image":[{"width":1200,"height":1800,"url":"https:\/\/www.lerendezvous.mu\/wp-content\/uploads\/2025\/12\/libertie-royal-palm-linen-capuccino-front.jpg","type":"image\/jpeg"}],"twitter_card":"summary_large_image","twitter_misc":{"Est. reading time":"1 minute"},"schema":{"@context":"https:\/\/schema.org","@graph":[{"@type":"WebPage","@id":"https:\/\/www.lerendezvous.mu\/product\/royal-palm\/","url":"https:\/\/www.lerendezvous.mu\/product\/royal-palm\/","name":"Royal Palm - Le Rendez-Vous","isPartOf":{"@id":"https:\/\/www.lerendezvous.mu\/#website"},"primaryImageOfPage":{"@id":"https:\/\/www.lerendezvous.mu\/product\/royal-palm\/#primaryimage"},"image":{"@id":"https:\/\/www.lerendezvous.mu\/product\/royal-palm\/#primaryimage"},"thumbnailUrl":"https:\/\/www.lerendezvous.mu\/wp-content\/uploads\/2025\/12\/libertie-royal-palm-linen-capuccino-front.jpg","datePublished":"2025-12-11T12:16:33+00:00","dateModified":"2026-04-25T11:17:31+00:00","description":"La robe Royal Palm est une pi\u00e8ce longue et minimaliste \u00e0 fines bretelles qui incarne l\u2019\u00e9l\u00e9gance estivale avec une touche subtile de sophistication.","breadcrumb":{"@id":"https:\/\/www.lerendezvous.mu\/product\/royal-palm\/#breadcrumb"},"inLanguage":"en-US","potentialAction":[{"@type":"ReadAction","target":["https:\/\/www.lerendezvous.mu\/product\/royal-palm\/"]}]},{"@type":"ImageObject","inLanguage":"en-US","@id":"https:\/\/www.lerendezvous.mu\/product\/royal-palm\/#primaryimage","url":"https:\/\/www.lerendezvous.mu\/wp-content\/uploads\/2025\/12\/libertie-royal-palm-linen-capuccino-front.jpg","contentUrl":"https:\/\/www.lerendezvous.mu\/wp-content\/uploads\/2025\/12\/libertie-royal-palm-linen-capuccino-front.jpg","width":1200,"height":1800},{"@type":"BreadcrumbList","@id":"https:\/\/www.lerendezvous.mu\/product\/royal-palm\/#breadcrumb","itemListElement":[{"@type":"ListItem","position":1,"name":"Home","item":"https:\/\/www.lerendezvous.mu\/"},{"@type":"ListItem","position":2,"name":"Shop","item":"https:\/\/www.lerendezvous.mu\/shop\/"},{"@type":"ListItem","position":3,"name":"Royal Palm"}]},{"@type":"WebSite","@id":"https:\/\/www.lerendezvous.mu\/#website","url":"https:\/\/www.lerendezvous.mu\/","name":"Le Rendez-Vous","description":"100% moricien","publisher":{"@id":"https:\/\/www.lerendezvous.mu\/#organization"},"potentialAction":[{"@type":"SearchAction","target":{"@type":"EntryPoint","urlTemplate":"https:\/\/www.lerendezvous.mu\/?s={search_term_string}"},"query-input":{"@type":"PropertyValueSpecification","valueRequired":true,"valueName":"search_term_string"}}],"inLanguage":"en-US"},{"@type":"Organization","@id":"https:\/\/www.lerendezvous.mu\/#organization","name":"Le Rendez-Vous","url":"https:\/\/www.lerendezvous.mu\/","logo":{"@type":"ImageObject","inLanguage":"en-US","@id":"https:\/\/www.lerendezvous.mu\/#\/schema\/logo\/image\/","url":"https:\/\/www.lerendezvous.mu\/wp-content\/uploads\/2025\/10\/lrdv-logo.png","contentUrl":"https:\/\/www.lerendezvous.mu\/wp-content\/uploads\/2025\/10\/lrdv-logo.png","width":568,"height":232,"caption":"Le Rendez-Vous"},"image":{"@id":"https:\/\/www.lerendezvous.mu\/#\/schema\/logo\/image\/"},"sameAs":["https:\/\/www.facebook.com\/lerendezvousmauritius","https:\/\/www.instagram.com\/lerendezvous_mauritius"]}]}},"_links":{"self":[{"href":"https:\/\/www.lerendezvous.mu\/en\/wp-json\/wp\/v2\/product\/4282","targetHints":{"allow":["GET"]}}],"collection":[{"href":"https:\/\/www.lerendezvous.mu\/en\/wp-json\/wp\/v2\/product"}],"about":[{"href":"https:\/\/www.lerendezvous.mu\/en\/wp-json\/wp\/v2\/types\/product"}],"replies":[{"embeddable":true,"href":"https:\/\/www.lerendezvous.mu\/en\/wp-json\/wp\/v2\/comments?post=4282"}],"wp:featuredmedia":[{"embeddable":true,"href":"https:\/\/www.lerendezvous.mu\/en\/wp-json\/wp\/v2\/media\/5319"}],"wp:attachment":[{"href":"https:\/\/www.lerendezvous.mu\/en\/wp-json\/wp\/v2\/media?parent=4282"}],"wp:term":[{"taxonomy":"badge","embeddable":true,"href":"https:\/\/www.lerendezvous.mu\/en\/wp-json\/wp\/v2\/badge?post=4282"},{"taxonomy":"subtag","embeddable":true,"href":"https:\/\/www.lerendezvous.mu\/en\/wp-json\/wp\/v2\/subtag?post=4282"},{"taxonomy":"product_brand","embeddable":true,"href":"https:\/\/www.lerendezvous.mu\/en\/wp-json\/wp\/v2\/product_brand?post=4282"},{"taxonomy":"product_cat","embeddable":true,"href":"https:\/\/www.lerendezvous.mu\/en\/wp-json\/wp\/v2\/product_cat?post=4282"},{"taxonomy":"product_tag","embeddable":true,"href":"https:\/\/www.lerendezvous.mu\/en\/wp-json\/wp\/v2\/product_tag?post=4282"}],"curies":[{"name":"wp","href":"https:\/\/api.w.org\/{rel}","templated":true}]}}