{"id":4364,"date":"2025-12-16T15:58:00","date_gmt":"2025-12-16T11:58:00","guid":{"rendered":"https:\/\/www.lerendezvous.mu\/product\/poster-rdv-40-x-60\/"},"modified":"2026-05-07T13:52:48","modified_gmt":"2026-05-07T09:52:48","slug":"poster-rdv-40-x-60","status":"publish","type":"product","link":"https:\/\/www.lerendezvous.mu\/en\/product\/poster-rdv-40-x-60\/","title":{"rendered":"Poster RDV (40 x 60)"},"content":{"rendered":"<p data-start=\"163\" data-end=\"316\">D\u00e9couvrez nos posters mettant \u00e0 l\u2019honneur les embl\u00e8mes les plus iconiques de l\u2019\u00cele Maurice \u2014 disponibles d\u00e8s maintenant, en boutique et en ligne ! Audacieux, color\u00e9s et impr\u00e9gn\u00e9s de caract\u00e8re insulaire, ces posters sont parfaits pour d\u00e9corer vos murs ou faire plaisir \u00e0 vos proches et amis qui aiment l&rsquo;\u00eele autant que vous.<\/p>\n<p>Format A2<\/p>","protected":false},"excerpt":{"rendered":"<p>D\u00e9couvrez nos posters mettant \u00e0 l\u2019honneur les embl\u00e8mes les plus iconiques de l\u2019\u00cele Maurice \u2014 disponibles d\u00e8s maintenant, en boutique et en ligne ! Audacieux, color\u00e9s et impr\u00e9gn\u00e9s de caract\u00e8re insulaire, ces posters sont parfaits pour d\u00e9corer vos murs ou faire plaisir \u00e0 vos proches et amis qui aiment l&rsquo;\u00eele autant que vous. Format A2<\/p>","protected":false},"featured_media":4380,"comment_status":"open","ping_status":"closed","template":"","meta":{"_acf_changed":false},"badge":[168],"subtag":[150,64,167,47],"product_brand":[],"product_cat":[165],"product_tag":[103],"class_list":{"0":"post-4364","1":"product","2":"type-product","3":"status-publish","4":"has-post-thumbnail","6":"badge-nouveaute","7":"subtag-coups-de-coeur","8":"subtag-maison","9":"subtag-nos-nouveautes-vous-attendent","10":"subtag-posters-cartes-postales","11":"product_cat-le-rendez-vous","12":"product_tag-papeterie","14":"first","15":"instock","16":"taxable","17":"shipping-taxable","18":"purchasable","19":"product-type-variable"},"acf":[],"yoast_head":"<!-- This site is optimized with the Yoast SEO plugin v27.5 - https:\/\/yoast.com\/product\/yoast-seo-wordpress\/ -->\n<title>Poster RDV (40 x 60) - Le Rendez-Vous<\/title>\n<meta name=\"description\" content=\"D\u00e9couvrez nos posters mettant \u00e0 l\u2019honneur les embl\u00e8mes les plus iconiques de l\u2019\u00cele Maurice \u2014 disponibles d\u00e8s maintenant, en boutique et en ligne !\" \/>\n<meta name=\"robots\" content=\"index, follow, max-snippet:-1, max-image-preview:large, max-video-preview:-1\" \/>\n<link rel=\"canonical\" href=\"https:\/\/www.lerendezvous.mu\/en\/product\/poster-rdv-40-x-60\/\" \/>\n<meta property=\"og:locale\" content=\"en_US\" \/>\n<meta property=\"og:type\" content=\"article\" \/>\n<meta property=\"og:title\" content=\"Poster RDV (40 x 60) - Le Rendez-Vous\" \/>\n<meta property=\"og:description\" content=\"D\u00e9couvrez nos posters mettant \u00e0 l\u2019honneur les embl\u00e8mes les plus iconiques de l\u2019\u00cele Maurice \u2014 disponibles d\u00e8s maintenant, en boutique et en ligne !\" \/>\n<meta property=\"og:url\" content=\"https:\/\/www.lerendezvous.mu\/en\/product\/poster-rdv-40-x-60\/\" \/>\n<meta property=\"og:site_name\" content=\"Le Rendez-Vous\" \/>\n<meta property=\"article:publisher\" content=\"https:\/\/www.facebook.com\/lerendezvousmauritius\" \/>\n<meta property=\"article:modified_time\" content=\"2026-05-07T09:52:48+00:00\" \/>\n<meta property=\"og:image\" content=\"https:\/\/www.lerendezvous.mu\/wp-content\/uploads\/2025\/12\/lerendezvous-poster-flanbwayan.jpg\" \/>\n\t<meta property=\"og:image:width\" content=\"1350\" \/>\n\t<meta property=\"og:image:height\" content=\"1688\" \/>\n\t<meta property=\"og:image:type\" content=\"image\/jpeg\" \/>\n<meta name=\"twitter:card\" content=\"summary_large_image\" \/>\n<meta name=\"twitter:label1\" content=\"Est. reading time\" \/>\n\t<meta name=\"twitter:data1\" content=\"1 minute\" \/>\n<script type=\"application\/ld+json\" class=\"yoast-schema-graph\">{\"@context\":\"https:\\\/\\\/schema.org\",\"@graph\":[{\"@type\":\"WebPage\",\"@id\":\"https:\\\/\\\/www.lerendezvous.mu\\\/product\\\/poster-rdv-40-x-60\\\/\",\"url\":\"https:\\\/\\\/www.lerendezvous.mu\\\/product\\\/poster-rdv-40-x-60\\\/\",\"name\":\"Poster RDV (40 x 60) - Le Rendez-Vous\",\"isPartOf\":{\"@id\":\"https:\\\/\\\/www.lerendezvous.mu\\\/#website\"},\"primaryImageOfPage\":{\"@id\":\"https:\\\/\\\/www.lerendezvous.mu\\\/product\\\/poster-rdv-40-x-60\\\/#primaryimage\"},\"image\":{\"@id\":\"https:\\\/\\\/www.lerendezvous.mu\\\/product\\\/poster-rdv-40-x-60\\\/#primaryimage\"},\"thumbnailUrl\":\"https:\\\/\\\/www.lerendezvous.mu\\\/wp-content\\\/uploads\\\/2025\\\/12\\\/lerendezvous-poster-flanbwayan.jpg\",\"datePublished\":\"2025-12-16T11:58:00+00:00\",\"dateModified\":\"2026-05-07T09:52:48+00:00\",\"description\":\"D\u00e9couvrez nos posters mettant \u00e0 l\u2019honneur les embl\u00e8mes les plus iconiques de l\u2019\u00cele Maurice \u2014 disponibles d\u00e8s maintenant, en boutique et en ligne !\",\"breadcrumb\":{\"@id\":\"https:\\\/\\\/www.lerendezvous.mu\\\/product\\\/poster-rdv-40-x-60\\\/#breadcrumb\"},\"inLanguage\":\"en-US\",\"potentialAction\":[{\"@type\":\"ReadAction\",\"target\":[\"https:\\\/\\\/www.lerendezvous.mu\\\/product\\\/poster-rdv-40-x-60\\\/\"]}]},{\"@type\":\"ImageObject\",\"inLanguage\":\"en-US\",\"@id\":\"https:\\\/\\\/www.lerendezvous.mu\\\/product\\\/poster-rdv-40-x-60\\\/#primaryimage\",\"url\":\"https:\\\/\\\/www.lerendezvous.mu\\\/wp-content\\\/uploads\\\/2025\\\/12\\\/lerendezvous-poster-flanbwayan.jpg\",\"contentUrl\":\"https:\\\/\\\/www.lerendezvous.mu\\\/wp-content\\\/uploads\\\/2025\\\/12\\\/lerendezvous-poster-flanbwayan.jpg\",\"width\":1350,\"height\":1688},{\"@type\":\"BreadcrumbList\",\"@id\":\"https:\\\/\\\/www.lerendezvous.mu\\\/product\\\/poster-rdv-40-x-60\\\/#breadcrumb\",\"itemListElement\":[{\"@type\":\"ListItem\",\"position\":1,\"name\":\"Home\",\"item\":\"https:\\\/\\\/www.lerendezvous.mu\\\/\"},{\"@type\":\"ListItem\",\"position\":2,\"name\":\"Shop\",\"item\":\"https:\\\/\\\/www.lerendezvous.mu\\\/shop\\\/\"},{\"@type\":\"ListItem\",\"position\":3,\"name\":\"Poster RDV (40 x 60)\"}]},{\"@type\":\"WebSite\",\"@id\":\"https:\\\/\\\/www.lerendezvous.mu\\\/#website\",\"url\":\"https:\\\/\\\/www.lerendezvous.mu\\\/\",\"name\":\"Le Rendez-Vous\",\"description\":\"100% moricien\",\"publisher\":{\"@id\":\"https:\\\/\\\/www.lerendezvous.mu\\\/#organization\"},\"potentialAction\":[{\"@type\":\"SearchAction\",\"target\":{\"@type\":\"EntryPoint\",\"urlTemplate\":\"https:\\\/\\\/www.lerendezvous.mu\\\/?s={search_term_string}\"},\"query-input\":{\"@type\":\"PropertyValueSpecification\",\"valueRequired\":true,\"valueName\":\"search_term_string\"}}],\"inLanguage\":\"en-US\"},{\"@type\":\"Organization\",\"@id\":\"https:\\\/\\\/www.lerendezvous.mu\\\/#organization\",\"name\":\"Le Rendez-Vous\",\"url\":\"https:\\\/\\\/www.lerendezvous.mu\\\/\",\"logo\":{\"@type\":\"ImageObject\",\"inLanguage\":\"en-US\",\"@id\":\"https:\\\/\\\/www.lerendezvous.mu\\\/#\\\/schema\\\/logo\\\/image\\\/\",\"url\":\"https:\\\/\\\/www.lerendezvous.mu\\\/wp-content\\\/uploads\\\/2025\\\/10\\\/lrdv-logo.png\",\"contentUrl\":\"https:\\\/\\\/www.lerendezvous.mu\\\/wp-content\\\/uploads\\\/2025\\\/10\\\/lrdv-logo.png\",\"width\":568,\"height\":232,\"caption\":\"Le Rendez-Vous\"},\"image\":{\"@id\":\"https:\\\/\\\/www.lerendezvous.mu\\\/#\\\/schema\\\/logo\\\/image\\\/\"},\"sameAs\":[\"https:\\\/\\\/www.facebook.com\\\/lerendezvousmauritius\",\"https:\\\/\\\/www.instagram.com\\\/lerendezvous_mauritius\"]}]}<\/script>\n<!-- \/ Yoast SEO plugin. -->","yoast_head_json":{"title":"Poster RDV (40 x 60) - Le Rendez-Vous","description":"D\u00e9couvrez nos posters mettant \u00e0 l\u2019honneur les embl\u00e8mes les plus iconiques de l\u2019\u00cele Maurice \u2014 disponibles d\u00e8s maintenant, en boutique et en ligne !","robots":{"index":"index","follow":"follow","max-snippet":"max-snippet:-1","max-image-preview":"max-image-preview:large","max-video-preview":"max-video-preview:-1"},"canonical":"https:\/\/www.lerendezvous.mu\/en\/product\/poster-rdv-40-x-60\/","og_locale":"en_US","og_type":"article","og_title":"Poster RDV (40 x 60) - Le Rendez-Vous","og_description":"D\u00e9couvrez nos posters mettant \u00e0 l\u2019honneur les embl\u00e8mes les plus iconiques de l\u2019\u00cele Maurice \u2014 disponibles d\u00e8s maintenant, en boutique et en ligne !","og_url":"https:\/\/www.lerendezvous.mu\/en\/product\/poster-rdv-40-x-60\/","og_site_name":"Le Rendez-Vous","article_publisher":"https:\/\/www.facebook.com\/lerendezvousmauritius","article_modified_time":"2026-05-07T09:52:48+00:00","og_image":[{"width":1350,"height":1688,"url":"https:\/\/www.lerendezvous.mu\/wp-content\/uploads\/2025\/12\/lerendezvous-poster-flanbwayan.jpg","type":"image\/jpeg"}],"twitter_card":"summary_large_image","twitter_misc":{"Est. reading time":"1 minute"},"schema":{"@context":"https:\/\/schema.org","@graph":[{"@type":"WebPage","@id":"https:\/\/www.lerendezvous.mu\/product\/poster-rdv-40-x-60\/","url":"https:\/\/www.lerendezvous.mu\/product\/poster-rdv-40-x-60\/","name":"Poster RDV (40 x 60) - Le Rendez-Vous","isPartOf":{"@id":"https:\/\/www.lerendezvous.mu\/#website"},"primaryImageOfPage":{"@id":"https:\/\/www.lerendezvous.mu\/product\/poster-rdv-40-x-60\/#primaryimage"},"image":{"@id":"https:\/\/www.lerendezvous.mu\/product\/poster-rdv-40-x-60\/#primaryimage"},"thumbnailUrl":"https:\/\/www.lerendezvous.mu\/wp-content\/uploads\/2025\/12\/lerendezvous-poster-flanbwayan.jpg","datePublished":"2025-12-16T11:58:00+00:00","dateModified":"2026-05-07T09:52:48+00:00","description":"D\u00e9couvrez nos posters mettant \u00e0 l\u2019honneur les embl\u00e8mes les plus iconiques de l\u2019\u00cele Maurice \u2014 disponibles d\u00e8s maintenant, en boutique et en ligne !","breadcrumb":{"@id":"https:\/\/www.lerendezvous.mu\/product\/poster-rdv-40-x-60\/#breadcrumb"},"inLanguage":"en-US","potentialAction":[{"@type":"ReadAction","target":["https:\/\/www.lerendezvous.mu\/product\/poster-rdv-40-x-60\/"]}]},{"@type":"ImageObject","inLanguage":"en-US","@id":"https:\/\/www.lerendezvous.mu\/product\/poster-rdv-40-x-60\/#primaryimage","url":"https:\/\/www.lerendezvous.mu\/wp-content\/uploads\/2025\/12\/lerendezvous-poster-flanbwayan.jpg","contentUrl":"https:\/\/www.lerendezvous.mu\/wp-content\/uploads\/2025\/12\/lerendezvous-poster-flanbwayan.jpg","width":1350,"height":1688},{"@type":"BreadcrumbList","@id":"https:\/\/www.lerendezvous.mu\/product\/poster-rdv-40-x-60\/#breadcrumb","itemListElement":[{"@type":"ListItem","position":1,"name":"Home","item":"https:\/\/www.lerendezvous.mu\/"},{"@type":"ListItem","position":2,"name":"Shop","item":"https:\/\/www.lerendezvous.mu\/shop\/"},{"@type":"ListItem","position":3,"name":"Poster RDV (40 x 60)"}]},{"@type":"WebSite","@id":"https:\/\/www.lerendezvous.mu\/#website","url":"https:\/\/www.lerendezvous.mu\/","name":"Le Rendez-Vous","description":"100% moricien","publisher":{"@id":"https:\/\/www.lerendezvous.mu\/#organization"},"potentialAction":[{"@type":"SearchAction","target":{"@type":"EntryPoint","urlTemplate":"https:\/\/www.lerendezvous.mu\/?s={search_term_string}"},"query-input":{"@type":"PropertyValueSpecification","valueRequired":true,"valueName":"search_term_string"}}],"inLanguage":"en-US"},{"@type":"Organization","@id":"https:\/\/www.lerendezvous.mu\/#organization","name":"Le Rendez-Vous","url":"https:\/\/www.lerendezvous.mu\/","logo":{"@type":"ImageObject","inLanguage":"en-US","@id":"https:\/\/www.lerendezvous.mu\/#\/schema\/logo\/image\/","url":"https:\/\/www.lerendezvous.mu\/wp-content\/uploads\/2025\/10\/lrdv-logo.png","contentUrl":"https:\/\/www.lerendezvous.mu\/wp-content\/uploads\/2025\/10\/lrdv-logo.png","width":568,"height":232,"caption":"Le Rendez-Vous"},"image":{"@id":"https:\/\/www.lerendezvous.mu\/#\/schema\/logo\/image\/"},"sameAs":["https:\/\/www.facebook.com\/lerendezvousmauritius","https:\/\/www.instagram.com\/lerendezvous_mauritius"]}]}},"_links":{"self":[{"href":"https:\/\/www.lerendezvous.mu\/en\/wp-json\/wp\/v2\/product\/4364","targetHints":{"allow":["GET"]}}],"collection":[{"href":"https:\/\/www.lerendezvous.mu\/en\/wp-json\/wp\/v2\/product"}],"about":[{"href":"https:\/\/www.lerendezvous.mu\/en\/wp-json\/wp\/v2\/types\/product"}],"replies":[{"embeddable":true,"href":"https:\/\/www.lerendezvous.mu\/en\/wp-json\/wp\/v2\/comments?post=4364"}],"wp:featuredmedia":[{"embeddable":true,"href":"https:\/\/www.lerendezvous.mu\/en\/wp-json\/wp\/v2\/media\/4380"}],"wp:attachment":[{"href":"https:\/\/www.lerendezvous.mu\/en\/wp-json\/wp\/v2\/media?parent=4364"}],"wp:term":[{"taxonomy":"badge","embeddable":true,"href":"https:\/\/www.lerendezvous.mu\/en\/wp-json\/wp\/v2\/badge?post=4364"},{"taxonomy":"subtag","embeddable":true,"href":"https:\/\/www.lerendezvous.mu\/en\/wp-json\/wp\/v2\/subtag?post=4364"},{"taxonomy":"product_brand","embeddable":true,"href":"https:\/\/www.lerendezvous.mu\/en\/wp-json\/wp\/v2\/product_brand?post=4364"},{"taxonomy":"product_cat","embeddable":true,"href":"https:\/\/www.lerendezvous.mu\/en\/wp-json\/wp\/v2\/product_cat?post=4364"},{"taxonomy":"product_tag","embeddable":true,"href":"https:\/\/www.lerendezvous.mu\/en\/wp-json\/wp\/v2\/product_tag?post=4364"}],"curies":[{"name":"wp","href":"https:\/\/api.w.org\/{rel}","templated":true}]}}