{"id":4767,"date":"2026-01-23T16:13:14","date_gmt":"2026-01-23T12:13:14","guid":{"rendered":"https:\/\/www.lerendezvous.mu\/product\/h-dodo-tribe-ts\/"},"modified":"2026-05-02T16:59:03","modified_gmt":"2026-05-02T12:59:03","slug":"h-dodo-tribe-ts","status":"publish","type":"product","link":"https:\/\/www.lerendezvous.mu\/en\/product\/h-dodo-tribe-ts\/","title":{"rendered":"H Dodo Tribe TS"},"content":{"rendered":"<p>Ce t-shirt Dodo Tribe te donne instantan\u00e9ment une vibe tropicale et un brin r\u00e9tro. Son design de dodo embl\u00e9matique fait tout de suite penser \u00e0 l\u2019\u00eele Maurice, \u00e0 ses plages, \u00e0 son histoire unique et \u00e0 son c\u00f4t\u00e9 un peu l\u00e9gendaire. Le dessin a un c\u00f4t\u00e9 graphique inspir\u00e9 de l\u2019art tribal qui donne du caract\u00e8re \u00e0 ton look. Ce t-shirt est id\u00e9al pour profiter du soleil de l\u2019oc\u00e9an Indien.<\/p>\n<p>100% coton | coupe oversize | unisexe<\/p>","protected":false},"excerpt":{"rendered":"<p>Ce t-shirt Dodo Tribe te donne instantan\u00e9ment une vibe tropicale et un brin r\u00e9tro. Son design de dodo embl\u00e9matique fait tout de suite penser \u00e0 l\u2019\u00eele Maurice, \u00e0 ses plages, \u00e0 son histoire unique et \u00e0 son c\u00f4t\u00e9 un peu l\u00e9gendaire. Le dessin a un c\u00f4t\u00e9 graphique inspir\u00e9 de l\u2019art tribal qui donne du caract\u00e8re [&hellip;]<\/p>\n","protected":false},"featured_media":4798,"comment_status":"open","ping_status":"closed","template":"","meta":{"_acf_changed":false},"badge":[],"subtag":[24,25,26,38],"product_brand":[],"product_cat":[126],"product_tag":[100],"class_list":{"0":"post-4767","1":"product","2":"type-product","3":"status-publish","4":"has-post-thumbnail","6":"subtag-femme","7":"subtag-homme","8":"subtag-t-shirt","9":"subtag-t-shirts-homme","10":"product_cat-brabant","11":"product_tag-homme","13":"first","14":"instock","15":"taxable","16":"shipping-taxable","17":"purchasable","18":"product-type-variable"},"acf":[],"yoast_head":"<!-- This site is optimized with the Yoast SEO plugin v27.5 - https:\/\/yoast.com\/product\/yoast-seo-wordpress\/ -->\n<title>H Dodo Tribe TS - Le Rendez-Vous<\/title>\n<meta name=\"description\" content=\"Ce t-shirt Dodo Tribe donne instantan\u00e9ment une vibe tropicale et un brin r\u00e9tro. Son design de dodo embl\u00e9matique fait tout de suite penser \u00e0 l\u2019\u00eele Maurice.\" \/>\n<meta name=\"robots\" content=\"index, follow, max-snippet:-1, max-image-preview:large, max-video-preview:-1\" \/>\n<link rel=\"canonical\" href=\"https:\/\/www.lerendezvous.mu\/en\/product\/h-dodo-tribe-ts\/\" \/>\n<meta property=\"og:locale\" content=\"en_US\" \/>\n<meta property=\"og:type\" content=\"article\" \/>\n<meta property=\"og:title\" content=\"H Dodo Tribe TS - Le Rendez-Vous\" \/>\n<meta property=\"og:description\" content=\"Ce t-shirt Dodo Tribe donne instantan\u00e9ment une vibe tropicale et un brin r\u00e9tro. Son design de dodo embl\u00e9matique fait tout de suite penser \u00e0 l\u2019\u00eele Maurice.\" \/>\n<meta property=\"og:url\" content=\"https:\/\/www.lerendezvous.mu\/en\/product\/h-dodo-tribe-ts\/\" \/>\n<meta property=\"og:site_name\" content=\"Le Rendez-Vous\" \/>\n<meta property=\"article:publisher\" content=\"https:\/\/www.facebook.com\/lerendezvousmauritius\" \/>\n<meta property=\"article:modified_time\" content=\"2026-05-02T12:59:03+00:00\" \/>\n<meta property=\"og:image\" content=\"https:\/\/www.lerendezvous.mu\/wp-content\/uploads\/2026\/01\/brabant-tshirt-dodo-tribe-back.jpg\" \/>\n\t<meta property=\"og:image:width\" content=\"1080\" \/>\n\t<meta property=\"og:image:height\" content=\"1350\" \/>\n\t<meta property=\"og:image:type\" content=\"image\/jpeg\" \/>\n<meta name=\"twitter:card\" content=\"summary_large_image\" \/>\n<meta name=\"twitter:label1\" content=\"Est. reading time\" \/>\n\t<meta name=\"twitter:data1\" content=\"1 minute\" \/>\n<script type=\"application\/ld+json\" class=\"yoast-schema-graph\">{\"@context\":\"https:\\\/\\\/schema.org\",\"@graph\":[{\"@type\":\"WebPage\",\"@id\":\"https:\\\/\\\/www.lerendezvous.mu\\\/product\\\/h-dodo-tribe-ts\\\/\",\"url\":\"https:\\\/\\\/www.lerendezvous.mu\\\/product\\\/h-dodo-tribe-ts\\\/\",\"name\":\"H Dodo Tribe TS - Le Rendez-Vous\",\"isPartOf\":{\"@id\":\"https:\\\/\\\/www.lerendezvous.mu\\\/#website\"},\"primaryImageOfPage\":{\"@id\":\"https:\\\/\\\/www.lerendezvous.mu\\\/product\\\/h-dodo-tribe-ts\\\/#primaryimage\"},\"image\":{\"@id\":\"https:\\\/\\\/www.lerendezvous.mu\\\/product\\\/h-dodo-tribe-ts\\\/#primaryimage\"},\"thumbnailUrl\":\"https:\\\/\\\/www.lerendezvous.mu\\\/wp-content\\\/uploads\\\/2026\\\/01\\\/brabant-tshirt-dodo-tribe-back.jpg\",\"datePublished\":\"2026-01-23T12:13:14+00:00\",\"dateModified\":\"2026-05-02T12:59:03+00:00\",\"description\":\"Ce t-shirt Dodo Tribe donne instantan\u00e9ment une vibe tropicale et un brin r\u00e9tro. Son design de dodo embl\u00e9matique fait tout de suite penser \u00e0 l\u2019\u00eele Maurice.\",\"breadcrumb\":{\"@id\":\"https:\\\/\\\/www.lerendezvous.mu\\\/product\\\/h-dodo-tribe-ts\\\/#breadcrumb\"},\"inLanguage\":\"en-US\",\"potentialAction\":[{\"@type\":\"ReadAction\",\"target\":[\"https:\\\/\\\/www.lerendezvous.mu\\\/product\\\/h-dodo-tribe-ts\\\/\"]}]},{\"@type\":\"ImageObject\",\"inLanguage\":\"en-US\",\"@id\":\"https:\\\/\\\/www.lerendezvous.mu\\\/product\\\/h-dodo-tribe-ts\\\/#primaryimage\",\"url\":\"https:\\\/\\\/www.lerendezvous.mu\\\/wp-content\\\/uploads\\\/2026\\\/01\\\/brabant-tshirt-dodo-tribe-back.jpg\",\"contentUrl\":\"https:\\\/\\\/www.lerendezvous.mu\\\/wp-content\\\/uploads\\\/2026\\\/01\\\/brabant-tshirt-dodo-tribe-back.jpg\",\"width\":1080,\"height\":1350},{\"@type\":\"BreadcrumbList\",\"@id\":\"https:\\\/\\\/www.lerendezvous.mu\\\/product\\\/h-dodo-tribe-ts\\\/#breadcrumb\",\"itemListElement\":[{\"@type\":\"ListItem\",\"position\":1,\"name\":\"Home\",\"item\":\"https:\\\/\\\/www.lerendezvous.mu\\\/\"},{\"@type\":\"ListItem\",\"position\":2,\"name\":\"Shop\",\"item\":\"https:\\\/\\\/www.lerendezvous.mu\\\/shop\\\/\"},{\"@type\":\"ListItem\",\"position\":3,\"name\":\"H Dodo Tribe TS\"}]},{\"@type\":\"WebSite\",\"@id\":\"https:\\\/\\\/www.lerendezvous.mu\\\/#website\",\"url\":\"https:\\\/\\\/www.lerendezvous.mu\\\/\",\"name\":\"Le Rendez-Vous\",\"description\":\"100% moricien\",\"publisher\":{\"@id\":\"https:\\\/\\\/www.lerendezvous.mu\\\/#organization\"},\"potentialAction\":[{\"@type\":\"SearchAction\",\"target\":{\"@type\":\"EntryPoint\",\"urlTemplate\":\"https:\\\/\\\/www.lerendezvous.mu\\\/?s={search_term_string}\"},\"query-input\":{\"@type\":\"PropertyValueSpecification\",\"valueRequired\":true,\"valueName\":\"search_term_string\"}}],\"inLanguage\":\"en-US\"},{\"@type\":\"Organization\",\"@id\":\"https:\\\/\\\/www.lerendezvous.mu\\\/#organization\",\"name\":\"Le Rendez-Vous\",\"url\":\"https:\\\/\\\/www.lerendezvous.mu\\\/\",\"logo\":{\"@type\":\"ImageObject\",\"inLanguage\":\"en-US\",\"@id\":\"https:\\\/\\\/www.lerendezvous.mu\\\/#\\\/schema\\\/logo\\\/image\\\/\",\"url\":\"https:\\\/\\\/www.lerendezvous.mu\\\/wp-content\\\/uploads\\\/2025\\\/10\\\/lrdv-logo.png\",\"contentUrl\":\"https:\\\/\\\/www.lerendezvous.mu\\\/wp-content\\\/uploads\\\/2025\\\/10\\\/lrdv-logo.png\",\"width\":568,\"height\":232,\"caption\":\"Le Rendez-Vous\"},\"image\":{\"@id\":\"https:\\\/\\\/www.lerendezvous.mu\\\/#\\\/schema\\\/logo\\\/image\\\/\"},\"sameAs\":[\"https:\\\/\\\/www.facebook.com\\\/lerendezvousmauritius\",\"https:\\\/\\\/www.instagram.com\\\/lerendezvous_mauritius\"]}]}<\/script>\n<!-- \/ Yoast SEO plugin. -->","yoast_head_json":{"title":"H Dodo Tribe TS - Le Rendez-Vous","description":"Ce t-shirt Dodo Tribe donne instantan\u00e9ment une vibe tropicale et un brin r\u00e9tro. Son design de dodo embl\u00e9matique fait tout de suite penser \u00e0 l\u2019\u00eele Maurice.","robots":{"index":"index","follow":"follow","max-snippet":"max-snippet:-1","max-image-preview":"max-image-preview:large","max-video-preview":"max-video-preview:-1"},"canonical":"https:\/\/www.lerendezvous.mu\/en\/product\/h-dodo-tribe-ts\/","og_locale":"en_US","og_type":"article","og_title":"H Dodo Tribe TS - Le Rendez-Vous","og_description":"Ce t-shirt Dodo Tribe donne instantan\u00e9ment une vibe tropicale et un brin r\u00e9tro. Son design de dodo embl\u00e9matique fait tout de suite penser \u00e0 l\u2019\u00eele Maurice.","og_url":"https:\/\/www.lerendezvous.mu\/en\/product\/h-dodo-tribe-ts\/","og_site_name":"Le Rendez-Vous","article_publisher":"https:\/\/www.facebook.com\/lerendezvousmauritius","article_modified_time":"2026-05-02T12:59:03+00:00","og_image":[{"width":1080,"height":1350,"url":"https:\/\/www.lerendezvous.mu\/wp-content\/uploads\/2026\/01\/brabant-tshirt-dodo-tribe-back.jpg","type":"image\/jpeg"}],"twitter_card":"summary_large_image","twitter_misc":{"Est. reading time":"1 minute"},"schema":{"@context":"https:\/\/schema.org","@graph":[{"@type":"WebPage","@id":"https:\/\/www.lerendezvous.mu\/product\/h-dodo-tribe-ts\/","url":"https:\/\/www.lerendezvous.mu\/product\/h-dodo-tribe-ts\/","name":"H Dodo Tribe TS - Le Rendez-Vous","isPartOf":{"@id":"https:\/\/www.lerendezvous.mu\/#website"},"primaryImageOfPage":{"@id":"https:\/\/www.lerendezvous.mu\/product\/h-dodo-tribe-ts\/#primaryimage"},"image":{"@id":"https:\/\/www.lerendezvous.mu\/product\/h-dodo-tribe-ts\/#primaryimage"},"thumbnailUrl":"https:\/\/www.lerendezvous.mu\/wp-content\/uploads\/2026\/01\/brabant-tshirt-dodo-tribe-back.jpg","datePublished":"2026-01-23T12:13:14+00:00","dateModified":"2026-05-02T12:59:03+00:00","description":"Ce t-shirt Dodo Tribe donne instantan\u00e9ment une vibe tropicale et un brin r\u00e9tro. Son design de dodo embl\u00e9matique fait tout de suite penser \u00e0 l\u2019\u00eele Maurice.","breadcrumb":{"@id":"https:\/\/www.lerendezvous.mu\/product\/h-dodo-tribe-ts\/#breadcrumb"},"inLanguage":"en-US","potentialAction":[{"@type":"ReadAction","target":["https:\/\/www.lerendezvous.mu\/product\/h-dodo-tribe-ts\/"]}]},{"@type":"ImageObject","inLanguage":"en-US","@id":"https:\/\/www.lerendezvous.mu\/product\/h-dodo-tribe-ts\/#primaryimage","url":"https:\/\/www.lerendezvous.mu\/wp-content\/uploads\/2026\/01\/brabant-tshirt-dodo-tribe-back.jpg","contentUrl":"https:\/\/www.lerendezvous.mu\/wp-content\/uploads\/2026\/01\/brabant-tshirt-dodo-tribe-back.jpg","width":1080,"height":1350},{"@type":"BreadcrumbList","@id":"https:\/\/www.lerendezvous.mu\/product\/h-dodo-tribe-ts\/#breadcrumb","itemListElement":[{"@type":"ListItem","position":1,"name":"Home","item":"https:\/\/www.lerendezvous.mu\/"},{"@type":"ListItem","position":2,"name":"Shop","item":"https:\/\/www.lerendezvous.mu\/shop\/"},{"@type":"ListItem","position":3,"name":"H Dodo Tribe TS"}]},{"@type":"WebSite","@id":"https:\/\/www.lerendezvous.mu\/#website","url":"https:\/\/www.lerendezvous.mu\/","name":"Le Rendez-Vous","description":"100% moricien","publisher":{"@id":"https:\/\/www.lerendezvous.mu\/#organization"},"potentialAction":[{"@type":"SearchAction","target":{"@type":"EntryPoint","urlTemplate":"https:\/\/www.lerendezvous.mu\/?s={search_term_string}"},"query-input":{"@type":"PropertyValueSpecification","valueRequired":true,"valueName":"search_term_string"}}],"inLanguage":"en-US"},{"@type":"Organization","@id":"https:\/\/www.lerendezvous.mu\/#organization","name":"Le Rendez-Vous","url":"https:\/\/www.lerendezvous.mu\/","logo":{"@type":"ImageObject","inLanguage":"en-US","@id":"https:\/\/www.lerendezvous.mu\/#\/schema\/logo\/image\/","url":"https:\/\/www.lerendezvous.mu\/wp-content\/uploads\/2025\/10\/lrdv-logo.png","contentUrl":"https:\/\/www.lerendezvous.mu\/wp-content\/uploads\/2025\/10\/lrdv-logo.png","width":568,"height":232,"caption":"Le Rendez-Vous"},"image":{"@id":"https:\/\/www.lerendezvous.mu\/#\/schema\/logo\/image\/"},"sameAs":["https:\/\/www.facebook.com\/lerendezvousmauritius","https:\/\/www.instagram.com\/lerendezvous_mauritius"]}]}},"_links":{"self":[{"href":"https:\/\/www.lerendezvous.mu\/en\/wp-json\/wp\/v2\/product\/4767","targetHints":{"allow":["GET"]}}],"collection":[{"href":"https:\/\/www.lerendezvous.mu\/en\/wp-json\/wp\/v2\/product"}],"about":[{"href":"https:\/\/www.lerendezvous.mu\/en\/wp-json\/wp\/v2\/types\/product"}],"replies":[{"embeddable":true,"href":"https:\/\/www.lerendezvous.mu\/en\/wp-json\/wp\/v2\/comments?post=4767"}],"wp:featuredmedia":[{"embeddable":true,"href":"https:\/\/www.lerendezvous.mu\/en\/wp-json\/wp\/v2\/media\/4798"}],"wp:attachment":[{"href":"https:\/\/www.lerendezvous.mu\/en\/wp-json\/wp\/v2\/media?parent=4767"}],"wp:term":[{"taxonomy":"badge","embeddable":true,"href":"https:\/\/www.lerendezvous.mu\/en\/wp-json\/wp\/v2\/badge?post=4767"},{"taxonomy":"subtag","embeddable":true,"href":"https:\/\/www.lerendezvous.mu\/en\/wp-json\/wp\/v2\/subtag?post=4767"},{"taxonomy":"product_brand","embeddable":true,"href":"https:\/\/www.lerendezvous.mu\/en\/wp-json\/wp\/v2\/product_brand?post=4767"},{"taxonomy":"product_cat","embeddable":true,"href":"https:\/\/www.lerendezvous.mu\/en\/wp-json\/wp\/v2\/product_cat?post=4767"},{"taxonomy":"product_tag","embeddable":true,"href":"https:\/\/www.lerendezvous.mu\/en\/wp-json\/wp\/v2\/product_tag?post=4767"}],"curies":[{"name":"wp","href":"https:\/\/api.w.org\/{rel}","templated":true}]}}