{"id":5060,"date":"2026-02-27T10:52:52","date_gmt":"2026-02-27T06:52:52","guid":{"rendered":"https:\/\/www.lerendezvous.mu\/product\/k-bay-waves-rashvest\/"},"modified":"2026-04-15T15:40:32","modified_gmt":"2026-04-15T11:40:32","slug":"k-bay-waves-rashvest","status":"publish","type":"product","link":"https:\/\/www.lerendezvous.mu\/en\/product\/k-bay-waves-rashvest\/","title":{"rendered":"K Bay Waves Rashvest"},"content":{"rendered":"<p>Prot\u00e9gez vos enfants du soleil avec style gr\u00e2ce au Rashvest Bay Waves de the Kreol Republic ! Avec son imprim\u00e9 color\u00e9, sa mati\u00e8re souple et \u00e9lastique, vos petits pourront profiter de la plage ou de la piscine avec aise. Parfait pour ceux qui ne sont pas fans des maillots avec manches longues, mais qui veulent quand m\u00eame se prot\u00e9ger.<\/p>\n<p>93% polyester recycl\u00e9 | 7% \u00e9lasthane | UPF 50+<\/p>","protected":false},"excerpt":{"rendered":"<p>Prot\u00e9gez vos enfants du soleil avec style gr\u00e2ce au Rashvest Bay Waves de the Kreol Republic ! Avec son imprim\u00e9 color\u00e9, sa mati\u00e8re souple et \u00e9lastique, vos petits pourront profiter de la plage ou de la piscine avec aise. Parfait pour ceux qui ne sont pas fans des maillots avec manches longues, mais qui veulent [&hellip;]<\/p>\n","protected":false},"featured_media":5149,"comment_status":"open","ping_status":"closed","template":"","meta":{"_acf_changed":false},"badge":[172],"subtag":[171,55,57],"product_brand":[],"product_cat":[84],"product_tag":[106],"class_list":{"0":"post-5060","1":"product","2":"type-product","3":"status-publish","4":"has-post-thumbnail","6":"badge-summer-republic","7":"subtag-decouvrez-le-coin-summer-republic","8":"subtag-enfants","9":"subtag-maillot-de-bain-enfants","10":"product_cat-the-kreol-republic","11":"product_tag-enfant","13":"first","14":"instock","15":"taxable","16":"shipping-taxable","17":"purchasable","18":"product-type-variable"},"acf":[],"yoast_head":"<!-- This site is optimized with the Yoast SEO plugin v27.3 - https:\/\/yoast.com\/product\/yoast-seo-wordpress\/ -->\n<title>K Bay Waves Rashvest - Le Rendez-Vous<\/title>\n<meta name=\"description\" content=\"Prot\u00e9gez vos enfants du soleil avec style gr\u00e2ce au Rashvest Bay Waves de the Kreol Republic ! Il arbore un imprim\u00e9 color\u00e9 et une mati\u00e8re souple.\" \/>\n<meta name=\"robots\" content=\"index, follow, max-snippet:-1, max-image-preview:large, max-video-preview:-1\" \/>\n<link rel=\"canonical\" href=\"https:\/\/www.lerendezvous.mu\/en\/product\/k-bay-waves-rashvest\/\" \/>\n<meta property=\"og:locale\" content=\"en_US\" \/>\n<meta property=\"og:type\" content=\"article\" \/>\n<meta property=\"og:title\" content=\"K Bay Waves Rashvest - Le Rendez-Vous\" \/>\n<meta property=\"og:description\" content=\"Prot\u00e9gez vos enfants du soleil avec style gr\u00e2ce au Rashvest Bay Waves de the Kreol Republic ! Il arbore un imprim\u00e9 color\u00e9 et une mati\u00e8re souple.\" \/>\n<meta property=\"og:url\" content=\"https:\/\/www.lerendezvous.mu\/en\/product\/k-bay-waves-rashvest\/\" \/>\n<meta property=\"og:site_name\" content=\"Le Rendez-Vous\" \/>\n<meta property=\"article:publisher\" content=\"https:\/\/www.facebook.com\/lerendezvousmauritius\" \/>\n<meta property=\"article:modified_time\" content=\"2026-04-15T11:40:32+00:00\" \/>\n<meta property=\"og:image\" content=\"https:\/\/www.lerendezvous.mu\/wp-content\/uploads\/2026\/02\/thekreolrepublic-rashvest-baywaves-kids.jpg\" \/>\n\t<meta property=\"og:image:width\" content=\"1200\" \/>\n\t<meta property=\"og:image:height\" content=\"1800\" \/>\n\t<meta property=\"og:image:type\" content=\"image\/jpeg\" \/>\n<meta name=\"twitter:card\" content=\"summary_large_image\" \/>\n<meta name=\"twitter:label1\" content=\"Est. reading time\" \/>\n\t<meta name=\"twitter:data1\" content=\"1 minute\" \/>\n<script type=\"application\/ld+json\" class=\"yoast-schema-graph\">{\"@context\":\"https:\\\/\\\/schema.org\",\"@graph\":[{\"@type\":\"WebPage\",\"@id\":\"https:\\\/\\\/www.lerendezvous.mu\\\/product\\\/k-bay-waves-rashvest\\\/\",\"url\":\"https:\\\/\\\/www.lerendezvous.mu\\\/product\\\/k-bay-waves-rashvest\\\/\",\"name\":\"K Bay Waves Rashvest - Le Rendez-Vous\",\"isPartOf\":{\"@id\":\"https:\\\/\\\/www.lerendezvous.mu\\\/#website\"},\"primaryImageOfPage\":{\"@id\":\"https:\\\/\\\/www.lerendezvous.mu\\\/product\\\/k-bay-waves-rashvest\\\/#primaryimage\"},\"image\":{\"@id\":\"https:\\\/\\\/www.lerendezvous.mu\\\/product\\\/k-bay-waves-rashvest\\\/#primaryimage\"},\"thumbnailUrl\":\"https:\\\/\\\/www.lerendezvous.mu\\\/wp-content\\\/uploads\\\/2026\\\/02\\\/thekreolrepublic-rashvest-baywaves-kids.jpg\",\"datePublished\":\"2026-02-27T06:52:52+00:00\",\"dateModified\":\"2026-04-15T11:40:32+00:00\",\"description\":\"Prot\u00e9gez vos enfants du soleil avec style gr\u00e2ce au Rashvest Bay Waves de the Kreol Republic ! Il arbore un imprim\u00e9 color\u00e9 et une mati\u00e8re souple.\",\"breadcrumb\":{\"@id\":\"https:\\\/\\\/www.lerendezvous.mu\\\/product\\\/k-bay-waves-rashvest\\\/#breadcrumb\"},\"inLanguage\":\"en-US\",\"potentialAction\":[{\"@type\":\"ReadAction\",\"target\":[\"https:\\\/\\\/www.lerendezvous.mu\\\/product\\\/k-bay-waves-rashvest\\\/\"]}]},{\"@type\":\"ImageObject\",\"inLanguage\":\"en-US\",\"@id\":\"https:\\\/\\\/www.lerendezvous.mu\\\/product\\\/k-bay-waves-rashvest\\\/#primaryimage\",\"url\":\"https:\\\/\\\/www.lerendezvous.mu\\\/wp-content\\\/uploads\\\/2026\\\/02\\\/thekreolrepublic-rashvest-baywaves-kids.jpg\",\"contentUrl\":\"https:\\\/\\\/www.lerendezvous.mu\\\/wp-content\\\/uploads\\\/2026\\\/02\\\/thekreolrepublic-rashvest-baywaves-kids.jpg\",\"width\":1200,\"height\":1800},{\"@type\":\"BreadcrumbList\",\"@id\":\"https:\\\/\\\/www.lerendezvous.mu\\\/product\\\/k-bay-waves-rashvest\\\/#breadcrumb\",\"itemListElement\":[{\"@type\":\"ListItem\",\"position\":1,\"name\":\"Home\",\"item\":\"https:\\\/\\\/www.lerendezvous.mu\\\/\"},{\"@type\":\"ListItem\",\"position\":2,\"name\":\"Shop\",\"item\":\"https:\\\/\\\/www.lerendezvous.mu\\\/shop\\\/\"},{\"@type\":\"ListItem\",\"position\":3,\"name\":\"K Bay Waves Rashvest\"}]},{\"@type\":\"WebSite\",\"@id\":\"https:\\\/\\\/www.lerendezvous.mu\\\/#website\",\"url\":\"https:\\\/\\\/www.lerendezvous.mu\\\/\",\"name\":\"Le Rendez-Vous\",\"description\":\"100% moricien\",\"publisher\":{\"@id\":\"https:\\\/\\\/www.lerendezvous.mu\\\/#organization\"},\"potentialAction\":[{\"@type\":\"SearchAction\",\"target\":{\"@type\":\"EntryPoint\",\"urlTemplate\":\"https:\\\/\\\/www.lerendezvous.mu\\\/?s={search_term_string}\"},\"query-input\":{\"@type\":\"PropertyValueSpecification\",\"valueRequired\":true,\"valueName\":\"search_term_string\"}}],\"inLanguage\":\"en-US\"},{\"@type\":\"Organization\",\"@id\":\"https:\\\/\\\/www.lerendezvous.mu\\\/#organization\",\"name\":\"Le Rendez-Vous\",\"url\":\"https:\\\/\\\/www.lerendezvous.mu\\\/\",\"logo\":{\"@type\":\"ImageObject\",\"inLanguage\":\"en-US\",\"@id\":\"https:\\\/\\\/www.lerendezvous.mu\\\/#\\\/schema\\\/logo\\\/image\\\/\",\"url\":\"https:\\\/\\\/www.lerendezvous.mu\\\/wp-content\\\/uploads\\\/2025\\\/10\\\/lrdv-logo.png\",\"contentUrl\":\"https:\\\/\\\/www.lerendezvous.mu\\\/wp-content\\\/uploads\\\/2025\\\/10\\\/lrdv-logo.png\",\"width\":568,\"height\":232,\"caption\":\"Le Rendez-Vous\"},\"image\":{\"@id\":\"https:\\\/\\\/www.lerendezvous.mu\\\/#\\\/schema\\\/logo\\\/image\\\/\"},\"sameAs\":[\"https:\\\/\\\/www.facebook.com\\\/lerendezvousmauritius\",\"https:\\\/\\\/www.instagram.com\\\/lerendezvous_mauritius\"]}]}<\/script>\n<!-- \/ Yoast SEO plugin. -->","yoast_head_json":{"title":"K Bay Waves Rashvest - Le Rendez-Vous","description":"Prot\u00e9gez vos enfants du soleil avec style gr\u00e2ce au Rashvest Bay Waves de the Kreol Republic ! Il arbore un imprim\u00e9 color\u00e9 et une mati\u00e8re souple.","robots":{"index":"index","follow":"follow","max-snippet":"max-snippet:-1","max-image-preview":"max-image-preview:large","max-video-preview":"max-video-preview:-1"},"canonical":"https:\/\/www.lerendezvous.mu\/en\/product\/k-bay-waves-rashvest\/","og_locale":"en_US","og_type":"article","og_title":"K Bay Waves Rashvest - Le Rendez-Vous","og_description":"Prot\u00e9gez vos enfants du soleil avec style gr\u00e2ce au Rashvest Bay Waves de the Kreol Republic ! Il arbore un imprim\u00e9 color\u00e9 et une mati\u00e8re souple.","og_url":"https:\/\/www.lerendezvous.mu\/en\/product\/k-bay-waves-rashvest\/","og_site_name":"Le Rendez-Vous","article_publisher":"https:\/\/www.facebook.com\/lerendezvousmauritius","article_modified_time":"2026-04-15T11:40:32+00:00","og_image":[{"width":1200,"height":1800,"url":"https:\/\/www.lerendezvous.mu\/wp-content\/uploads\/2026\/02\/thekreolrepublic-rashvest-baywaves-kids.jpg","type":"image\/jpeg"}],"twitter_card":"summary_large_image","twitter_misc":{"Est. reading time":"1 minute"},"schema":{"@context":"https:\/\/schema.org","@graph":[{"@type":"WebPage","@id":"https:\/\/www.lerendezvous.mu\/product\/k-bay-waves-rashvest\/","url":"https:\/\/www.lerendezvous.mu\/product\/k-bay-waves-rashvest\/","name":"K Bay Waves Rashvest - Le Rendez-Vous","isPartOf":{"@id":"https:\/\/www.lerendezvous.mu\/#website"},"primaryImageOfPage":{"@id":"https:\/\/www.lerendezvous.mu\/product\/k-bay-waves-rashvest\/#primaryimage"},"image":{"@id":"https:\/\/www.lerendezvous.mu\/product\/k-bay-waves-rashvest\/#primaryimage"},"thumbnailUrl":"https:\/\/www.lerendezvous.mu\/wp-content\/uploads\/2026\/02\/thekreolrepublic-rashvest-baywaves-kids.jpg","datePublished":"2026-02-27T06:52:52+00:00","dateModified":"2026-04-15T11:40:32+00:00","description":"Prot\u00e9gez vos enfants du soleil avec style gr\u00e2ce au Rashvest Bay Waves de the Kreol Republic ! Il arbore un imprim\u00e9 color\u00e9 et une mati\u00e8re souple.","breadcrumb":{"@id":"https:\/\/www.lerendezvous.mu\/product\/k-bay-waves-rashvest\/#breadcrumb"},"inLanguage":"en-US","potentialAction":[{"@type":"ReadAction","target":["https:\/\/www.lerendezvous.mu\/product\/k-bay-waves-rashvest\/"]}]},{"@type":"ImageObject","inLanguage":"en-US","@id":"https:\/\/www.lerendezvous.mu\/product\/k-bay-waves-rashvest\/#primaryimage","url":"https:\/\/www.lerendezvous.mu\/wp-content\/uploads\/2026\/02\/thekreolrepublic-rashvest-baywaves-kids.jpg","contentUrl":"https:\/\/www.lerendezvous.mu\/wp-content\/uploads\/2026\/02\/thekreolrepublic-rashvest-baywaves-kids.jpg","width":1200,"height":1800},{"@type":"BreadcrumbList","@id":"https:\/\/www.lerendezvous.mu\/product\/k-bay-waves-rashvest\/#breadcrumb","itemListElement":[{"@type":"ListItem","position":1,"name":"Home","item":"https:\/\/www.lerendezvous.mu\/"},{"@type":"ListItem","position":2,"name":"Shop","item":"https:\/\/www.lerendezvous.mu\/shop\/"},{"@type":"ListItem","position":3,"name":"K Bay Waves Rashvest"}]},{"@type":"WebSite","@id":"https:\/\/www.lerendezvous.mu\/#website","url":"https:\/\/www.lerendezvous.mu\/","name":"Le Rendez-Vous","description":"100% moricien","publisher":{"@id":"https:\/\/www.lerendezvous.mu\/#organization"},"potentialAction":[{"@type":"SearchAction","target":{"@type":"EntryPoint","urlTemplate":"https:\/\/www.lerendezvous.mu\/?s={search_term_string}"},"query-input":{"@type":"PropertyValueSpecification","valueRequired":true,"valueName":"search_term_string"}}],"inLanguage":"en-US"},{"@type":"Organization","@id":"https:\/\/www.lerendezvous.mu\/#organization","name":"Le Rendez-Vous","url":"https:\/\/www.lerendezvous.mu\/","logo":{"@type":"ImageObject","inLanguage":"en-US","@id":"https:\/\/www.lerendezvous.mu\/#\/schema\/logo\/image\/","url":"https:\/\/www.lerendezvous.mu\/wp-content\/uploads\/2025\/10\/lrdv-logo.png","contentUrl":"https:\/\/www.lerendezvous.mu\/wp-content\/uploads\/2025\/10\/lrdv-logo.png","width":568,"height":232,"caption":"Le Rendez-Vous"},"image":{"@id":"https:\/\/www.lerendezvous.mu\/#\/schema\/logo\/image\/"},"sameAs":["https:\/\/www.facebook.com\/lerendezvousmauritius","https:\/\/www.instagram.com\/lerendezvous_mauritius"]}]}},"_links":{"self":[{"href":"https:\/\/www.lerendezvous.mu\/en\/wp-json\/wp\/v2\/product\/5060","targetHints":{"allow":["GET"]}}],"collection":[{"href":"https:\/\/www.lerendezvous.mu\/en\/wp-json\/wp\/v2\/product"}],"about":[{"href":"https:\/\/www.lerendezvous.mu\/en\/wp-json\/wp\/v2\/types\/product"}],"replies":[{"embeddable":true,"href":"https:\/\/www.lerendezvous.mu\/en\/wp-json\/wp\/v2\/comments?post=5060"}],"wp:featuredmedia":[{"embeddable":true,"href":"https:\/\/www.lerendezvous.mu\/en\/wp-json\/wp\/v2\/media\/5149"}],"wp:attachment":[{"href":"https:\/\/www.lerendezvous.mu\/en\/wp-json\/wp\/v2\/media?parent=5060"}],"wp:term":[{"taxonomy":"badge","embeddable":true,"href":"https:\/\/www.lerendezvous.mu\/en\/wp-json\/wp\/v2\/badge?post=5060"},{"taxonomy":"subtag","embeddable":true,"href":"https:\/\/www.lerendezvous.mu\/en\/wp-json\/wp\/v2\/subtag?post=5060"},{"taxonomy":"product_brand","embeddable":true,"href":"https:\/\/www.lerendezvous.mu\/en\/wp-json\/wp\/v2\/product_brand?post=5060"},{"taxonomy":"product_cat","embeddable":true,"href":"https:\/\/www.lerendezvous.mu\/en\/wp-json\/wp\/v2\/product_cat?post=5060"},{"taxonomy":"product_tag","embeddable":true,"href":"https:\/\/www.lerendezvous.mu\/en\/wp-json\/wp\/v2\/product_tag?post=5060"}],"curies":[{"name":"wp","href":"https:\/\/api.w.org\/{rel}","templated":true}]}}