{"id":517,"date":"2025-10-06T17:00:31","date_gmt":"2025-10-06T13:00:31","guid":{"rendered":"http:\/\/www.lerendezvous.mu\/product\/a-key-ring-tkr\/"},"modified":"2026-05-02T14:13:28","modified_gmt":"2026-05-02T10:13:28","slug":"a-key-ring-tkr","status":"publish","type":"product","link":"https:\/\/www.lerendezvous.mu\/en\/product\/a-key-ring-tkr\/","title":{"rendered":"A Key Ring TKR"},"content":{"rendered":"<p>Ajoutez une touche d\u2019\u00e2me mauricienne \u00e0 vos cl\u00e9s avec ces porte\u2011cl\u00e9s sign\u00e9s The\u202fKreol\u202fRepublic. Con\u00e7us avec soin et esprit local, ils incarnent l\u2019identit\u00e9 cr\u00e9ole de l\u2019\u00eele\u202fMaurice tout en restant des pi\u00e8ces fonctionnelles et \u00e9l\u00e9gantes.<\/p>","protected":false},"excerpt":{"rendered":"<p>Ajoutez une touche d\u2019\u00e2me mauricienne \u00e0 vos cl\u00e9s avec ces porte\u2011cl\u00e9s sign\u00e9s The\u202fKreol\u202fRepublic. Con\u00e7us avec soin et esprit local, ils incarnent l\u2019identit\u00e9 cr\u00e9ole de l\u2019\u00eele\u202fMaurice tout en restant des pi\u00e8ces fonctionnelles et \u00e9l\u00e9gantes.<\/p>","protected":false},"featured_media":3058,"comment_status":"open","ping_status":"closed","template":"","meta":{"_acf_changed":false},"badge":[],"subtag":[74,83],"product_brand":[],"product_cat":[84],"product_tag":[85],"class_list":{"0":"post-517","1":"product","2":"type-product","3":"status-publish","4":"has-post-thumbnail","6":"subtag-accessoires","7":"subtag-porte-cles","8":"product_cat-the-kreol-republic","9":"product_tag-accessoires","11":"first","12":"instock","13":"taxable","14":"shipping-taxable","15":"purchasable","16":"product-type-variable"},"acf":[],"yoast_head":"<!-- This site is optimized with the Yoast SEO plugin v27.5 - https:\/\/yoast.com\/product\/yoast-seo-wordpress\/ -->\n<title>A Key Ring TKR - Le Rendez-Vous<\/title>\n<meta name=\"description\" content=\"Ajoutez une touche d\u2019\u00e2me mauricienne \u00e0 vos cl\u00e9s avec ces porte\u2011cl\u00e9s sign\u00e9s The\u202fKreol\u202fRepublic. Con\u00e7us avec soin et toujours dans l&#039;esprit local.\" \/>\n<meta name=\"robots\" content=\"index, follow, max-snippet:-1, max-image-preview:large, max-video-preview:-1\" \/>\n<link rel=\"canonical\" href=\"https:\/\/www.lerendezvous.mu\/en\/product\/a-key-ring-tkr\/\" \/>\n<meta property=\"og:locale\" content=\"en_US\" \/>\n<meta property=\"og:type\" content=\"article\" \/>\n<meta property=\"og:title\" content=\"A Key Ring TKR - Le Rendez-Vous\" \/>\n<meta property=\"og:description\" content=\"Ajoutez une touche d\u2019\u00e2me mauricienne \u00e0 vos cl\u00e9s avec ces porte\u2011cl\u00e9s sign\u00e9s The\u202fKreol\u202fRepublic. Con\u00e7us avec soin et toujours dans l&#039;esprit local.\" \/>\n<meta property=\"og:url\" content=\"https:\/\/www.lerendezvous.mu\/en\/product\/a-key-ring-tkr\/\" \/>\n<meta property=\"og:site_name\" content=\"Le Rendez-Vous\" \/>\n<meta property=\"article:publisher\" content=\"https:\/\/www.facebook.com\/lerendezvousmauritius\" \/>\n<meta property=\"article:modified_time\" content=\"2026-05-02T10:13:28+00:00\" \/>\n<meta property=\"og:image\" content=\"https:\/\/www.lerendezvous.mu\/wp-content\/uploads\/2025\/10\/kreolrepublic-key-rings-scaled.jpg\" \/>\n\t<meta property=\"og:image:width\" content=\"2423\" \/>\n\t<meta property=\"og:image:height\" content=\"2560\" \/>\n\t<meta property=\"og:image:type\" content=\"image\/jpeg\" \/>\n<meta name=\"twitter:card\" content=\"summary_large_image\" \/>\n<meta name=\"twitter:label1\" content=\"Est. reading time\" \/>\n\t<meta name=\"twitter:data1\" content=\"1 minute\" \/>\n<script type=\"application\/ld+json\" class=\"yoast-schema-graph\">{\"@context\":\"https:\\\/\\\/schema.org\",\"@graph\":[{\"@type\":\"WebPage\",\"@id\":\"https:\\\/\\\/www.lerendezvous.mu\\\/product\\\/a-key-ring-tkr\\\/\",\"url\":\"https:\\\/\\\/www.lerendezvous.mu\\\/product\\\/a-key-ring-tkr\\\/\",\"name\":\"A Key Ring TKR - Le Rendez-Vous\",\"isPartOf\":{\"@id\":\"https:\\\/\\\/www.lerendezvous.mu\\\/#website\"},\"primaryImageOfPage\":{\"@id\":\"https:\\\/\\\/www.lerendezvous.mu\\\/product\\\/a-key-ring-tkr\\\/#primaryimage\"},\"image\":{\"@id\":\"https:\\\/\\\/www.lerendezvous.mu\\\/product\\\/a-key-ring-tkr\\\/#primaryimage\"},\"thumbnailUrl\":\"https:\\\/\\\/www.lerendezvous.mu\\\/wp-content\\\/uploads\\\/2025\\\/10\\\/kreolrepublic-key-rings-scaled.jpg\",\"datePublished\":\"2025-10-06T13:00:31+00:00\",\"dateModified\":\"2026-05-02T10:13:28+00:00\",\"description\":\"Ajoutez une touche d\u2019\u00e2me mauricienne \u00e0 vos cl\u00e9s avec ces porte\u2011cl\u00e9s sign\u00e9s The\u202fKreol\u202fRepublic. Con\u00e7us avec soin et toujours dans l'esprit local.\",\"breadcrumb\":{\"@id\":\"https:\\\/\\\/www.lerendezvous.mu\\\/product\\\/a-key-ring-tkr\\\/#breadcrumb\"},\"inLanguage\":\"en-US\",\"potentialAction\":[{\"@type\":\"ReadAction\",\"target\":[\"https:\\\/\\\/www.lerendezvous.mu\\\/product\\\/a-key-ring-tkr\\\/\"]}]},{\"@type\":\"ImageObject\",\"inLanguage\":\"en-US\",\"@id\":\"https:\\\/\\\/www.lerendezvous.mu\\\/product\\\/a-key-ring-tkr\\\/#primaryimage\",\"url\":\"https:\\\/\\\/www.lerendezvous.mu\\\/wp-content\\\/uploads\\\/2025\\\/10\\\/kreolrepublic-key-rings-scaled.jpg\",\"contentUrl\":\"https:\\\/\\\/www.lerendezvous.mu\\\/wp-content\\\/uploads\\\/2025\\\/10\\\/kreolrepublic-key-rings-scaled.jpg\",\"width\":2423,\"height\":2560},{\"@type\":\"BreadcrumbList\",\"@id\":\"https:\\\/\\\/www.lerendezvous.mu\\\/product\\\/a-key-ring-tkr\\\/#breadcrumb\",\"itemListElement\":[{\"@type\":\"ListItem\",\"position\":1,\"name\":\"Home\",\"item\":\"https:\\\/\\\/www.lerendezvous.mu\\\/\"},{\"@type\":\"ListItem\",\"position\":2,\"name\":\"Shop\",\"item\":\"https:\\\/\\\/www.lerendezvous.mu\\\/shop\\\/\"},{\"@type\":\"ListItem\",\"position\":3,\"name\":\"A Key Ring TKR\"}]},{\"@type\":\"WebSite\",\"@id\":\"https:\\\/\\\/www.lerendezvous.mu\\\/#website\",\"url\":\"https:\\\/\\\/www.lerendezvous.mu\\\/\",\"name\":\"Le Rendez-Vous\",\"description\":\"100% moricien\",\"publisher\":{\"@id\":\"https:\\\/\\\/www.lerendezvous.mu\\\/#organization\"},\"potentialAction\":[{\"@type\":\"SearchAction\",\"target\":{\"@type\":\"EntryPoint\",\"urlTemplate\":\"https:\\\/\\\/www.lerendezvous.mu\\\/?s={search_term_string}\"},\"query-input\":{\"@type\":\"PropertyValueSpecification\",\"valueRequired\":true,\"valueName\":\"search_term_string\"}}],\"inLanguage\":\"en-US\"},{\"@type\":\"Organization\",\"@id\":\"https:\\\/\\\/www.lerendezvous.mu\\\/#organization\",\"name\":\"Le Rendez-Vous\",\"url\":\"https:\\\/\\\/www.lerendezvous.mu\\\/\",\"logo\":{\"@type\":\"ImageObject\",\"inLanguage\":\"en-US\",\"@id\":\"https:\\\/\\\/www.lerendezvous.mu\\\/#\\\/schema\\\/logo\\\/image\\\/\",\"url\":\"https:\\\/\\\/www.lerendezvous.mu\\\/wp-content\\\/uploads\\\/2025\\\/10\\\/lrdv-logo.png\",\"contentUrl\":\"https:\\\/\\\/www.lerendezvous.mu\\\/wp-content\\\/uploads\\\/2025\\\/10\\\/lrdv-logo.png\",\"width\":568,\"height\":232,\"caption\":\"Le Rendez-Vous\"},\"image\":{\"@id\":\"https:\\\/\\\/www.lerendezvous.mu\\\/#\\\/schema\\\/logo\\\/image\\\/\"},\"sameAs\":[\"https:\\\/\\\/www.facebook.com\\\/lerendezvousmauritius\",\"https:\\\/\\\/www.instagram.com\\\/lerendezvous_mauritius\"]}]}<\/script>\n<!-- \/ Yoast SEO plugin. -->","yoast_head_json":{"title":"A Key Ring TKR - Le Rendez-Vous","description":"Ajoutez une touche d\u2019\u00e2me mauricienne \u00e0 vos cl\u00e9s avec ces porte\u2011cl\u00e9s sign\u00e9s The\u202fKreol\u202fRepublic. Con\u00e7us avec soin et toujours dans l'esprit local.","robots":{"index":"index","follow":"follow","max-snippet":"max-snippet:-1","max-image-preview":"max-image-preview:large","max-video-preview":"max-video-preview:-1"},"canonical":"https:\/\/www.lerendezvous.mu\/en\/product\/a-key-ring-tkr\/","og_locale":"en_US","og_type":"article","og_title":"A Key Ring TKR - Le Rendez-Vous","og_description":"Ajoutez une touche d\u2019\u00e2me mauricienne \u00e0 vos cl\u00e9s avec ces porte\u2011cl\u00e9s sign\u00e9s The\u202fKreol\u202fRepublic. Con\u00e7us avec soin et toujours dans l'esprit local.","og_url":"https:\/\/www.lerendezvous.mu\/en\/product\/a-key-ring-tkr\/","og_site_name":"Le Rendez-Vous","article_publisher":"https:\/\/www.facebook.com\/lerendezvousmauritius","article_modified_time":"2026-05-02T10:13:28+00:00","og_image":[{"width":2423,"height":2560,"url":"https:\/\/www.lerendezvous.mu\/wp-content\/uploads\/2025\/10\/kreolrepublic-key-rings-scaled.jpg","type":"image\/jpeg"}],"twitter_card":"summary_large_image","twitter_misc":{"Est. reading time":"1 minute"},"schema":{"@context":"https:\/\/schema.org","@graph":[{"@type":"WebPage","@id":"https:\/\/www.lerendezvous.mu\/product\/a-key-ring-tkr\/","url":"https:\/\/www.lerendezvous.mu\/product\/a-key-ring-tkr\/","name":"A Key Ring TKR - Le Rendez-Vous","isPartOf":{"@id":"https:\/\/www.lerendezvous.mu\/#website"},"primaryImageOfPage":{"@id":"https:\/\/www.lerendezvous.mu\/product\/a-key-ring-tkr\/#primaryimage"},"image":{"@id":"https:\/\/www.lerendezvous.mu\/product\/a-key-ring-tkr\/#primaryimage"},"thumbnailUrl":"https:\/\/www.lerendezvous.mu\/wp-content\/uploads\/2025\/10\/kreolrepublic-key-rings-scaled.jpg","datePublished":"2025-10-06T13:00:31+00:00","dateModified":"2026-05-02T10:13:28+00:00","description":"Ajoutez une touche d\u2019\u00e2me mauricienne \u00e0 vos cl\u00e9s avec ces porte\u2011cl\u00e9s sign\u00e9s The\u202fKreol\u202fRepublic. Con\u00e7us avec soin et toujours dans l'esprit local.","breadcrumb":{"@id":"https:\/\/www.lerendezvous.mu\/product\/a-key-ring-tkr\/#breadcrumb"},"inLanguage":"en-US","potentialAction":[{"@type":"ReadAction","target":["https:\/\/www.lerendezvous.mu\/product\/a-key-ring-tkr\/"]}]},{"@type":"ImageObject","inLanguage":"en-US","@id":"https:\/\/www.lerendezvous.mu\/product\/a-key-ring-tkr\/#primaryimage","url":"https:\/\/www.lerendezvous.mu\/wp-content\/uploads\/2025\/10\/kreolrepublic-key-rings-scaled.jpg","contentUrl":"https:\/\/www.lerendezvous.mu\/wp-content\/uploads\/2025\/10\/kreolrepublic-key-rings-scaled.jpg","width":2423,"height":2560},{"@type":"BreadcrumbList","@id":"https:\/\/www.lerendezvous.mu\/product\/a-key-ring-tkr\/#breadcrumb","itemListElement":[{"@type":"ListItem","position":1,"name":"Home","item":"https:\/\/www.lerendezvous.mu\/"},{"@type":"ListItem","position":2,"name":"Shop","item":"https:\/\/www.lerendezvous.mu\/shop\/"},{"@type":"ListItem","position":3,"name":"A Key Ring TKR"}]},{"@type":"WebSite","@id":"https:\/\/www.lerendezvous.mu\/#website","url":"https:\/\/www.lerendezvous.mu\/","name":"Le Rendez-Vous","description":"100% moricien","publisher":{"@id":"https:\/\/www.lerendezvous.mu\/#organization"},"potentialAction":[{"@type":"SearchAction","target":{"@type":"EntryPoint","urlTemplate":"https:\/\/www.lerendezvous.mu\/?s={search_term_string}"},"query-input":{"@type":"PropertyValueSpecification","valueRequired":true,"valueName":"search_term_string"}}],"inLanguage":"en-US"},{"@type":"Organization","@id":"https:\/\/www.lerendezvous.mu\/#organization","name":"Le Rendez-Vous","url":"https:\/\/www.lerendezvous.mu\/","logo":{"@type":"ImageObject","inLanguage":"en-US","@id":"https:\/\/www.lerendezvous.mu\/#\/schema\/logo\/image\/","url":"https:\/\/www.lerendezvous.mu\/wp-content\/uploads\/2025\/10\/lrdv-logo.png","contentUrl":"https:\/\/www.lerendezvous.mu\/wp-content\/uploads\/2025\/10\/lrdv-logo.png","width":568,"height":232,"caption":"Le Rendez-Vous"},"image":{"@id":"https:\/\/www.lerendezvous.mu\/#\/schema\/logo\/image\/"},"sameAs":["https:\/\/www.facebook.com\/lerendezvousmauritius","https:\/\/www.instagram.com\/lerendezvous_mauritius"]}]}},"_links":{"self":[{"href":"https:\/\/www.lerendezvous.mu\/en\/wp-json\/wp\/v2\/product\/517","targetHints":{"allow":["GET"]}}],"collection":[{"href":"https:\/\/www.lerendezvous.mu\/en\/wp-json\/wp\/v2\/product"}],"about":[{"href":"https:\/\/www.lerendezvous.mu\/en\/wp-json\/wp\/v2\/types\/product"}],"replies":[{"embeddable":true,"href":"https:\/\/www.lerendezvous.mu\/en\/wp-json\/wp\/v2\/comments?post=517"}],"wp:featuredmedia":[{"embeddable":true,"href":"https:\/\/www.lerendezvous.mu\/en\/wp-json\/wp\/v2\/media\/3058"}],"wp:attachment":[{"href":"https:\/\/www.lerendezvous.mu\/en\/wp-json\/wp\/v2\/media?parent=517"}],"wp:term":[{"taxonomy":"badge","embeddable":true,"href":"https:\/\/www.lerendezvous.mu\/en\/wp-json\/wp\/v2\/badge?post=517"},{"taxonomy":"subtag","embeddable":true,"href":"https:\/\/www.lerendezvous.mu\/en\/wp-json\/wp\/v2\/subtag?post=517"},{"taxonomy":"product_brand","embeddable":true,"href":"https:\/\/www.lerendezvous.mu\/en\/wp-json\/wp\/v2\/product_brand?post=517"},{"taxonomy":"product_cat","embeddable":true,"href":"https:\/\/www.lerendezvous.mu\/en\/wp-json\/wp\/v2\/product_cat?post=517"},{"taxonomy":"product_tag","embeddable":true,"href":"https:\/\/www.lerendezvous.mu\/en\/wp-json\/wp\/v2\/product_tag?post=517"}],"curies":[{"name":"wp","href":"https:\/\/api.w.org\/{rel}","templated":true}]}}