{"id":5288,"date":"2026-03-16T10:44:37","date_gmt":"2026-03-16T06:44:37","guid":{"rendered":"https:\/\/www.lerendezvous.mu\/product\/k-bikini-ruffle-g\/"},"modified":"2026-04-24T12:46:31","modified_gmt":"2026-04-24T08:46:31","slug":"k-bikini-ruffle-g","status":"publish","type":"product","link":"https:\/\/www.lerendezvous.mu\/en\/product\/k-bikini-ruffle-g\/","title":{"rendered":"K Bikini Ruffle G"},"content":{"rendered":"<p>Un bikini pens\u00e9 pour les journ\u00e9es pleines de soleil et d\u2019\u00e9nergie. Confortables et faciles \u00e0 porter, les bikinis ruffle de The Kreol Republic accompagnent les enfants dans toutes leurs aventures, que ce soit \u00e0 la plage, \u00e0 la piscine ou simplement pour jouer et profiter de l\u2019\u00e9t\u00e9.<\/p>\n<p>Fabriqu\u00e9 \u00e0 partir de tissus recycl\u00e9s | UPF 50+<\/p>","protected":false},"excerpt":{"rendered":"<p>Un bikini pens\u00e9 pour les journ\u00e9es pleines de soleil et d\u2019\u00e9nergie. Confortables et faciles \u00e0 porter, les bikinis ruffle de The Kreol Republic accompagnent les enfants dans toutes leurs aventures, que ce soit \u00e0 la plage, \u00e0 la piscine ou simplement pour jouer et profiter de l\u2019\u00e9t\u00e9. Fabriqu\u00e9 \u00e0 partir de tissus recycl\u00e9s | UPF [&hellip;]<\/p>\n","protected":false},"featured_media":5305,"comment_status":"open","ping_status":"closed","template":"","meta":{"_acf_changed":false},"badge":[172],"subtag":[171,55,57],"product_brand":[],"product_cat":[84],"product_tag":[133,169],"class_list":{"0":"post-5288","1":"product","2":"type-product","3":"status-publish","4":"has-post-thumbnail","6":"badge-summer-republic","7":"subtag-decouvrez-le-coin-summer-republic","8":"subtag-enfants","9":"subtag-maillot-de-bain-enfants","10":"product_cat-the-kreol-republic","11":"product_tag-beachwear","12":"product_tag-enfants","14":"first","15":"instock","16":"taxable","17":"shipping-taxable","18":"purchasable","19":"product-type-variable"},"acf":[],"yoast_head":"<!-- This site is optimized with the Yoast SEO plugin v27.5 - https:\/\/yoast.com\/product\/yoast-seo-wordpress\/ -->\n<title>K Bikini Ruffle G - Le Rendez-Vous<\/title>\n<meta name=\"description\" content=\"Confortable et facile \u00e0 porter, les bikinis \u00e0 volants de The Kreol Republic accompagnent les enfants dans toutes leurs aventures.\" \/>\n<meta name=\"robots\" content=\"index, follow, max-snippet:-1, max-image-preview:large, max-video-preview:-1\" \/>\n<link rel=\"canonical\" href=\"https:\/\/www.lerendezvous.mu\/en\/product\/k-bikini-ruffle-g\/\" \/>\n<meta property=\"og:locale\" content=\"en_US\" \/>\n<meta property=\"og:type\" content=\"article\" \/>\n<meta property=\"og:title\" content=\"K Bikini Ruffle G - Le Rendez-Vous\" \/>\n<meta property=\"og:description\" content=\"Confortable et facile \u00e0 porter, les bikinis \u00e0 volants de The Kreol Republic accompagnent les enfants dans toutes leurs aventures.\" \/>\n<meta property=\"og:url\" content=\"https:\/\/www.lerendezvous.mu\/en\/product\/k-bikini-ruffle-g\/\" \/>\n<meta property=\"og:site_name\" content=\"Le Rendez-Vous\" \/>\n<meta property=\"article:publisher\" content=\"https:\/\/www.facebook.com\/lerendezvousmauritius\" \/>\n<meta property=\"article:modified_time\" content=\"2026-04-24T08:46:31+00:00\" \/>\n<meta property=\"og:image\" content=\"https:\/\/www.lerendezvous.mu\/wp-content\/uploads\/2026\/03\/thekreolrepublic-kids-bikini-lobster.jpg\" \/>\n\t<meta property=\"og:image:width\" content=\"1200\" \/>\n\t<meta property=\"og:image:height\" content=\"1800\" \/>\n\t<meta property=\"og:image:type\" content=\"image\/jpeg\" \/>\n<meta name=\"twitter:card\" content=\"summary_large_image\" \/>\n<meta name=\"twitter:label1\" content=\"Est. reading time\" \/>\n\t<meta name=\"twitter:data1\" content=\"1 minute\" \/>\n<script type=\"application\/ld+json\" class=\"yoast-schema-graph\">{\"@context\":\"https:\\\/\\\/schema.org\",\"@graph\":[{\"@type\":\"WebPage\",\"@id\":\"https:\\\/\\\/www.lerendezvous.mu\\\/product\\\/k-bikini-ruffle-g\\\/\",\"url\":\"https:\\\/\\\/www.lerendezvous.mu\\\/product\\\/k-bikini-ruffle-g\\\/\",\"name\":\"K Bikini Ruffle G - Le Rendez-Vous\",\"isPartOf\":{\"@id\":\"https:\\\/\\\/www.lerendezvous.mu\\\/#website\"},\"primaryImageOfPage\":{\"@id\":\"https:\\\/\\\/www.lerendezvous.mu\\\/product\\\/k-bikini-ruffle-g\\\/#primaryimage\"},\"image\":{\"@id\":\"https:\\\/\\\/www.lerendezvous.mu\\\/product\\\/k-bikini-ruffle-g\\\/#primaryimage\"},\"thumbnailUrl\":\"https:\\\/\\\/www.lerendezvous.mu\\\/wp-content\\\/uploads\\\/2026\\\/03\\\/thekreolrepublic-kids-bikini-lobster.jpg\",\"datePublished\":\"2026-03-16T06:44:37+00:00\",\"dateModified\":\"2026-04-24T08:46:31+00:00\",\"description\":\"Confortable et facile \u00e0 porter, les bikinis \u00e0 volants de The Kreol Republic accompagnent les enfants dans toutes leurs aventures.\",\"breadcrumb\":{\"@id\":\"https:\\\/\\\/www.lerendezvous.mu\\\/product\\\/k-bikini-ruffle-g\\\/#breadcrumb\"},\"inLanguage\":\"en-US\",\"potentialAction\":[{\"@type\":\"ReadAction\",\"target\":[\"https:\\\/\\\/www.lerendezvous.mu\\\/product\\\/k-bikini-ruffle-g\\\/\"]}]},{\"@type\":\"ImageObject\",\"inLanguage\":\"en-US\",\"@id\":\"https:\\\/\\\/www.lerendezvous.mu\\\/product\\\/k-bikini-ruffle-g\\\/#primaryimage\",\"url\":\"https:\\\/\\\/www.lerendezvous.mu\\\/wp-content\\\/uploads\\\/2026\\\/03\\\/thekreolrepublic-kids-bikini-lobster.jpg\",\"contentUrl\":\"https:\\\/\\\/www.lerendezvous.mu\\\/wp-content\\\/uploads\\\/2026\\\/03\\\/thekreolrepublic-kids-bikini-lobster.jpg\",\"width\":1200,\"height\":1800},{\"@type\":\"BreadcrumbList\",\"@id\":\"https:\\\/\\\/www.lerendezvous.mu\\\/product\\\/k-bikini-ruffle-g\\\/#breadcrumb\",\"itemListElement\":[{\"@type\":\"ListItem\",\"position\":1,\"name\":\"Home\",\"item\":\"https:\\\/\\\/www.lerendezvous.mu\\\/\"},{\"@type\":\"ListItem\",\"position\":2,\"name\":\"Shop\",\"item\":\"https:\\\/\\\/www.lerendezvous.mu\\\/shop\\\/\"},{\"@type\":\"ListItem\",\"position\":3,\"name\":\"K Bikini Ruffle G\"}]},{\"@type\":\"WebSite\",\"@id\":\"https:\\\/\\\/www.lerendezvous.mu\\\/#website\",\"url\":\"https:\\\/\\\/www.lerendezvous.mu\\\/\",\"name\":\"Le Rendez-Vous\",\"description\":\"100% moricien\",\"publisher\":{\"@id\":\"https:\\\/\\\/www.lerendezvous.mu\\\/#organization\"},\"potentialAction\":[{\"@type\":\"SearchAction\",\"target\":{\"@type\":\"EntryPoint\",\"urlTemplate\":\"https:\\\/\\\/www.lerendezvous.mu\\\/?s={search_term_string}\"},\"query-input\":{\"@type\":\"PropertyValueSpecification\",\"valueRequired\":true,\"valueName\":\"search_term_string\"}}],\"inLanguage\":\"en-US\"},{\"@type\":\"Organization\",\"@id\":\"https:\\\/\\\/www.lerendezvous.mu\\\/#organization\",\"name\":\"Le Rendez-Vous\",\"url\":\"https:\\\/\\\/www.lerendezvous.mu\\\/\",\"logo\":{\"@type\":\"ImageObject\",\"inLanguage\":\"en-US\",\"@id\":\"https:\\\/\\\/www.lerendezvous.mu\\\/#\\\/schema\\\/logo\\\/image\\\/\",\"url\":\"https:\\\/\\\/www.lerendezvous.mu\\\/wp-content\\\/uploads\\\/2025\\\/10\\\/lrdv-logo.png\",\"contentUrl\":\"https:\\\/\\\/www.lerendezvous.mu\\\/wp-content\\\/uploads\\\/2025\\\/10\\\/lrdv-logo.png\",\"width\":568,\"height\":232,\"caption\":\"Le Rendez-Vous\"},\"image\":{\"@id\":\"https:\\\/\\\/www.lerendezvous.mu\\\/#\\\/schema\\\/logo\\\/image\\\/\"},\"sameAs\":[\"https:\\\/\\\/www.facebook.com\\\/lerendezvousmauritius\",\"https:\\\/\\\/www.instagram.com\\\/lerendezvous_mauritius\"]}]}<\/script>\n<!-- \/ Yoast SEO plugin. -->","yoast_head_json":{"title":"K Bikini Ruffle G - Le Rendez-Vous","description":"Confortable et facile \u00e0 porter, les bikinis \u00e0 volants de The Kreol Republic accompagnent les enfants dans toutes leurs aventures.","robots":{"index":"index","follow":"follow","max-snippet":"max-snippet:-1","max-image-preview":"max-image-preview:large","max-video-preview":"max-video-preview:-1"},"canonical":"https:\/\/www.lerendezvous.mu\/en\/product\/k-bikini-ruffle-g\/","og_locale":"en_US","og_type":"article","og_title":"K Bikini Ruffle G - Le Rendez-Vous","og_description":"Confortable et facile \u00e0 porter, les bikinis \u00e0 volants de The Kreol Republic accompagnent les enfants dans toutes leurs aventures.","og_url":"https:\/\/www.lerendezvous.mu\/en\/product\/k-bikini-ruffle-g\/","og_site_name":"Le Rendez-Vous","article_publisher":"https:\/\/www.facebook.com\/lerendezvousmauritius","article_modified_time":"2026-04-24T08:46:31+00:00","og_image":[{"width":1200,"height":1800,"url":"https:\/\/www.lerendezvous.mu\/wp-content\/uploads\/2026\/03\/thekreolrepublic-kids-bikini-lobster.jpg","type":"image\/jpeg"}],"twitter_card":"summary_large_image","twitter_misc":{"Est. reading time":"1 minute"},"schema":{"@context":"https:\/\/schema.org","@graph":[{"@type":"WebPage","@id":"https:\/\/www.lerendezvous.mu\/product\/k-bikini-ruffle-g\/","url":"https:\/\/www.lerendezvous.mu\/product\/k-bikini-ruffle-g\/","name":"K Bikini Ruffle G - Le Rendez-Vous","isPartOf":{"@id":"https:\/\/www.lerendezvous.mu\/#website"},"primaryImageOfPage":{"@id":"https:\/\/www.lerendezvous.mu\/product\/k-bikini-ruffle-g\/#primaryimage"},"image":{"@id":"https:\/\/www.lerendezvous.mu\/product\/k-bikini-ruffle-g\/#primaryimage"},"thumbnailUrl":"https:\/\/www.lerendezvous.mu\/wp-content\/uploads\/2026\/03\/thekreolrepublic-kids-bikini-lobster.jpg","datePublished":"2026-03-16T06:44:37+00:00","dateModified":"2026-04-24T08:46:31+00:00","description":"Confortable et facile \u00e0 porter, les bikinis \u00e0 volants de The Kreol Republic accompagnent les enfants dans toutes leurs aventures.","breadcrumb":{"@id":"https:\/\/www.lerendezvous.mu\/product\/k-bikini-ruffle-g\/#breadcrumb"},"inLanguage":"en-US","potentialAction":[{"@type":"ReadAction","target":["https:\/\/www.lerendezvous.mu\/product\/k-bikini-ruffle-g\/"]}]},{"@type":"ImageObject","inLanguage":"en-US","@id":"https:\/\/www.lerendezvous.mu\/product\/k-bikini-ruffle-g\/#primaryimage","url":"https:\/\/www.lerendezvous.mu\/wp-content\/uploads\/2026\/03\/thekreolrepublic-kids-bikini-lobster.jpg","contentUrl":"https:\/\/www.lerendezvous.mu\/wp-content\/uploads\/2026\/03\/thekreolrepublic-kids-bikini-lobster.jpg","width":1200,"height":1800},{"@type":"BreadcrumbList","@id":"https:\/\/www.lerendezvous.mu\/product\/k-bikini-ruffle-g\/#breadcrumb","itemListElement":[{"@type":"ListItem","position":1,"name":"Home","item":"https:\/\/www.lerendezvous.mu\/"},{"@type":"ListItem","position":2,"name":"Shop","item":"https:\/\/www.lerendezvous.mu\/shop\/"},{"@type":"ListItem","position":3,"name":"K Bikini Ruffle G"}]},{"@type":"WebSite","@id":"https:\/\/www.lerendezvous.mu\/#website","url":"https:\/\/www.lerendezvous.mu\/","name":"Le Rendez-Vous","description":"100% moricien","publisher":{"@id":"https:\/\/www.lerendezvous.mu\/#organization"},"potentialAction":[{"@type":"SearchAction","target":{"@type":"EntryPoint","urlTemplate":"https:\/\/www.lerendezvous.mu\/?s={search_term_string}"},"query-input":{"@type":"PropertyValueSpecification","valueRequired":true,"valueName":"search_term_string"}}],"inLanguage":"en-US"},{"@type":"Organization","@id":"https:\/\/www.lerendezvous.mu\/#organization","name":"Le Rendez-Vous","url":"https:\/\/www.lerendezvous.mu\/","logo":{"@type":"ImageObject","inLanguage":"en-US","@id":"https:\/\/www.lerendezvous.mu\/#\/schema\/logo\/image\/","url":"https:\/\/www.lerendezvous.mu\/wp-content\/uploads\/2025\/10\/lrdv-logo.png","contentUrl":"https:\/\/www.lerendezvous.mu\/wp-content\/uploads\/2025\/10\/lrdv-logo.png","width":568,"height":232,"caption":"Le Rendez-Vous"},"image":{"@id":"https:\/\/www.lerendezvous.mu\/#\/schema\/logo\/image\/"},"sameAs":["https:\/\/www.facebook.com\/lerendezvousmauritius","https:\/\/www.instagram.com\/lerendezvous_mauritius"]}]}},"_links":{"self":[{"href":"https:\/\/www.lerendezvous.mu\/en\/wp-json\/wp\/v2\/product\/5288","targetHints":{"allow":["GET"]}}],"collection":[{"href":"https:\/\/www.lerendezvous.mu\/en\/wp-json\/wp\/v2\/product"}],"about":[{"href":"https:\/\/www.lerendezvous.mu\/en\/wp-json\/wp\/v2\/types\/product"}],"replies":[{"embeddable":true,"href":"https:\/\/www.lerendezvous.mu\/en\/wp-json\/wp\/v2\/comments?post=5288"}],"wp:featuredmedia":[{"embeddable":true,"href":"https:\/\/www.lerendezvous.mu\/en\/wp-json\/wp\/v2\/media\/5305"}],"wp:attachment":[{"href":"https:\/\/www.lerendezvous.mu\/en\/wp-json\/wp\/v2\/media?parent=5288"}],"wp:term":[{"taxonomy":"badge","embeddable":true,"href":"https:\/\/www.lerendezvous.mu\/en\/wp-json\/wp\/v2\/badge?post=5288"},{"taxonomy":"subtag","embeddable":true,"href":"https:\/\/www.lerendezvous.mu\/en\/wp-json\/wp\/v2\/subtag?post=5288"},{"taxonomy":"product_brand","embeddable":true,"href":"https:\/\/www.lerendezvous.mu\/en\/wp-json\/wp\/v2\/product_brand?post=5288"},{"taxonomy":"product_cat","embeddable":true,"href":"https:\/\/www.lerendezvous.mu\/en\/wp-json\/wp\/v2\/product_cat?post=5288"},{"taxonomy":"product_tag","embeddable":true,"href":"https:\/\/www.lerendezvous.mu\/en\/wp-json\/wp\/v2\/product_tag?post=5288"}],"curies":[{"name":"wp","href":"https:\/\/api.w.org\/{rel}","templated":true}]}}