{"id":5324,"date":"2026-03-20T12:35:53","date_gmt":"2026-03-20T08:35:53","guid":{"rendered":"https:\/\/www.lerendezvous.mu\/product\/chemise-colette\/"},"modified":"2026-04-04T11:06:03","modified_gmt":"2026-04-04T07:06:03","slug":"chemise-colette","status":"publish","type":"product","link":"https:\/\/www.lerendezvous.mu\/en\/product\/chemise-colette\/","title":{"rendered":"Chemise Colette"},"content":{"rendered":"<p>La chemise Colette mise sur une allure \u00e0 la fois simple et \u00e9l\u00e9gante, parfaite pour accompagner toutes vos journ\u00e9es. Avec sa coupe fluide et son tomb\u00e9 naturel, elle est tr\u00e8s agr\u00e9able \u00e0 porter pour toute occasion. Ses petits d\u00e9tails comme les boutons apparents et le col classique lui donnent juste ce qu\u2019il faut de style, sans en faire trop.<\/p>\n<p>Coupe fluide et confortable | Col Classique | Tissu l\u00e9ger, id\u00e9al au quotidien.<\/p>","protected":false},"excerpt":{"rendered":"<p>La chemise Colette mise sur une allure \u00e0 la fois simple et \u00e9l\u00e9gante, parfaite pour accompagner toutes vos journ\u00e9es. Avec sa coupe fluide et son tomb\u00e9 naturel, elle est tr\u00e8s agr\u00e9able \u00e0 porter pour toute occasion. Ses petits d\u00e9tails comme les boutons apparents et le col classique lui donnent juste ce qu\u2019il faut de style, [&hellip;]<\/p>\n","protected":false},"featured_media":5343,"comment_status":"open","ping_status":"closed","template":"","meta":{"_acf_changed":false},"badge":[168],"subtag":[112,24,167],"product_brand":[],"product_cat":[101],"product_tag":[99],"class_list":{"0":"post-5324","1":"product","2":"type-product","3":"status-publish","4":"has-post-thumbnail","6":"badge-nouveaute","7":"subtag-chemises-femmes","8":"subtag-femme","9":"subtag-nos-nouveautes-vous-attendent","10":"product_cat-libertie","11":"product_tag-femme","13":"first","14":"instock","15":"taxable","16":"shipping-taxable","17":"purchasable","18":"product-type-variable"},"acf":[],"yoast_head":"<!-- This site is optimized with the Yoast SEO plugin v27.2 - https:\/\/yoast.com\/product\/yoast-seo-wordpress\/ -->\n<title>Chemise Colette - Le Rendez-Vous<\/title>\n<meta name=\"description\" content=\"La chemise \u00ab Colette \u00bb mise sur une allure \u00e0 la fois simple et \u00e9l\u00e9gante, parfaite pour accompagner toutes vos journ\u00e9es. Une pi\u00e8ce id\u00e9ale pour toute occasion\" \/>\n<meta name=\"robots\" content=\"index, follow, max-snippet:-1, max-image-preview:large, max-video-preview:-1\" \/>\n<link rel=\"canonical\" href=\"https:\/\/www.lerendezvous.mu\/en\/product\/chemise-colette\/\" \/>\n<meta property=\"og:locale\" content=\"en_US\" \/>\n<meta property=\"og:type\" content=\"article\" \/>\n<meta property=\"og:title\" content=\"Chemise Colette - Le Rendez-Vous\" \/>\n<meta property=\"og:description\" content=\"La chemise \u00ab Colette \u00bb mise sur une allure \u00e0 la fois simple et \u00e9l\u00e9gante, parfaite pour accompagner toutes vos journ\u00e9es. Une pi\u00e8ce id\u00e9ale pour toute occasion\" \/>\n<meta property=\"og:url\" content=\"https:\/\/www.lerendezvous.mu\/en\/product\/chemise-colette\/\" \/>\n<meta property=\"og:site_name\" content=\"Le Rendez-Vous\" \/>\n<meta property=\"article:publisher\" content=\"https:\/\/www.facebook.com\/lerendezvousmauritius\" \/>\n<meta property=\"article:modified_time\" content=\"2026-04-04T07:06:03+00:00\" \/>\n<meta property=\"og:image\" content=\"https:\/\/www.lerendezvous.mu\/wp-content\/uploads\/2026\/03\/libertie-colette-shirt-pink-stripes.jpg\" \/>\n\t<meta property=\"og:image:width\" content=\"1200\" \/>\n\t<meta property=\"og:image:height\" content=\"1800\" \/>\n\t<meta property=\"og:image:type\" content=\"image\/jpeg\" \/>\n<meta name=\"twitter:card\" content=\"summary_large_image\" \/>\n<meta name=\"twitter:label1\" content=\"Est. reading time\" \/>\n\t<meta name=\"twitter:data1\" content=\"1 minute\" \/>\n<script type=\"application\/ld+json\" class=\"yoast-schema-graph\">{\"@context\":\"https:\/\/schema.org\",\"@graph\":[{\"@type\":\"WebPage\",\"@id\":\"https:\/\/www.lerendezvous.mu\/product\/chemise-colette\/\",\"url\":\"https:\/\/www.lerendezvous.mu\/product\/chemise-colette\/\",\"name\":\"Chemise Colette - Le Rendez-Vous\",\"isPartOf\":{\"@id\":\"https:\/\/www.lerendezvous.mu\/#website\"},\"primaryImageOfPage\":{\"@id\":\"https:\/\/www.lerendezvous.mu\/product\/chemise-colette\/#primaryimage\"},\"image\":{\"@id\":\"https:\/\/www.lerendezvous.mu\/product\/chemise-colette\/#primaryimage\"},\"thumbnailUrl\":\"https:\/\/www.lerendezvous.mu\/wp-content\/uploads\/2026\/03\/libertie-colette-shirt-pink-stripes.jpg\",\"datePublished\":\"2026-03-20T08:35:53+00:00\",\"dateModified\":\"2026-04-04T07:06:03+00:00\",\"description\":\"La chemise \u00ab Colette \u00bb mise sur une allure \u00e0 la fois simple et \u00e9l\u00e9gante, parfaite pour accompagner toutes vos journ\u00e9es. Une pi\u00e8ce id\u00e9ale pour toute occasion\",\"breadcrumb\":{\"@id\":\"https:\/\/www.lerendezvous.mu\/product\/chemise-colette\/#breadcrumb\"},\"inLanguage\":\"en-US\",\"potentialAction\":[{\"@type\":\"ReadAction\",\"target\":[\"https:\/\/www.lerendezvous.mu\/product\/chemise-colette\/\"]}]},{\"@type\":\"ImageObject\",\"inLanguage\":\"en-US\",\"@id\":\"https:\/\/www.lerendezvous.mu\/product\/chemise-colette\/#primaryimage\",\"url\":\"https:\/\/www.lerendezvous.mu\/wp-content\/uploads\/2026\/03\/libertie-colette-shirt-pink-stripes.jpg\",\"contentUrl\":\"https:\/\/www.lerendezvous.mu\/wp-content\/uploads\/2026\/03\/libertie-colette-shirt-pink-stripes.jpg\",\"width\":1200,\"height\":1800},{\"@type\":\"BreadcrumbList\",\"@id\":\"https:\/\/www.lerendezvous.mu\/product\/chemise-colette\/#breadcrumb\",\"itemListElement\":[{\"@type\":\"ListItem\",\"position\":1,\"name\":\"Home\",\"item\":\"https:\/\/www.lerendezvous.mu\/\"},{\"@type\":\"ListItem\",\"position\":2,\"name\":\"Shop\",\"item\":\"https:\/\/www.lerendezvous.mu\/shop\/\"},{\"@type\":\"ListItem\",\"position\":3,\"name\":\"Chemise Colette\"}]},{\"@type\":\"WebSite\",\"@id\":\"https:\/\/www.lerendezvous.mu\/#website\",\"url\":\"https:\/\/www.lerendezvous.mu\/\",\"name\":\"Le Rendez-Vous\",\"description\":\"100% moricien\",\"publisher\":{\"@id\":\"https:\/\/www.lerendezvous.mu\/#organization\"},\"potentialAction\":[{\"@type\":\"SearchAction\",\"target\":{\"@type\":\"EntryPoint\",\"urlTemplate\":\"https:\/\/www.lerendezvous.mu\/?s={search_term_string}\"},\"query-input\":{\"@type\":\"PropertyValueSpecification\",\"valueRequired\":true,\"valueName\":\"search_term_string\"}}],\"inLanguage\":\"en-US\"},{\"@type\":\"Organization\",\"@id\":\"https:\/\/www.lerendezvous.mu\/#organization\",\"name\":\"Le Rendez-Vous\",\"url\":\"https:\/\/www.lerendezvous.mu\/\",\"logo\":{\"@type\":\"ImageObject\",\"inLanguage\":\"en-US\",\"@id\":\"https:\/\/www.lerendezvous.mu\/#\/schema\/logo\/image\/\",\"url\":\"https:\/\/www.lerendezvous.mu\/wp-content\/uploads\/2025\/10\/lrdv-logo.png\",\"contentUrl\":\"https:\/\/www.lerendezvous.mu\/wp-content\/uploads\/2025\/10\/lrdv-logo.png\",\"width\":568,\"height\":232,\"caption\":\"Le Rendez-Vous\"},\"image\":{\"@id\":\"https:\/\/www.lerendezvous.mu\/#\/schema\/logo\/image\/\"},\"sameAs\":[\"https:\/\/www.facebook.com\/lerendezvousmauritius\",\"https:\/\/www.instagram.com\/lerendezvous_mauritius\"]}]}<\/script>\n<!-- \/ Yoast SEO plugin. -->","yoast_head_json":{"title":"Chemise Colette - Le Rendez-Vous","description":"La chemise \u00ab Colette \u00bb mise sur une allure \u00e0 la fois simple et \u00e9l\u00e9gante, parfaite pour accompagner toutes vos journ\u00e9es. Une pi\u00e8ce id\u00e9ale pour toute occasion","robots":{"index":"index","follow":"follow","max-snippet":"max-snippet:-1","max-image-preview":"max-image-preview:large","max-video-preview":"max-video-preview:-1"},"canonical":"https:\/\/www.lerendezvous.mu\/en\/product\/chemise-colette\/","og_locale":"en_US","og_type":"article","og_title":"Chemise Colette - Le Rendez-Vous","og_description":"La chemise \u00ab Colette \u00bb mise sur une allure \u00e0 la fois simple et \u00e9l\u00e9gante, parfaite pour accompagner toutes vos journ\u00e9es. Une pi\u00e8ce id\u00e9ale pour toute occasion","og_url":"https:\/\/www.lerendezvous.mu\/en\/product\/chemise-colette\/","og_site_name":"Le Rendez-Vous","article_publisher":"https:\/\/www.facebook.com\/lerendezvousmauritius","article_modified_time":"2026-04-04T07:06:03+00:00","og_image":[{"width":1200,"height":1800,"url":"https:\/\/www.lerendezvous.mu\/wp-content\/uploads\/2026\/03\/libertie-colette-shirt-pink-stripes.jpg","type":"image\/jpeg"}],"twitter_card":"summary_large_image","twitter_misc":{"Est. reading time":"1 minute"},"schema":{"@context":"https:\/\/schema.org","@graph":[{"@type":"WebPage","@id":"https:\/\/www.lerendezvous.mu\/product\/chemise-colette\/","url":"https:\/\/www.lerendezvous.mu\/product\/chemise-colette\/","name":"Chemise Colette - Le Rendez-Vous","isPartOf":{"@id":"https:\/\/www.lerendezvous.mu\/#website"},"primaryImageOfPage":{"@id":"https:\/\/www.lerendezvous.mu\/product\/chemise-colette\/#primaryimage"},"image":{"@id":"https:\/\/www.lerendezvous.mu\/product\/chemise-colette\/#primaryimage"},"thumbnailUrl":"https:\/\/www.lerendezvous.mu\/wp-content\/uploads\/2026\/03\/libertie-colette-shirt-pink-stripes.jpg","datePublished":"2026-03-20T08:35:53+00:00","dateModified":"2026-04-04T07:06:03+00:00","description":"La chemise \u00ab Colette \u00bb mise sur une allure \u00e0 la fois simple et \u00e9l\u00e9gante, parfaite pour accompagner toutes vos journ\u00e9es. Une pi\u00e8ce id\u00e9ale pour toute occasion","breadcrumb":{"@id":"https:\/\/www.lerendezvous.mu\/product\/chemise-colette\/#breadcrumb"},"inLanguage":"en-US","potentialAction":[{"@type":"ReadAction","target":["https:\/\/www.lerendezvous.mu\/product\/chemise-colette\/"]}]},{"@type":"ImageObject","inLanguage":"en-US","@id":"https:\/\/www.lerendezvous.mu\/product\/chemise-colette\/#primaryimage","url":"https:\/\/www.lerendezvous.mu\/wp-content\/uploads\/2026\/03\/libertie-colette-shirt-pink-stripes.jpg","contentUrl":"https:\/\/www.lerendezvous.mu\/wp-content\/uploads\/2026\/03\/libertie-colette-shirt-pink-stripes.jpg","width":1200,"height":1800},{"@type":"BreadcrumbList","@id":"https:\/\/www.lerendezvous.mu\/product\/chemise-colette\/#breadcrumb","itemListElement":[{"@type":"ListItem","position":1,"name":"Home","item":"https:\/\/www.lerendezvous.mu\/"},{"@type":"ListItem","position":2,"name":"Shop","item":"https:\/\/www.lerendezvous.mu\/shop\/"},{"@type":"ListItem","position":3,"name":"Chemise Colette"}]},{"@type":"WebSite","@id":"https:\/\/www.lerendezvous.mu\/#website","url":"https:\/\/www.lerendezvous.mu\/","name":"Le Rendez-Vous","description":"100% moricien","publisher":{"@id":"https:\/\/www.lerendezvous.mu\/#organization"},"potentialAction":[{"@type":"SearchAction","target":{"@type":"EntryPoint","urlTemplate":"https:\/\/www.lerendezvous.mu\/?s={search_term_string}"},"query-input":{"@type":"PropertyValueSpecification","valueRequired":true,"valueName":"search_term_string"}}],"inLanguage":"en-US"},{"@type":"Organization","@id":"https:\/\/www.lerendezvous.mu\/#organization","name":"Le Rendez-Vous","url":"https:\/\/www.lerendezvous.mu\/","logo":{"@type":"ImageObject","inLanguage":"en-US","@id":"https:\/\/www.lerendezvous.mu\/#\/schema\/logo\/image\/","url":"https:\/\/www.lerendezvous.mu\/wp-content\/uploads\/2025\/10\/lrdv-logo.png","contentUrl":"https:\/\/www.lerendezvous.mu\/wp-content\/uploads\/2025\/10\/lrdv-logo.png","width":568,"height":232,"caption":"Le Rendez-Vous"},"image":{"@id":"https:\/\/www.lerendezvous.mu\/#\/schema\/logo\/image\/"},"sameAs":["https:\/\/www.facebook.com\/lerendezvousmauritius","https:\/\/www.instagram.com\/lerendezvous_mauritius"]}]}},"_links":{"self":[{"href":"https:\/\/www.lerendezvous.mu\/en\/wp-json\/wp\/v2\/product\/5324","targetHints":{"allow":["GET"]}}],"collection":[{"href":"https:\/\/www.lerendezvous.mu\/en\/wp-json\/wp\/v2\/product"}],"about":[{"href":"https:\/\/www.lerendezvous.mu\/en\/wp-json\/wp\/v2\/types\/product"}],"replies":[{"embeddable":true,"href":"https:\/\/www.lerendezvous.mu\/en\/wp-json\/wp\/v2\/comments?post=5324"}],"wp:featuredmedia":[{"embeddable":true,"href":"https:\/\/www.lerendezvous.mu\/en\/wp-json\/wp\/v2\/media\/5343"}],"wp:attachment":[{"href":"https:\/\/www.lerendezvous.mu\/en\/wp-json\/wp\/v2\/media?parent=5324"}],"wp:term":[{"taxonomy":"badge","embeddable":true,"href":"https:\/\/www.lerendezvous.mu\/en\/wp-json\/wp\/v2\/badge?post=5324"},{"taxonomy":"subtag","embeddable":true,"href":"https:\/\/www.lerendezvous.mu\/en\/wp-json\/wp\/v2\/subtag?post=5324"},{"taxonomy":"product_brand","embeddable":true,"href":"https:\/\/www.lerendezvous.mu\/en\/wp-json\/wp\/v2\/product_brand?post=5324"},{"taxonomy":"product_cat","embeddable":true,"href":"https:\/\/www.lerendezvous.mu\/en\/wp-json\/wp\/v2\/product_cat?post=5324"},{"taxonomy":"product_tag","embeddable":true,"href":"https:\/\/www.lerendezvous.mu\/en\/wp-json\/wp\/v2\/product_tag?post=5324"}],"curies":[{"name":"wp","href":"https:\/\/api.w.org\/{rel}","templated":true}]}}