{"id":5378,"date":"2026-03-25T12:07:50","date_gmt":"2026-03-25T08:07:50","guid":{"rendered":"https:\/\/www.lerendezvous.mu\/product\/anklet-bracelet\/"},"modified":"2026-03-26T13:51:08","modified_gmt":"2026-03-26T09:51:08","slug":"anklet-bracelet","status":"publish","type":"product","link":"https:\/\/www.lerendezvous.mu\/en\/product\/anklet-bracelet\/","title":{"rendered":"Anklet Bracelet"},"content":{"rendered":"<p class=\"p1\"><b>Ce produit est une pi\u00e8ce unique.<\/b><\/p>\n<p class=\"p1\">Les pi\u00e8ces uniques se distinguent par l&rsquo;ic\u00f4ne en forme d&rsquo;\u00e9toile pr\u00e9sente au coin sup\u00e9rieur droit de la photo.<\/p>\n<p class=\"p1\">Chaque d\u00e9tail, chaque finition et chaque particularit\u00e9 le rendent diff\u00e9rent de tout autre article. Il poss\u00e8de sa propre identit\u00e9 et chaque exemplaire est unique.<\/p>\n<p class=\"p1\">En raison de sa singularit\u00e9, nous vous invitons \u00e0 l&rsquo;ajouter \u00e0 votre liste de requ\u00eate. Notre \u00e9quipe se charge de v\u00e9rifier sa disponibilit\u00e9 et reviendra vers vous dans les plus brefs d\u00e9lais pour finaliser votre commande.<b> <\/b><\/p>\n<p>Les cha\u00eenes de cheville Ginkgo apportent une touche discr\u00e8te et \u00e9l\u00e9gante \u00e0 chaque tenue. Fines et l\u00e9g\u00e8res, elles se portent facilement au quotidien et suivent naturellement le mouvement. Un d\u00e9tail simple, mais soign\u00e9, qui vient compl\u00e9ter votre look au quotidien, sans en faire trop.<\/p>\n<ul>\n<li>Acier Inoxidable.<\/li>\n<\/ul>","protected":false},"excerpt":{"rendered":"<p>Ce produit est une pi\u00e8ce unique. Les pi\u00e8ces uniques se distinguent par l&rsquo;ic\u00f4ne en forme d&rsquo;\u00e9toile pr\u00e9sente au coin sup\u00e9rieur droit de la photo. Chaque d\u00e9tail, chaque finition et chaque particularit\u00e9 le rendent diff\u00e9rent de tout autre article. Il poss\u00e8de sa propre identit\u00e9 et chaque exemplaire est unique. En raison de sa singularit\u00e9, nous vous [&hellip;]<\/p>\n","protected":false},"featured_media":5402,"comment_status":"open","ping_status":"closed","template":"","meta":{"_acf_changed":false},"badge":[],"subtag":[74,75,142],"product_brand":[],"product_cat":[22],"product_tag":[23],"class_list":{"0":"post-5378","1":"product","2":"type-product","3":"status-publish","4":"has-post-thumbnail","6":"subtag-accessoires","7":"subtag-bijoux","8":"subtag-pieces-uniques","9":"product_cat-gingko-jewellery","10":"product_tag-bijoux","12":"first","13":"instock","14":"taxable","15":"shipping-taxable","16":"purchasable","17":"product-type-variable"},"acf":[],"yoast_head":"<!-- This site is optimized with the Yoast SEO plugin v27.2 - https:\/\/yoast.com\/product\/yoast-seo-wordpress\/ -->\n<title>Anklet Bracelet - Le Rendez-Vous<\/title>\n<meta name=\"description\" content=\"Les cha\u00eenes de cheville Ginkgo apportent une touche discr\u00e8te et \u00e9l\u00e9gante \u00e0 chaque tenue. Fines et l\u00e9g\u00e8res, elles se portent facilement au quotidien.\" \/>\n<meta name=\"robots\" content=\"index, follow, max-snippet:-1, max-image-preview:large, max-video-preview:-1\" \/>\n<link rel=\"canonical\" href=\"https:\/\/www.lerendezvous.mu\/en\/product\/anklet-bracelet\/\" \/>\n<meta property=\"og:locale\" content=\"en_US\" \/>\n<meta property=\"og:type\" content=\"article\" \/>\n<meta property=\"og:title\" content=\"Anklet Bracelet - Le Rendez-Vous\" \/>\n<meta property=\"og:description\" content=\"Les cha\u00eenes de cheville Ginkgo apportent une touche discr\u00e8te et \u00e9l\u00e9gante \u00e0 chaque tenue. Fines et l\u00e9g\u00e8res, elles se portent facilement au quotidien.\" \/>\n<meta property=\"og:url\" content=\"https:\/\/www.lerendezvous.mu\/en\/product\/anklet-bracelet\/\" \/>\n<meta property=\"og:site_name\" content=\"Le Rendez-Vous\" \/>\n<meta property=\"article:publisher\" content=\"https:\/\/www.facebook.com\/lerendezvousmauritius\" \/>\n<meta property=\"article:modified_time\" content=\"2026-03-26T09:51:08+00:00\" \/>\n<meta property=\"og:image\" content=\"https:\/\/www.lerendezvous.mu\/wp-content\/uploads\/2026\/03\/gingko-anklet-683x1024.jpg\" \/>\n\t<meta property=\"og:image:width\" content=\"683\" \/>\n\t<meta property=\"og:image:height\" content=\"1024\" \/>\n\t<meta property=\"og:image:type\" content=\"image\/jpeg\" \/>\n<meta name=\"twitter:card\" content=\"summary_large_image\" \/>\n<meta name=\"twitter:label1\" content=\"Est. reading time\" \/>\n\t<meta name=\"twitter:data1\" content=\"1 minute\" \/>\n<script type=\"application\/ld+json\" class=\"yoast-schema-graph\">{\"@context\":\"https:\/\/schema.org\",\"@graph\":[{\"@type\":\"WebPage\",\"@id\":\"https:\/\/www.lerendezvous.mu\/product\/anklet-bracelet\/\",\"url\":\"https:\/\/www.lerendezvous.mu\/product\/anklet-bracelet\/\",\"name\":\"Anklet Bracelet - Le Rendez-Vous\",\"isPartOf\":{\"@id\":\"https:\/\/www.lerendezvous.mu\/#website\"},\"primaryImageOfPage\":{\"@id\":\"https:\/\/www.lerendezvous.mu\/product\/anklet-bracelet\/#primaryimage\"},\"image\":{\"@id\":\"https:\/\/www.lerendezvous.mu\/product\/anklet-bracelet\/#primaryimage\"},\"thumbnailUrl\":\"https:\/\/www.lerendezvous.mu\/wp-content\/uploads\/2026\/03\/gingko-anklet.jpg\",\"datePublished\":\"2026-03-25T08:07:50+00:00\",\"dateModified\":\"2026-03-26T09:51:08+00:00\",\"description\":\"Les cha\u00eenes de cheville Ginkgo apportent une touche discr\u00e8te et \u00e9l\u00e9gante \u00e0 chaque tenue. Fines et l\u00e9g\u00e8res, elles se portent facilement au quotidien.\",\"breadcrumb\":{\"@id\":\"https:\/\/www.lerendezvous.mu\/product\/anklet-bracelet\/#breadcrumb\"},\"inLanguage\":\"en-US\",\"potentialAction\":[{\"@type\":\"ReadAction\",\"target\":[\"https:\/\/www.lerendezvous.mu\/product\/anklet-bracelet\/\"]}]},{\"@type\":\"ImageObject\",\"inLanguage\":\"en-US\",\"@id\":\"https:\/\/www.lerendezvous.mu\/product\/anklet-bracelet\/#primaryimage\",\"url\":\"https:\/\/www.lerendezvous.mu\/wp-content\/uploads\/2026\/03\/gingko-anklet.jpg\",\"contentUrl\":\"https:\/\/www.lerendezvous.mu\/wp-content\/uploads\/2026\/03\/gingko-anklet.jpg\",\"width\":6336,\"height\":9504},{\"@type\":\"BreadcrumbList\",\"@id\":\"https:\/\/www.lerendezvous.mu\/product\/anklet-bracelet\/#breadcrumb\",\"itemListElement\":[{\"@type\":\"ListItem\",\"position\":1,\"name\":\"Home\",\"item\":\"https:\/\/www.lerendezvous.mu\/\"},{\"@type\":\"ListItem\",\"position\":2,\"name\":\"Shop\",\"item\":\"https:\/\/www.lerendezvous.mu\/shop\/\"},{\"@type\":\"ListItem\",\"position\":3,\"name\":\"Anklet Bracelet\"}]},{\"@type\":\"WebSite\",\"@id\":\"https:\/\/www.lerendezvous.mu\/#website\",\"url\":\"https:\/\/www.lerendezvous.mu\/\",\"name\":\"Le Rendez-Vous\",\"description\":\"100% moricien\",\"publisher\":{\"@id\":\"https:\/\/www.lerendezvous.mu\/#organization\"},\"potentialAction\":[{\"@type\":\"SearchAction\",\"target\":{\"@type\":\"EntryPoint\",\"urlTemplate\":\"https:\/\/www.lerendezvous.mu\/?s={search_term_string}\"},\"query-input\":{\"@type\":\"PropertyValueSpecification\",\"valueRequired\":true,\"valueName\":\"search_term_string\"}}],\"inLanguage\":\"en-US\"},{\"@type\":\"Organization\",\"@id\":\"https:\/\/www.lerendezvous.mu\/#organization\",\"name\":\"Le Rendez-Vous\",\"url\":\"https:\/\/www.lerendezvous.mu\/\",\"logo\":{\"@type\":\"ImageObject\",\"inLanguage\":\"en-US\",\"@id\":\"https:\/\/www.lerendezvous.mu\/#\/schema\/logo\/image\/\",\"url\":\"https:\/\/www.lerendezvous.mu\/wp-content\/uploads\/2025\/10\/lrdv-logo.png\",\"contentUrl\":\"https:\/\/www.lerendezvous.mu\/wp-content\/uploads\/2025\/10\/lrdv-logo.png\",\"width\":568,\"height\":232,\"caption\":\"Le Rendez-Vous\"},\"image\":{\"@id\":\"https:\/\/www.lerendezvous.mu\/#\/schema\/logo\/image\/\"},\"sameAs\":[\"https:\/\/www.facebook.com\/lerendezvousmauritius\",\"https:\/\/www.instagram.com\/lerendezvous_mauritius\"]}]}<\/script>\n<!-- \/ Yoast SEO plugin. -->","yoast_head_json":{"title":"Anklet Bracelet - Le Rendez-Vous","description":"Les cha\u00eenes de cheville Ginkgo apportent une touche discr\u00e8te et \u00e9l\u00e9gante \u00e0 chaque tenue. Fines et l\u00e9g\u00e8res, elles se portent facilement au quotidien.","robots":{"index":"index","follow":"follow","max-snippet":"max-snippet:-1","max-image-preview":"max-image-preview:large","max-video-preview":"max-video-preview:-1"},"canonical":"https:\/\/www.lerendezvous.mu\/en\/product\/anklet-bracelet\/","og_locale":"en_US","og_type":"article","og_title":"Anklet Bracelet - Le Rendez-Vous","og_description":"Les cha\u00eenes de cheville Ginkgo apportent une touche discr\u00e8te et \u00e9l\u00e9gante \u00e0 chaque tenue. Fines et l\u00e9g\u00e8res, elles se portent facilement au quotidien.","og_url":"https:\/\/www.lerendezvous.mu\/en\/product\/anklet-bracelet\/","og_site_name":"Le Rendez-Vous","article_publisher":"https:\/\/www.facebook.com\/lerendezvousmauritius","article_modified_time":"2026-03-26T09:51:08+00:00","og_image":[{"width":683,"height":1024,"url":"https:\/\/www.lerendezvous.mu\/wp-content\/uploads\/2026\/03\/gingko-anklet-683x1024.jpg","type":"image\/jpeg"}],"twitter_card":"summary_large_image","twitter_misc":{"Est. reading time":"1 minute"},"schema":{"@context":"https:\/\/schema.org","@graph":[{"@type":"WebPage","@id":"https:\/\/www.lerendezvous.mu\/product\/anklet-bracelet\/","url":"https:\/\/www.lerendezvous.mu\/product\/anklet-bracelet\/","name":"Anklet Bracelet - Le Rendez-Vous","isPartOf":{"@id":"https:\/\/www.lerendezvous.mu\/#website"},"primaryImageOfPage":{"@id":"https:\/\/www.lerendezvous.mu\/product\/anklet-bracelet\/#primaryimage"},"image":{"@id":"https:\/\/www.lerendezvous.mu\/product\/anklet-bracelet\/#primaryimage"},"thumbnailUrl":"https:\/\/www.lerendezvous.mu\/wp-content\/uploads\/2026\/03\/gingko-anklet.jpg","datePublished":"2026-03-25T08:07:50+00:00","dateModified":"2026-03-26T09:51:08+00:00","description":"Les cha\u00eenes de cheville Ginkgo apportent une touche discr\u00e8te et \u00e9l\u00e9gante \u00e0 chaque tenue. Fines et l\u00e9g\u00e8res, elles se portent facilement au quotidien.","breadcrumb":{"@id":"https:\/\/www.lerendezvous.mu\/product\/anklet-bracelet\/#breadcrumb"},"inLanguage":"en-US","potentialAction":[{"@type":"ReadAction","target":["https:\/\/www.lerendezvous.mu\/product\/anklet-bracelet\/"]}]},{"@type":"ImageObject","inLanguage":"en-US","@id":"https:\/\/www.lerendezvous.mu\/product\/anklet-bracelet\/#primaryimage","url":"https:\/\/www.lerendezvous.mu\/wp-content\/uploads\/2026\/03\/gingko-anklet.jpg","contentUrl":"https:\/\/www.lerendezvous.mu\/wp-content\/uploads\/2026\/03\/gingko-anklet.jpg","width":6336,"height":9504},{"@type":"BreadcrumbList","@id":"https:\/\/www.lerendezvous.mu\/product\/anklet-bracelet\/#breadcrumb","itemListElement":[{"@type":"ListItem","position":1,"name":"Home","item":"https:\/\/www.lerendezvous.mu\/"},{"@type":"ListItem","position":2,"name":"Shop","item":"https:\/\/www.lerendezvous.mu\/shop\/"},{"@type":"ListItem","position":3,"name":"Anklet Bracelet"}]},{"@type":"WebSite","@id":"https:\/\/www.lerendezvous.mu\/#website","url":"https:\/\/www.lerendezvous.mu\/","name":"Le Rendez-Vous","description":"100% moricien","publisher":{"@id":"https:\/\/www.lerendezvous.mu\/#organization"},"potentialAction":[{"@type":"SearchAction","target":{"@type":"EntryPoint","urlTemplate":"https:\/\/www.lerendezvous.mu\/?s={search_term_string}"},"query-input":{"@type":"PropertyValueSpecification","valueRequired":true,"valueName":"search_term_string"}}],"inLanguage":"en-US"},{"@type":"Organization","@id":"https:\/\/www.lerendezvous.mu\/#organization","name":"Le Rendez-Vous","url":"https:\/\/www.lerendezvous.mu\/","logo":{"@type":"ImageObject","inLanguage":"en-US","@id":"https:\/\/www.lerendezvous.mu\/#\/schema\/logo\/image\/","url":"https:\/\/www.lerendezvous.mu\/wp-content\/uploads\/2025\/10\/lrdv-logo.png","contentUrl":"https:\/\/www.lerendezvous.mu\/wp-content\/uploads\/2025\/10\/lrdv-logo.png","width":568,"height":232,"caption":"Le Rendez-Vous"},"image":{"@id":"https:\/\/www.lerendezvous.mu\/#\/schema\/logo\/image\/"},"sameAs":["https:\/\/www.facebook.com\/lerendezvousmauritius","https:\/\/www.instagram.com\/lerendezvous_mauritius"]}]}},"_links":{"self":[{"href":"https:\/\/www.lerendezvous.mu\/en\/wp-json\/wp\/v2\/product\/5378","targetHints":{"allow":["GET"]}}],"collection":[{"href":"https:\/\/www.lerendezvous.mu\/en\/wp-json\/wp\/v2\/product"}],"about":[{"href":"https:\/\/www.lerendezvous.mu\/en\/wp-json\/wp\/v2\/types\/product"}],"replies":[{"embeddable":true,"href":"https:\/\/www.lerendezvous.mu\/en\/wp-json\/wp\/v2\/comments?post=5378"}],"wp:featuredmedia":[{"embeddable":true,"href":"https:\/\/www.lerendezvous.mu\/en\/wp-json\/wp\/v2\/media\/5402"}],"wp:attachment":[{"href":"https:\/\/www.lerendezvous.mu\/en\/wp-json\/wp\/v2\/media?parent=5378"}],"wp:term":[{"taxonomy":"badge","embeddable":true,"href":"https:\/\/www.lerendezvous.mu\/en\/wp-json\/wp\/v2\/badge?post=5378"},{"taxonomy":"subtag","embeddable":true,"href":"https:\/\/www.lerendezvous.mu\/en\/wp-json\/wp\/v2\/subtag?post=5378"},{"taxonomy":"product_brand","embeddable":true,"href":"https:\/\/www.lerendezvous.mu\/en\/wp-json\/wp\/v2\/product_brand?post=5378"},{"taxonomy":"product_cat","embeddable":true,"href":"https:\/\/www.lerendezvous.mu\/en\/wp-json\/wp\/v2\/product_cat?post=5378"},{"taxonomy":"product_tag","embeddable":true,"href":"https:\/\/www.lerendezvous.mu\/en\/wp-json\/wp\/v2\/product_tag?post=5378"}],"curies":[{"name":"wp","href":"https:\/\/api.w.org\/{rel}","templated":true}]}}