{"id":5383,"date":"2026-03-25T12:17:16","date_gmt":"2026-03-25T08:17:16","guid":{"rendered":"https:\/\/www.lerendezvous.mu\/product\/baume-corps\/"},"modified":"2026-04-03T09:22:29","modified_gmt":"2026-04-03T05:22:29","slug":"baume-corps","status":"publish","type":"product","link":"https:\/\/www.lerendezvous.mu\/en\/product\/baume-corps\/","title":{"rendered":"Baume Corps"},"content":{"rendered":"<p data-start=\"0\" data-end=\"270\">Ce baume pr\u00e8s-soleil\u00a0 100 % naturel puise dans la richesse de la nature pour offrir un soin r\u00e9parateur et apaisant. Formul\u00e9 \u00e0 partir d\u2019un caf\u00e9 mauricien rare, cultiv\u00e9 sans traitement chimique et travaill\u00e9 \u00e0 la main \u00e0 chaque \u00e9tape, il concentre des propri\u00e9t\u00e9s antioxydantes reconnues.<\/p>\n<p data-start=\"272\" data-end=\"560\">Sa texture enveloppante nourrit intens\u00e9ment, prot\u00e8ge la peau des agressions ext\u00e9rieures et aide \u00e0 calmer les zones s\u00e8ches ou sensibilis\u00e9es, notamment apr\u00e8s une exposition au soleil. \u00c0 l\u2019application, il laisse la peau douce, confortable, et d\u00e9licatement parfum\u00e9e de notes de caf\u00e9 torr\u00e9fi\u00e9.<\/p>\n<ul>\n<li data-start=\"272\" data-end=\"560\">100% naturel<\/li>\n<\/ul>","protected":false},"excerpt":{"rendered":"<p>Ce baume pr\u00e8s-soleil\u00a0 100 % naturel puise dans la richesse de la nature pour offrir un soin r\u00e9parateur et apaisant. Formul\u00e9 \u00e0 partir d\u2019un caf\u00e9 mauricien rare, cultiv\u00e9 sans traitement chimique et travaill\u00e9 \u00e0 la main \u00e0 chaque \u00e9tape, il concentre des propri\u00e9t\u00e9s antioxydantes reconnues. Sa texture enveloppante nourrit intens\u00e9ment, prot\u00e8ge la peau des agressions [&hellip;]<\/p>\n","protected":false},"featured_media":5408,"comment_status":"open","ping_status":"closed","template":"","meta":{"_acf_changed":false},"badge":[168],"subtag":[167,50,52],"product_brand":[],"product_cat":[120],"product_tag":[115],"class_list":{"0":"post-5383","1":"product","2":"type-product","3":"status-publish","4":"has-post-thumbnail","6":"badge-nouveaute","7":"subtag-nos-nouveautes-vous-attendent","8":"subtag-soins-beaute","9":"subtag-soins-du-corps","10":"product_cat-naturabaie","11":"product_tag-healthcare","13":"first","14":"instock","15":"taxable","16":"shipping-taxable","17":"purchasable","18":"product-type-variable"},"acf":[],"yoast_head":"<!-- This site is optimized with the Yoast SEO plugin v27.2 - https:\/\/yoast.com\/product\/yoast-seo-wordpress\/ -->\n<title>Baume Corps - Le Rendez-Vous<\/title>\n<meta name=\"description\" content=\"Ce baume apr\u00e8s-soleil puise dans la richesse de la nature pour offrir un soin r\u00e9parateur et apaisant. Formul\u00e9 \u00e0 partir d\u2019un caf\u00e9 mauricien rare.\" \/>\n<meta name=\"robots\" content=\"index, follow, max-snippet:-1, max-image-preview:large, max-video-preview:-1\" \/>\n<link rel=\"canonical\" href=\"https:\/\/www.lerendezvous.mu\/en\/product\/baume-corps\/\" \/>\n<meta property=\"og:locale\" content=\"en_US\" \/>\n<meta property=\"og:type\" content=\"article\" \/>\n<meta property=\"og:title\" content=\"Baume Corps - Le Rendez-Vous\" \/>\n<meta property=\"og:description\" content=\"Ce baume apr\u00e8s-soleil puise dans la richesse de la nature pour offrir un soin r\u00e9parateur et apaisant. Formul\u00e9 \u00e0 partir d\u2019un caf\u00e9 mauricien rare.\" \/>\n<meta property=\"og:url\" content=\"https:\/\/www.lerendezvous.mu\/en\/product\/baume-corps\/\" \/>\n<meta property=\"og:site_name\" content=\"Le Rendez-Vous\" \/>\n<meta property=\"article:publisher\" content=\"https:\/\/www.facebook.com\/lerendezvousmauritius\" \/>\n<meta property=\"article:modified_time\" content=\"2026-04-03T05:22:29+00:00\" \/>\n<meta property=\"og:image\" content=\"https:\/\/www.lerendezvous.mu\/wp-content\/uploads\/2026\/03\/naturabaie-baume-corps-cafe-pose-683x1024.jpg\" \/>\n\t<meta property=\"og:image:width\" content=\"683\" \/>\n\t<meta property=\"og:image:height\" content=\"1024\" \/>\n\t<meta property=\"og:image:type\" content=\"image\/jpeg\" \/>\n<meta name=\"twitter:card\" content=\"summary_large_image\" \/>\n<meta name=\"twitter:label1\" content=\"Est. reading time\" \/>\n\t<meta name=\"twitter:data1\" content=\"1 minute\" \/>\n<script type=\"application\/ld+json\" class=\"yoast-schema-graph\">{\"@context\":\"https:\/\/schema.org\",\"@graph\":[{\"@type\":\"WebPage\",\"@id\":\"https:\/\/www.lerendezvous.mu\/product\/baume-corps\/\",\"url\":\"https:\/\/www.lerendezvous.mu\/product\/baume-corps\/\",\"name\":\"Baume Corps - Le Rendez-Vous\",\"isPartOf\":{\"@id\":\"https:\/\/www.lerendezvous.mu\/#website\"},\"primaryImageOfPage\":{\"@id\":\"https:\/\/www.lerendezvous.mu\/product\/baume-corps\/#primaryimage\"},\"image\":{\"@id\":\"https:\/\/www.lerendezvous.mu\/product\/baume-corps\/#primaryimage\"},\"thumbnailUrl\":\"https:\/\/www.lerendezvous.mu\/wp-content\/uploads\/2026\/03\/naturabaie-baume-corps-cafe-pose.jpg\",\"datePublished\":\"2026-03-25T08:17:16+00:00\",\"dateModified\":\"2026-04-03T05:22:29+00:00\",\"description\":\"Ce baume apr\u00e8s-soleil puise dans la richesse de la nature pour offrir un soin r\u00e9parateur et apaisant. Formul\u00e9 \u00e0 partir d\u2019un caf\u00e9 mauricien rare.\",\"breadcrumb\":{\"@id\":\"https:\/\/www.lerendezvous.mu\/product\/baume-corps\/#breadcrumb\"},\"inLanguage\":\"en-US\",\"potentialAction\":[{\"@type\":\"ReadAction\",\"target\":[\"https:\/\/www.lerendezvous.mu\/product\/baume-corps\/\"]}]},{\"@type\":\"ImageObject\",\"inLanguage\":\"en-US\",\"@id\":\"https:\/\/www.lerendezvous.mu\/product\/baume-corps\/#primaryimage\",\"url\":\"https:\/\/www.lerendezvous.mu\/wp-content\/uploads\/2026\/03\/naturabaie-baume-corps-cafe-pose.jpg\",\"contentUrl\":\"https:\/\/www.lerendezvous.mu\/wp-content\/uploads\/2026\/03\/naturabaie-baume-corps-cafe-pose.jpg\",\"width\":6232,\"height\":9348},{\"@type\":\"BreadcrumbList\",\"@id\":\"https:\/\/www.lerendezvous.mu\/product\/baume-corps\/#breadcrumb\",\"itemListElement\":[{\"@type\":\"ListItem\",\"position\":1,\"name\":\"Home\",\"item\":\"https:\/\/www.lerendezvous.mu\/\"},{\"@type\":\"ListItem\",\"position\":2,\"name\":\"Shop\",\"item\":\"https:\/\/www.lerendezvous.mu\/shop\/\"},{\"@type\":\"ListItem\",\"position\":3,\"name\":\"Baume Corps\"}]},{\"@type\":\"WebSite\",\"@id\":\"https:\/\/www.lerendezvous.mu\/#website\",\"url\":\"https:\/\/www.lerendezvous.mu\/\",\"name\":\"Le Rendez-Vous\",\"description\":\"100% moricien\",\"publisher\":{\"@id\":\"https:\/\/www.lerendezvous.mu\/#organization\"},\"potentialAction\":[{\"@type\":\"SearchAction\",\"target\":{\"@type\":\"EntryPoint\",\"urlTemplate\":\"https:\/\/www.lerendezvous.mu\/?s={search_term_string}\"},\"query-input\":{\"@type\":\"PropertyValueSpecification\",\"valueRequired\":true,\"valueName\":\"search_term_string\"}}],\"inLanguage\":\"en-US\"},{\"@type\":\"Organization\",\"@id\":\"https:\/\/www.lerendezvous.mu\/#organization\",\"name\":\"Le Rendez-Vous\",\"url\":\"https:\/\/www.lerendezvous.mu\/\",\"logo\":{\"@type\":\"ImageObject\",\"inLanguage\":\"en-US\",\"@id\":\"https:\/\/www.lerendezvous.mu\/#\/schema\/logo\/image\/\",\"url\":\"https:\/\/www.lerendezvous.mu\/wp-content\/uploads\/2025\/10\/lrdv-logo.png\",\"contentUrl\":\"https:\/\/www.lerendezvous.mu\/wp-content\/uploads\/2025\/10\/lrdv-logo.png\",\"width\":568,\"height\":232,\"caption\":\"Le Rendez-Vous\"},\"image\":{\"@id\":\"https:\/\/www.lerendezvous.mu\/#\/schema\/logo\/image\/\"},\"sameAs\":[\"https:\/\/www.facebook.com\/lerendezvousmauritius\",\"https:\/\/www.instagram.com\/lerendezvous_mauritius\"]}]}<\/script>\n<!-- \/ Yoast SEO plugin. -->","yoast_head_json":{"title":"Baume Corps - Le Rendez-Vous","description":"Ce baume apr\u00e8s-soleil puise dans la richesse de la nature pour offrir un soin r\u00e9parateur et apaisant. Formul\u00e9 \u00e0 partir d\u2019un caf\u00e9 mauricien rare.","robots":{"index":"index","follow":"follow","max-snippet":"max-snippet:-1","max-image-preview":"max-image-preview:large","max-video-preview":"max-video-preview:-1"},"canonical":"https:\/\/www.lerendezvous.mu\/en\/product\/baume-corps\/","og_locale":"en_US","og_type":"article","og_title":"Baume Corps - Le Rendez-Vous","og_description":"Ce baume apr\u00e8s-soleil puise dans la richesse de la nature pour offrir un soin r\u00e9parateur et apaisant. Formul\u00e9 \u00e0 partir d\u2019un caf\u00e9 mauricien rare.","og_url":"https:\/\/www.lerendezvous.mu\/en\/product\/baume-corps\/","og_site_name":"Le Rendez-Vous","article_publisher":"https:\/\/www.facebook.com\/lerendezvousmauritius","article_modified_time":"2026-04-03T05:22:29+00:00","og_image":[{"width":683,"height":1024,"url":"https:\/\/www.lerendezvous.mu\/wp-content\/uploads\/2026\/03\/naturabaie-baume-corps-cafe-pose-683x1024.jpg","type":"image\/jpeg"}],"twitter_card":"summary_large_image","twitter_misc":{"Est. reading time":"1 minute"},"schema":{"@context":"https:\/\/schema.org","@graph":[{"@type":"WebPage","@id":"https:\/\/www.lerendezvous.mu\/product\/baume-corps\/","url":"https:\/\/www.lerendezvous.mu\/product\/baume-corps\/","name":"Baume Corps - Le Rendez-Vous","isPartOf":{"@id":"https:\/\/www.lerendezvous.mu\/#website"},"primaryImageOfPage":{"@id":"https:\/\/www.lerendezvous.mu\/product\/baume-corps\/#primaryimage"},"image":{"@id":"https:\/\/www.lerendezvous.mu\/product\/baume-corps\/#primaryimage"},"thumbnailUrl":"https:\/\/www.lerendezvous.mu\/wp-content\/uploads\/2026\/03\/naturabaie-baume-corps-cafe-pose.jpg","datePublished":"2026-03-25T08:17:16+00:00","dateModified":"2026-04-03T05:22:29+00:00","description":"Ce baume apr\u00e8s-soleil puise dans la richesse de la nature pour offrir un soin r\u00e9parateur et apaisant. Formul\u00e9 \u00e0 partir d\u2019un caf\u00e9 mauricien rare.","breadcrumb":{"@id":"https:\/\/www.lerendezvous.mu\/product\/baume-corps\/#breadcrumb"},"inLanguage":"en-US","potentialAction":[{"@type":"ReadAction","target":["https:\/\/www.lerendezvous.mu\/product\/baume-corps\/"]}]},{"@type":"ImageObject","inLanguage":"en-US","@id":"https:\/\/www.lerendezvous.mu\/product\/baume-corps\/#primaryimage","url":"https:\/\/www.lerendezvous.mu\/wp-content\/uploads\/2026\/03\/naturabaie-baume-corps-cafe-pose.jpg","contentUrl":"https:\/\/www.lerendezvous.mu\/wp-content\/uploads\/2026\/03\/naturabaie-baume-corps-cafe-pose.jpg","width":6232,"height":9348},{"@type":"BreadcrumbList","@id":"https:\/\/www.lerendezvous.mu\/product\/baume-corps\/#breadcrumb","itemListElement":[{"@type":"ListItem","position":1,"name":"Home","item":"https:\/\/www.lerendezvous.mu\/"},{"@type":"ListItem","position":2,"name":"Shop","item":"https:\/\/www.lerendezvous.mu\/shop\/"},{"@type":"ListItem","position":3,"name":"Baume Corps"}]},{"@type":"WebSite","@id":"https:\/\/www.lerendezvous.mu\/#website","url":"https:\/\/www.lerendezvous.mu\/","name":"Le Rendez-Vous","description":"100% moricien","publisher":{"@id":"https:\/\/www.lerendezvous.mu\/#organization"},"potentialAction":[{"@type":"SearchAction","target":{"@type":"EntryPoint","urlTemplate":"https:\/\/www.lerendezvous.mu\/?s={search_term_string}"},"query-input":{"@type":"PropertyValueSpecification","valueRequired":true,"valueName":"search_term_string"}}],"inLanguage":"en-US"},{"@type":"Organization","@id":"https:\/\/www.lerendezvous.mu\/#organization","name":"Le Rendez-Vous","url":"https:\/\/www.lerendezvous.mu\/","logo":{"@type":"ImageObject","inLanguage":"en-US","@id":"https:\/\/www.lerendezvous.mu\/#\/schema\/logo\/image\/","url":"https:\/\/www.lerendezvous.mu\/wp-content\/uploads\/2025\/10\/lrdv-logo.png","contentUrl":"https:\/\/www.lerendezvous.mu\/wp-content\/uploads\/2025\/10\/lrdv-logo.png","width":568,"height":232,"caption":"Le Rendez-Vous"},"image":{"@id":"https:\/\/www.lerendezvous.mu\/#\/schema\/logo\/image\/"},"sameAs":["https:\/\/www.facebook.com\/lerendezvousmauritius","https:\/\/www.instagram.com\/lerendezvous_mauritius"]}]}},"_links":{"self":[{"href":"https:\/\/www.lerendezvous.mu\/en\/wp-json\/wp\/v2\/product\/5383","targetHints":{"allow":["GET"]}}],"collection":[{"href":"https:\/\/www.lerendezvous.mu\/en\/wp-json\/wp\/v2\/product"}],"about":[{"href":"https:\/\/www.lerendezvous.mu\/en\/wp-json\/wp\/v2\/types\/product"}],"replies":[{"embeddable":true,"href":"https:\/\/www.lerendezvous.mu\/en\/wp-json\/wp\/v2\/comments?post=5383"}],"wp:featuredmedia":[{"embeddable":true,"href":"https:\/\/www.lerendezvous.mu\/en\/wp-json\/wp\/v2\/media\/5408"}],"wp:attachment":[{"href":"https:\/\/www.lerendezvous.mu\/en\/wp-json\/wp\/v2\/media?parent=5383"}],"wp:term":[{"taxonomy":"badge","embeddable":true,"href":"https:\/\/www.lerendezvous.mu\/en\/wp-json\/wp\/v2\/badge?post=5383"},{"taxonomy":"subtag","embeddable":true,"href":"https:\/\/www.lerendezvous.mu\/en\/wp-json\/wp\/v2\/subtag?post=5383"},{"taxonomy":"product_brand","embeddable":true,"href":"https:\/\/www.lerendezvous.mu\/en\/wp-json\/wp\/v2\/product_brand?post=5383"},{"taxonomy":"product_cat","embeddable":true,"href":"https:\/\/www.lerendezvous.mu\/en\/wp-json\/wp\/v2\/product_cat?post=5383"},{"taxonomy":"product_tag","embeddable":true,"href":"https:\/\/www.lerendezvous.mu\/en\/wp-json\/wp\/v2\/product_tag?post=5383"}],"curies":[{"name":"wp","href":"https:\/\/api.w.org\/{rel}","templated":true}]}}