{"id":5409,"date":"2026-03-25T13:38:59","date_gmt":"2026-03-25T09:38:59","guid":{"rendered":"https:\/\/www.lerendezvous.mu\/product\/premium-earring\/"},"modified":"2026-04-04T12:21:47","modified_gmt":"2026-04-04T08:21:47","slug":"premium-earring","status":"publish","type":"product","link":"https:\/\/www.lerendezvous.mu\/en\/product\/premium-earring\/","title":{"rendered":"Premium Earring"},"content":{"rendered":"<p>Les boucles d\u2019oreilles Premium de Gingko se distinguent par leurs lignes \u00e9quilibr\u00e9es et leurs finitions soign\u00e9es. Pens\u00e9es pour accompagner le quotidien comme les moments plus habill\u00e9s, elles apportent une touche \u00e9l\u00e9gante sans jamais en faire trop. Des pi\u00e8ces faciles \u00e0 porter, qui s\u2019int\u00e8grent naturellement \u00e0 chaque style.<\/p>","protected":false},"excerpt":{"rendered":"<p>Les boucles d\u2019oreilles Premium de Gingko se distinguent par leurs lignes \u00e9quilibr\u00e9es et leurs finitions soign\u00e9es. Pens\u00e9es pour accompagner le quotidien comme les moments plus habill\u00e9s, elles apportent une touche \u00e9l\u00e9gante sans jamais en faire trop. Des pi\u00e8ces faciles \u00e0 porter, qui s\u2019int\u00e8grent naturellement \u00e0 chaque style.<\/p>","protected":false},"featured_media":5411,"comment_status":"open","ping_status":"closed","template":"","meta":{"_acf_changed":false},"badge":[168],"subtag":[74,75,167,142],"product_brand":[],"product_cat":[22],"product_tag":[23],"class_list":{"0":"post-5409","1":"product","2":"type-product","3":"status-publish","4":"has-post-thumbnail","6":"badge-nouveaute","7":"subtag-accessoires","8":"subtag-bijoux","9":"subtag-nos-nouveautes-vous-attendent","10":"subtag-pieces-uniques","11":"product_cat-gingko-jewellery","12":"product_tag-bijoux","14":"first","15":"instock","16":"taxable","17":"shipping-taxable","18":"purchasable","19":"product-type-simple"},"acf":[],"yoast_head":"<!-- This site is optimized with the Yoast SEO plugin v27.2 - https:\/\/yoast.com\/product\/yoast-seo-wordpress\/ -->\n<title>Premium Earring - Le Rendez-Vous<\/title>\n<meta name=\"description\" content=\"Les boucles d\u2019oreilles Premium de Gingko se distinguent par leurs lignes \u00e9quilibr\u00e9es et leurs finitions soign\u00e9es. Parfaites pour toute occasion.\" \/>\n<meta name=\"robots\" content=\"index, follow, max-snippet:-1, max-image-preview:large, max-video-preview:-1\" \/>\n<link rel=\"canonical\" href=\"https:\/\/www.lerendezvous.mu\/en\/product\/premium-earring\/\" \/>\n<meta property=\"og:locale\" content=\"en_US\" \/>\n<meta property=\"og:type\" content=\"article\" \/>\n<meta property=\"og:title\" content=\"Premium Earring - Le Rendez-Vous\" \/>\n<meta property=\"og:description\" content=\"Les boucles d\u2019oreilles Premium de Gingko se distinguent par leurs lignes \u00e9quilibr\u00e9es et leurs finitions soign\u00e9es. Parfaites pour toute occasion.\" \/>\n<meta property=\"og:url\" content=\"https:\/\/www.lerendezvous.mu\/en\/product\/premium-earring\/\" \/>\n<meta property=\"og:site_name\" content=\"Le Rendez-Vous\" \/>\n<meta property=\"article:publisher\" content=\"https:\/\/www.facebook.com\/lerendezvousmauritius\" \/>\n<meta property=\"article:modified_time\" content=\"2026-04-04T08:21:47+00:00\" \/>\n<meta property=\"og:image\" content=\"https:\/\/www.lerendezvous.mu\/wp-content\/uploads\/2026\/03\/gingko-premium-earring-683x1024.jpg\" \/>\n\t<meta property=\"og:image:width\" content=\"683\" \/>\n\t<meta property=\"og:image:height\" content=\"1024\" \/>\n\t<meta property=\"og:image:type\" content=\"image\/jpeg\" \/>\n<meta name=\"twitter:card\" content=\"summary_large_image\" \/>\n<meta name=\"twitter:label1\" content=\"Est. reading time\" \/>\n\t<meta name=\"twitter:data1\" content=\"1 minute\" \/>\n<script type=\"application\/ld+json\" class=\"yoast-schema-graph\">{\"@context\":\"https:\/\/schema.org\",\"@graph\":[{\"@type\":\"WebPage\",\"@id\":\"https:\/\/www.lerendezvous.mu\/product\/premium-earring\/\",\"url\":\"https:\/\/www.lerendezvous.mu\/product\/premium-earring\/\",\"name\":\"Premium Earring - Le Rendez-Vous\",\"isPartOf\":{\"@id\":\"https:\/\/www.lerendezvous.mu\/#website\"},\"primaryImageOfPage\":{\"@id\":\"https:\/\/www.lerendezvous.mu\/product\/premium-earring\/#primaryimage\"},\"image\":{\"@id\":\"https:\/\/www.lerendezvous.mu\/product\/premium-earring\/#primaryimage\"},\"thumbnailUrl\":\"https:\/\/www.lerendezvous.mu\/wp-content\/uploads\/2026\/03\/gingko-premium-earring.jpg\",\"datePublished\":\"2026-03-25T09:38:59+00:00\",\"dateModified\":\"2026-04-04T08:21:47+00:00\",\"description\":\"Les boucles d\u2019oreilles Premium de Gingko se distinguent par leurs lignes \u00e9quilibr\u00e9es et leurs finitions soign\u00e9es. Parfaites pour toute occasion.\",\"breadcrumb\":{\"@id\":\"https:\/\/www.lerendezvous.mu\/product\/premium-earring\/#breadcrumb\"},\"inLanguage\":\"en-US\",\"potentialAction\":[{\"@type\":\"ReadAction\",\"target\":[\"https:\/\/www.lerendezvous.mu\/product\/premium-earring\/\"]}]},{\"@type\":\"ImageObject\",\"inLanguage\":\"en-US\",\"@id\":\"https:\/\/www.lerendezvous.mu\/product\/premium-earring\/#primaryimage\",\"url\":\"https:\/\/www.lerendezvous.mu\/wp-content\/uploads\/2026\/03\/gingko-premium-earring.jpg\",\"contentUrl\":\"https:\/\/www.lerendezvous.mu\/wp-content\/uploads\/2026\/03\/gingko-premium-earring.jpg\",\"width\":6336,\"height\":9504},{\"@type\":\"BreadcrumbList\",\"@id\":\"https:\/\/www.lerendezvous.mu\/product\/premium-earring\/#breadcrumb\",\"itemListElement\":[{\"@type\":\"ListItem\",\"position\":1,\"name\":\"Home\",\"item\":\"https:\/\/www.lerendezvous.mu\/\"},{\"@type\":\"ListItem\",\"position\":2,\"name\":\"Shop\",\"item\":\"https:\/\/www.lerendezvous.mu\/shop\/\"},{\"@type\":\"ListItem\",\"position\":3,\"name\":\"Premium Earring\"}]},{\"@type\":\"WebSite\",\"@id\":\"https:\/\/www.lerendezvous.mu\/#website\",\"url\":\"https:\/\/www.lerendezvous.mu\/\",\"name\":\"Le Rendez-Vous\",\"description\":\"100% moricien\",\"publisher\":{\"@id\":\"https:\/\/www.lerendezvous.mu\/#organization\"},\"potentialAction\":[{\"@type\":\"SearchAction\",\"target\":{\"@type\":\"EntryPoint\",\"urlTemplate\":\"https:\/\/www.lerendezvous.mu\/?s={search_term_string}\"},\"query-input\":{\"@type\":\"PropertyValueSpecification\",\"valueRequired\":true,\"valueName\":\"search_term_string\"}}],\"inLanguage\":\"en-US\"},{\"@type\":\"Organization\",\"@id\":\"https:\/\/www.lerendezvous.mu\/#organization\",\"name\":\"Le Rendez-Vous\",\"url\":\"https:\/\/www.lerendezvous.mu\/\",\"logo\":{\"@type\":\"ImageObject\",\"inLanguage\":\"en-US\",\"@id\":\"https:\/\/www.lerendezvous.mu\/#\/schema\/logo\/image\/\",\"url\":\"https:\/\/www.lerendezvous.mu\/wp-content\/uploads\/2025\/10\/lrdv-logo.png\",\"contentUrl\":\"https:\/\/www.lerendezvous.mu\/wp-content\/uploads\/2025\/10\/lrdv-logo.png\",\"width\":568,\"height\":232,\"caption\":\"Le Rendez-Vous\"},\"image\":{\"@id\":\"https:\/\/www.lerendezvous.mu\/#\/schema\/logo\/image\/\"},\"sameAs\":[\"https:\/\/www.facebook.com\/lerendezvousmauritius\",\"https:\/\/www.instagram.com\/lerendezvous_mauritius\"]}]}<\/script>\n<!-- \/ Yoast SEO plugin. -->","yoast_head_json":{"title":"Premium Earring - Le Rendez-Vous","description":"Les boucles d\u2019oreilles Premium de Gingko se distinguent par leurs lignes \u00e9quilibr\u00e9es et leurs finitions soign\u00e9es. Parfaites pour toute occasion.","robots":{"index":"index","follow":"follow","max-snippet":"max-snippet:-1","max-image-preview":"max-image-preview:large","max-video-preview":"max-video-preview:-1"},"canonical":"https:\/\/www.lerendezvous.mu\/en\/product\/premium-earring\/","og_locale":"en_US","og_type":"article","og_title":"Premium Earring - Le Rendez-Vous","og_description":"Les boucles d\u2019oreilles Premium de Gingko se distinguent par leurs lignes \u00e9quilibr\u00e9es et leurs finitions soign\u00e9es. Parfaites pour toute occasion.","og_url":"https:\/\/www.lerendezvous.mu\/en\/product\/premium-earring\/","og_site_name":"Le Rendez-Vous","article_publisher":"https:\/\/www.facebook.com\/lerendezvousmauritius","article_modified_time":"2026-04-04T08:21:47+00:00","og_image":[{"width":683,"height":1024,"url":"https:\/\/www.lerendezvous.mu\/wp-content\/uploads\/2026\/03\/gingko-premium-earring-683x1024.jpg","type":"image\/jpeg"}],"twitter_card":"summary_large_image","twitter_misc":{"Est. reading time":"1 minute"},"schema":{"@context":"https:\/\/schema.org","@graph":[{"@type":"WebPage","@id":"https:\/\/www.lerendezvous.mu\/product\/premium-earring\/","url":"https:\/\/www.lerendezvous.mu\/product\/premium-earring\/","name":"Premium Earring - Le Rendez-Vous","isPartOf":{"@id":"https:\/\/www.lerendezvous.mu\/#website"},"primaryImageOfPage":{"@id":"https:\/\/www.lerendezvous.mu\/product\/premium-earring\/#primaryimage"},"image":{"@id":"https:\/\/www.lerendezvous.mu\/product\/premium-earring\/#primaryimage"},"thumbnailUrl":"https:\/\/www.lerendezvous.mu\/wp-content\/uploads\/2026\/03\/gingko-premium-earring.jpg","datePublished":"2026-03-25T09:38:59+00:00","dateModified":"2026-04-04T08:21:47+00:00","description":"Les boucles d\u2019oreilles Premium de Gingko se distinguent par leurs lignes \u00e9quilibr\u00e9es et leurs finitions soign\u00e9es. Parfaites pour toute occasion.","breadcrumb":{"@id":"https:\/\/www.lerendezvous.mu\/product\/premium-earring\/#breadcrumb"},"inLanguage":"en-US","potentialAction":[{"@type":"ReadAction","target":["https:\/\/www.lerendezvous.mu\/product\/premium-earring\/"]}]},{"@type":"ImageObject","inLanguage":"en-US","@id":"https:\/\/www.lerendezvous.mu\/product\/premium-earring\/#primaryimage","url":"https:\/\/www.lerendezvous.mu\/wp-content\/uploads\/2026\/03\/gingko-premium-earring.jpg","contentUrl":"https:\/\/www.lerendezvous.mu\/wp-content\/uploads\/2026\/03\/gingko-premium-earring.jpg","width":6336,"height":9504},{"@type":"BreadcrumbList","@id":"https:\/\/www.lerendezvous.mu\/product\/premium-earring\/#breadcrumb","itemListElement":[{"@type":"ListItem","position":1,"name":"Home","item":"https:\/\/www.lerendezvous.mu\/"},{"@type":"ListItem","position":2,"name":"Shop","item":"https:\/\/www.lerendezvous.mu\/shop\/"},{"@type":"ListItem","position":3,"name":"Premium Earring"}]},{"@type":"WebSite","@id":"https:\/\/www.lerendezvous.mu\/#website","url":"https:\/\/www.lerendezvous.mu\/","name":"Le Rendez-Vous","description":"100% moricien","publisher":{"@id":"https:\/\/www.lerendezvous.mu\/#organization"},"potentialAction":[{"@type":"SearchAction","target":{"@type":"EntryPoint","urlTemplate":"https:\/\/www.lerendezvous.mu\/?s={search_term_string}"},"query-input":{"@type":"PropertyValueSpecification","valueRequired":true,"valueName":"search_term_string"}}],"inLanguage":"en-US"},{"@type":"Organization","@id":"https:\/\/www.lerendezvous.mu\/#organization","name":"Le Rendez-Vous","url":"https:\/\/www.lerendezvous.mu\/","logo":{"@type":"ImageObject","inLanguage":"en-US","@id":"https:\/\/www.lerendezvous.mu\/#\/schema\/logo\/image\/","url":"https:\/\/www.lerendezvous.mu\/wp-content\/uploads\/2025\/10\/lrdv-logo.png","contentUrl":"https:\/\/www.lerendezvous.mu\/wp-content\/uploads\/2025\/10\/lrdv-logo.png","width":568,"height":232,"caption":"Le Rendez-Vous"},"image":{"@id":"https:\/\/www.lerendezvous.mu\/#\/schema\/logo\/image\/"},"sameAs":["https:\/\/www.facebook.com\/lerendezvousmauritius","https:\/\/www.instagram.com\/lerendezvous_mauritius"]}]}},"_links":{"self":[{"href":"https:\/\/www.lerendezvous.mu\/en\/wp-json\/wp\/v2\/product\/5409","targetHints":{"allow":["GET"]}}],"collection":[{"href":"https:\/\/www.lerendezvous.mu\/en\/wp-json\/wp\/v2\/product"}],"about":[{"href":"https:\/\/www.lerendezvous.mu\/en\/wp-json\/wp\/v2\/types\/product"}],"replies":[{"embeddable":true,"href":"https:\/\/www.lerendezvous.mu\/en\/wp-json\/wp\/v2\/comments?post=5409"}],"wp:featuredmedia":[{"embeddable":true,"href":"https:\/\/www.lerendezvous.mu\/en\/wp-json\/wp\/v2\/media\/5411"}],"wp:attachment":[{"href":"https:\/\/www.lerendezvous.mu\/en\/wp-json\/wp\/v2\/media?parent=5409"}],"wp:term":[{"taxonomy":"badge","embeddable":true,"href":"https:\/\/www.lerendezvous.mu\/en\/wp-json\/wp\/v2\/badge?post=5409"},{"taxonomy":"subtag","embeddable":true,"href":"https:\/\/www.lerendezvous.mu\/en\/wp-json\/wp\/v2\/subtag?post=5409"},{"taxonomy":"product_brand","embeddable":true,"href":"https:\/\/www.lerendezvous.mu\/en\/wp-json\/wp\/v2\/product_brand?post=5409"},{"taxonomy":"product_cat","embeddable":true,"href":"https:\/\/www.lerendezvous.mu\/en\/wp-json\/wp\/v2\/product_cat?post=5409"},{"taxonomy":"product_tag","embeddable":true,"href":"https:\/\/www.lerendezvous.mu\/en\/wp-json\/wp\/v2\/product_tag?post=5409"}],"curies":[{"name":"wp","href":"https:\/\/api.w.org\/{rel}","templated":true}]}}