{"id":5413,"date":"2026-03-25T14:00:15","date_gmt":"2026-03-25T10:00:15","guid":{"rendered":"https:\/\/www.lerendezvous.mu\/product\/earring\/"},"modified":"2026-04-02T10:58:36","modified_gmt":"2026-04-02T06:58:36","slug":"earring","status":"publish","type":"product","link":"https:\/\/www.lerendezvous.mu\/en\/product\/earring\/","title":{"rendered":"Earring"},"content":{"rendered":"<div class=\"flex flex-col text-sm\">\n<article class=\"text-token-text-primary w-full focus:outline-none [--shadow-height:45px] has-data-writing-block:pointer-events-none has-data-writing-block:-mt-(--shadow-height) has-data-writing-block:pt-(--shadow-height) [&amp;:has([data-writing-block])&gt;*]:pointer-events-auto scroll-mt-[calc(var(--header-height)+min(200px,max(70px,20svh)))]\" dir=\"auto\" data-turn-id=\"request-WEB:a18dd3b9-6517-4fa1-990a-17662f38bd71-20\" data-testid=\"conversation-turn-42\" data-scroll-anchor=\"true\" data-turn=\"assistant\">\n<div class=\"text-base my-auto mx-auto pb-10 [--thread-content-margin:var(--thread-content-margin-xs,calc(var(--spacing)*4))] @w-sm\/main:[--thread-content-margin:var(--thread-content-margin-sm,calc(var(--spacing)*6))] @w-lg\/main:[--thread-content-margin:var(--thread-content-margin-lg,calc(var(--spacing)*16))] px-(--thread-content-margin)\">\n<div class=\"[--thread-content-max-width:40rem] @w-lg\/main:[--thread-content-max-width:48rem] mx-auto max-w-(--thread-content-max-width) flex-1 group\/turn-messages focus-visible:outline-hidden relative flex w-full min-w-0 flex-col agent-turn\">\n<div class=\"flex max-w-full flex-col gap-4 grow\">\n<div class=\"min-h-8 text-message relative flex w-full flex-col items-end gap-2 text-start break-words whitespace-normal [.text-message+&amp;]:mt-1\" dir=\"auto\" data-message-author-role=\"assistant\" data-message-id=\"1ad15d55-128f-4910-b8d2-86c160061451\" data-message-model-slug=\"gpt-5-3\">\n<div class=\"flex w-full flex-col gap-1 empty:hidden\">\n<div class=\"markdown prose dark:prose-invert w-full wrap-break-word dark markdown-new-styling\">\n<p data-start=\"0\" data-end=\"331\" data-is-last-node=\"\" data-is-only-node=\"\">Les boucles d\u2019oreilles de Keshini Kreasion se distinguent par leur finesse et leur sens du d\u00e9tail. Pens\u00e9es pour \u00eatre port\u00e9es au quotidien comme pour des moments plus habill\u00e9s, elles apportent une touche \u00e9l\u00e9gante sans en faire trop. L\u00e9g\u00e8res et faciles \u00e0 associer, elles compl\u00e8tent naturellement chaque tenue avec justesse et subtilit\u00e9.<\/p>\n<\/div>\n<\/div>\n<\/div>\n<\/div>\n<div class=\"z-0 flex min-h-[46px] justify-start\"><\/div>\n<\/div>\n<\/div>\n<\/article>\n<\/div>\n<div class=\"pointer-events-none h-px w-px absolute bottom-0\" aria-hidden=\"true\" data-edge=\"true\"><\/div>\n","protected":false},"excerpt":{"rendered":"<p>Les boucles d\u2019oreilles de Keshini Kreasion se distinguent par leur finesse et leur sens du d\u00e9tail. Pens\u00e9es pour \u00eatre port\u00e9es au quotidien comme pour des moments plus habill\u00e9s, elles apportent une touche \u00e9l\u00e9gante sans en faire trop. L\u00e9g\u00e8res et faciles \u00e0 associer, elles compl\u00e8tent naturellement chaque tenue avec justesse et subtilit\u00e9.<\/p>","protected":false},"featured_media":5442,"comment_status":"open","ping_status":"closed","template":"","meta":{"_acf_changed":false},"badge":[],"subtag":[74,75,142],"product_brand":[],"product_cat":[123],"product_tag":[23],"class_list":{"0":"post-5413","1":"product","2":"type-product","3":"status-publish","4":"has-post-thumbnail","6":"subtag-accessoires","7":"subtag-bijoux","8":"subtag-pieces-uniques","9":"product_cat-keshini-kreasion","10":"product_tag-bijoux","12":"first","13":"instock","14":"taxable","15":"shipping-taxable","16":"purchasable","17":"product-type-variable"},"acf":[],"yoast_head":"<!-- This site is optimized with the Yoast SEO plugin v27.2 - https:\/\/yoast.com\/product\/yoast-seo-wordpress\/ -->\n<title>Earring - Le Rendez-Vous<\/title>\n<meta name=\"description\" content=\"Les boucles d\u2019oreilles de Keshini Creation se distinguent par leur finesse et leur sens du d\u00e9tail. Pens\u00e9es pour \u00eatre port\u00e9es au quotidien.\" \/>\n<meta name=\"robots\" content=\"index, follow, max-snippet:-1, max-image-preview:large, max-video-preview:-1\" \/>\n<link rel=\"canonical\" href=\"https:\/\/www.lerendezvous.mu\/en\/product\/earring\/\" \/>\n<meta property=\"og:locale\" content=\"en_US\" \/>\n<meta property=\"og:type\" content=\"article\" \/>\n<meta property=\"og:title\" content=\"Earring - Le Rendez-Vous\" \/>\n<meta property=\"og:description\" content=\"Les boucles d\u2019oreilles de Keshini Creation se distinguent par leur finesse et leur sens du d\u00e9tail. Pens\u00e9es pour \u00eatre port\u00e9es au quotidien.\" \/>\n<meta property=\"og:url\" content=\"https:\/\/www.lerendezvous.mu\/en\/product\/earring\/\" \/>\n<meta property=\"og:site_name\" content=\"Le Rendez-Vous\" \/>\n<meta property=\"article:publisher\" content=\"https:\/\/www.facebook.com\/lerendezvousmauritius\" \/>\n<meta property=\"article:modified_time\" content=\"2026-04-02T06:58:36+00:00\" \/>\n<meta property=\"og:image\" content=\"https:\/\/www.lerendezvous.mu\/wp-content\/uploads\/2026\/03\/kreasion-earring-mera-683x1024.jpg\" \/>\n\t<meta property=\"og:image:width\" content=\"683\" \/>\n\t<meta property=\"og:image:height\" content=\"1024\" \/>\n\t<meta property=\"og:image:type\" content=\"image\/jpeg\" \/>\n<meta name=\"twitter:card\" content=\"summary_large_image\" \/>\n<meta name=\"twitter:label1\" content=\"Est. reading time\" \/>\n\t<meta name=\"twitter:data1\" content=\"1 minute\" \/>\n<script type=\"application\/ld+json\" class=\"yoast-schema-graph\">{\"@context\":\"https:\/\/schema.org\",\"@graph\":[{\"@type\":\"WebPage\",\"@id\":\"https:\/\/www.lerendezvous.mu\/product\/earring\/\",\"url\":\"https:\/\/www.lerendezvous.mu\/product\/earring\/\",\"name\":\"Earring - Le Rendez-Vous\",\"isPartOf\":{\"@id\":\"https:\/\/www.lerendezvous.mu\/#website\"},\"primaryImageOfPage\":{\"@id\":\"https:\/\/www.lerendezvous.mu\/product\/earring\/#primaryimage\"},\"image\":{\"@id\":\"https:\/\/www.lerendezvous.mu\/product\/earring\/#primaryimage\"},\"thumbnailUrl\":\"https:\/\/www.lerendezvous.mu\/wp-content\/uploads\/2026\/03\/kreasion-earring-mera.jpg\",\"datePublished\":\"2026-03-25T10:00:15+00:00\",\"dateModified\":\"2026-04-02T06:58:36+00:00\",\"description\":\"Les boucles d\u2019oreilles de Keshini Creation se distinguent par leur finesse et leur sens du d\u00e9tail. Pens\u00e9es pour \u00eatre port\u00e9es au quotidien.\",\"breadcrumb\":{\"@id\":\"https:\/\/www.lerendezvous.mu\/product\/earring\/#breadcrumb\"},\"inLanguage\":\"en-US\",\"potentialAction\":[{\"@type\":\"ReadAction\",\"target\":[\"https:\/\/www.lerendezvous.mu\/product\/earring\/\"]}]},{\"@type\":\"ImageObject\",\"inLanguage\":\"en-US\",\"@id\":\"https:\/\/www.lerendezvous.mu\/product\/earring\/#primaryimage\",\"url\":\"https:\/\/www.lerendezvous.mu\/wp-content\/uploads\/2026\/03\/kreasion-earring-mera.jpg\",\"contentUrl\":\"https:\/\/www.lerendezvous.mu\/wp-content\/uploads\/2026\/03\/kreasion-earring-mera.jpg\",\"width\":6336,\"height\":9504},{\"@type\":\"BreadcrumbList\",\"@id\":\"https:\/\/www.lerendezvous.mu\/product\/earring\/#breadcrumb\",\"itemListElement\":[{\"@type\":\"ListItem\",\"position\":1,\"name\":\"Home\",\"item\":\"https:\/\/www.lerendezvous.mu\/\"},{\"@type\":\"ListItem\",\"position\":2,\"name\":\"Shop\",\"item\":\"https:\/\/www.lerendezvous.mu\/shop\/\"},{\"@type\":\"ListItem\",\"position\":3,\"name\":\"Earring\"}]},{\"@type\":\"WebSite\",\"@id\":\"https:\/\/www.lerendezvous.mu\/#website\",\"url\":\"https:\/\/www.lerendezvous.mu\/\",\"name\":\"Le Rendez-Vous\",\"description\":\"100% moricien\",\"publisher\":{\"@id\":\"https:\/\/www.lerendezvous.mu\/#organization\"},\"potentialAction\":[{\"@type\":\"SearchAction\",\"target\":{\"@type\":\"EntryPoint\",\"urlTemplate\":\"https:\/\/www.lerendezvous.mu\/?s={search_term_string}\"},\"query-input\":{\"@type\":\"PropertyValueSpecification\",\"valueRequired\":true,\"valueName\":\"search_term_string\"}}],\"inLanguage\":\"en-US\"},{\"@type\":\"Organization\",\"@id\":\"https:\/\/www.lerendezvous.mu\/#organization\",\"name\":\"Le Rendez-Vous\",\"url\":\"https:\/\/www.lerendezvous.mu\/\",\"logo\":{\"@type\":\"ImageObject\",\"inLanguage\":\"en-US\",\"@id\":\"https:\/\/www.lerendezvous.mu\/#\/schema\/logo\/image\/\",\"url\":\"https:\/\/www.lerendezvous.mu\/wp-content\/uploads\/2025\/10\/lrdv-logo.png\",\"contentUrl\":\"https:\/\/www.lerendezvous.mu\/wp-content\/uploads\/2025\/10\/lrdv-logo.png\",\"width\":568,\"height\":232,\"caption\":\"Le Rendez-Vous\"},\"image\":{\"@id\":\"https:\/\/www.lerendezvous.mu\/#\/schema\/logo\/image\/\"},\"sameAs\":[\"https:\/\/www.facebook.com\/lerendezvousmauritius\",\"https:\/\/www.instagram.com\/lerendezvous_mauritius\"]}]}<\/script>\n<!-- \/ Yoast SEO plugin. -->","yoast_head_json":{"title":"Earring - Le Rendez-Vous","description":"Les boucles d\u2019oreilles de Keshini Creation se distinguent par leur finesse et leur sens du d\u00e9tail. Pens\u00e9es pour \u00eatre port\u00e9es au quotidien.","robots":{"index":"index","follow":"follow","max-snippet":"max-snippet:-1","max-image-preview":"max-image-preview:large","max-video-preview":"max-video-preview:-1"},"canonical":"https:\/\/www.lerendezvous.mu\/en\/product\/earring\/","og_locale":"en_US","og_type":"article","og_title":"Earring - Le Rendez-Vous","og_description":"Les boucles d\u2019oreilles de Keshini Creation se distinguent par leur finesse et leur sens du d\u00e9tail. Pens\u00e9es pour \u00eatre port\u00e9es au quotidien.","og_url":"https:\/\/www.lerendezvous.mu\/en\/product\/earring\/","og_site_name":"Le Rendez-Vous","article_publisher":"https:\/\/www.facebook.com\/lerendezvousmauritius","article_modified_time":"2026-04-02T06:58:36+00:00","og_image":[{"width":683,"height":1024,"url":"https:\/\/www.lerendezvous.mu\/wp-content\/uploads\/2026\/03\/kreasion-earring-mera-683x1024.jpg","type":"image\/jpeg"}],"twitter_card":"summary_large_image","twitter_misc":{"Est. reading time":"1 minute"},"schema":{"@context":"https:\/\/schema.org","@graph":[{"@type":"WebPage","@id":"https:\/\/www.lerendezvous.mu\/product\/earring\/","url":"https:\/\/www.lerendezvous.mu\/product\/earring\/","name":"Earring - Le Rendez-Vous","isPartOf":{"@id":"https:\/\/www.lerendezvous.mu\/#website"},"primaryImageOfPage":{"@id":"https:\/\/www.lerendezvous.mu\/product\/earring\/#primaryimage"},"image":{"@id":"https:\/\/www.lerendezvous.mu\/product\/earring\/#primaryimage"},"thumbnailUrl":"https:\/\/www.lerendezvous.mu\/wp-content\/uploads\/2026\/03\/kreasion-earring-mera.jpg","datePublished":"2026-03-25T10:00:15+00:00","dateModified":"2026-04-02T06:58:36+00:00","description":"Les boucles d\u2019oreilles de Keshini Creation se distinguent par leur finesse et leur sens du d\u00e9tail. Pens\u00e9es pour \u00eatre port\u00e9es au quotidien.","breadcrumb":{"@id":"https:\/\/www.lerendezvous.mu\/product\/earring\/#breadcrumb"},"inLanguage":"en-US","potentialAction":[{"@type":"ReadAction","target":["https:\/\/www.lerendezvous.mu\/product\/earring\/"]}]},{"@type":"ImageObject","inLanguage":"en-US","@id":"https:\/\/www.lerendezvous.mu\/product\/earring\/#primaryimage","url":"https:\/\/www.lerendezvous.mu\/wp-content\/uploads\/2026\/03\/kreasion-earring-mera.jpg","contentUrl":"https:\/\/www.lerendezvous.mu\/wp-content\/uploads\/2026\/03\/kreasion-earring-mera.jpg","width":6336,"height":9504},{"@type":"BreadcrumbList","@id":"https:\/\/www.lerendezvous.mu\/product\/earring\/#breadcrumb","itemListElement":[{"@type":"ListItem","position":1,"name":"Home","item":"https:\/\/www.lerendezvous.mu\/"},{"@type":"ListItem","position":2,"name":"Shop","item":"https:\/\/www.lerendezvous.mu\/shop\/"},{"@type":"ListItem","position":3,"name":"Earring"}]},{"@type":"WebSite","@id":"https:\/\/www.lerendezvous.mu\/#website","url":"https:\/\/www.lerendezvous.mu\/","name":"Le Rendez-Vous","description":"100% moricien","publisher":{"@id":"https:\/\/www.lerendezvous.mu\/#organization"},"potentialAction":[{"@type":"SearchAction","target":{"@type":"EntryPoint","urlTemplate":"https:\/\/www.lerendezvous.mu\/?s={search_term_string}"},"query-input":{"@type":"PropertyValueSpecification","valueRequired":true,"valueName":"search_term_string"}}],"inLanguage":"en-US"},{"@type":"Organization","@id":"https:\/\/www.lerendezvous.mu\/#organization","name":"Le Rendez-Vous","url":"https:\/\/www.lerendezvous.mu\/","logo":{"@type":"ImageObject","inLanguage":"en-US","@id":"https:\/\/www.lerendezvous.mu\/#\/schema\/logo\/image\/","url":"https:\/\/www.lerendezvous.mu\/wp-content\/uploads\/2025\/10\/lrdv-logo.png","contentUrl":"https:\/\/www.lerendezvous.mu\/wp-content\/uploads\/2025\/10\/lrdv-logo.png","width":568,"height":232,"caption":"Le Rendez-Vous"},"image":{"@id":"https:\/\/www.lerendezvous.mu\/#\/schema\/logo\/image\/"},"sameAs":["https:\/\/www.facebook.com\/lerendezvousmauritius","https:\/\/www.instagram.com\/lerendezvous_mauritius"]}]}},"_links":{"self":[{"href":"https:\/\/www.lerendezvous.mu\/en\/wp-json\/wp\/v2\/product\/5413","targetHints":{"allow":["GET"]}}],"collection":[{"href":"https:\/\/www.lerendezvous.mu\/en\/wp-json\/wp\/v2\/product"}],"about":[{"href":"https:\/\/www.lerendezvous.mu\/en\/wp-json\/wp\/v2\/types\/product"}],"replies":[{"embeddable":true,"href":"https:\/\/www.lerendezvous.mu\/en\/wp-json\/wp\/v2\/comments?post=5413"}],"wp:featuredmedia":[{"embeddable":true,"href":"https:\/\/www.lerendezvous.mu\/en\/wp-json\/wp\/v2\/media\/5442"}],"wp:attachment":[{"href":"https:\/\/www.lerendezvous.mu\/en\/wp-json\/wp\/v2\/media?parent=5413"}],"wp:term":[{"taxonomy":"badge","embeddable":true,"href":"https:\/\/www.lerendezvous.mu\/en\/wp-json\/wp\/v2\/badge?post=5413"},{"taxonomy":"subtag","embeddable":true,"href":"https:\/\/www.lerendezvous.mu\/en\/wp-json\/wp\/v2\/subtag?post=5413"},{"taxonomy":"product_brand","embeddable":true,"href":"https:\/\/www.lerendezvous.mu\/en\/wp-json\/wp\/v2\/product_brand?post=5413"},{"taxonomy":"product_cat","embeddable":true,"href":"https:\/\/www.lerendezvous.mu\/en\/wp-json\/wp\/v2\/product_cat?post=5413"},{"taxonomy":"product_tag","embeddable":true,"href":"https:\/\/www.lerendezvous.mu\/en\/wp-json\/wp\/v2\/product_tag?post=5413"}],"curies":[{"name":"wp","href":"https:\/\/api.w.org\/{rel}","templated":true}]}}