{"id":5477,"date":"2026-04-01T16:21:20","date_gmt":"2026-04-01T12:21:20","guid":{"rendered":"https:\/\/www.lerendezvous.mu\/product\/combi-babylonne\/"},"modified":"2026-04-03T11:31:31","modified_gmt":"2026-04-03T07:31:31","slug":"combi-babylonne","status":"publish","type":"product","link":"https:\/\/www.lerendezvous.mu\/en\/product\/combi-babylonne\/","title":{"rendered":"Combi Babylonne"},"content":{"rendered":"<p>D\u00e9couvrez la combi Babylone de Libertie, une pi\u00e8ce qui allie confort, fluidit\u00e9 et style en toute simplicit\u00e9. Sa coupe fluide met la silhouette en valeur sans effort tandis que ses d\u00e9tails subtils apportent une touche de modernit\u00e9 discr\u00e8te, id\u00e9ale pour un look soign\u00e9 et d\u00e9contract\u00e9 \u00e0 la fois.<\/p>","protected":false},"excerpt":{"rendered":"<p>D\u00e9couvrez la combi Babylone de Libertie, une pi\u00e8ce qui allie confort, fluidit\u00e9 et style en toute simplicit\u00e9. Sa coupe fluide met la silhouette en valeur sans effort tandis que ses d\u00e9tails subtils apportent une touche de modernit\u00e9 discr\u00e8te, id\u00e9ale pour un look soign\u00e9 et d\u00e9contract\u00e9 \u00e0 la fois.<\/p>","protected":false},"featured_media":5499,"comment_status":"open","ping_status":"closed","template":"","meta":{"_acf_changed":false},"badge":[168],"subtag":[35,24,167],"product_brand":[],"product_cat":[101],"product_tag":[99],"class_list":{"0":"post-5477","1":"product","2":"type-product","3":"status-publish","4":"has-post-thumbnail","6":"badge-nouveaute","7":"subtag-combis","8":"subtag-femme","9":"subtag-nos-nouveautes-vous-attendent","10":"product_cat-libertie","11":"product_tag-femme","13":"first","14":"instock","15":"taxable","16":"shipping-taxable","17":"purchasable","18":"product-type-variable"},"acf":[],"yoast_head":"<!-- This site is optimized with the Yoast SEO plugin v27.2 - https:\/\/yoast.com\/product\/yoast-seo-wordpress\/ -->\n<title>Combi Babylonne - Le Rendez-Vous<\/title>\n<meta name=\"description\" content=\"D\u00e9couvrez la combi Babylone de Libertie, une pi\u00e8ce qui allie confort, fluidit\u00e9 et style en toute simplicit\u00e9. Sa coupe fluide met votre silhouette en valeur.\" \/>\n<meta name=\"robots\" content=\"index, follow, max-snippet:-1, max-image-preview:large, max-video-preview:-1\" \/>\n<link rel=\"canonical\" href=\"https:\/\/www.lerendezvous.mu\/en\/product\/combi-babylonne\/\" \/>\n<meta property=\"og:locale\" content=\"en_US\" \/>\n<meta property=\"og:type\" content=\"article\" \/>\n<meta property=\"og:title\" content=\"Combi Babylonne - Le Rendez-Vous\" \/>\n<meta property=\"og:description\" content=\"D\u00e9couvrez la combi Babylone de Libertie, une pi\u00e8ce qui allie confort, fluidit\u00e9 et style en toute simplicit\u00e9. Sa coupe fluide met votre silhouette en valeur.\" \/>\n<meta property=\"og:url\" content=\"https:\/\/www.lerendezvous.mu\/en\/product\/combi-babylonne\/\" \/>\n<meta property=\"og:site_name\" content=\"Le Rendez-Vous\" \/>\n<meta property=\"article:publisher\" content=\"https:\/\/www.facebook.com\/lerendezvousmauritius\" \/>\n<meta property=\"article:modified_time\" content=\"2026-04-03T07:31:31+00:00\" \/>\n<meta property=\"og:image\" content=\"https:\/\/www.lerendezvous.mu\/wp-content\/uploads\/2026\/04\/libertie-combi-babylone-cappucino-683x1024.jpg\" \/>\n\t<meta property=\"og:image:width\" content=\"683\" \/>\n\t<meta property=\"og:image:height\" content=\"1024\" \/>\n\t<meta property=\"og:image:type\" content=\"image\/jpeg\" \/>\n<meta name=\"twitter:card\" content=\"summary_large_image\" \/>\n<meta name=\"twitter:label1\" content=\"Est. reading time\" \/>\n\t<meta name=\"twitter:data1\" content=\"1 minute\" \/>\n<script type=\"application\/ld+json\" class=\"yoast-schema-graph\">{\"@context\":\"https:\/\/schema.org\",\"@graph\":[{\"@type\":\"WebPage\",\"@id\":\"https:\/\/www.lerendezvous.mu\/product\/combi-babylonne\/\",\"url\":\"https:\/\/www.lerendezvous.mu\/product\/combi-babylonne\/\",\"name\":\"Combi Babylonne - Le Rendez-Vous\",\"isPartOf\":{\"@id\":\"https:\/\/www.lerendezvous.mu\/#website\"},\"primaryImageOfPage\":{\"@id\":\"https:\/\/www.lerendezvous.mu\/product\/combi-babylonne\/#primaryimage\"},\"image\":{\"@id\":\"https:\/\/www.lerendezvous.mu\/product\/combi-babylonne\/#primaryimage\"},\"thumbnailUrl\":\"https:\/\/www.lerendezvous.mu\/wp-content\/uploads\/2026\/04\/libertie-combi-babylone-cappucino.jpg\",\"datePublished\":\"2026-04-01T12:21:20+00:00\",\"dateModified\":\"2026-04-03T07:31:31+00:00\",\"description\":\"D\u00e9couvrez la combi Babylone de Libertie, une pi\u00e8ce qui allie confort, fluidit\u00e9 et style en toute simplicit\u00e9. Sa coupe fluide met votre silhouette en valeur.\",\"breadcrumb\":{\"@id\":\"https:\/\/www.lerendezvous.mu\/product\/combi-babylonne\/#breadcrumb\"},\"inLanguage\":\"en-US\",\"potentialAction\":[{\"@type\":\"ReadAction\",\"target\":[\"https:\/\/www.lerendezvous.mu\/product\/combi-babylonne\/\"]}]},{\"@type\":\"ImageObject\",\"inLanguage\":\"en-US\",\"@id\":\"https:\/\/www.lerendezvous.mu\/product\/combi-babylonne\/#primaryimage\",\"url\":\"https:\/\/www.lerendezvous.mu\/wp-content\/uploads\/2026\/04\/libertie-combi-babylone-cappucino.jpg\",\"contentUrl\":\"https:\/\/www.lerendezvous.mu\/wp-content\/uploads\/2026\/04\/libertie-combi-babylone-cappucino.jpg\",\"width\":6169,\"height\":9254},{\"@type\":\"BreadcrumbList\",\"@id\":\"https:\/\/www.lerendezvous.mu\/product\/combi-babylonne\/#breadcrumb\",\"itemListElement\":[{\"@type\":\"ListItem\",\"position\":1,\"name\":\"Home\",\"item\":\"https:\/\/www.lerendezvous.mu\/\"},{\"@type\":\"ListItem\",\"position\":2,\"name\":\"Shop\",\"item\":\"https:\/\/www.lerendezvous.mu\/shop\/\"},{\"@type\":\"ListItem\",\"position\":3,\"name\":\"Combi Babylonne\"}]},{\"@type\":\"WebSite\",\"@id\":\"https:\/\/www.lerendezvous.mu\/#website\",\"url\":\"https:\/\/www.lerendezvous.mu\/\",\"name\":\"Le Rendez-Vous\",\"description\":\"100% moricien\",\"publisher\":{\"@id\":\"https:\/\/www.lerendezvous.mu\/#organization\"},\"potentialAction\":[{\"@type\":\"SearchAction\",\"target\":{\"@type\":\"EntryPoint\",\"urlTemplate\":\"https:\/\/www.lerendezvous.mu\/?s={search_term_string}\"},\"query-input\":{\"@type\":\"PropertyValueSpecification\",\"valueRequired\":true,\"valueName\":\"search_term_string\"}}],\"inLanguage\":\"en-US\"},{\"@type\":\"Organization\",\"@id\":\"https:\/\/www.lerendezvous.mu\/#organization\",\"name\":\"Le Rendez-Vous\",\"url\":\"https:\/\/www.lerendezvous.mu\/\",\"logo\":{\"@type\":\"ImageObject\",\"inLanguage\":\"en-US\",\"@id\":\"https:\/\/www.lerendezvous.mu\/#\/schema\/logo\/image\/\",\"url\":\"https:\/\/www.lerendezvous.mu\/wp-content\/uploads\/2025\/10\/lrdv-logo.png\",\"contentUrl\":\"https:\/\/www.lerendezvous.mu\/wp-content\/uploads\/2025\/10\/lrdv-logo.png\",\"width\":568,\"height\":232,\"caption\":\"Le Rendez-Vous\"},\"image\":{\"@id\":\"https:\/\/www.lerendezvous.mu\/#\/schema\/logo\/image\/\"},\"sameAs\":[\"https:\/\/www.facebook.com\/lerendezvousmauritius\",\"https:\/\/www.instagram.com\/lerendezvous_mauritius\"]}]}<\/script>\n<!-- \/ Yoast SEO plugin. -->","yoast_head_json":{"title":"Combi Babylonne - Le Rendez-Vous","description":"D\u00e9couvrez la combi Babylone de Libertie, une pi\u00e8ce qui allie confort, fluidit\u00e9 et style en toute simplicit\u00e9. Sa coupe fluide met votre silhouette en valeur.","robots":{"index":"index","follow":"follow","max-snippet":"max-snippet:-1","max-image-preview":"max-image-preview:large","max-video-preview":"max-video-preview:-1"},"canonical":"https:\/\/www.lerendezvous.mu\/en\/product\/combi-babylonne\/","og_locale":"en_US","og_type":"article","og_title":"Combi Babylonne - Le Rendez-Vous","og_description":"D\u00e9couvrez la combi Babylone de Libertie, une pi\u00e8ce qui allie confort, fluidit\u00e9 et style en toute simplicit\u00e9. Sa coupe fluide met votre silhouette en valeur.","og_url":"https:\/\/www.lerendezvous.mu\/en\/product\/combi-babylonne\/","og_site_name":"Le Rendez-Vous","article_publisher":"https:\/\/www.facebook.com\/lerendezvousmauritius","article_modified_time":"2026-04-03T07:31:31+00:00","og_image":[{"width":683,"height":1024,"url":"https:\/\/www.lerendezvous.mu\/wp-content\/uploads\/2026\/04\/libertie-combi-babylone-cappucino-683x1024.jpg","type":"image\/jpeg"}],"twitter_card":"summary_large_image","twitter_misc":{"Est. reading time":"1 minute"},"schema":{"@context":"https:\/\/schema.org","@graph":[{"@type":"WebPage","@id":"https:\/\/www.lerendezvous.mu\/product\/combi-babylonne\/","url":"https:\/\/www.lerendezvous.mu\/product\/combi-babylonne\/","name":"Combi Babylonne - Le Rendez-Vous","isPartOf":{"@id":"https:\/\/www.lerendezvous.mu\/#website"},"primaryImageOfPage":{"@id":"https:\/\/www.lerendezvous.mu\/product\/combi-babylonne\/#primaryimage"},"image":{"@id":"https:\/\/www.lerendezvous.mu\/product\/combi-babylonne\/#primaryimage"},"thumbnailUrl":"https:\/\/www.lerendezvous.mu\/wp-content\/uploads\/2026\/04\/libertie-combi-babylone-cappucino.jpg","datePublished":"2026-04-01T12:21:20+00:00","dateModified":"2026-04-03T07:31:31+00:00","description":"D\u00e9couvrez la combi Babylone de Libertie, une pi\u00e8ce qui allie confort, fluidit\u00e9 et style en toute simplicit\u00e9. Sa coupe fluide met votre silhouette en valeur.","breadcrumb":{"@id":"https:\/\/www.lerendezvous.mu\/product\/combi-babylonne\/#breadcrumb"},"inLanguage":"en-US","potentialAction":[{"@type":"ReadAction","target":["https:\/\/www.lerendezvous.mu\/product\/combi-babylonne\/"]}]},{"@type":"ImageObject","inLanguage":"en-US","@id":"https:\/\/www.lerendezvous.mu\/product\/combi-babylonne\/#primaryimage","url":"https:\/\/www.lerendezvous.mu\/wp-content\/uploads\/2026\/04\/libertie-combi-babylone-cappucino.jpg","contentUrl":"https:\/\/www.lerendezvous.mu\/wp-content\/uploads\/2026\/04\/libertie-combi-babylone-cappucino.jpg","width":6169,"height":9254},{"@type":"BreadcrumbList","@id":"https:\/\/www.lerendezvous.mu\/product\/combi-babylonne\/#breadcrumb","itemListElement":[{"@type":"ListItem","position":1,"name":"Home","item":"https:\/\/www.lerendezvous.mu\/"},{"@type":"ListItem","position":2,"name":"Shop","item":"https:\/\/www.lerendezvous.mu\/shop\/"},{"@type":"ListItem","position":3,"name":"Combi Babylonne"}]},{"@type":"WebSite","@id":"https:\/\/www.lerendezvous.mu\/#website","url":"https:\/\/www.lerendezvous.mu\/","name":"Le Rendez-Vous","description":"100% moricien","publisher":{"@id":"https:\/\/www.lerendezvous.mu\/#organization"},"potentialAction":[{"@type":"SearchAction","target":{"@type":"EntryPoint","urlTemplate":"https:\/\/www.lerendezvous.mu\/?s={search_term_string}"},"query-input":{"@type":"PropertyValueSpecification","valueRequired":true,"valueName":"search_term_string"}}],"inLanguage":"en-US"},{"@type":"Organization","@id":"https:\/\/www.lerendezvous.mu\/#organization","name":"Le Rendez-Vous","url":"https:\/\/www.lerendezvous.mu\/","logo":{"@type":"ImageObject","inLanguage":"en-US","@id":"https:\/\/www.lerendezvous.mu\/#\/schema\/logo\/image\/","url":"https:\/\/www.lerendezvous.mu\/wp-content\/uploads\/2025\/10\/lrdv-logo.png","contentUrl":"https:\/\/www.lerendezvous.mu\/wp-content\/uploads\/2025\/10\/lrdv-logo.png","width":568,"height":232,"caption":"Le Rendez-Vous"},"image":{"@id":"https:\/\/www.lerendezvous.mu\/#\/schema\/logo\/image\/"},"sameAs":["https:\/\/www.facebook.com\/lerendezvousmauritius","https:\/\/www.instagram.com\/lerendezvous_mauritius"]}]}},"_links":{"self":[{"href":"https:\/\/www.lerendezvous.mu\/en\/wp-json\/wp\/v2\/product\/5477","targetHints":{"allow":["GET"]}}],"collection":[{"href":"https:\/\/www.lerendezvous.mu\/en\/wp-json\/wp\/v2\/product"}],"about":[{"href":"https:\/\/www.lerendezvous.mu\/en\/wp-json\/wp\/v2\/types\/product"}],"replies":[{"embeddable":true,"href":"https:\/\/www.lerendezvous.mu\/en\/wp-json\/wp\/v2\/comments?post=5477"}],"wp:featuredmedia":[{"embeddable":true,"href":"https:\/\/www.lerendezvous.mu\/en\/wp-json\/wp\/v2\/media\/5499"}],"wp:attachment":[{"href":"https:\/\/www.lerendezvous.mu\/en\/wp-json\/wp\/v2\/media?parent=5477"}],"wp:term":[{"taxonomy":"badge","embeddable":true,"href":"https:\/\/www.lerendezvous.mu\/en\/wp-json\/wp\/v2\/badge?post=5477"},{"taxonomy":"subtag","embeddable":true,"href":"https:\/\/www.lerendezvous.mu\/en\/wp-json\/wp\/v2\/subtag?post=5477"},{"taxonomy":"product_brand","embeddable":true,"href":"https:\/\/www.lerendezvous.mu\/en\/wp-json\/wp\/v2\/product_brand?post=5477"},{"taxonomy":"product_cat","embeddable":true,"href":"https:\/\/www.lerendezvous.mu\/en\/wp-json\/wp\/v2\/product_cat?post=5477"},{"taxonomy":"product_tag","embeddable":true,"href":"https:\/\/www.lerendezvous.mu\/en\/wp-json\/wp\/v2\/product_tag?post=5477"}],"curies":[{"name":"wp","href":"https:\/\/api.w.org\/{rel}","templated":true}]}}