{"id":5523,"date":"2026-04-07T12:37:20","date_gmt":"2026-04-07T08:37:20","guid":{"rendered":"https:\/\/www.lerendezvous.mu\/product\/robe-cassis\/"},"modified":"2026-04-07T13:31:20","modified_gmt":"2026-04-07T09:31:20","slug":"robe-cassis","status":"publish","type":"product","link":"https:\/\/www.lerendezvous.mu\/en\/product\/robe-cassis\/","title":{"rendered":"Robe Cassis"},"content":{"rendered":"<p>La Robe Cassis de Libertie respire la l\u00e9g\u00e8ret\u00e9 et l&rsquo;\u00e9l\u00e9gance sans effort. Avec sa coupe longue et fluide, ses fines bretelles et son buste d\u00e9licatement smock\u00e9, elle \u00e9pouse le haut du corps tout en laissant le mouvement s\u2019exprimer librement. Son motif vichy subtil et sa teinte douce apportent une touche fra\u00eeche, parfaite pour les journ\u00e9es ensoleill\u00e9es.<\/p>","protected":false},"excerpt":{"rendered":"<p>La Robe Cassis de Libertie respire la l\u00e9g\u00e8ret\u00e9 et l&rsquo;\u00e9l\u00e9gance sans effort. Avec sa coupe longue et fluide, ses fines bretelles et son buste d\u00e9licatement smock\u00e9, elle \u00e9pouse le haut du corps tout en laissant le mouvement s\u2019exprimer librement. Son motif vichy subtil et sa teinte douce apportent une touche fra\u00eeche, parfaite pour les journ\u00e9es [&hellip;]<\/p>\n","protected":false},"featured_media":5531,"comment_status":"open","ping_status":"closed","template":"","meta":{"_acf_changed":false},"badge":[168],"subtag":[24,167,31],"product_brand":[],"product_cat":[101],"product_tag":[99],"class_list":{"0":"post-5523","1":"product","2":"type-product","3":"status-publish","4":"has-post-thumbnail","6":"badge-nouveaute","7":"subtag-femme","8":"subtag-nos-nouveautes-vous-attendent","9":"subtag-robes","10":"product_cat-libertie","11":"product_tag-femme","13":"first","14":"instock","15":"taxable","16":"shipping-taxable","17":"purchasable","18":"product-type-variable"},"acf":[],"yoast_head":"<!-- This site is optimized with the Yoast SEO plugin v27.3 - https:\/\/yoast.com\/product\/yoast-seo-wordpress\/ -->\n<title>Robe Cassis - Le Rendez-Vous<\/title>\n<meta name=\"description\" content=\"La Robe Cassis de Libertie respire la l\u00e9g\u00e8ret\u00e9 et l&#039;\u00e9l\u00e9gance sans effort. Son haut smock\u00e9 \u00e9pouse le haut du corps pour un look ultre f\u00e9minin.\" \/>\n<meta name=\"robots\" content=\"index, follow, max-snippet:-1, max-image-preview:large, max-video-preview:-1\" \/>\n<link rel=\"canonical\" href=\"https:\/\/www.lerendezvous.mu\/en\/product\/robe-cassis\/\" \/>\n<meta property=\"og:locale\" content=\"en_US\" \/>\n<meta property=\"og:type\" content=\"article\" \/>\n<meta property=\"og:title\" content=\"Robe Cassis - Le Rendez-Vous\" \/>\n<meta property=\"og:description\" content=\"La Robe Cassis de Libertie respire la l\u00e9g\u00e8ret\u00e9 et l&#039;\u00e9l\u00e9gance sans effort. Son haut smock\u00e9 \u00e9pouse le haut du corps pour un look ultre f\u00e9minin.\" \/>\n<meta property=\"og:url\" content=\"https:\/\/www.lerendezvous.mu\/en\/product\/robe-cassis\/\" \/>\n<meta property=\"og:site_name\" content=\"Le Rendez-Vous\" \/>\n<meta property=\"article:publisher\" content=\"https:\/\/www.facebook.com\/lerendezvousmauritius\" \/>\n<meta property=\"article:modified_time\" content=\"2026-04-07T09:31:20+00:00\" \/>\n<meta property=\"og:image\" content=\"https:\/\/www.lerendezvous.mu\/wp-content\/uploads\/2026\/04\/libertie-robe-cassis-overview.jpg\" \/>\n\t<meta property=\"og:image:width\" content=\"1200\" \/>\n\t<meta property=\"og:image:height\" content=\"1800\" \/>\n\t<meta property=\"og:image:type\" content=\"image\/jpeg\" \/>\n<meta name=\"twitter:card\" content=\"summary_large_image\" \/>\n<meta name=\"twitter:label1\" content=\"Est. reading time\" \/>\n\t<meta name=\"twitter:data1\" content=\"1 minute\" \/>\n<script type=\"application\/ld+json\" class=\"yoast-schema-graph\">{\"@context\":\"https:\\\/\\\/schema.org\",\"@graph\":[{\"@type\":\"WebPage\",\"@id\":\"https:\\\/\\\/www.lerendezvous.mu\\\/product\\\/robe-cassis\\\/\",\"url\":\"https:\\\/\\\/www.lerendezvous.mu\\\/product\\\/robe-cassis\\\/\",\"name\":\"Robe Cassis - Le Rendez-Vous\",\"isPartOf\":{\"@id\":\"https:\\\/\\\/www.lerendezvous.mu\\\/#website\"},\"primaryImageOfPage\":{\"@id\":\"https:\\\/\\\/www.lerendezvous.mu\\\/product\\\/robe-cassis\\\/#primaryimage\"},\"image\":{\"@id\":\"https:\\\/\\\/www.lerendezvous.mu\\\/product\\\/robe-cassis\\\/#primaryimage\"},\"thumbnailUrl\":\"https:\\\/\\\/www.lerendezvous.mu\\\/wp-content\\\/uploads\\\/2026\\\/04\\\/libertie-robe-cassis-overview.jpg\",\"datePublished\":\"2026-04-07T08:37:20+00:00\",\"dateModified\":\"2026-04-07T09:31:20+00:00\",\"description\":\"La Robe Cassis de Libertie respire la l\u00e9g\u00e8ret\u00e9 et l'\u00e9l\u00e9gance sans effort. Son haut smock\u00e9 \u00e9pouse le haut du corps pour un look ultre f\u00e9minin.\",\"breadcrumb\":{\"@id\":\"https:\\\/\\\/www.lerendezvous.mu\\\/product\\\/robe-cassis\\\/#breadcrumb\"},\"inLanguage\":\"en-US\",\"potentialAction\":[{\"@type\":\"ReadAction\",\"target\":[\"https:\\\/\\\/www.lerendezvous.mu\\\/product\\\/robe-cassis\\\/\"]}]},{\"@type\":\"ImageObject\",\"inLanguage\":\"en-US\",\"@id\":\"https:\\\/\\\/www.lerendezvous.mu\\\/product\\\/robe-cassis\\\/#primaryimage\",\"url\":\"https:\\\/\\\/www.lerendezvous.mu\\\/wp-content\\\/uploads\\\/2026\\\/04\\\/libertie-robe-cassis-overview.jpg\",\"contentUrl\":\"https:\\\/\\\/www.lerendezvous.mu\\\/wp-content\\\/uploads\\\/2026\\\/04\\\/libertie-robe-cassis-overview.jpg\",\"width\":1200,\"height\":1800},{\"@type\":\"BreadcrumbList\",\"@id\":\"https:\\\/\\\/www.lerendezvous.mu\\\/product\\\/robe-cassis\\\/#breadcrumb\",\"itemListElement\":[{\"@type\":\"ListItem\",\"position\":1,\"name\":\"Home\",\"item\":\"https:\\\/\\\/www.lerendezvous.mu\\\/\"},{\"@type\":\"ListItem\",\"position\":2,\"name\":\"Shop\",\"item\":\"https:\\\/\\\/www.lerendezvous.mu\\\/shop\\\/\"},{\"@type\":\"ListItem\",\"position\":3,\"name\":\"Robe Cassis\"}]},{\"@type\":\"WebSite\",\"@id\":\"https:\\\/\\\/www.lerendezvous.mu\\\/#website\",\"url\":\"https:\\\/\\\/www.lerendezvous.mu\\\/\",\"name\":\"Le Rendez-Vous\",\"description\":\"100% moricien\",\"publisher\":{\"@id\":\"https:\\\/\\\/www.lerendezvous.mu\\\/#organization\"},\"potentialAction\":[{\"@type\":\"SearchAction\",\"target\":{\"@type\":\"EntryPoint\",\"urlTemplate\":\"https:\\\/\\\/www.lerendezvous.mu\\\/?s={search_term_string}\"},\"query-input\":{\"@type\":\"PropertyValueSpecification\",\"valueRequired\":true,\"valueName\":\"search_term_string\"}}],\"inLanguage\":\"en-US\"},{\"@type\":\"Organization\",\"@id\":\"https:\\\/\\\/www.lerendezvous.mu\\\/#organization\",\"name\":\"Le Rendez-Vous\",\"url\":\"https:\\\/\\\/www.lerendezvous.mu\\\/\",\"logo\":{\"@type\":\"ImageObject\",\"inLanguage\":\"en-US\",\"@id\":\"https:\\\/\\\/www.lerendezvous.mu\\\/#\\\/schema\\\/logo\\\/image\\\/\",\"url\":\"https:\\\/\\\/www.lerendezvous.mu\\\/wp-content\\\/uploads\\\/2025\\\/10\\\/lrdv-logo.png\",\"contentUrl\":\"https:\\\/\\\/www.lerendezvous.mu\\\/wp-content\\\/uploads\\\/2025\\\/10\\\/lrdv-logo.png\",\"width\":568,\"height\":232,\"caption\":\"Le Rendez-Vous\"},\"image\":{\"@id\":\"https:\\\/\\\/www.lerendezvous.mu\\\/#\\\/schema\\\/logo\\\/image\\\/\"},\"sameAs\":[\"https:\\\/\\\/www.facebook.com\\\/lerendezvousmauritius\",\"https:\\\/\\\/www.instagram.com\\\/lerendezvous_mauritius\"]}]}<\/script>\n<!-- \/ Yoast SEO plugin. -->","yoast_head_json":{"title":"Robe Cassis - Le Rendez-Vous","description":"La Robe Cassis de Libertie respire la l\u00e9g\u00e8ret\u00e9 et l'\u00e9l\u00e9gance sans effort. Son haut smock\u00e9 \u00e9pouse le haut du corps pour un look ultre f\u00e9minin.","robots":{"index":"index","follow":"follow","max-snippet":"max-snippet:-1","max-image-preview":"max-image-preview:large","max-video-preview":"max-video-preview:-1"},"canonical":"https:\/\/www.lerendezvous.mu\/en\/product\/robe-cassis\/","og_locale":"en_US","og_type":"article","og_title":"Robe Cassis - Le Rendez-Vous","og_description":"La Robe Cassis de Libertie respire la l\u00e9g\u00e8ret\u00e9 et l'\u00e9l\u00e9gance sans effort. Son haut smock\u00e9 \u00e9pouse le haut du corps pour un look ultre f\u00e9minin.","og_url":"https:\/\/www.lerendezvous.mu\/en\/product\/robe-cassis\/","og_site_name":"Le Rendez-Vous","article_publisher":"https:\/\/www.facebook.com\/lerendezvousmauritius","article_modified_time":"2026-04-07T09:31:20+00:00","og_image":[{"width":1200,"height":1800,"url":"https:\/\/www.lerendezvous.mu\/wp-content\/uploads\/2026\/04\/libertie-robe-cassis-overview.jpg","type":"image\/jpeg"}],"twitter_card":"summary_large_image","twitter_misc":{"Est. reading time":"1 minute"},"schema":{"@context":"https:\/\/schema.org","@graph":[{"@type":"WebPage","@id":"https:\/\/www.lerendezvous.mu\/product\/robe-cassis\/","url":"https:\/\/www.lerendezvous.mu\/product\/robe-cassis\/","name":"Robe Cassis - Le Rendez-Vous","isPartOf":{"@id":"https:\/\/www.lerendezvous.mu\/#website"},"primaryImageOfPage":{"@id":"https:\/\/www.lerendezvous.mu\/product\/robe-cassis\/#primaryimage"},"image":{"@id":"https:\/\/www.lerendezvous.mu\/product\/robe-cassis\/#primaryimage"},"thumbnailUrl":"https:\/\/www.lerendezvous.mu\/wp-content\/uploads\/2026\/04\/libertie-robe-cassis-overview.jpg","datePublished":"2026-04-07T08:37:20+00:00","dateModified":"2026-04-07T09:31:20+00:00","description":"La Robe Cassis de Libertie respire la l\u00e9g\u00e8ret\u00e9 et l'\u00e9l\u00e9gance sans effort. Son haut smock\u00e9 \u00e9pouse le haut du corps pour un look ultre f\u00e9minin.","breadcrumb":{"@id":"https:\/\/www.lerendezvous.mu\/product\/robe-cassis\/#breadcrumb"},"inLanguage":"en-US","potentialAction":[{"@type":"ReadAction","target":["https:\/\/www.lerendezvous.mu\/product\/robe-cassis\/"]}]},{"@type":"ImageObject","inLanguage":"en-US","@id":"https:\/\/www.lerendezvous.mu\/product\/robe-cassis\/#primaryimage","url":"https:\/\/www.lerendezvous.mu\/wp-content\/uploads\/2026\/04\/libertie-robe-cassis-overview.jpg","contentUrl":"https:\/\/www.lerendezvous.mu\/wp-content\/uploads\/2026\/04\/libertie-robe-cassis-overview.jpg","width":1200,"height":1800},{"@type":"BreadcrumbList","@id":"https:\/\/www.lerendezvous.mu\/product\/robe-cassis\/#breadcrumb","itemListElement":[{"@type":"ListItem","position":1,"name":"Home","item":"https:\/\/www.lerendezvous.mu\/"},{"@type":"ListItem","position":2,"name":"Shop","item":"https:\/\/www.lerendezvous.mu\/shop\/"},{"@type":"ListItem","position":3,"name":"Robe Cassis"}]},{"@type":"WebSite","@id":"https:\/\/www.lerendezvous.mu\/#website","url":"https:\/\/www.lerendezvous.mu\/","name":"Le Rendez-Vous","description":"100% moricien","publisher":{"@id":"https:\/\/www.lerendezvous.mu\/#organization"},"potentialAction":[{"@type":"SearchAction","target":{"@type":"EntryPoint","urlTemplate":"https:\/\/www.lerendezvous.mu\/?s={search_term_string}"},"query-input":{"@type":"PropertyValueSpecification","valueRequired":true,"valueName":"search_term_string"}}],"inLanguage":"en-US"},{"@type":"Organization","@id":"https:\/\/www.lerendezvous.mu\/#organization","name":"Le Rendez-Vous","url":"https:\/\/www.lerendezvous.mu\/","logo":{"@type":"ImageObject","inLanguage":"en-US","@id":"https:\/\/www.lerendezvous.mu\/#\/schema\/logo\/image\/","url":"https:\/\/www.lerendezvous.mu\/wp-content\/uploads\/2025\/10\/lrdv-logo.png","contentUrl":"https:\/\/www.lerendezvous.mu\/wp-content\/uploads\/2025\/10\/lrdv-logo.png","width":568,"height":232,"caption":"Le Rendez-Vous"},"image":{"@id":"https:\/\/www.lerendezvous.mu\/#\/schema\/logo\/image\/"},"sameAs":["https:\/\/www.facebook.com\/lerendezvousmauritius","https:\/\/www.instagram.com\/lerendezvous_mauritius"]}]}},"_links":{"self":[{"href":"https:\/\/www.lerendezvous.mu\/en\/wp-json\/wp\/v2\/product\/5523","targetHints":{"allow":["GET"]}}],"collection":[{"href":"https:\/\/www.lerendezvous.mu\/en\/wp-json\/wp\/v2\/product"}],"about":[{"href":"https:\/\/www.lerendezvous.mu\/en\/wp-json\/wp\/v2\/types\/product"}],"replies":[{"embeddable":true,"href":"https:\/\/www.lerendezvous.mu\/en\/wp-json\/wp\/v2\/comments?post=5523"}],"wp:featuredmedia":[{"embeddable":true,"href":"https:\/\/www.lerendezvous.mu\/en\/wp-json\/wp\/v2\/media\/5531"}],"wp:attachment":[{"href":"https:\/\/www.lerendezvous.mu\/en\/wp-json\/wp\/v2\/media?parent=5523"}],"wp:term":[{"taxonomy":"badge","embeddable":true,"href":"https:\/\/www.lerendezvous.mu\/en\/wp-json\/wp\/v2\/badge?post=5523"},{"taxonomy":"subtag","embeddable":true,"href":"https:\/\/www.lerendezvous.mu\/en\/wp-json\/wp\/v2\/subtag?post=5523"},{"taxonomy":"product_brand","embeddable":true,"href":"https:\/\/www.lerendezvous.mu\/en\/wp-json\/wp\/v2\/product_brand?post=5523"},{"taxonomy":"product_cat","embeddable":true,"href":"https:\/\/www.lerendezvous.mu\/en\/wp-json\/wp\/v2\/product_cat?post=5523"},{"taxonomy":"product_tag","embeddable":true,"href":"https:\/\/www.lerendezvous.mu\/en\/wp-json\/wp\/v2\/product_tag?post=5523"}],"curies":[{"name":"wp","href":"https:\/\/api.w.org\/{rel}","templated":true}]}}