{"id":5707,"date":"2026-04-16T15:21:38","date_gmt":"2026-04-16T11:21:38","guid":{"rendered":"https:\/\/www.lerendezvous.mu\/product\/lilochat\/"},"modified":"2026-04-16T15:35:28","modified_gmt":"2026-04-16T11:35:28","slug":"lilochat","status":"publish","type":"product","link":"https:\/\/www.lerendezvous.mu\/en\/product\/lilochat\/","title":{"rendered":"Lilochat"},"content":{"rendered":"<p class=\"p2\">Les sandales Lilochat jouent sur des brides fines qui \u00e9pousent joliment le pied. Avec leur semelle plate et leur bride \u00e0 la cheville, elles sont aussi confortables que faciles \u00e0 porter au quotidien. Des sandales id\u00e9ales pour compl\u00e9menter votre look au quotidien.<\/p>\n<p>Fabriqu\u00e9es \u00e1 partir de cuir composite.<\/p>","protected":false},"excerpt":{"rendered":"<p>Les sandales Lilochat jouent sur des brides fines qui \u00e9pousent joliment le pied. Avec leur semelle plate et leur bride \u00e0 la cheville, elles sont aussi confortables que faciles \u00e0 porter au quotidien. Des sandales id\u00e9ales pour compl\u00e9menter votre look au quotidien. Fabriqu\u00e9es \u00e1 partir de cuir composite.<\/p>","protected":false},"featured_media":5730,"comment_status":"open","ping_status":"closed","template":"","meta":{"_acf_changed":false},"badge":[168],"subtag":[24,167,36],"product_brand":[],"product_cat":[21],"product_tag":[148],"class_list":{"0":"post-5707","1":"product","2":"type-product","3":"status-publish","4":"has-post-thumbnail","6":"badge-nouveaute","7":"subtag-femme","8":"subtag-nos-nouveautes-vous-attendent","9":"subtag-sandales","10":"product_cat-goyave","11":"product_tag-chaussures","13":"first","14":"instock","15":"taxable","16":"shipping-taxable","17":"purchasable","18":"product-type-variable"},"acf":[],"yoast_head":"<!-- This site is optimized with the Yoast SEO plugin v27.3 - https:\/\/yoast.com\/product\/yoast-seo-wordpress\/ -->\n<title>Lilochat - Le Rendez-Vous<\/title>\n<meta name=\"description\" content=\"Les sandales Lilochat ont des brides fines qui \u00e9pousent joliment le pied et la cheville. Elles sont aussi confortables que faciles \u00e0 porter au quotidien.\" \/>\n<meta name=\"robots\" content=\"index, follow, max-snippet:-1, max-image-preview:large, max-video-preview:-1\" \/>\n<link rel=\"canonical\" href=\"https:\/\/www.lerendezvous.mu\/en\/product\/lilochat\/\" \/>\n<meta property=\"og:locale\" content=\"en_US\" \/>\n<meta property=\"og:type\" content=\"article\" \/>\n<meta property=\"og:title\" content=\"Lilochat - Le Rendez-Vous\" \/>\n<meta property=\"og:description\" content=\"Les sandales Lilochat ont des brides fines qui \u00e9pousent joliment le pied et la cheville. Elles sont aussi confortables que faciles \u00e0 porter au quotidien.\" \/>\n<meta property=\"og:url\" content=\"https:\/\/www.lerendezvous.mu\/en\/product\/lilochat\/\" \/>\n<meta property=\"og:site_name\" content=\"Le Rendez-Vous\" \/>\n<meta property=\"article:publisher\" content=\"https:\/\/www.facebook.com\/lerendezvousmauritius\" \/>\n<meta property=\"article:modified_time\" content=\"2026-04-16T11:35:28+00:00\" \/>\n<meta property=\"og:image\" content=\"https:\/\/www.lerendezvous.mu\/wp-content\/uploads\/2026\/04\/goyave-sandales-lilochat.jpg\" \/>\n\t<meta property=\"og:image:width\" content=\"854\" \/>\n\t<meta property=\"og:image:height\" content=\"1280\" \/>\n\t<meta property=\"og:image:type\" content=\"image\/jpeg\" \/>\n<meta name=\"twitter:card\" content=\"summary_large_image\" \/>\n<meta name=\"twitter:label1\" content=\"Est. reading time\" \/>\n\t<meta name=\"twitter:data1\" content=\"1 minute\" \/>\n<script type=\"application\/ld+json\" class=\"yoast-schema-graph\">{\"@context\":\"https:\\\/\\\/schema.org\",\"@graph\":[{\"@type\":\"WebPage\",\"@id\":\"https:\\\/\\\/www.lerendezvous.mu\\\/product\\\/lilochat\\\/\",\"url\":\"https:\\\/\\\/www.lerendezvous.mu\\\/product\\\/lilochat\\\/\",\"name\":\"Lilochat - Le Rendez-Vous\",\"isPartOf\":{\"@id\":\"https:\\\/\\\/www.lerendezvous.mu\\\/#website\"},\"primaryImageOfPage\":{\"@id\":\"https:\\\/\\\/www.lerendezvous.mu\\\/product\\\/lilochat\\\/#primaryimage\"},\"image\":{\"@id\":\"https:\\\/\\\/www.lerendezvous.mu\\\/product\\\/lilochat\\\/#primaryimage\"},\"thumbnailUrl\":\"https:\\\/\\\/www.lerendezvous.mu\\\/wp-content\\\/uploads\\\/2026\\\/04\\\/goyave-sandales-lilochat.jpg\",\"datePublished\":\"2026-04-16T11:21:38+00:00\",\"dateModified\":\"2026-04-16T11:35:28+00:00\",\"description\":\"Les sandales Lilochat ont des brides fines qui \u00e9pousent joliment le pied et la cheville. Elles sont aussi confortables que faciles \u00e0 porter au quotidien.\",\"breadcrumb\":{\"@id\":\"https:\\\/\\\/www.lerendezvous.mu\\\/product\\\/lilochat\\\/#breadcrumb\"},\"inLanguage\":\"en-US\",\"potentialAction\":[{\"@type\":\"ReadAction\",\"target\":[\"https:\\\/\\\/www.lerendezvous.mu\\\/product\\\/lilochat\\\/\"]}]},{\"@type\":\"ImageObject\",\"inLanguage\":\"en-US\",\"@id\":\"https:\\\/\\\/www.lerendezvous.mu\\\/product\\\/lilochat\\\/#primaryimage\",\"url\":\"https:\\\/\\\/www.lerendezvous.mu\\\/wp-content\\\/uploads\\\/2026\\\/04\\\/goyave-sandales-lilochat.jpg\",\"contentUrl\":\"https:\\\/\\\/www.lerendezvous.mu\\\/wp-content\\\/uploads\\\/2026\\\/04\\\/goyave-sandales-lilochat.jpg\",\"width\":854,\"height\":1280},{\"@type\":\"BreadcrumbList\",\"@id\":\"https:\\\/\\\/www.lerendezvous.mu\\\/product\\\/lilochat\\\/#breadcrumb\",\"itemListElement\":[{\"@type\":\"ListItem\",\"position\":1,\"name\":\"Home\",\"item\":\"https:\\\/\\\/www.lerendezvous.mu\\\/\"},{\"@type\":\"ListItem\",\"position\":2,\"name\":\"Shop\",\"item\":\"https:\\\/\\\/www.lerendezvous.mu\\\/shop\\\/\"},{\"@type\":\"ListItem\",\"position\":3,\"name\":\"Lilochat\"}]},{\"@type\":\"WebSite\",\"@id\":\"https:\\\/\\\/www.lerendezvous.mu\\\/#website\",\"url\":\"https:\\\/\\\/www.lerendezvous.mu\\\/\",\"name\":\"Le Rendez-Vous\",\"description\":\"100% moricien\",\"publisher\":{\"@id\":\"https:\\\/\\\/www.lerendezvous.mu\\\/#organization\"},\"potentialAction\":[{\"@type\":\"SearchAction\",\"target\":{\"@type\":\"EntryPoint\",\"urlTemplate\":\"https:\\\/\\\/www.lerendezvous.mu\\\/?s={search_term_string}\"},\"query-input\":{\"@type\":\"PropertyValueSpecification\",\"valueRequired\":true,\"valueName\":\"search_term_string\"}}],\"inLanguage\":\"en-US\"},{\"@type\":\"Organization\",\"@id\":\"https:\\\/\\\/www.lerendezvous.mu\\\/#organization\",\"name\":\"Le Rendez-Vous\",\"url\":\"https:\\\/\\\/www.lerendezvous.mu\\\/\",\"logo\":{\"@type\":\"ImageObject\",\"inLanguage\":\"en-US\",\"@id\":\"https:\\\/\\\/www.lerendezvous.mu\\\/#\\\/schema\\\/logo\\\/image\\\/\",\"url\":\"https:\\\/\\\/www.lerendezvous.mu\\\/wp-content\\\/uploads\\\/2025\\\/10\\\/lrdv-logo.png\",\"contentUrl\":\"https:\\\/\\\/www.lerendezvous.mu\\\/wp-content\\\/uploads\\\/2025\\\/10\\\/lrdv-logo.png\",\"width\":568,\"height\":232,\"caption\":\"Le Rendez-Vous\"},\"image\":{\"@id\":\"https:\\\/\\\/www.lerendezvous.mu\\\/#\\\/schema\\\/logo\\\/image\\\/\"},\"sameAs\":[\"https:\\\/\\\/www.facebook.com\\\/lerendezvousmauritius\",\"https:\\\/\\\/www.instagram.com\\\/lerendezvous_mauritius\"]}]}<\/script>\n<!-- \/ Yoast SEO plugin. -->","yoast_head_json":{"title":"Lilochat - Le Rendez-Vous","description":"Les sandales Lilochat ont des brides fines qui \u00e9pousent joliment le pied et la cheville. Elles sont aussi confortables que faciles \u00e0 porter au quotidien.","robots":{"index":"index","follow":"follow","max-snippet":"max-snippet:-1","max-image-preview":"max-image-preview:large","max-video-preview":"max-video-preview:-1"},"canonical":"https:\/\/www.lerendezvous.mu\/en\/product\/lilochat\/","og_locale":"en_US","og_type":"article","og_title":"Lilochat - Le Rendez-Vous","og_description":"Les sandales Lilochat ont des brides fines qui \u00e9pousent joliment le pied et la cheville. Elles sont aussi confortables que faciles \u00e0 porter au quotidien.","og_url":"https:\/\/www.lerendezvous.mu\/en\/product\/lilochat\/","og_site_name":"Le Rendez-Vous","article_publisher":"https:\/\/www.facebook.com\/lerendezvousmauritius","article_modified_time":"2026-04-16T11:35:28+00:00","og_image":[{"width":854,"height":1280,"url":"https:\/\/www.lerendezvous.mu\/wp-content\/uploads\/2026\/04\/goyave-sandales-lilochat.jpg","type":"image\/jpeg"}],"twitter_card":"summary_large_image","twitter_misc":{"Est. reading time":"1 minute"},"schema":{"@context":"https:\/\/schema.org","@graph":[{"@type":"WebPage","@id":"https:\/\/www.lerendezvous.mu\/product\/lilochat\/","url":"https:\/\/www.lerendezvous.mu\/product\/lilochat\/","name":"Lilochat - Le Rendez-Vous","isPartOf":{"@id":"https:\/\/www.lerendezvous.mu\/#website"},"primaryImageOfPage":{"@id":"https:\/\/www.lerendezvous.mu\/product\/lilochat\/#primaryimage"},"image":{"@id":"https:\/\/www.lerendezvous.mu\/product\/lilochat\/#primaryimage"},"thumbnailUrl":"https:\/\/www.lerendezvous.mu\/wp-content\/uploads\/2026\/04\/goyave-sandales-lilochat.jpg","datePublished":"2026-04-16T11:21:38+00:00","dateModified":"2026-04-16T11:35:28+00:00","description":"Les sandales Lilochat ont des brides fines qui \u00e9pousent joliment le pied et la cheville. Elles sont aussi confortables que faciles \u00e0 porter au quotidien.","breadcrumb":{"@id":"https:\/\/www.lerendezvous.mu\/product\/lilochat\/#breadcrumb"},"inLanguage":"en-US","potentialAction":[{"@type":"ReadAction","target":["https:\/\/www.lerendezvous.mu\/product\/lilochat\/"]}]},{"@type":"ImageObject","inLanguage":"en-US","@id":"https:\/\/www.lerendezvous.mu\/product\/lilochat\/#primaryimage","url":"https:\/\/www.lerendezvous.mu\/wp-content\/uploads\/2026\/04\/goyave-sandales-lilochat.jpg","contentUrl":"https:\/\/www.lerendezvous.mu\/wp-content\/uploads\/2026\/04\/goyave-sandales-lilochat.jpg","width":854,"height":1280},{"@type":"BreadcrumbList","@id":"https:\/\/www.lerendezvous.mu\/product\/lilochat\/#breadcrumb","itemListElement":[{"@type":"ListItem","position":1,"name":"Home","item":"https:\/\/www.lerendezvous.mu\/"},{"@type":"ListItem","position":2,"name":"Shop","item":"https:\/\/www.lerendezvous.mu\/shop\/"},{"@type":"ListItem","position":3,"name":"Lilochat"}]},{"@type":"WebSite","@id":"https:\/\/www.lerendezvous.mu\/#website","url":"https:\/\/www.lerendezvous.mu\/","name":"Le Rendez-Vous","description":"100% moricien","publisher":{"@id":"https:\/\/www.lerendezvous.mu\/#organization"},"potentialAction":[{"@type":"SearchAction","target":{"@type":"EntryPoint","urlTemplate":"https:\/\/www.lerendezvous.mu\/?s={search_term_string}"},"query-input":{"@type":"PropertyValueSpecification","valueRequired":true,"valueName":"search_term_string"}}],"inLanguage":"en-US"},{"@type":"Organization","@id":"https:\/\/www.lerendezvous.mu\/#organization","name":"Le Rendez-Vous","url":"https:\/\/www.lerendezvous.mu\/","logo":{"@type":"ImageObject","inLanguage":"en-US","@id":"https:\/\/www.lerendezvous.mu\/#\/schema\/logo\/image\/","url":"https:\/\/www.lerendezvous.mu\/wp-content\/uploads\/2025\/10\/lrdv-logo.png","contentUrl":"https:\/\/www.lerendezvous.mu\/wp-content\/uploads\/2025\/10\/lrdv-logo.png","width":568,"height":232,"caption":"Le Rendez-Vous"},"image":{"@id":"https:\/\/www.lerendezvous.mu\/#\/schema\/logo\/image\/"},"sameAs":["https:\/\/www.facebook.com\/lerendezvousmauritius","https:\/\/www.instagram.com\/lerendezvous_mauritius"]}]}},"_links":{"self":[{"href":"https:\/\/www.lerendezvous.mu\/en\/wp-json\/wp\/v2\/product\/5707","targetHints":{"allow":["GET"]}}],"collection":[{"href":"https:\/\/www.lerendezvous.mu\/en\/wp-json\/wp\/v2\/product"}],"about":[{"href":"https:\/\/www.lerendezvous.mu\/en\/wp-json\/wp\/v2\/types\/product"}],"replies":[{"embeddable":true,"href":"https:\/\/www.lerendezvous.mu\/en\/wp-json\/wp\/v2\/comments?post=5707"}],"wp:featuredmedia":[{"embeddable":true,"href":"https:\/\/www.lerendezvous.mu\/en\/wp-json\/wp\/v2\/media\/5730"}],"wp:attachment":[{"href":"https:\/\/www.lerendezvous.mu\/en\/wp-json\/wp\/v2\/media?parent=5707"}],"wp:term":[{"taxonomy":"badge","embeddable":true,"href":"https:\/\/www.lerendezvous.mu\/en\/wp-json\/wp\/v2\/badge?post=5707"},{"taxonomy":"subtag","embeddable":true,"href":"https:\/\/www.lerendezvous.mu\/en\/wp-json\/wp\/v2\/subtag?post=5707"},{"taxonomy":"product_brand","embeddable":true,"href":"https:\/\/www.lerendezvous.mu\/en\/wp-json\/wp\/v2\/product_brand?post=5707"},{"taxonomy":"product_cat","embeddable":true,"href":"https:\/\/www.lerendezvous.mu\/en\/wp-json\/wp\/v2\/product_cat?post=5707"},{"taxonomy":"product_tag","embeddable":true,"href":"https:\/\/www.lerendezvous.mu\/en\/wp-json\/wp\/v2\/product_tag?post=5707"}],"curies":[{"name":"wp","href":"https:\/\/api.w.org\/{rel}","templated":true}]}}