{"id":5738,"date":"2026-04-20T13:01:09","date_gmt":"2026-04-20T09:01:09","guid":{"rendered":"https:\/\/www.lerendezvous.mu\/product\/sand\/"},"modified":"2026-04-23T13:35:19","modified_gmt":"2026-04-23T09:35:19","slug":"sand","status":"publish","type":"product","link":"https:\/\/www.lerendezvous.mu\/en\/product\/sand\/","title":{"rendered":"Sand"},"content":{"rendered":"<p>Le top Sand joue la carte de l&rsquo;\u00e9l\u00e9gance naturelle avec son encolure structur\u00e9 qui d\u00e9voile les \u00e9paules avec d\u00e9licatesse. Nou\u00e9 au dos, il d\u00e9voile subtilement la silhouette tout en apportant une touche f\u00e9minine et moderne. Facile \u00e0 associer, c&rsquo;est la pi\u00e8ce id\u00e9ale pour un look chic sans effort.<\/p>","protected":false},"excerpt":{"rendered":"<p>Le top Sand joue la carte de l&rsquo;\u00e9l\u00e9gance naturelle avec son encolure structur\u00e9 qui d\u00e9voile les \u00e9paules avec d\u00e9licatesse. Nou\u00e9 au dos, il d\u00e9voile subtilement la silhouette tout en apportant une touche f\u00e9minine et moderne. Facile \u00e0 associer, c&rsquo;est la pi\u00e8ce id\u00e9ale pour un look chic sans effort.<\/p>","protected":false},"featured_media":5748,"comment_status":"open","ping_status":"closed","template":"","meta":{"_acf_changed":false},"badge":[168],"subtag":[24,167,30],"product_brand":[],"product_cat":[151],"product_tag":[99],"class_list":{"0":"post-5738","1":"product","2":"type-product","3":"status-publish","4":"has-post-thumbnail","6":"badge-nouveaute","7":"subtag-femme","8":"subtag-nos-nouveautes-vous-attendent","9":"subtag-tops","10":"product_cat-saskia","11":"product_tag-femme","13":"first","14":"instock","15":"taxable","16":"shipping-taxable","17":"purchasable","18":"product-type-variable"},"acf":[],"yoast_head":"<!-- This site is optimized with the Yoast SEO plugin v27.5 - https:\/\/yoast.com\/product\/yoast-seo-wordpress\/ -->\n<title>Sand - Le Rendez-Vous<\/title>\n<meta name=\"description\" content=\"Le top Sand joue la carte de l&#039;\u00e9l\u00e9gance avec son encolure structur\u00e9 qui d\u00e9voile les \u00e9paules. Nou\u00e9 au dos, il d\u00e9voile subtilement la silhouette.\" \/>\n<meta name=\"robots\" content=\"index, follow, max-snippet:-1, max-image-preview:large, max-video-preview:-1\" \/>\n<link rel=\"canonical\" href=\"https:\/\/www.lerendezvous.mu\/en\/product\/sand\/\" \/>\n<meta property=\"og:locale\" content=\"en_US\" \/>\n<meta property=\"og:type\" content=\"article\" \/>\n<meta property=\"og:title\" content=\"Sand - Le Rendez-Vous\" \/>\n<meta property=\"og:description\" content=\"Le top Sand joue la carte de l&#039;\u00e9l\u00e9gance avec son encolure structur\u00e9 qui d\u00e9voile les \u00e9paules. Nou\u00e9 au dos, il d\u00e9voile subtilement la silhouette.\" \/>\n<meta property=\"og:url\" content=\"https:\/\/www.lerendezvous.mu\/en\/product\/sand\/\" \/>\n<meta property=\"og:site_name\" content=\"Le Rendez-Vous\" \/>\n<meta property=\"article:publisher\" content=\"https:\/\/www.facebook.com\/lerendezvousmauritius\" \/>\n<meta property=\"article:modified_time\" content=\"2026-04-23T09:35:19+00:00\" \/>\n<meta property=\"og:image\" content=\"https:\/\/www.lerendezvous.mu\/wp-content\/uploads\/2026\/04\/saskia-top-sand.jpg\" \/>\n\t<meta property=\"og:image:width\" content=\"1300\" \/>\n\t<meta property=\"og:image:height\" content=\"1950\" \/>\n\t<meta property=\"og:image:type\" content=\"image\/jpeg\" \/>\n<meta name=\"twitter:card\" content=\"summary_large_image\" \/>\n<meta name=\"twitter:label1\" content=\"Est. reading time\" \/>\n\t<meta name=\"twitter:data1\" content=\"1 minute\" \/>\n<script type=\"application\/ld+json\" class=\"yoast-schema-graph\">{\"@context\":\"https:\\\/\\\/schema.org\",\"@graph\":[{\"@type\":\"WebPage\",\"@id\":\"https:\\\/\\\/www.lerendezvous.mu\\\/product\\\/sand\\\/\",\"url\":\"https:\\\/\\\/www.lerendezvous.mu\\\/product\\\/sand\\\/\",\"name\":\"Sand - Le Rendez-Vous\",\"isPartOf\":{\"@id\":\"https:\\\/\\\/www.lerendezvous.mu\\\/#website\"},\"primaryImageOfPage\":{\"@id\":\"https:\\\/\\\/www.lerendezvous.mu\\\/product\\\/sand\\\/#primaryimage\"},\"image\":{\"@id\":\"https:\\\/\\\/www.lerendezvous.mu\\\/product\\\/sand\\\/#primaryimage\"},\"thumbnailUrl\":\"https:\\\/\\\/www.lerendezvous.mu\\\/wp-content\\\/uploads\\\/2026\\\/04\\\/saskia-top-sand.jpg\",\"datePublished\":\"2026-04-20T09:01:09+00:00\",\"dateModified\":\"2026-04-23T09:35:19+00:00\",\"description\":\"Le top Sand joue la carte de l'\u00e9l\u00e9gance avec son encolure structur\u00e9 qui d\u00e9voile les \u00e9paules. Nou\u00e9 au dos, il d\u00e9voile subtilement la silhouette.\",\"breadcrumb\":{\"@id\":\"https:\\\/\\\/www.lerendezvous.mu\\\/product\\\/sand\\\/#breadcrumb\"},\"inLanguage\":\"en-US\",\"potentialAction\":[{\"@type\":\"ReadAction\",\"target\":[\"https:\\\/\\\/www.lerendezvous.mu\\\/product\\\/sand\\\/\"]}]},{\"@type\":\"ImageObject\",\"inLanguage\":\"en-US\",\"@id\":\"https:\\\/\\\/www.lerendezvous.mu\\\/product\\\/sand\\\/#primaryimage\",\"url\":\"https:\\\/\\\/www.lerendezvous.mu\\\/wp-content\\\/uploads\\\/2026\\\/04\\\/saskia-top-sand.jpg\",\"contentUrl\":\"https:\\\/\\\/www.lerendezvous.mu\\\/wp-content\\\/uploads\\\/2026\\\/04\\\/saskia-top-sand.jpg\",\"width\":1300,\"height\":1950},{\"@type\":\"BreadcrumbList\",\"@id\":\"https:\\\/\\\/www.lerendezvous.mu\\\/product\\\/sand\\\/#breadcrumb\",\"itemListElement\":[{\"@type\":\"ListItem\",\"position\":1,\"name\":\"Home\",\"item\":\"https:\\\/\\\/www.lerendezvous.mu\\\/\"},{\"@type\":\"ListItem\",\"position\":2,\"name\":\"Shop\",\"item\":\"https:\\\/\\\/www.lerendezvous.mu\\\/shop\\\/\"},{\"@type\":\"ListItem\",\"position\":3,\"name\":\"Sand\"}]},{\"@type\":\"WebSite\",\"@id\":\"https:\\\/\\\/www.lerendezvous.mu\\\/#website\",\"url\":\"https:\\\/\\\/www.lerendezvous.mu\\\/\",\"name\":\"Le Rendez-Vous\",\"description\":\"100% moricien\",\"publisher\":{\"@id\":\"https:\\\/\\\/www.lerendezvous.mu\\\/#organization\"},\"potentialAction\":[{\"@type\":\"SearchAction\",\"target\":{\"@type\":\"EntryPoint\",\"urlTemplate\":\"https:\\\/\\\/www.lerendezvous.mu\\\/?s={search_term_string}\"},\"query-input\":{\"@type\":\"PropertyValueSpecification\",\"valueRequired\":true,\"valueName\":\"search_term_string\"}}],\"inLanguage\":\"en-US\"},{\"@type\":\"Organization\",\"@id\":\"https:\\\/\\\/www.lerendezvous.mu\\\/#organization\",\"name\":\"Le Rendez-Vous\",\"url\":\"https:\\\/\\\/www.lerendezvous.mu\\\/\",\"logo\":{\"@type\":\"ImageObject\",\"inLanguage\":\"en-US\",\"@id\":\"https:\\\/\\\/www.lerendezvous.mu\\\/#\\\/schema\\\/logo\\\/image\\\/\",\"url\":\"https:\\\/\\\/www.lerendezvous.mu\\\/wp-content\\\/uploads\\\/2025\\\/10\\\/lrdv-logo.png\",\"contentUrl\":\"https:\\\/\\\/www.lerendezvous.mu\\\/wp-content\\\/uploads\\\/2025\\\/10\\\/lrdv-logo.png\",\"width\":568,\"height\":232,\"caption\":\"Le Rendez-Vous\"},\"image\":{\"@id\":\"https:\\\/\\\/www.lerendezvous.mu\\\/#\\\/schema\\\/logo\\\/image\\\/\"},\"sameAs\":[\"https:\\\/\\\/www.facebook.com\\\/lerendezvousmauritius\",\"https:\\\/\\\/www.instagram.com\\\/lerendezvous_mauritius\"]}]}<\/script>\n<!-- \/ Yoast SEO plugin. -->","yoast_head_json":{"title":"Sand - Le Rendez-Vous","description":"Le top Sand joue la carte de l'\u00e9l\u00e9gance avec son encolure structur\u00e9 qui d\u00e9voile les \u00e9paules. Nou\u00e9 au dos, il d\u00e9voile subtilement la silhouette.","robots":{"index":"index","follow":"follow","max-snippet":"max-snippet:-1","max-image-preview":"max-image-preview:large","max-video-preview":"max-video-preview:-1"},"canonical":"https:\/\/www.lerendezvous.mu\/en\/product\/sand\/","og_locale":"en_US","og_type":"article","og_title":"Sand - Le Rendez-Vous","og_description":"Le top Sand joue la carte de l'\u00e9l\u00e9gance avec son encolure structur\u00e9 qui d\u00e9voile les \u00e9paules. Nou\u00e9 au dos, il d\u00e9voile subtilement la silhouette.","og_url":"https:\/\/www.lerendezvous.mu\/en\/product\/sand\/","og_site_name":"Le Rendez-Vous","article_publisher":"https:\/\/www.facebook.com\/lerendezvousmauritius","article_modified_time":"2026-04-23T09:35:19+00:00","og_image":[{"width":1300,"height":1950,"url":"https:\/\/www.lerendezvous.mu\/wp-content\/uploads\/2026\/04\/saskia-top-sand.jpg","type":"image\/jpeg"}],"twitter_card":"summary_large_image","twitter_misc":{"Est. reading time":"1 minute"},"schema":{"@context":"https:\/\/schema.org","@graph":[{"@type":"WebPage","@id":"https:\/\/www.lerendezvous.mu\/product\/sand\/","url":"https:\/\/www.lerendezvous.mu\/product\/sand\/","name":"Sand - Le Rendez-Vous","isPartOf":{"@id":"https:\/\/www.lerendezvous.mu\/#website"},"primaryImageOfPage":{"@id":"https:\/\/www.lerendezvous.mu\/product\/sand\/#primaryimage"},"image":{"@id":"https:\/\/www.lerendezvous.mu\/product\/sand\/#primaryimage"},"thumbnailUrl":"https:\/\/www.lerendezvous.mu\/wp-content\/uploads\/2026\/04\/saskia-top-sand.jpg","datePublished":"2026-04-20T09:01:09+00:00","dateModified":"2026-04-23T09:35:19+00:00","description":"Le top Sand joue la carte de l'\u00e9l\u00e9gance avec son encolure structur\u00e9 qui d\u00e9voile les \u00e9paules. Nou\u00e9 au dos, il d\u00e9voile subtilement la silhouette.","breadcrumb":{"@id":"https:\/\/www.lerendezvous.mu\/product\/sand\/#breadcrumb"},"inLanguage":"en-US","potentialAction":[{"@type":"ReadAction","target":["https:\/\/www.lerendezvous.mu\/product\/sand\/"]}]},{"@type":"ImageObject","inLanguage":"en-US","@id":"https:\/\/www.lerendezvous.mu\/product\/sand\/#primaryimage","url":"https:\/\/www.lerendezvous.mu\/wp-content\/uploads\/2026\/04\/saskia-top-sand.jpg","contentUrl":"https:\/\/www.lerendezvous.mu\/wp-content\/uploads\/2026\/04\/saskia-top-sand.jpg","width":1300,"height":1950},{"@type":"BreadcrumbList","@id":"https:\/\/www.lerendezvous.mu\/product\/sand\/#breadcrumb","itemListElement":[{"@type":"ListItem","position":1,"name":"Home","item":"https:\/\/www.lerendezvous.mu\/"},{"@type":"ListItem","position":2,"name":"Shop","item":"https:\/\/www.lerendezvous.mu\/shop\/"},{"@type":"ListItem","position":3,"name":"Sand"}]},{"@type":"WebSite","@id":"https:\/\/www.lerendezvous.mu\/#website","url":"https:\/\/www.lerendezvous.mu\/","name":"Le Rendez-Vous","description":"100% moricien","publisher":{"@id":"https:\/\/www.lerendezvous.mu\/#organization"},"potentialAction":[{"@type":"SearchAction","target":{"@type":"EntryPoint","urlTemplate":"https:\/\/www.lerendezvous.mu\/?s={search_term_string}"},"query-input":{"@type":"PropertyValueSpecification","valueRequired":true,"valueName":"search_term_string"}}],"inLanguage":"en-US"},{"@type":"Organization","@id":"https:\/\/www.lerendezvous.mu\/#organization","name":"Le Rendez-Vous","url":"https:\/\/www.lerendezvous.mu\/","logo":{"@type":"ImageObject","inLanguage":"en-US","@id":"https:\/\/www.lerendezvous.mu\/#\/schema\/logo\/image\/","url":"https:\/\/www.lerendezvous.mu\/wp-content\/uploads\/2025\/10\/lrdv-logo.png","contentUrl":"https:\/\/www.lerendezvous.mu\/wp-content\/uploads\/2025\/10\/lrdv-logo.png","width":568,"height":232,"caption":"Le Rendez-Vous"},"image":{"@id":"https:\/\/www.lerendezvous.mu\/#\/schema\/logo\/image\/"},"sameAs":["https:\/\/www.facebook.com\/lerendezvousmauritius","https:\/\/www.instagram.com\/lerendezvous_mauritius"]}]}},"_links":{"self":[{"href":"https:\/\/www.lerendezvous.mu\/en\/wp-json\/wp\/v2\/product\/5738","targetHints":{"allow":["GET"]}}],"collection":[{"href":"https:\/\/www.lerendezvous.mu\/en\/wp-json\/wp\/v2\/product"}],"about":[{"href":"https:\/\/www.lerendezvous.mu\/en\/wp-json\/wp\/v2\/types\/product"}],"replies":[{"embeddable":true,"href":"https:\/\/www.lerendezvous.mu\/en\/wp-json\/wp\/v2\/comments?post=5738"}],"wp:featuredmedia":[{"embeddable":true,"href":"https:\/\/www.lerendezvous.mu\/en\/wp-json\/wp\/v2\/media\/5748"}],"wp:attachment":[{"href":"https:\/\/www.lerendezvous.mu\/en\/wp-json\/wp\/v2\/media?parent=5738"}],"wp:term":[{"taxonomy":"badge","embeddable":true,"href":"https:\/\/www.lerendezvous.mu\/en\/wp-json\/wp\/v2\/badge?post=5738"},{"taxonomy":"subtag","embeddable":true,"href":"https:\/\/www.lerendezvous.mu\/en\/wp-json\/wp\/v2\/subtag?post=5738"},{"taxonomy":"product_brand","embeddable":true,"href":"https:\/\/www.lerendezvous.mu\/en\/wp-json\/wp\/v2\/product_brand?post=5738"},{"taxonomy":"product_cat","embeddable":true,"href":"https:\/\/www.lerendezvous.mu\/en\/wp-json\/wp\/v2\/product_cat?post=5738"},{"taxonomy":"product_tag","embeddable":true,"href":"https:\/\/www.lerendezvous.mu\/en\/wp-json\/wp\/v2\/product_tag?post=5738"}],"curies":[{"name":"wp","href":"https:\/\/api.w.org\/{rel}","templated":true}]}}