{"id":5821,"date":"2026-04-30T11:55:00","date_gmt":"2026-04-30T07:55:00","guid":{"rendered":"https:\/\/www.lerendezvous.mu\/product\/k-dodo-rep-hoodie\/"},"modified":"2026-05-02T12:23:00","modified_gmt":"2026-05-02T08:23:00","slug":"k-dodo-rep-hoodie","status":"publish","type":"product","link":"https:\/\/www.lerendezvous.mu\/en\/product\/k-dodo-rep-hoodie\/","title":{"rendered":"K Dodo Rep Hoodie"},"content":{"rendered":"<p data-start=\"412\" data-end=\"669\">Un pull confortable que les enfants adorent porter au quotidien. Le Dodo Rep Hoodie est doux, facile \u00e0 enfiler et pens\u00e9 pour suivre tous leurs mouvements. Son imprim\u00e9 dodo dor\u00e9 ajoute une petite touche fun et unique qui le rend encore plus sp\u00e9cial.<\/p>\n<p data-start=\"671\" data-end=\"944\">Disponibles pour les enfants de 2 \u00e0 14 ans.<\/p>","protected":false},"excerpt":{"rendered":"<p>Un pull confortable que les enfants adorent porter au quotidien. Le Dodo Rep Hoodie est doux, facile \u00e0 enfiler et pens\u00e9 pour suivre tous leurs mouvements. Son imprim\u00e9 dodo dor\u00e9 ajoute une petite touche fun et unique qui le rend encore plus sp\u00e9cial. Disponibles pour les enfants de 2 \u00e0 14 ans.<\/p>","protected":false},"featured_media":5860,"comment_status":"open","ping_status":"closed","template":"","meta":{"_acf_changed":false},"badge":[168],"subtag":[55,176],"product_brand":[],"product_cat":[84],"product_tag":[106],"class_list":{"0":"post-5821","1":"product","2":"type-product","3":"status-publish","4":"has-post-thumbnail","6":"badge-nouveaute","7":"subtag-enfants","8":"subtag-sweatshirts-enfant","9":"product_cat-the-kreol-republic","10":"product_tag-enfant","12":"first","13":"instock","14":"taxable","15":"shipping-taxable","16":"purchasable","17":"product-type-variable"},"acf":[],"yoast_head":"<!-- This site is optimized with the Yoast SEO plugin v27.5 - https:\/\/yoast.com\/product\/yoast-seo-wordpress\/ -->\n<title>K Dodo Rep Hoodie - Le Rendez-Vous<\/title>\n<meta name=\"description\" content=\"Un pull confortable que les enfants adorent porter au quotidien. Le Dodo Rep Hoodie est doux, facile \u00e0 enfiler et pens\u00e9 pour suivre tous leurs mouvements.\" \/>\n<meta name=\"robots\" content=\"index, follow, max-snippet:-1, max-image-preview:large, max-video-preview:-1\" \/>\n<link rel=\"canonical\" href=\"https:\/\/www.lerendezvous.mu\/en\/product\/k-dodo-rep-hoodie\/\" \/>\n<meta property=\"og:locale\" content=\"en_US\" \/>\n<meta property=\"og:type\" content=\"article\" \/>\n<meta property=\"og:title\" content=\"K Dodo Rep Hoodie - Le Rendez-Vous\" \/>\n<meta property=\"og:description\" content=\"Un pull confortable que les enfants adorent porter au quotidien. Le Dodo Rep Hoodie est doux, facile \u00e0 enfiler et pens\u00e9 pour suivre tous leurs mouvements.\" \/>\n<meta property=\"og:url\" content=\"https:\/\/www.lerendezvous.mu\/en\/product\/k-dodo-rep-hoodie\/\" \/>\n<meta property=\"og:site_name\" content=\"Le Rendez-Vous\" \/>\n<meta property=\"article:publisher\" content=\"https:\/\/www.facebook.com\/lerendezvousmauritius\" \/>\n<meta property=\"article:modified_time\" content=\"2026-05-02T08:23:00+00:00\" \/>\n<meta property=\"og:image\" content=\"https:\/\/www.lerendezvous.mu\/wp-content\/uploads\/2026\/04\/kreolrepublic-kids-dodo-rep-hoodie-blue.jpg\" \/>\n\t<meta property=\"og:image:width\" content=\"1080\" \/>\n\t<meta property=\"og:image:height\" content=\"1350\" \/>\n\t<meta property=\"og:image:type\" content=\"image\/jpeg\" \/>\n<meta name=\"twitter:card\" content=\"summary_large_image\" \/>\n<meta name=\"twitter:label1\" content=\"Est. reading time\" \/>\n\t<meta name=\"twitter:data1\" content=\"1 minute\" \/>\n<script type=\"application\/ld+json\" class=\"yoast-schema-graph\">{\"@context\":\"https:\\\/\\\/schema.org\",\"@graph\":[{\"@type\":\"WebPage\",\"@id\":\"https:\\\/\\\/www.lerendezvous.mu\\\/product\\\/k-dodo-rep-hoodie\\\/\",\"url\":\"https:\\\/\\\/www.lerendezvous.mu\\\/product\\\/k-dodo-rep-hoodie\\\/\",\"name\":\"K Dodo Rep Hoodie - Le Rendez-Vous\",\"isPartOf\":{\"@id\":\"https:\\\/\\\/www.lerendezvous.mu\\\/#website\"},\"primaryImageOfPage\":{\"@id\":\"https:\\\/\\\/www.lerendezvous.mu\\\/product\\\/k-dodo-rep-hoodie\\\/#primaryimage\"},\"image\":{\"@id\":\"https:\\\/\\\/www.lerendezvous.mu\\\/product\\\/k-dodo-rep-hoodie\\\/#primaryimage\"},\"thumbnailUrl\":\"https:\\\/\\\/www.lerendezvous.mu\\\/wp-content\\\/uploads\\\/2026\\\/04\\\/kreolrepublic-kids-dodo-rep-hoodie-blue.jpg\",\"datePublished\":\"2026-04-30T07:55:00+00:00\",\"dateModified\":\"2026-05-02T08:23:00+00:00\",\"description\":\"Un pull confortable que les enfants adorent porter au quotidien. Le Dodo Rep Hoodie est doux, facile \u00e0 enfiler et pens\u00e9 pour suivre tous leurs mouvements.\",\"breadcrumb\":{\"@id\":\"https:\\\/\\\/www.lerendezvous.mu\\\/product\\\/k-dodo-rep-hoodie\\\/#breadcrumb\"},\"inLanguage\":\"en-US\",\"potentialAction\":[{\"@type\":\"ReadAction\",\"target\":[\"https:\\\/\\\/www.lerendezvous.mu\\\/product\\\/k-dodo-rep-hoodie\\\/\"]}]},{\"@type\":\"ImageObject\",\"inLanguage\":\"en-US\",\"@id\":\"https:\\\/\\\/www.lerendezvous.mu\\\/product\\\/k-dodo-rep-hoodie\\\/#primaryimage\",\"url\":\"https:\\\/\\\/www.lerendezvous.mu\\\/wp-content\\\/uploads\\\/2026\\\/04\\\/kreolrepublic-kids-dodo-rep-hoodie-blue.jpg\",\"contentUrl\":\"https:\\\/\\\/www.lerendezvous.mu\\\/wp-content\\\/uploads\\\/2026\\\/04\\\/kreolrepublic-kids-dodo-rep-hoodie-blue.jpg\",\"width\":1080,\"height\":1350},{\"@type\":\"BreadcrumbList\",\"@id\":\"https:\\\/\\\/www.lerendezvous.mu\\\/product\\\/k-dodo-rep-hoodie\\\/#breadcrumb\",\"itemListElement\":[{\"@type\":\"ListItem\",\"position\":1,\"name\":\"Home\",\"item\":\"https:\\\/\\\/www.lerendezvous.mu\\\/\"},{\"@type\":\"ListItem\",\"position\":2,\"name\":\"Shop\",\"item\":\"https:\\\/\\\/www.lerendezvous.mu\\\/shop\\\/\"},{\"@type\":\"ListItem\",\"position\":3,\"name\":\"K Dodo Rep Hoodie\"}]},{\"@type\":\"WebSite\",\"@id\":\"https:\\\/\\\/www.lerendezvous.mu\\\/#website\",\"url\":\"https:\\\/\\\/www.lerendezvous.mu\\\/\",\"name\":\"Le Rendez-Vous\",\"description\":\"100% moricien\",\"publisher\":{\"@id\":\"https:\\\/\\\/www.lerendezvous.mu\\\/#organization\"},\"potentialAction\":[{\"@type\":\"SearchAction\",\"target\":{\"@type\":\"EntryPoint\",\"urlTemplate\":\"https:\\\/\\\/www.lerendezvous.mu\\\/?s={search_term_string}\"},\"query-input\":{\"@type\":\"PropertyValueSpecification\",\"valueRequired\":true,\"valueName\":\"search_term_string\"}}],\"inLanguage\":\"en-US\"},{\"@type\":\"Organization\",\"@id\":\"https:\\\/\\\/www.lerendezvous.mu\\\/#organization\",\"name\":\"Le Rendez-Vous\",\"url\":\"https:\\\/\\\/www.lerendezvous.mu\\\/\",\"logo\":{\"@type\":\"ImageObject\",\"inLanguage\":\"en-US\",\"@id\":\"https:\\\/\\\/www.lerendezvous.mu\\\/#\\\/schema\\\/logo\\\/image\\\/\",\"url\":\"https:\\\/\\\/www.lerendezvous.mu\\\/wp-content\\\/uploads\\\/2025\\\/10\\\/lrdv-logo.png\",\"contentUrl\":\"https:\\\/\\\/www.lerendezvous.mu\\\/wp-content\\\/uploads\\\/2025\\\/10\\\/lrdv-logo.png\",\"width\":568,\"height\":232,\"caption\":\"Le Rendez-Vous\"},\"image\":{\"@id\":\"https:\\\/\\\/www.lerendezvous.mu\\\/#\\\/schema\\\/logo\\\/image\\\/\"},\"sameAs\":[\"https:\\\/\\\/www.facebook.com\\\/lerendezvousmauritius\",\"https:\\\/\\\/www.instagram.com\\\/lerendezvous_mauritius\"]}]}<\/script>\n<!-- \/ Yoast SEO plugin. -->","yoast_head_json":{"title":"K Dodo Rep Hoodie - Le Rendez-Vous","description":"Un pull confortable que les enfants adorent porter au quotidien. Le Dodo Rep Hoodie est doux, facile \u00e0 enfiler et pens\u00e9 pour suivre tous leurs mouvements.","robots":{"index":"index","follow":"follow","max-snippet":"max-snippet:-1","max-image-preview":"max-image-preview:large","max-video-preview":"max-video-preview:-1"},"canonical":"https:\/\/www.lerendezvous.mu\/en\/product\/k-dodo-rep-hoodie\/","og_locale":"en_US","og_type":"article","og_title":"K Dodo Rep Hoodie - Le Rendez-Vous","og_description":"Un pull confortable que les enfants adorent porter au quotidien. Le Dodo Rep Hoodie est doux, facile \u00e0 enfiler et pens\u00e9 pour suivre tous leurs mouvements.","og_url":"https:\/\/www.lerendezvous.mu\/en\/product\/k-dodo-rep-hoodie\/","og_site_name":"Le Rendez-Vous","article_publisher":"https:\/\/www.facebook.com\/lerendezvousmauritius","article_modified_time":"2026-05-02T08:23:00+00:00","og_image":[{"width":1080,"height":1350,"url":"https:\/\/www.lerendezvous.mu\/wp-content\/uploads\/2026\/04\/kreolrepublic-kids-dodo-rep-hoodie-blue.jpg","type":"image\/jpeg"}],"twitter_card":"summary_large_image","twitter_misc":{"Est. reading time":"1 minute"},"schema":{"@context":"https:\/\/schema.org","@graph":[{"@type":"WebPage","@id":"https:\/\/www.lerendezvous.mu\/product\/k-dodo-rep-hoodie\/","url":"https:\/\/www.lerendezvous.mu\/product\/k-dodo-rep-hoodie\/","name":"K Dodo Rep Hoodie - Le Rendez-Vous","isPartOf":{"@id":"https:\/\/www.lerendezvous.mu\/#website"},"primaryImageOfPage":{"@id":"https:\/\/www.lerendezvous.mu\/product\/k-dodo-rep-hoodie\/#primaryimage"},"image":{"@id":"https:\/\/www.lerendezvous.mu\/product\/k-dodo-rep-hoodie\/#primaryimage"},"thumbnailUrl":"https:\/\/www.lerendezvous.mu\/wp-content\/uploads\/2026\/04\/kreolrepublic-kids-dodo-rep-hoodie-blue.jpg","datePublished":"2026-04-30T07:55:00+00:00","dateModified":"2026-05-02T08:23:00+00:00","description":"Un pull confortable que les enfants adorent porter au quotidien. Le Dodo Rep Hoodie est doux, facile \u00e0 enfiler et pens\u00e9 pour suivre tous leurs mouvements.","breadcrumb":{"@id":"https:\/\/www.lerendezvous.mu\/product\/k-dodo-rep-hoodie\/#breadcrumb"},"inLanguage":"en-US","potentialAction":[{"@type":"ReadAction","target":["https:\/\/www.lerendezvous.mu\/product\/k-dodo-rep-hoodie\/"]}]},{"@type":"ImageObject","inLanguage":"en-US","@id":"https:\/\/www.lerendezvous.mu\/product\/k-dodo-rep-hoodie\/#primaryimage","url":"https:\/\/www.lerendezvous.mu\/wp-content\/uploads\/2026\/04\/kreolrepublic-kids-dodo-rep-hoodie-blue.jpg","contentUrl":"https:\/\/www.lerendezvous.mu\/wp-content\/uploads\/2026\/04\/kreolrepublic-kids-dodo-rep-hoodie-blue.jpg","width":1080,"height":1350},{"@type":"BreadcrumbList","@id":"https:\/\/www.lerendezvous.mu\/product\/k-dodo-rep-hoodie\/#breadcrumb","itemListElement":[{"@type":"ListItem","position":1,"name":"Home","item":"https:\/\/www.lerendezvous.mu\/"},{"@type":"ListItem","position":2,"name":"Shop","item":"https:\/\/www.lerendezvous.mu\/shop\/"},{"@type":"ListItem","position":3,"name":"K Dodo Rep Hoodie"}]},{"@type":"WebSite","@id":"https:\/\/www.lerendezvous.mu\/#website","url":"https:\/\/www.lerendezvous.mu\/","name":"Le Rendez-Vous","description":"100% moricien","publisher":{"@id":"https:\/\/www.lerendezvous.mu\/#organization"},"potentialAction":[{"@type":"SearchAction","target":{"@type":"EntryPoint","urlTemplate":"https:\/\/www.lerendezvous.mu\/?s={search_term_string}"},"query-input":{"@type":"PropertyValueSpecification","valueRequired":true,"valueName":"search_term_string"}}],"inLanguage":"en-US"},{"@type":"Organization","@id":"https:\/\/www.lerendezvous.mu\/#organization","name":"Le Rendez-Vous","url":"https:\/\/www.lerendezvous.mu\/","logo":{"@type":"ImageObject","inLanguage":"en-US","@id":"https:\/\/www.lerendezvous.mu\/#\/schema\/logo\/image\/","url":"https:\/\/www.lerendezvous.mu\/wp-content\/uploads\/2025\/10\/lrdv-logo.png","contentUrl":"https:\/\/www.lerendezvous.mu\/wp-content\/uploads\/2025\/10\/lrdv-logo.png","width":568,"height":232,"caption":"Le Rendez-Vous"},"image":{"@id":"https:\/\/www.lerendezvous.mu\/#\/schema\/logo\/image\/"},"sameAs":["https:\/\/www.facebook.com\/lerendezvousmauritius","https:\/\/www.instagram.com\/lerendezvous_mauritius"]}]}},"_links":{"self":[{"href":"https:\/\/www.lerendezvous.mu\/en\/wp-json\/wp\/v2\/product\/5821","targetHints":{"allow":["GET"]}}],"collection":[{"href":"https:\/\/www.lerendezvous.mu\/en\/wp-json\/wp\/v2\/product"}],"about":[{"href":"https:\/\/www.lerendezvous.mu\/en\/wp-json\/wp\/v2\/types\/product"}],"replies":[{"embeddable":true,"href":"https:\/\/www.lerendezvous.mu\/en\/wp-json\/wp\/v2\/comments?post=5821"}],"wp:featuredmedia":[{"embeddable":true,"href":"https:\/\/www.lerendezvous.mu\/en\/wp-json\/wp\/v2\/media\/5860"}],"wp:attachment":[{"href":"https:\/\/www.lerendezvous.mu\/en\/wp-json\/wp\/v2\/media?parent=5821"}],"wp:term":[{"taxonomy":"badge","embeddable":true,"href":"https:\/\/www.lerendezvous.mu\/en\/wp-json\/wp\/v2\/badge?post=5821"},{"taxonomy":"subtag","embeddable":true,"href":"https:\/\/www.lerendezvous.mu\/en\/wp-json\/wp\/v2\/subtag?post=5821"},{"taxonomy":"product_brand","embeddable":true,"href":"https:\/\/www.lerendezvous.mu\/en\/wp-json\/wp\/v2\/product_brand?post=5821"},{"taxonomy":"product_cat","embeddable":true,"href":"https:\/\/www.lerendezvous.mu\/en\/wp-json\/wp\/v2\/product_cat?post=5821"},{"taxonomy":"product_tag","embeddable":true,"href":"https:\/\/www.lerendezvous.mu\/en\/wp-json\/wp\/v2\/product_tag?post=5821"}],"curies":[{"name":"wp","href":"https:\/\/api.w.org\/{rel}","templated":true}]}}