{"id":5878,"date":"2026-04-30T14:33:51","date_gmt":"2026-04-30T10:33:51","guid":{"rendered":"https:\/\/www.lerendezvous.mu\/product\/a-good-morne-mb\/"},"modified":"2026-05-02T11:21:59","modified_gmt":"2026-05-02T07:21:59","slug":"a-good-morne-mb","status":"publish","type":"product","link":"https:\/\/www.lerendezvous.mu\/en\/product\/a-good-morne-mb\/","title":{"rendered":"A Good Morne MB"},"content":{"rendered":"<p>Le sac Good Morne est pens\u00e9 pour suivre le rythme des journ\u00e9es bien remplies. Confectionn\u00e9 en 100% coton, il est l\u00e9ger et agr\u00e9able \u00e0 porter, tout en offrant un grand format id\u00e9al pour emporter toutes vos affaires. Son imprim\u00e9 color\u00e9 apporte une touche de fra\u00eecheur tropicale \u00e0 votre look.<\/p>\n<p>100% coton | Taille : 57 x 50 x 15,5cm (excluant les manches)<\/p>","protected":false},"excerpt":{"rendered":"<p>Le sac Good Morne est pens\u00e9 pour suivre le rythme des journ\u00e9es bien remplies. Confectionn\u00e9 en 100% coton, il est l\u00e9ger et agr\u00e9able \u00e0 porter, tout en offrant un grand format id\u00e9al pour emporter toutes vos affaires. Son imprim\u00e9 color\u00e9 apporte une touche de fra\u00eecheur tropicale \u00e0 votre look. 100% coton | Taille : 57 [&hellip;]<\/p>\n","protected":false},"featured_media":5885,"comment_status":"open","ping_status":"closed","template":"","meta":{"_acf_changed":false},"badge":[168],"subtag":[74,77],"product_brand":[],"product_cat":[84],"product_tag":[85],"class_list":{"0":"post-5878","1":"product","2":"type-product","3":"status-publish","4":"has-post-thumbnail","6":"badge-nouveaute","7":"subtag-accessoires","8":"subtag-sacs-paniers","9":"product_cat-the-kreol-republic","10":"product_tag-accessoires","12":"first","13":"instock","14":"taxable","15":"shipping-taxable","16":"purchasable","17":"product-type-simple"},"acf":[],"yoast_head":"<!-- This site is optimized with the Yoast SEO plugin v27.5 - https:\/\/yoast.com\/product\/yoast-seo-wordpress\/ -->\n<title>A Good Morne MB - Le Rendez-Vous<\/title>\n<meta name=\"description\" content=\"Le sac Good Morne est pens\u00e9 pour suivre le rythme des journ\u00e9es bien remplies. Confectionn\u00e9 en 100% coton, il est l\u00e9ger et agr\u00e9able \u00e0 porter.\" \/>\n<meta name=\"robots\" content=\"index, follow, max-snippet:-1, max-image-preview:large, max-video-preview:-1\" \/>\n<link rel=\"canonical\" href=\"https:\/\/www.lerendezvous.mu\/en\/product\/a-good-morne-mb\/\" \/>\n<meta property=\"og:locale\" content=\"en_US\" \/>\n<meta property=\"og:type\" content=\"article\" \/>\n<meta property=\"og:title\" content=\"A Good Morne MB - Le Rendez-Vous\" \/>\n<meta property=\"og:description\" content=\"Le sac Good Morne est pens\u00e9 pour suivre le rythme des journ\u00e9es bien remplies. Confectionn\u00e9 en 100% coton, il est l\u00e9ger et agr\u00e9able \u00e0 porter.\" \/>\n<meta property=\"og:url\" content=\"https:\/\/www.lerendezvous.mu\/en\/product\/a-good-morne-mb\/\" \/>\n<meta property=\"og:site_name\" content=\"Le Rendez-Vous\" \/>\n<meta property=\"article:publisher\" content=\"https:\/\/www.facebook.com\/lerendezvousmauritius\" \/>\n<meta property=\"article:modified_time\" content=\"2026-05-02T07:21:59+00:00\" \/>\n<meta property=\"og:image\" content=\"https:\/\/www.lerendezvous.mu\/wp-content\/uploads\/2026\/04\/kreolrepublic-maxi-bag-good-morne.jpg\" \/>\n\t<meta property=\"og:image:width\" content=\"1080\" \/>\n\t<meta property=\"og:image:height\" content=\"1350\" \/>\n\t<meta property=\"og:image:type\" content=\"image\/jpeg\" \/>\n<meta name=\"twitter:card\" content=\"summary_large_image\" \/>\n<meta name=\"twitter:label1\" content=\"Est. reading time\" \/>\n\t<meta name=\"twitter:data1\" content=\"1 minute\" \/>\n<script type=\"application\/ld+json\" class=\"yoast-schema-graph\">{\"@context\":\"https:\\\/\\\/schema.org\",\"@graph\":[{\"@type\":\"WebPage\",\"@id\":\"https:\\\/\\\/www.lerendezvous.mu\\\/product\\\/a-good-morne-mb\\\/\",\"url\":\"https:\\\/\\\/www.lerendezvous.mu\\\/product\\\/a-good-morne-mb\\\/\",\"name\":\"A Good Morne MB - Le Rendez-Vous\",\"isPartOf\":{\"@id\":\"https:\\\/\\\/www.lerendezvous.mu\\\/#website\"},\"primaryImageOfPage\":{\"@id\":\"https:\\\/\\\/www.lerendezvous.mu\\\/product\\\/a-good-morne-mb\\\/#primaryimage\"},\"image\":{\"@id\":\"https:\\\/\\\/www.lerendezvous.mu\\\/product\\\/a-good-morne-mb\\\/#primaryimage\"},\"thumbnailUrl\":\"https:\\\/\\\/www.lerendezvous.mu\\\/wp-content\\\/uploads\\\/2026\\\/04\\\/kreolrepublic-maxi-bag-good-morne.jpg\",\"datePublished\":\"2026-04-30T10:33:51+00:00\",\"dateModified\":\"2026-05-02T07:21:59+00:00\",\"description\":\"Le sac Good Morne est pens\u00e9 pour suivre le rythme des journ\u00e9es bien remplies. Confectionn\u00e9 en 100% coton, il est l\u00e9ger et agr\u00e9able \u00e0 porter.\",\"breadcrumb\":{\"@id\":\"https:\\\/\\\/www.lerendezvous.mu\\\/product\\\/a-good-morne-mb\\\/#breadcrumb\"},\"inLanguage\":\"en-US\",\"potentialAction\":[{\"@type\":\"ReadAction\",\"target\":[\"https:\\\/\\\/www.lerendezvous.mu\\\/product\\\/a-good-morne-mb\\\/\"]}]},{\"@type\":\"ImageObject\",\"inLanguage\":\"en-US\",\"@id\":\"https:\\\/\\\/www.lerendezvous.mu\\\/product\\\/a-good-morne-mb\\\/#primaryimage\",\"url\":\"https:\\\/\\\/www.lerendezvous.mu\\\/wp-content\\\/uploads\\\/2026\\\/04\\\/kreolrepublic-maxi-bag-good-morne.jpg\",\"contentUrl\":\"https:\\\/\\\/www.lerendezvous.mu\\\/wp-content\\\/uploads\\\/2026\\\/04\\\/kreolrepublic-maxi-bag-good-morne.jpg\",\"width\":1080,\"height\":1350},{\"@type\":\"BreadcrumbList\",\"@id\":\"https:\\\/\\\/www.lerendezvous.mu\\\/product\\\/a-good-morne-mb\\\/#breadcrumb\",\"itemListElement\":[{\"@type\":\"ListItem\",\"position\":1,\"name\":\"Home\",\"item\":\"https:\\\/\\\/www.lerendezvous.mu\\\/\"},{\"@type\":\"ListItem\",\"position\":2,\"name\":\"Shop\",\"item\":\"https:\\\/\\\/www.lerendezvous.mu\\\/shop\\\/\"},{\"@type\":\"ListItem\",\"position\":3,\"name\":\"A Good Morne MB\"}]},{\"@type\":\"WebSite\",\"@id\":\"https:\\\/\\\/www.lerendezvous.mu\\\/#website\",\"url\":\"https:\\\/\\\/www.lerendezvous.mu\\\/\",\"name\":\"Le Rendez-Vous\",\"description\":\"100% moricien\",\"publisher\":{\"@id\":\"https:\\\/\\\/www.lerendezvous.mu\\\/#organization\"},\"potentialAction\":[{\"@type\":\"SearchAction\",\"target\":{\"@type\":\"EntryPoint\",\"urlTemplate\":\"https:\\\/\\\/www.lerendezvous.mu\\\/?s={search_term_string}\"},\"query-input\":{\"@type\":\"PropertyValueSpecification\",\"valueRequired\":true,\"valueName\":\"search_term_string\"}}],\"inLanguage\":\"en-US\"},{\"@type\":\"Organization\",\"@id\":\"https:\\\/\\\/www.lerendezvous.mu\\\/#organization\",\"name\":\"Le Rendez-Vous\",\"url\":\"https:\\\/\\\/www.lerendezvous.mu\\\/\",\"logo\":{\"@type\":\"ImageObject\",\"inLanguage\":\"en-US\",\"@id\":\"https:\\\/\\\/www.lerendezvous.mu\\\/#\\\/schema\\\/logo\\\/image\\\/\",\"url\":\"https:\\\/\\\/www.lerendezvous.mu\\\/wp-content\\\/uploads\\\/2025\\\/10\\\/lrdv-logo.png\",\"contentUrl\":\"https:\\\/\\\/www.lerendezvous.mu\\\/wp-content\\\/uploads\\\/2025\\\/10\\\/lrdv-logo.png\",\"width\":568,\"height\":232,\"caption\":\"Le Rendez-Vous\"},\"image\":{\"@id\":\"https:\\\/\\\/www.lerendezvous.mu\\\/#\\\/schema\\\/logo\\\/image\\\/\"},\"sameAs\":[\"https:\\\/\\\/www.facebook.com\\\/lerendezvousmauritius\",\"https:\\\/\\\/www.instagram.com\\\/lerendezvous_mauritius\"]}]}<\/script>\n<!-- \/ Yoast SEO plugin. -->","yoast_head_json":{"title":"A Good Morne MB - Le Rendez-Vous","description":"Le sac Good Morne est pens\u00e9 pour suivre le rythme des journ\u00e9es bien remplies. Confectionn\u00e9 en 100% coton, il est l\u00e9ger et agr\u00e9able \u00e0 porter.","robots":{"index":"index","follow":"follow","max-snippet":"max-snippet:-1","max-image-preview":"max-image-preview:large","max-video-preview":"max-video-preview:-1"},"canonical":"https:\/\/www.lerendezvous.mu\/en\/product\/a-good-morne-mb\/","og_locale":"en_US","og_type":"article","og_title":"A Good Morne MB - Le Rendez-Vous","og_description":"Le sac Good Morne est pens\u00e9 pour suivre le rythme des journ\u00e9es bien remplies. Confectionn\u00e9 en 100% coton, il est l\u00e9ger et agr\u00e9able \u00e0 porter.","og_url":"https:\/\/www.lerendezvous.mu\/en\/product\/a-good-morne-mb\/","og_site_name":"Le Rendez-Vous","article_publisher":"https:\/\/www.facebook.com\/lerendezvousmauritius","article_modified_time":"2026-05-02T07:21:59+00:00","og_image":[{"width":1080,"height":1350,"url":"https:\/\/www.lerendezvous.mu\/wp-content\/uploads\/2026\/04\/kreolrepublic-maxi-bag-good-morne.jpg","type":"image\/jpeg"}],"twitter_card":"summary_large_image","twitter_misc":{"Est. reading time":"1 minute"},"schema":{"@context":"https:\/\/schema.org","@graph":[{"@type":"WebPage","@id":"https:\/\/www.lerendezvous.mu\/product\/a-good-morne-mb\/","url":"https:\/\/www.lerendezvous.mu\/product\/a-good-morne-mb\/","name":"A Good Morne MB - Le Rendez-Vous","isPartOf":{"@id":"https:\/\/www.lerendezvous.mu\/#website"},"primaryImageOfPage":{"@id":"https:\/\/www.lerendezvous.mu\/product\/a-good-morne-mb\/#primaryimage"},"image":{"@id":"https:\/\/www.lerendezvous.mu\/product\/a-good-morne-mb\/#primaryimage"},"thumbnailUrl":"https:\/\/www.lerendezvous.mu\/wp-content\/uploads\/2026\/04\/kreolrepublic-maxi-bag-good-morne.jpg","datePublished":"2026-04-30T10:33:51+00:00","dateModified":"2026-05-02T07:21:59+00:00","description":"Le sac Good Morne est pens\u00e9 pour suivre le rythme des journ\u00e9es bien remplies. Confectionn\u00e9 en 100% coton, il est l\u00e9ger et agr\u00e9able \u00e0 porter.","breadcrumb":{"@id":"https:\/\/www.lerendezvous.mu\/product\/a-good-morne-mb\/#breadcrumb"},"inLanguage":"en-US","potentialAction":[{"@type":"ReadAction","target":["https:\/\/www.lerendezvous.mu\/product\/a-good-morne-mb\/"]}]},{"@type":"ImageObject","inLanguage":"en-US","@id":"https:\/\/www.lerendezvous.mu\/product\/a-good-morne-mb\/#primaryimage","url":"https:\/\/www.lerendezvous.mu\/wp-content\/uploads\/2026\/04\/kreolrepublic-maxi-bag-good-morne.jpg","contentUrl":"https:\/\/www.lerendezvous.mu\/wp-content\/uploads\/2026\/04\/kreolrepublic-maxi-bag-good-morne.jpg","width":1080,"height":1350},{"@type":"BreadcrumbList","@id":"https:\/\/www.lerendezvous.mu\/product\/a-good-morne-mb\/#breadcrumb","itemListElement":[{"@type":"ListItem","position":1,"name":"Home","item":"https:\/\/www.lerendezvous.mu\/"},{"@type":"ListItem","position":2,"name":"Shop","item":"https:\/\/www.lerendezvous.mu\/shop\/"},{"@type":"ListItem","position":3,"name":"A Good Morne MB"}]},{"@type":"WebSite","@id":"https:\/\/www.lerendezvous.mu\/#website","url":"https:\/\/www.lerendezvous.mu\/","name":"Le Rendez-Vous","description":"100% moricien","publisher":{"@id":"https:\/\/www.lerendezvous.mu\/#organization"},"potentialAction":[{"@type":"SearchAction","target":{"@type":"EntryPoint","urlTemplate":"https:\/\/www.lerendezvous.mu\/?s={search_term_string}"},"query-input":{"@type":"PropertyValueSpecification","valueRequired":true,"valueName":"search_term_string"}}],"inLanguage":"en-US"},{"@type":"Organization","@id":"https:\/\/www.lerendezvous.mu\/#organization","name":"Le Rendez-Vous","url":"https:\/\/www.lerendezvous.mu\/","logo":{"@type":"ImageObject","inLanguage":"en-US","@id":"https:\/\/www.lerendezvous.mu\/#\/schema\/logo\/image\/","url":"https:\/\/www.lerendezvous.mu\/wp-content\/uploads\/2025\/10\/lrdv-logo.png","contentUrl":"https:\/\/www.lerendezvous.mu\/wp-content\/uploads\/2025\/10\/lrdv-logo.png","width":568,"height":232,"caption":"Le Rendez-Vous"},"image":{"@id":"https:\/\/www.lerendezvous.mu\/#\/schema\/logo\/image\/"},"sameAs":["https:\/\/www.facebook.com\/lerendezvousmauritius","https:\/\/www.instagram.com\/lerendezvous_mauritius"]}]}},"_links":{"self":[{"href":"https:\/\/www.lerendezvous.mu\/en\/wp-json\/wp\/v2\/product\/5878","targetHints":{"allow":["GET"]}}],"collection":[{"href":"https:\/\/www.lerendezvous.mu\/en\/wp-json\/wp\/v2\/product"}],"about":[{"href":"https:\/\/www.lerendezvous.mu\/en\/wp-json\/wp\/v2\/types\/product"}],"replies":[{"embeddable":true,"href":"https:\/\/www.lerendezvous.mu\/en\/wp-json\/wp\/v2\/comments?post=5878"}],"wp:featuredmedia":[{"embeddable":true,"href":"https:\/\/www.lerendezvous.mu\/en\/wp-json\/wp\/v2\/media\/5885"}],"wp:attachment":[{"href":"https:\/\/www.lerendezvous.mu\/en\/wp-json\/wp\/v2\/media?parent=5878"}],"wp:term":[{"taxonomy":"badge","embeddable":true,"href":"https:\/\/www.lerendezvous.mu\/en\/wp-json\/wp\/v2\/badge?post=5878"},{"taxonomy":"subtag","embeddable":true,"href":"https:\/\/www.lerendezvous.mu\/en\/wp-json\/wp\/v2\/subtag?post=5878"},{"taxonomy":"product_brand","embeddable":true,"href":"https:\/\/www.lerendezvous.mu\/en\/wp-json\/wp\/v2\/product_brand?post=5878"},{"taxonomy":"product_cat","embeddable":true,"href":"https:\/\/www.lerendezvous.mu\/en\/wp-json\/wp\/v2\/product_cat?post=5878"},{"taxonomy":"product_tag","embeddable":true,"href":"https:\/\/www.lerendezvous.mu\/en\/wp-json\/wp\/v2\/product_tag?post=5878"}],"curies":[{"name":"wp","href":"https:\/\/api.w.org\/{rel}","templated":true}]}}